{"id":9738,"date":"2025-04-03T15:13:32","date_gmt":"2025-04-03T13:13:32","guid":{"rendered":"https:\/\/pedf.gdu.edu.az\/?page_id=9738"},"modified":"2025-04-03T15:13:32","modified_gmt":"2025-04-03T13:13:32","slug":"%c9%99liyev-%c9%99li-sahib-oglu","status":"publish","type":"page","link":"https:\/\/pedf.gdu.edu.az\/?page_id=9738","title":{"rendered":"\u018fliyev \u018fli Sahib o\u011flu \u00a0"},"content":{"rendered":"\n<div class=\"wp-block-image\"><figure class=\"alignleft size-full is-resized\"><img loading=\"lazy\" decoding=\"async\" src=\"https:\/\/pedf.gdu.edu.az\/wp-content\/uploads\/2025\/04\/19.\u018fliyev-\u018fli-Sahib1.jpg\" alt=\"\" class=\"wp-image-9739\" width=\"221\" height=\"309\" srcset=\"https:\/\/pedf.gdu.edu.az\/wp-content\/uploads\/2025\/04\/19.\u018fliyev-\u018fli-Sahib1.jpg 1500w, https:\/\/pedf.gdu.edu.az\/wp-content\/uploads\/2025\/04\/19.\u018fliyev-\u018fli-Sahib1-768x1075.jpg 768w, https:\/\/pedf.gdu.edu.az\/wp-content\/uploads\/2025\/04\/19.\u018fliyev-\u018fli-Sahib1-1097x1536.jpg 1097w, https:\/\/pedf.gdu.edu.az\/wp-content\/uploads\/2025\/04\/19.\u018fliyev-\u018fli-Sahib1-1463x2048.jpg 1463w\" sizes=\"auto, (max-width: 221px) 100vw, 221px\" \/><\/figure><\/div>\n\n\n\n<p><strong>G\u018fNC\u018f D\u00d6VL\u018fT UN\u0130VERS\u0130TET\u0130N\u0130N \u201cMUS\u0130Q\u0130 F\u018fNL\u018fR\u0130\u201d KAFEDRASININ&nbsp; M\u00dc\u018fLL\u0130M\u0130 \u018fL\u0130YEV \u018fL\u0130 SAH\u0130B O\u011eLU<\/strong><\/p>\n\n\n\n<p><strong>Telefon: <\/strong>+994 552776270<\/p>\n\n\n\n<p><strong>E-mail: <\/strong><a href=\"mailto:alialiyev1997@gmail.com\">alialiyev1997@gmail.com<\/a><\/p>\n\n\n\n<p>&nbsp;&nbsp;&nbsp;&nbsp;&nbsp;&nbsp;&nbsp;&nbsp;&nbsp;&nbsp;&nbsp;&nbsp; &nbsp;a.aliyev@gdu.edu.az<\/p>\n\n\n\n<p><strong>QISA B\u0130OQRAF\u0130K M\u018fLUMAT&nbsp;&nbsp;<\/strong><\/p>\n\n\n\n<ul class=\"wp-block-list\"><li>18 iyul 1997-ci ild\u0259 Az\u0259rbaycan Respublikas\u0131 G\u0259nc\u0259 \u015f\u0259h\u0259rind\u0259 (Kirovabad) m\u00fc\u0259llim ail\u0259sind\u0259 anadan olub. Az\u0259rbaycanl\u0131d\u0131r. Subayd\u0131r.<\/li><\/ul>\n\n\n\n<p><strong>T\u018fHS\u0130L\u0130<\/strong><\/p>\n\n\n\n<ul class=\"wp-block-list\"><li>2015-ci ild\u0259 G\u0259nc\u0259 \u015f\u0259h\u0259ri M.Pa\u015fayev ad\u0131na 39 sayl\u0131 \u00fcmumt\u0259hsil m\u0259kt\u0259binin 11-ci sinfini bitirmi\u015fdir.<\/li><li>2015-ci ild\u0259 Az\u0259rbaycan Milli Konservatoriyas\u0131n\u0131n \u201cXalq \u00e7al\u011f\u0131 al\u0259tl\u0259ri\u201d fak\u00fclt\u0259sinin tar al\u0259ti ixtisas\u0131na daxil olub, 2019-cu ild\u0259 bitirmi\u015fdir.<\/li><li>2019-cu ild\u0259 Az\u0259rbaycan&nbsp; Milli Konservatoriyas\u0131n\u0131n \u201cXalq \u00e7al\u011f\u0131 al\u0259tl\u0259ri\u201d fak\u00fclt\u0259sinin tar al\u0259ti ixtisas\u0131n\u0131n magistr pill\u0259sin\u0259 daxil olub, 2021-ci ild\u0259 bitirmi\u015fdir.<\/li><\/ul>\n\n\n\n<p><strong>\u018fM\u018fK F\u018fAL\u0130YY\u018fT\u0130<\/strong><\/p>\n\n\n\n<ul class=\"wp-block-list\"><li>2021-ci ild\u0259n hal-haz\u0131rad\u0259k G\u0259nc\u0259 D\u00f6vl\u0259t Universitetinin \u201cMusiqi f\u0259nl\u0259ri\u201d kafedras\u0131nda \u015ftat \u00fczr\u0259 m\u00fc\u0259llim v\u0259zif\u0259sind\u0259 i\u015fl\u0259yir.<\/li><\/ul>\n\n\n\n<p><strong>T\u018fDQ\u0130QAT SAH\u018fS\u0130<\/strong>&nbsp;<\/p>\n\n\n\n<ul class=\"wp-block-list\"><li>Az\u0259rbaycan mu\u011famlar\u0131n\u0131n t\u0259dqiqi, t\u0259drisi v\u0259 t\u0259bli\u011fi m\u0259s\u0259l\u0259l\u0259ri.<\/li><li>\u018fm\u0259kda\u015f\u0131 oldu\u011fu \u201cMusiqi f\u0259nl\u0259ri\u201d kafedras\u0131n\u0131n konsert h\u0259yat\u0131nda f\u0259al i\u015ftirak edir, tarda mahir ifa\u00e7\u0131 kimi dinl\u0259yicil\u0259rin r\u0259\u011fb\u0259tini qazan\u0131b, t\u0259l\u0259b\u0259 musiqi kollektivl\u0259rinin i\u015find\u0259 yax\u0131ndan i\u015ftirak edir.<\/li><\/ul>\n\n\n\n<p><strong>ELM\u0130 \u018fS\u018fRL\u018fR\u0130<\/strong>&nbsp;&nbsp;&nbsp;&nbsp;&nbsp;&nbsp;<\/p>\n\n\n\n<ul class=\"wp-block-list\"><li>\u018fliyev \u018f. Az\u0259rbaycan mu\u011famlar\u0131na bir n\u0259z\u0259r. G\u0259nc\u0259 D\u00f6vl\u0259t Universitetinin Elmi X\u0259b\u0259rl\u0259r jurnal\u0131.&nbsp; G\u0259nc\u0259, 2022, \u21161, s.193-196&nbsp; (M\u0259qal\u0259).<\/li><li>\u018fliyev \u018f. \u201c\u00c7ahargah\u201d mu\u011fam\u0131n\u0131n musiqi estetik x\u00fcsusiyy\u0259tl\u0259ri. \/\/G\u0259nc\u0259 D\u00f6vl\u0259t Universitetinin Elmi X\u0259b\u0259rl\u0259r jurnal\u0131.&nbsp; G\u0259nc\u0259, \u21163, 2022, s. 260-264 (M\u0259qal\u0259).<\/li><li>\u018fliyev \u018f., Ta\u011f\u0131yeva G. \u201cMusiqi m\u00fc\u0259llimliyi ixtisas\u0131 \u00fczr\u0259 kadr haz\u0131rl\u0131\u011f\u0131nda \u201c\u018fsas musiqi al\u0259ti\u201d f\u0259nninin yeri v\u0259 \u0259h\u0259miyy\u0259ti\u201d. \/\/G\u0259nc\u0259 D\u00f6vl\u0259t Universitetinin Elmi X\u0259b\u0259rl\u0259r jurnal\u0131.&nbsp; G\u0259nc\u0259, \u21164, 2023 (M\u0259qal\u0259).<\/li><\/ul>\n\n\n\n<p><strong>D\u0130L B\u0130LG\u0130S\u0130<\/strong><\/p>\n\n\n\n<ul class=\"wp-block-list\"><li>Az\u0259rbaycan, rus (s\u0259rb\u0259st), ingilis (l\u00fc\u011f\u0259t il\u0259).<\/li><\/ul>\n\n\n\n<p><strong>PART\u0130YALI\u011eI<\/strong><\/p>\n\n\n\n<ul class=\"wp-block-list\"><li>2023-c\u00fc ild\u0259n YAP-\u0131n \u00fczv\u00fcd\u00fcr.<\/li><\/ul>\n","protected":false},"excerpt":{"rendered":"<p>G\u018fNC\u018f D\u00d6VL\u018fT UN\u0130VERS\u0130TET\u0130N\u0130N \u201cMUS\u0130Q\u0130 F\u018fNL\u018fR\u0130\u201d KAFEDRASININ&nbsp; M\u00dc\u018fLL\u0130M\u0130 \u018fL\u0130YEV \u018fL\u0130 SAH\u0130B O\u011eLU Telefon: +994 552776270 E-mail: alialiyev1997@gmail.com &nbsp;&nbsp;&nbsp;&nbsp;&nbsp;&nbsp;&nbsp;&nbsp;&nbsp;&nbsp;&nbsp;&nbsp; &nbsp;a.aliyev@gdu.edu.az QISA B\u0130OQRAF\u0130K M\u018fLUMAT&nbsp;&nbsp; 18 iyul 1997-ci ild\u0259 Az\u0259rbaycan Respublikas\u0131 G\u0259nc\u0259 \u015f\u0259h\u0259rind\u0259 (Kirovabad) m\u00fc\u0259llim ail\u0259sind\u0259 anadan olub. Az\u0259rbaycanl\u0131d\u0131r. Subayd\u0131r. T\u018fHS\u0130L\u0130 2015-ci ild\u0259 G\u0259nc\u0259 \u015f\u0259h\u0259ri M.Pa\u015fayev ad\u0131na 39 sayl\u0131 \u00fcmumt\u0259hsil m\u0259kt\u0259binin 11-ci sinfini bitirmi\u015fdir. 2015-ci ild\u0259 Az\u0259rbaycan Milli Konservatoriyas\u0131n\u0131n<\/p>\n<p><a href=\"https:\/\/pedf.gdu.edu.az\/?page_id=9738\" class=\"more-link themebutton\">Daha \u0259trafl\u0131 <\/a><\/p>\n","protected":false},"author":4,"featured_media":0,"parent":0,"menu_order":0,"comment_status":"closed","ping_status":"closed","template":"","meta":{"footnotes":""},"class_list":["post-9738","page","type-page","status-publish","hentry"],"_links":{"self":[{"href":"https:\/\/pedf.gdu.edu.az\/index.php?rest_route=\/wp\/v2\/pages\/9738","targetHints":{"allow":["GET"]}}],"collection":[{"href":"https:\/\/pedf.gdu.edu.az\/index.php?rest_route=\/wp\/v2\/pages"}],"about":[{"href":"https:\/\/pedf.gdu.edu.az\/index.php?rest_route=\/wp\/v2\/types\/page"}],"author":[{"embeddable":true,"href":"https:\/\/pedf.gdu.edu.az\/index.php?rest_route=\/wp\/v2\/users\/4"}],"replies":[{"embeddable":true,"href":"https:\/\/pedf.gdu.edu.az\/index.php?rest_route=%2Fwp%2Fv2%2Fcomments&post=9738"}],"version-history":[{"count":1,"href":"https:\/\/pedf.gdu.edu.az\/index.php?rest_route=\/wp\/v2\/pages\/9738\/revisions"}],"predecessor-version":[{"id":9740,"href":"https:\/\/pedf.gdu.edu.az\/index.php?rest_route=\/wp\/v2\/pages\/9738\/revisions\/9740"}],"wp:attachment":[{"href":"https:\/\/pedf.gdu.edu.az\/index.php?rest_route=%2Fwp%2Fv2%2Fmedia&parent=9738"}],"curies":[{"name":"wp","href":"https:\/\/api.w.org\/{rel}","templated":true}]}}