{"id":9731,"date":"2025-04-03T15:09:04","date_gmt":"2025-04-03T13:09:04","guid":{"rendered":"https:\/\/pedf.gdu.edu.az\/?page_id=9731"},"modified":"2025-04-03T15:09:04","modified_gmt":"2025-04-03T13:09:04","slug":"sabanova-sevil-aga%c9%99li-qizi-2","status":"publish","type":"page","link":"https:\/\/pedf.gdu.edu.az\/?page_id=9731","title":{"rendered":"\u015eabanova Sevil A\u011fa\u0259li q\u0131z\u0131"},"content":{"rendered":"\n<div class=\"wp-block-image\"><figure class=\"alignleft size-full is-resized\"><img loading=\"lazy\" decoding=\"async\" src=\"https:\/\/pedf.gdu.edu.az\/wp-content\/uploads\/2025\/04\/17.Sabanova-Sevil-Aga\u0259li.jpg\" alt=\"\" class=\"wp-image-9732\" width=\"224\" height=\"314\"\/><\/figure><\/div>\n\n\n\n<p><strong>G\u018fNC\u018f D\u00d6VL\u018fT UN\u0130VERS\u0130TET\u0130N\u0130N \u201cMUS\u0130Q\u0130 F\u018fNL\u018fR\u0130\u201d KAFEDRASININ BA\u015e M\u00dc\u018fLL\u0130M\u0130 \u015eABANOVA SEV\u0130L A\u011eA\u018fLI QIZI<\/strong><\/p>\n\n\n\n<p><strong>TELEFON: <\/strong>+994 554836616<\/p>\n\n\n\n<p><strong>E-MA\u0130L: <\/strong><a href=\"mailto:sevashabanova@gmail.com\">sevashabanova@gmail.com<\/a><\/p>\n\n\n\n<p>&nbsp;&nbsp;&nbsp;&nbsp;&nbsp;&nbsp;&nbsp;&nbsp;&nbsp;&nbsp;&nbsp;&nbsp;&nbsp;&nbsp;&nbsp;&nbsp;&nbsp; sevil.sabanova@gdu.edu.az<\/p>\n\n\n\n<p><strong>QISA B\u0130OQRAF\u0130K M\u018fLUMAT&nbsp;&nbsp;<\/strong><\/p>\n\n\n\n<ul class=\"wp-block-list\"><li>03 avqust 1962-ci ild\u0259 Az\u0259rbaycan Respublikas\u0131 Kirovabad (G\u0259nc\u0259) \u015f\u0259h\u0259rind\u0259 anadan olmu\u015fdur. Az\u0259rbaycanl\u0131d\u0131r. Ail\u0259lidir, iki \u00f6vlad\u0131 var.<\/li><\/ul>\n\n\n\n<p><strong>T\u018fHS\u0130L\u0130<\/strong><\/p>\n\n\n\n<ul class=\"wp-block-list\"><li>1976-c\u0131 ild\u0259 G\u0259nc\u0259 \u015f\u0259h\u0259ri F.\u018fmirov ad\u0131na 1 sayl\u0131 musiqi m\u0259kt\u0259bini bitirmi\u015fdir.<\/li><li>1977-ci ild\u0259 G\u0259nc\u0259 \u015f\u0259h\u0259ri N.Krupskya ad\u0131na 4 sayl\u0131 \u00fcmumt\u0259hsil orta m\u0259kt\u0259bin s\u0259kkizinci sinfini bitirmi\u015fdir.<\/li><li>1981-ci ild\u0259 Q.H\u00fcseynli ad\u0131na G\u0259nc\u0259 (Kirovabad) orta ixtisas musiqi m\u0259kt\u0259bini fortepiano ixtisas\u0131 \u00fczr\u0259 bitirmi\u015fdir.<\/li><li>1989-cu ild\u0259 M.A.\u018fliyev ad\u0131na Az\u0259rbaycan D\u00f6vl\u0259t \u0130nc\u0259s\u0259n\u0259t \u0130nstitutunu \u201cM\u0259d\u0259ni-maarif i\u015finin t\u0259\u015fkilat\u00e7\u0131 metodist\u201d ixtisas\u0131 \u00fczr\u0259 (qiyabi) bitirmi\u015fdir.<\/li><\/ul>\n\n\n\n<p><strong>\u018fM\u018fK F\u018fAL\u0130YY\u018fT\u0130<\/strong><\/p>\n\n\n\n<ul class=\"wp-block-list\"><li>1981-1991-ci ill\u0259rd\u0259 Goranboy rayonu D\u0259lim\u0259mm\u0259dli q\u0259s\u0259b\u0259sind\u0259 7 illik u\u015faq musiqi m\u0259kt\u0259bind\u0259 fortepiano m\u00fc\u0259llimi i\u015fl\u0259mi\u015fdir.<\/li><li>1991-ci ild\u0259n H.Z\u0259rdabi ad\u0131na G\u0259nc\u0259 D\u00f6vl\u0259t Pedaqoji \u0130nstitutunun (indiki G\u0259nc\u0259 D\u00f6vl\u0259t Universiteti) \u201cMusiqi f\u0259nl\u0259ri\u201d kafedras\u0131nda tam \u015ftat \u00fczr\u0259 m\u00fc\u0259llim i\u015fl\u0259yib, 2011-ci ild\u0259n hal-haz\u0131rad\u0259k ba\u015f m\u00fc\u0259llim i\u015fl\u0259yir.<\/li><\/ul>\n\n\n\n<p><strong>T\u018fDQ\u0130QAT SAH\u018fS\u0130<\/strong>&nbsp;<\/p>\n\n\n\n<ul class=\"wp-block-list\"><li>Musiqinin t\u0259drisi metodikas\u0131.<\/li><\/ul>\n\n\n\n<p><strong>BEYN\u018fLXALQ V\u018f RESPUBL\u0130KA S\u0130MPOZ\u0130UM V\u018f KONFRANSLARDA \u0130\u015eT\u0130RAKI<\/strong><\/p>\n\n\n\n<ul class=\"wp-block-list\"><li>15-16 noyabr 2019-cu il tarixd\u0259 G\u0259nc\u0259 \u015f\u0259h\u0259rind\u0259 ilk d\u0259f\u0259 ke\u00e7iril\u0259n \u201cG\u0259nc\u0259nin musiqi m\u0259d\u0259niyy\u0259tinin tarixi\u201d m\u00f6vzusunda elmi-praktik konfrasda &nbsp;\u00e7\u0131x\u0131\u015f etmi\u015fdir.<\/li><\/ul>\n\n\n\n<p><strong>ELM\u0130 \u018fS\u018fRL\u018fR\u0130<\/strong>&nbsp;&nbsp;&nbsp;&nbsp;&nbsp;&nbsp;<\/p>\n\n\n\n<p>10-dan art\u0131q elmi \u0259s\u0259rin m\u00fc\u0259llifidir.<\/p>\n\n\n\n<ul class=\"wp-block-list\"><li>\u015eabanova S.&nbsp; Soltan Hac\u0131b\u0259yovun yarad\u0131c\u0131l\u0131\u011f\u0131nda balet janr\u0131 v\u0259 m\u0259kt\u0259blil\u0259rin musiqi t\u0259rbiy\u0259sind\u0259 ondan istifad\u0259 \u00fczr\u0259 i\u015fin \u00fcmumpedaqoji m\u0259s\u0259l\u0259l\u0259ri. \/\/ G\u0259nc\u0259 D\u00f6vl\u0259t Universitetinin \u201cElmi x\u0259b\u0259rl\u0259r\u201d jurnal\u0131, 2019,&nbsp;&nbsp; \u21161,&nbsp; s. 428-431 (M\u0259qal\u0259).<\/li><li>\u015eabanova S. F.\u015eopenin yarad\u0131c\u0131l\u0131\u011f\u0131nda r\u0259qs musiqisind\u0259n m\u0259kt\u0259blil\u0259rin musiqi t\u0259rbiy\u0259sind\u0259 istifad\u0259nin imkan v\u0259 yollar\u0131. \/\/G\u0259nc\u0259 D\u00f6vl\u0259t Universitetinin \u201cElmi x\u0259b\u0259rl\u0259r\u201d jurnal\u0131, 2020, &nbsp;\u21162, s. 169-172&nbsp; (M\u0259qal\u0259).<\/li><li>\u015eabanova S. M\u0259kt\u0259blil\u0259rin musiqi t\u0259rbiy\u0259sind\u0259 Az\u0259rbaycan xalq mahn\u0131lar\u0131ndan istifad\u0259nin imkan v\u0259 yollar\u0131. \/\/AMEA-n\u0131n&nbsp; G\u0259nc\u0259 B\u00f6lm\u0259si, \u201cX\u0259b\u0259rl\u0259r\u201d m\u0259cmu\u0259si, \u201cPedaqoji elml\u0259r seriyas\u0131\u201d, 2021, \u21161 (2), s. 70-75&nbsp; (M\u0259qal\u0259).<\/li><li>\u015eabanova S. Friderik \u015eopenin yarad\u0131c\u0131l\u0131\u011f\u0131n\u0131n x\u00fcsusiyy\u0259tl\u0259ri. \/\/ G\u0259nc\u0259 D\u00f6vl\u0259t Universitetinin \u201cElmi x\u0259b\u0259rl\u0259r\u201d jurnal\u0131, 2022, \u21161,&nbsp; s. 248-251 (M\u0259qal\u0259).<\/li><li>\u015eabanova S. Friderik \u015eopenin m\u00fcxt\u0259lif janrl\u0131 fortepiano \u0259s\u0259rl\u0259rind\u0259 m\u0259kt\u0259blil\u0259rin musiqi t\u0259rbiy\u0259sind\u0259 istifad\u0259nin imkan v\u0259 yollar\u0131. \/\/AMEA-n\u0131n G\u0259nc\u0259 B\u00f6lm\u0259si. \u201cX\u0259b\u0259rl\u0259r\u201d m\u0259cmu\u0259si, \u201cPedaqoji\u201d elml\u0259r seriyas\u0131 \u21161 (4), G\u0259nc\u0259, 2022, s. 117-122&nbsp; (M\u0259qal\u0259).<\/li><li>\u015eabanova S. S.Hac\u0131b\u0259yovun u\u015faq musiqisi v\u0259 m\u0259kt\u0259blil\u0259rin musiqi t\u0259rbiy\u0259sind\u0259 ondan istifad\u0259nin imkan v\u0259 yollar\u0131. \/\/G\u0259nc\u0259 D\u00f6vl\u0259t Universitetinin \u201cElmi x\u0259b\u0259rl\u0259r\u201d jurnal\u0131, G\u0259nc\u0259, \u21163,&nbsp; 2022, s. 290-294 (M\u0259qal\u0259).<\/li><li>\u015eabanova S. \u201cG\u00f6rk\u0259mli Az\u0259rbaycan b\u0259st\u0259kar\u0131 Arif M\u0259likovun yarad\u0131c\u0131l\u0131\u011f\u0131nda Ulu \u00d6nd\u0259r Heyd\u0259r \u018fliyev obraz\u0131\u201d. \/\/G\u0259nc\u0259 D\u00f6vl\u0259t Universitetinin \u201cElmi X\u0259b\u0259rl\u0259r\u201d jurnal\u0131, G\u0259nc\u0259, \u21163, 2023 (M\u0259qal\u0259).<\/li><li>\u015eabanova S. \u201cM\u00fcasir d\u00f6vrd\u0259 m\u0259kt\u0259blil\u0259rin musiqi t\u0259rbiy\u0259sin\u0259 veril\u0259n \u0259sas t\u0259l\u0259bl\u0259r\u201d. \/\/G\u0259nc\u0259 D\u00f6vl\u0259t Universitetinin \u201cElmi X\u0259b\u0259rl\u0259r\u201d jurnal\u0131, G\u0259nc\u0259, \u21164,&nbsp; 2023 (M\u0259qal\u0259).<\/li><li>\u015eabanova S. \u00dcmumt\u0259hsil m\u0259kt\u0259bl\u0259rinin musiqi d\u0259rsl\u0259rind\u0259 informasiya kommunikasiya texnologiyalar\u0131ndan istifad\u0259 \u00fczr\u0259 i\u015fin t\u0259\u015fkili.\/\/G\u0259nc\u0259 D\u00f6vl\u0259t Universiteti. \u201cElmi x\u0259b\u0259rl\u0259r\u201d jurnal\u0131, \u2116.3, 2024. (M\u0259qal\u0259).<\/li><li>\u015eabanova S. \u00dcmumt\u0259hsil m\u0259kt\u0259bl\u0259rind\u0259 sinifd\u0259nxaric musiqi i\u015fl\u0259rin\u0259 veril\u0259n m\u00fcasir t\u0259l\u0259bl\u0259r. \/\/ G\u0259nc\u0259 D\u00f6vl\u0259r Universiteti. \u201cElmi x\u0259b\u0259rl\u0259r\u201d jurnal\u0131, \u2116 4, 2024. (M\u0259qal\u0259).<\/li><\/ul>\n\n\n\n<p><strong>D\u0130L B\u0130LG\u0130S\u0130<\/strong><\/p>\n\n\n\n<ul class=\"wp-block-list\"><li>Az\u0259rbaycan, rus (s\u0259rb\u0259st).<\/li><\/ul>\n\n\n\n<p><strong>PART\u0130YALI\u011eI&nbsp;&nbsp;<\/strong><\/p>\n\n\n\n<ul class=\"wp-block-list\"><li>1997-ci ild\u0259n YAP-\u0131n \u00fczv\u00fcd\u00fcr.<\/li><\/ul>\n","protected":false},"excerpt":{"rendered":"<p>G\u018fNC\u018f D\u00d6VL\u018fT UN\u0130VERS\u0130TET\u0130N\u0130N \u201cMUS\u0130Q\u0130 F\u018fNL\u018fR\u0130\u201d KAFEDRASININ BA\u015e M\u00dc\u018fLL\u0130M\u0130 \u015eABANOVA SEV\u0130L A\u011eA\u018fLI QIZI TELEFON: +994 554836616 E-MA\u0130L: sevashabanova@gmail.com &nbsp;&nbsp;&nbsp;&nbsp;&nbsp;&nbsp;&nbsp;&nbsp;&nbsp;&nbsp;&nbsp;&nbsp;&nbsp;&nbsp;&nbsp;&nbsp;&nbsp; sevil.sabanova@gdu.edu.az QISA B\u0130OQRAF\u0130K M\u018fLUMAT&nbsp;&nbsp; 03 avqust 1962-ci ild\u0259 Az\u0259rbaycan Respublikas\u0131 Kirovabad (G\u0259nc\u0259) \u015f\u0259h\u0259rind\u0259 anadan olmu\u015fdur. Az\u0259rbaycanl\u0131d\u0131r. Ail\u0259lidir, iki \u00f6vlad\u0131 var. T\u018fHS\u0130L\u0130 1976-c\u0131 ild\u0259 G\u0259nc\u0259 \u015f\u0259h\u0259ri F.\u018fmirov ad\u0131na 1 sayl\u0131 musiqi m\u0259kt\u0259bini bitirmi\u015fdir. 1977-ci ild\u0259 G\u0259nc\u0259 \u015f\u0259h\u0259ri N.Krupskya<\/p>\n<p><a href=\"https:\/\/pedf.gdu.edu.az\/?page_id=9731\" class=\"more-link themebutton\">Daha \u0259trafl\u0131 <\/a><\/p>\n","protected":false},"author":4,"featured_media":0,"parent":0,"menu_order":0,"comment_status":"closed","ping_status":"closed","template":"","meta":{"footnotes":""},"class_list":["post-9731","page","type-page","status-publish","hentry"],"_links":{"self":[{"href":"https:\/\/pedf.gdu.edu.az\/index.php?rest_route=\/wp\/v2\/pages\/9731","targetHints":{"allow":["GET"]}}],"collection":[{"href":"https:\/\/pedf.gdu.edu.az\/index.php?rest_route=\/wp\/v2\/pages"}],"about":[{"href":"https:\/\/pedf.gdu.edu.az\/index.php?rest_route=\/wp\/v2\/types\/page"}],"author":[{"embeddable":true,"href":"https:\/\/pedf.gdu.edu.az\/index.php?rest_route=\/wp\/v2\/users\/4"}],"replies":[{"embeddable":true,"href":"https:\/\/pedf.gdu.edu.az\/index.php?rest_route=%2Fwp%2Fv2%2Fcomments&post=9731"}],"version-history":[{"count":1,"href":"https:\/\/pedf.gdu.edu.az\/index.php?rest_route=\/wp\/v2\/pages\/9731\/revisions"}],"predecessor-version":[{"id":9733,"href":"https:\/\/pedf.gdu.edu.az\/index.php?rest_route=\/wp\/v2\/pages\/9731\/revisions\/9733"}],"wp:attachment":[{"href":"https:\/\/pedf.gdu.edu.az\/index.php?rest_route=%2Fwp%2Fv2%2Fmedia&parent=9731"}],"curies":[{"name":"wp","href":"https:\/\/api.w.org\/{rel}","templated":true}]}}