{"id":9728,"date":"2025-04-03T15:07:12","date_gmt":"2025-04-03T13:07:12","guid":{"rendered":"https:\/\/pedf.gdu.edu.az\/?page_id=9728"},"modified":"2025-04-03T15:07:12","modified_gmt":"2025-04-03T13:07:12","slug":"seyfullayeva-nusab%c9%99-n%c9%99riman-qizi-2","status":"publish","type":"page","link":"https:\/\/pedf.gdu.edu.az\/?page_id=9728","title":{"rendered":"Seyfullayeva N\u00fc\u015fab\u0259 N\u0259riman q\u0131z\u0131\u00a0\u00a0\u00a0\u00a0"},"content":{"rendered":"\n<div class=\"wp-block-image\"><figure class=\"alignleft size-full is-resized\"><img loading=\"lazy\" decoding=\"async\" src=\"https:\/\/pedf.gdu.edu.az\/wp-content\/uploads\/2025\/04\/16.Seyfullayeva-Nusab\u0259-N\u0259riman.jpg\" alt=\"\" class=\"wp-image-9729\" width=\"260\" height=\"364\"\/><\/figure><\/div>\n\n\n\n<p><strong>G\u018fNC\u018f D\u00d6VL\u018fT UN\u0130VERS\u0130TET\u0130N\u0130N \u201cMUS\u0130Q\u0130 F\u018fNL\u018fR\u0130\u201d KAFEDRASININ BA\u015e M\u00dc\u018fL\u0130M\u0130, S\u018fN\u018fT\u015e\u00dcNASLIQ \u00dcZR\u018f F\u018fLS\u018fF\u018f DOKTORU SEYFULLAYEVA N\u00dc\u015eAB\u018f N\u018fR\u0130MAN QIZI<\/strong><\/p>\n\n\n\n<p><strong>Telefon: +<\/strong>994507665561<\/p>\n\n\n\n<p><strong>E-mail: <\/strong><a href=\"mailto:seyfullayevanushaba@mail.ru\">seyfullayevanushaba@mail.ru<\/a><\/p>\n\n\n\n<p><strong>&nbsp;&nbsp;&nbsp;&nbsp;&nbsp;&nbsp;&nbsp;&nbsp;&nbsp;&nbsp;&nbsp;&nbsp;&nbsp; <\/strong>nusaba.seyfullayeva@gdu.edu.az<\/p>\n\n\n\n<p><strong>QISA B\u0130OQRAF\u0130K M\u018fLUMAT&nbsp;&nbsp;<\/strong><\/p>\n\n\n\n<ul class=\"wp-block-list\"><li>29 iyun 1961-ci ild\u0259 Az\u0259rbaycan Respublikas\u0131 Kirovabad (G\u0259nc\u0259) \u015f\u0259h\u0259rind\u0259 ziyal\u0131 ail\u0259sind\u0259 anadan olmu\u015fdur. Az\u0259rbaycanl\u0131d\u0131r. Subayd\u0131r. <strong><\/strong><\/li><\/ul>\n\n\n\n<p><strong>T\u018fHS\u0130L\u0130, ELM\u0130 D\u018fR\u018fC\u018fS\u0130 V\u018f ELM\u0130 ADLARI<\/strong><\/p>\n\n\n\n<ul class=\"wp-block-list\"><li>1976-c\u0131 ild\u0259 G\u0259nc\u0259 \u015f\u0259h\u0259r &nbsp;N.Krupskaya ad\u0131na 4 sayl\u0131 orta m\u0259kt\u0259bin 8-ci sinfini bitirmi\u015fdir.<\/li><li>1981-ci ild\u0259 Q.H\u00fcseynli ad\u0131na G\u0259nc\u0259 orta-ixtisas musiqi m\u0259kt\u0259binin \u201cFortepiano\u201d \u015f\u00f6b\u0259sini bitirmi\u015fdir.<\/li><li>1991-ci ild\u0259 H.Z\u0259rdabi ad\u0131na G\u0259nc\u0259 D\u00f6vl\u0259t Pedaqoji \u0130nstitutunu&nbsp; (indiki: G\u0259nc\u0259 D\u00f6vl\u0259t Universiteti) \u201cAz\u0259rbaycan dili v\u0259 \u0259d\u0259biyyat\u0131\u201d ixtisas\u0131 \u00fczr\u0259 (qiyabi )&nbsp; bitirmi\u015fdir.<strong><\/strong><\/li><li>2016-c\u0131 ild\u0259n Az\u0259rbaycan Milli Elml\u0259r Akademiyas\u0131n\u0131n G\u0259nc\u0259 B\u00f6lm\u0259sinin doktorant\u0131 olaraq&nbsp; (b\u00fcdc\u0259 hesab\u0131na), \u201cB\u0259st\u0259kar Telman Hac\u0131yev yarad\u0131c\u0131l\u0131\u011f\u0131 milli \u0259n\u0259n\u0259l\u0259r kontekstind\u0259\u201d m\u00f6vzusunda s\u0259n\u0259t\u015f\u00fcnasl\u0131q \u00fczr\u0259 f\u0259ls\u0259f\u0259 doktoru elmi d\u0259r\u0259c\u0259si almaq \u00fc\u00e7\u00fcn dissertasiya i\u015fini vaxt\u0131nda yekunla\u015fd\u0131raraq, 2018-ci ild\u0259 \u00dc.Hac\u0131b\u0259yli ad\u0131na Bak\u0131 Musiqi Akademiyas\u0131n\u0131n n\u0259zdind\u0259 yarad\u0131lm\u0131\u015f F\/D 02.151 Dissertasiya \u015euras\u0131nda m\u00fcv\u0259ff\u0259qiyy\u0259tl\u0259 m\u00fcdafi\u0259 etmi\u015fdir. (Elmi r\u0259hb\u0259r: Az\u0259rbaycan Respublikas\u0131n\u0131n \u018fm\u0259kdar m\u00fc\u0259llimi, s\u0259n\u0259t\u015f\u00fcnasl\u0131q doktoru, professor S.F.Qurban\u0259liyeva).<strong><\/strong><\/li><li>Az\u0259rbaycan Respublikas\u0131n\u0131n Prezidenti Yan\u0131nda Ali Attestasiya Komissiyas\u0131n\u0131n 11.11.2021-ci il tarixli q\u0259rar\u0131 il\u0259 N.N.Seyfullayevaya 6213.01-Musiqi s\u0259n\u0259ti ixtisas\u0131nda s\u0259n\u0259t\u015f\u00fcnasl\u0131q elm sah\u0259si \u00fczr\u0259 f\u0259ls\u0259f\u0259 doktoru elmi d\u0259r\u0259c\u0259si verilmi\u015fdir.<strong><\/strong><\/li><\/ul>\n\n\n\n<p><strong>\u018fM\u018fK F\u018fAL\u0130YY\u018fT\u0130<\/strong><\/p>\n\n\n\n<ul class=\"wp-block-list\"><li>1981-1986-c\u0131 ill\u0259rd\u0259 \u015e\u0259mkir (\u015eamxor) musiqi m\u0259kt\u0259bind\u0259 fortepiano sinfi \u00fczr\u0259 m\u00fc\u0259llim i\u015fl\u0259mi\u015fdir.<\/li><li>1986-1995 G\u00f6yg\u00f6l (Xanlar) yeddi illik u\u015faq m\u0259kt\u0259bind\u0259 fortepiano sinfi \u00fczr\u0259 m\u00fc\u0259llim i\u015fl\u0259mi\u015fdir.<\/li><li>1995-2008-ci ill\u0259rd\u0259 G\u0259nc\u0259 \u015f\u0259h\u0259r 3 sayl\u0131 u\u015faq musiqi m\u0259kt\u0259bind\u0259 fortepiano sinfi \u00fczr\u0259 m\u00fc\u0259llim i\u015fl\u0259mi\u015fdir.<\/li><li>2008-2009-cu ill\u0259rd\u0259 G\u0259nc\u0259 \u015f\u0259h\u0259r 5 sayl\u0131 u\u015faq musiqi m\u0259kt\u0259bind\u0259 fortepiano sinfi \u00fczr\u0259 m\u00fc\u0259llim i\u015fl\u0259mi\u015fdir.<\/li><li>G\u0259nc\u0259 D\u00f6vl\u0259t Universitetinin \u201cMusiqi f\u0259nl\u0259ri\u201d kafedras\u0131nda&nbsp; 1993-c\u00fc ild\u0259n saat hesab\u0131, 1996-c\u0131 ild\u0259n 0,5 \u015ftat \u0259v\u0259z\u00e7ilik \u00fczr\u0259, 2009-cu ild\u0259n \u015ftat&nbsp; \u00fczr\u0259 m\u00fc\u0259llim i\u015fl\u0259mi\u015f, 2010-cu ild\u0259n hal-haz\u0131rad\u0259k ba\u015f m\u00fc\u0259llim v\u0259zif\u0259sind\u0259 i\u015fl\u0259yir.<\/li><\/ul>\n\n\n\n<p><strong>&nbsp;T\u018fDQ\u0130QAT SAH\u018fS\u0130<\/strong><\/p>\n\n\n\n<ul class=\"wp-block-list\"><li>Az\u0259rbaycan musiqi s\u0259n\u0259tinin t\u0259dqiqi v\u0259 t\u0259bli\u011fi, musiqinin t\u0259drisi metodikas\u0131.<\/li><\/ul>\n\n\n\n<p><strong>ELM\u0130 \u018fS\u018fRL\u018fR\u0130<\/strong>&nbsp;&nbsp;&nbsp;&nbsp;&nbsp;&nbsp;<\/p>\n\n\n\n<p>40-dan art\u0131q elmi \u0259s\u0259rin m\u00fc\u0259llifidir.<\/p>\n\n\n\n<ul class=\"wp-block-list\"><li>Qurban\u0259liyeva S., R\u0259fib\u0259yli L., Seyfullayeva N. Q.H\u00fcseynlinin yarad\u0131c\u0131l\u0131\u011f\u0131 milli \u0259n\u0259n\u0259l\u0259r kontekstind\u0259. &nbsp;Bak\u0131, \u201cAdilo\u011flu\u201d,&nbsp; 2006, 210 s.<\/li><li>Qurban\u0259liyeva S.F., K\u0259rimova V.\u018f., Seyfullayeva N.N. \u201cMirz\u0259 \u015e\u0259finin n\u0259\u011fm\u0259l\u0259ri\u201d operettas\u0131. Bak\u0131, \u201cElm v\u0259 t\u0259hsil\u201d, 2016, 144 s.<\/li><li>Seyfullayeva N.N. Telman Hac\u0131yevin mahn\u0131 yarad\u0131c\u0131l\u0131\u011f\u0131n\u0131n s\u0259ciyy\u0259vi c\u0259h\u0259tl\u0259ri. \/\/ \u201cMusiqi d\u00fcnyas\u0131\u201d Beyn\u0259lxalq,&nbsp;&nbsp;&nbsp; elmi-pedaqoji, t\u0259nqidi-publisistik, m\u0259d\u0259ni-maarif musiqi jurnal\u0131, 2016, \u21164\/69, s. 55-57.<\/li><li>Seyfullayeva N.N. Telman Hac\u0131yevin yarag\u0131c\u0131l\u0131\u011f\u0131n\u0131n \u00fcslub x\u00fcsusiyy\u0259tl\u0259rinin&nbsp; t\u0259dqiqi&nbsp; m\u0259s\u0259l\u0259l\u0259ri. \/\/ \u201cMusiqi d\u00fcnyas\u0131\u201d Beyn\u0259lxalq, elmi-pedaqoji, t\u0259nqidi-publisistik, m\u0259d\u0259ni-maarif musiqi jurnal\u0131, 2017, \u21162\/71, s. 46-48.&nbsp;&nbsp;&nbsp;&nbsp;&nbsp;&nbsp;<\/li><li>\u0421\u0435\u0439\u0444\u0443\u043b\u043b\u0430\u0435\u0432\u0430 \u041d.\u041d. \u0418\u0437\u0443\u0447\u0435\u043d\u0438\u0435 \u0442\u0432\u043e\u0440\u0447\u0435\u0441\u043a\u043e\u0433\u043e \u0441\u0442\u0438\u043b\u044f \u043a\u043e\u043c\u043f\u043e\u0437\u0438\u0442\u043e\u0440\u0430 \u0422\u0435\u043b\u044c\u043c\u0430\u043d\u0430 \u0413\u0430\u0434\u0436\u0438\u0435\u0432\u0430. \/\/ \u201c\u041f\u043e\u0438\u0441\u043a\u201d \u041c\u0435\u0436\u0434\u0443\u043d\u0430\u0440\u043e\u0434\u043d\u044b\u0439 \u043d\u0430\u0443\u0447\u043d\u044b\u0439&nbsp; \u0436\u0443\u0440\u043d\u0430\u043b-\u043f\u0440\u0438\u043b\u043e\u0436\u0435\u043d\u0438\u0435 \u0420\u0435\u0441\u043f\u0443\u0431\u043b\u0438\u043a\u0438 \u041a\u0430\u0437\u0430\u0445\u0441\u0442\u0430\u043d, 2017, \u21163 (1), \u0441. 66-69.<\/li><li>Seyfullayeva N.N. Telman&nbsp; Hac\u0131yevin&nbsp; mahn\u0131&nbsp; yarad\u0131c\u0131l\u0131\u011f\u0131-m\u00f6vzu&nbsp; v\u0259 \u00fcslub x\u00fcsusiyy\u0259tl\u0259ri. \/\/ T\u00fcrksoylu&nbsp; xalqlar\u0131n&nbsp; musiqi&nbsp; m\u0259d\u0259niyy\u0259tinin&nbsp; t\u0259dqiqi probleml\u0259ri (XVI&nbsp; Beyn\u0259lxalq&nbsp; elmi-praktik konfrans). Bak\u0131, 2017, s. 173-176.<\/li><li>\u0421\u0435\u0439\u0444\u0443\u043b\u043b\u0430\u0435\u0432\u0430 \u041d.\u041d. \u041d\u0430\u0446\u0438\u043e\u043d\u0430\u043b\u044c\u043d\u044b\u0435 \u0438\u0441\u0442\u043e\u043a\u0438 \u043c\u0443\u0437\u044b\u043a\u0430\u043b\u044c\u043d\u043e\u0433\u043e \u0441\u0442\u0438\u043b\u044f \u0422\u0435\u043b\u044c\u043c\u0430\u043d\u0430 \u0413\u0430\u0434\u0436\u0438\u0435\u0432\u0430. \/\/ \u041d\u0430\u0443\u0447\u043d\u044b\u0435 \u0438\u0441\u0441\u043b\u0435\u0434\u043e\u0432\u0430\u043d\u0438\u044f \u0432 \u0441\u0444\u0435\u0440\u0435 \u0433\u0443\u043c\u0430\u043d\u0438\u0442\u0430\u0440\u043d\u044b\u0445 \u043d\u0430\u0443\u043a: \u043e\u0442\u043a\u0440\u044b\u0442\u0438\u0435 \u0425\u0425I \u0432\u0435\u043a\u0430 (M\u0430\u0442\u0435\u0440\u0438\u0430\u043b\u044b V \u041c\u0435\u0436\u0434\u0443\u043d\u0430\u0440\u043e\u0434\u043d\u043e\u0439 \u043d\u0430\u0443\u0447\u043d\u043e-\u043f\u0440\u0430\u043a\u0442\u0438\u0447\u0435\u0441\u043a\u043e\u0439 \u043a\u043e\u043d\u0444\u0435\u0440\u0435\u043d\u0446\u0438\u0438), \u041f\u044f\u0442\u0438\u0433\u043e\u0440\u0441\u043a, 2017, \u0441.178-181.<\/li><li>Seyfullayeva N.N. Issues of use of the national&nbsp; ladder&nbsp; system in the creativity of Azerbaijani composer Telman Hajiyev. \/\/ Article International Scientific Journal Theoretical &amp; Applied Science, hitt:\/\/T_Science. org, Sektion 18. Culturoloigy, Philadelphiya. USA , 2017, p. 147-149.<\/li><li>Telman Hac\u0131yev. Lal\u0259l\u0259r. Fortepiano il\u0259 oxumaq \u00fc\u00e7\u00fcn mahn\u0131lar. \u00d6n s\u00f6z\u00fcn m\u00fc\u0259llifi v\u0259 musiqi&nbsp; redaktoru: N\u00fc\u015fab\u0259 N\u0259riman q\u0131z\u0131 Seyfullayeva. Bak\u0131,\u201dElm v\u0259 t\u0259hsil\u201d, 2018, 28 s.<\/li><li>Telman Hac\u0131yev. Mahn\u0131lar. Fortepiano il\u0259 oxumaq \u00fc\u00e7\u00fcn. T\u0259rtib ed\u0259ni, \u00f6n s\u00f6z\u00fcn m\u00fc\u0259llifi v\u0259 musiqi&nbsp; redaktoru: N\u00fc\u015fab\u0259 N\u0259riman q\u0131z\u0131 Seyfullayeva. Bak\u0131, \u201cElm v\u0259 t\u0259hsil\u201d, 2019, 40 s.<\/li><li>&nbsp;Seyfullayeva N.N. Telman Hac\u0131yev. Az\u0259rbaycan musiqi tarixi. Layih\u0259nin r\u0259hb\u0259ri v\u0259 elmi redaktoru akademik Z.S\u0259f\u0259rova. D\u00f6rd\u00fcnc\u00fc cild. Bak\u0131, \u201cElm\u201d, 2019, s. 204-222.<\/li><li>Seyfullayeva N.N. B\u0259st\u0259kar Telman Hac\u0131yevin kamera orkestri \u00fc\u00e7\u00fcn \u201cAndante v\u0259 skertso\u201d \u0259s\u0259rinin \u0259sas x\u00fcsusiyy\u0259tl\u0259ri. \/\/ G\u0259nc\u0259&nbsp; D\u00f6vl\u0259t Universitetinin \u201cElmi x\u0259b\u0259rl\u0259r\u201d jurnal\u0131. 2022, \u21161, s. 240-247.<\/li><li>\u0421\u0435\u0439\u0444\u0443\u043b\u043b\u0430\u0435\u0432\u0430 \u041d.\u041d. \u0420\u043e\u043b\u044c \u0438 \u0437\u043d\u0430\u0447\u0435\u043d\u0438\u0435 \u0434\u0435\u0442\u0441\u043a\u0438\u0445 \u043f\u0435\u0441\u0435\u043d \u0410\u0437\u0435\u0440\u0431\u0430\u0439\u0434\u0436\u0430\u043d\u0441\u043a\u0438\u0445 \u043a\u043e\u043c\u043f\u043e\u0437\u0438\u0442\u043e\u0440\u043e\u0432 \u0432 \u043c\u0443\u0437\u044b\u043a\u0430\u043b\u044c\u043d\u043e\u043c \u0432\u043e\u0441\u043f\u0438\u0442\u0430\u043d\u0438\u0438 \u0448\u043a\u043e\u043b\u044c\u043d\u0438\u043a\u043e\u0432 \/\/ \u201cPedaqogikan\u0131n v\u0259 psixologiyan\u0131n aktual probleml\u0259ri\u201d (\u201c\u0410\u043a\u0442\u0443\u0430\u043b\u044c\u043d\u044b\u0435 \u043f\u0440\u043e\u0431\u043b\u0435\u043c\u044b \u043f\u0435\u0434\u0430\u0433\u043e\u0433\u0438\u043a\u0438 \u0438 \u043f\u0441\u0438\u0445\u043e\u043b\u043e\u0433\u0438\u0438\u201d) m\u00f6vzusunda ke\u00e7iril\u0259n VIII Beyn\u0259lxalq elmi-praktik konfrans\u0131n materiallar\u0131. Moskva, 13 aprel, 2023,&nbsp; c. 293-299.<\/li><\/ul>\n\n\n\n<p>V\u0259 s.<\/p>\n\n\n\n<p><strong>BEYN\u018fLXALQ V\u018f RESPUBL\u0130KA S\u0130MPOZ\u0130UM V\u018f KONFRANSLARDA \u0130\u015eT\u0130RAKI<\/strong><\/p>\n\n\n\n<ul class=\"wp-block-list\"><li>Bir s\u0131ra Beyn\u0259lxalq v\u0259 Respublika elmi konfranslarda i\u015ftirak etmi\u015fdir: (T\u00fcrksoylu&nbsp; xalqlar\u0131n&nbsp; musiqi&nbsp; m\u0259d\u0259niyy\u0259tinin&nbsp; t\u0259dqiqi probleml\u0259ri ( XVI&nbsp; Beyn\u0259lxalq&nbsp; elmi-praktik konfrans), Bak\u0131, 2017; \u041d\u0430\u0443\u0447\u043d\u044b\u0435 \u0438\u0441\u0441\u043b\u0435\u0434\u043e\u0432\u0430\u043d\u0438\u044f \u0432 \u0441\u0444\u0435\u0440\u0435 \u0433\u0443\u043c\u0430\u043d\u0438\u0442\u0430\u0440\u043d\u044b\u0445 \u043d\u0430\u0443\u043a: \u043e\u0442\u043a\u0440\u044b\u0442\u0438\u0435 \u0425\u0425I \u0432\u0435\u043a\u0430 (V \u041c\u0435\u0436\u0434\u0443\u043d\u0430\u0440\u043e\u0434\u043da\u044f \u043d\u0430\u0443\u0447\u043d\u043e-\u043f\u0440\u0430\u043a\u0442\u0438\u0447\u0435\u0441\u043a\u0430\u044f \u043a\u043e\u043d\u0444\u0435\u0440\u0435\u043d\u0446\u0438\u044f), \u041f\u044f\u0442\u0438\u0433\u043e\u0440\u0441\u043a, 2017; \u201cG\u0259nc\u0259nin musiqi m\u0259d\u0259niyy\u0259tinin tarixi\u201d Respublika elmi-praktiki konfrans, G\u0259nc\u0259, 2019; VI \u201dUluslararas\u0131&nbsp; M\u00fczik&nbsp; v\u0259&nbsp; Dans&nbsp; Kongresi\u201d, T\u00fcrkiy\u0259, Alaniya, 2020; VII \u201dUluslararas\u0131&nbsp; M\u00fczik&nbsp; v\u0259&nbsp; Dans&nbsp; Kongresi\u201d, T\u00fcrkiy\u0259, \u00c7e\u015fm\u0259, 2021; Bak\u0131 Xoreoqrafiya Akademiyas\u0131nda \u201dAz\u0259rbaycan inc\u0259s\u0259n\u0259tind\u0259 Nizami G\u0259nc\u0259vi irsinin t\u0259c\u0259ss\u00fcm\u00fc\u201d m\u00f6vzusunda elmi konfrans, Bak\u0131, 2021; Pedaqogikan\u0131n v\u0259 psixologiyan\u0131n aktual probleml\u0259ri\u201d (\u201c\u0410\u043a\u0442\u0443\u0430\u043b\u044c\u043d\u044b\u0435 \u043f\u0440\u043e\u0431\u043b\u0435\u043c\u044b \u043f\u0435\u0434\u0430\u0433\u043e\u0433\u0438\u043a\u0438 \u0438 \u043f\u0441\u0438\u0445\u043e\u043b\u043e\u0433\u0438\u0438\u201d) VIII Beyn\u0259lxalq elmi-praktik konfrans. Moskva, 13 aprel, 2023 v\u0259 s.).<\/li><\/ul>\n\n\n\n<p><strong>D\u0130L B\u0130LG\u0130S\u0130<\/strong><\/p>\n\n\n\n<ul class=\"wp-block-list\"><li>Az\u0259rbaycan, rus (s\u0259rb\u0259st), t\u00fcrk, ingilis (l\u00fc\u011f\u0259t il\u0259).<\/li><\/ul>\n\n\n\n<p><strong>PART\u0130YALI\u011eI<\/strong><\/p>\n\n\n\n<ul class=\"wp-block-list\"><li>1997-ci ild\u0259n YAP-\u0131n \u00fczv\u00fcd\u00fcr.<\/li><\/ul>\n","protected":false},"excerpt":{"rendered":"<p>G\u018fNC\u018f D\u00d6VL\u018fT UN\u0130VERS\u0130TET\u0130N\u0130N \u201cMUS\u0130Q\u0130 F\u018fNL\u018fR\u0130\u201d KAFEDRASININ BA\u015e M\u00dc\u018fL\u0130M\u0130, S\u018fN\u018fT\u015e\u00dcNASLIQ \u00dcZR\u018f F\u018fLS\u018fF\u018f DOKTORU SEYFULLAYEVA N\u00dc\u015eAB\u018f N\u018fR\u0130MAN QIZI Telefon: +994507665561 E-mail: seyfullayevanushaba@mail.ru &nbsp;&nbsp;&nbsp;&nbsp;&nbsp;&nbsp;&nbsp;&nbsp;&nbsp;&nbsp;&nbsp;&nbsp;&nbsp; nusaba.seyfullayeva@gdu.edu.az QISA B\u0130OQRAF\u0130K M\u018fLUMAT&nbsp;&nbsp; 29 iyun 1961-ci ild\u0259 Az\u0259rbaycan Respublikas\u0131 Kirovabad (G\u0259nc\u0259) \u015f\u0259h\u0259rind\u0259 ziyal\u0131 ail\u0259sind\u0259 anadan olmu\u015fdur. Az\u0259rbaycanl\u0131d\u0131r. Subayd\u0131r. T\u018fHS\u0130L\u0130, ELM\u0130 D\u018fR\u018fC\u018fS\u0130 V\u018f ELM\u0130 ADLARI 1976-c\u0131 ild\u0259 G\u0259nc\u0259 \u015f\u0259h\u0259r &nbsp;N.Krupskaya ad\u0131na 4 sayl\u0131 orta<\/p>\n<p><a href=\"https:\/\/pedf.gdu.edu.az\/?page_id=9728\" class=\"more-link themebutton\">Daha \u0259trafl\u0131 <\/a><\/p>\n","protected":false},"author":4,"featured_media":0,"parent":0,"menu_order":0,"comment_status":"closed","ping_status":"closed","template":"","meta":{"footnotes":""},"class_list":["post-9728","page","type-page","status-publish","hentry"],"_links":{"self":[{"href":"https:\/\/pedf.gdu.edu.az\/index.php?rest_route=\/wp\/v2\/pages\/9728","targetHints":{"allow":["GET"]}}],"collection":[{"href":"https:\/\/pedf.gdu.edu.az\/index.php?rest_route=\/wp\/v2\/pages"}],"about":[{"href":"https:\/\/pedf.gdu.edu.az\/index.php?rest_route=\/wp\/v2\/types\/page"}],"author":[{"embeddable":true,"href":"https:\/\/pedf.gdu.edu.az\/index.php?rest_route=\/wp\/v2\/users\/4"}],"replies":[{"embeddable":true,"href":"https:\/\/pedf.gdu.edu.az\/index.php?rest_route=%2Fwp%2Fv2%2Fcomments&post=9728"}],"version-history":[{"count":1,"href":"https:\/\/pedf.gdu.edu.az\/index.php?rest_route=\/wp\/v2\/pages\/9728\/revisions"}],"predecessor-version":[{"id":9730,"href":"https:\/\/pedf.gdu.edu.az\/index.php?rest_route=\/wp\/v2\/pages\/9728\/revisions\/9730"}],"wp:attachment":[{"href":"https:\/\/pedf.gdu.edu.az\/index.php?rest_route=%2Fwp%2Fv2%2Fmedia&parent=9728"}],"curies":[{"name":"wp","href":"https:\/\/api.w.org\/{rel}","templated":true}]}}