{"id":9722,"date":"2025-04-03T15:04:48","date_gmt":"2025-04-03T13:04:48","guid":{"rendered":"https:\/\/pedf.gdu.edu.az\/?page_id=9722"},"modified":"2025-04-03T15:04:48","modified_gmt":"2025-04-03T13:04:48","slug":"r%c9%99fib%c9%99yli-lal%c9%99-hakim-qizi-2","status":"publish","type":"page","link":"https:\/\/pedf.gdu.edu.az\/?page_id=9722","title":{"rendered":"R\u0259fib\u0259yli Lal\u0259 Hakim q\u0131z\u0131\u00a0\u00a0"},"content":{"rendered":"\n<div class=\"wp-block-image\"><figure class=\"alignleft size-full is-resized\"><img loading=\"lazy\" decoding=\"async\" src=\"https:\/\/pedf.gdu.edu.az\/wp-content\/uploads\/2025\/04\/15.R\u0259fib\u0259yli-Lal\u0259-Hakim.jpg\" alt=\"\" class=\"wp-image-9723\" width=\"246\" height=\"344\"\/><\/figure><\/div>\n\n\n\n<p><strong>G\u018fNC\u018f D\u00d6VL\u018fT UN\u0130VERS\u0130TET\u0130N\u0130N \u201cMUS\u0130Q\u0130 F\u018fNL\u018fR\u0130\u201d KAFEDRASININ BA\u015e M\u00dc\u018fLL\u0130M\u0130 R\u018fF\u0130B\u018fYL\u0130 LAL\u018f HAK\u0130M QIZI<\/strong><\/p>\n\n\n\n<p><strong>TELEFON: +<\/strong>994 506164669<\/p>\n\n\n\n<p><strong>E-mail: <\/strong><a href=\"mailto:lalarafibeyli@yahoo.com\">lalarafibeyli@yahoo.com<\/a><\/p>\n\n\n\n<p>&nbsp;&nbsp;&nbsp;&nbsp;&nbsp;&nbsp;&nbsp;&nbsp;&nbsp;&nbsp;&nbsp;&nbsp; &nbsp;<a href=\"mailto:lala.rafibayli@gdu.edu.az\">lala.rafibayli@gdu.edu.az<\/a><\/p>\n\n\n\n<p><strong>QISA B\u0130OQRAF\u0130K M\u018fLUMAT<\/strong><\/p>\n\n\n\n<ul class=\"wp-block-list\"><li>12 sentyabr 1979-cu ild\u0259 Az\u0259rbaycan Respublikas\u0131 Kirovabad (G\u0259nc\u0259) \u015f\u0259h\u0259rind\u0259 anadan olmu\u015fdur. Ail\u0259lidir, 2 \u00f6vlad\u0131 var.<\/li><\/ul>\n\n\n\n<p><strong>T\u018fHS\u0130L\u0130<\/strong><\/p>\n\n\n\n<ul class=\"wp-block-list\"><li>1998-ci il\u0259d\u0259 Q.H\u00fcseynli ad\u0131na musiqi texnikumunun musiqi n\u0259z\u0259riyy\u0259si fak\u00fclt\u0259sini f\u0259rql\u0259nm\u0259 diplomu il\u0259 bitirmi\u015fdir.<\/li><li>2002-ci ild\u0259 G\u0259nc\u0259 D\u00f6vl\u0259t Universitetinin pedaqoji fak\u00fclt\u0259sini musiqi t\u0259hsili ixtisas\u0131 \u00fczr\u0259 f\u0259rql\u0259nm\u0259 diplomu il\u0259 bitirmi\u015fdir.<\/li><li>2005-ci ild\u0259 G\u0259nc\u0259 D\u00f6vl\u0259t Universitetinin magistratura \u015f\u00f6b\u0259sinin&nbsp; musiqi\u015f\u00fcnasl\u0131q ixtisas\u0131 \u00fczr\u0259 f\u0259rql\u0259nm\u0259 diplomu il\u0259 bitirmi\u015fdir.<\/li><li>2018-ci ild\u0259n G\u0259nc\u0259 D\u00f6vl\u0259t Universitetinin 3\/83 sayl\u0131 \u0259mri il\u0259 \u201cMusiqi f\u0259nl\u0259ri\u201d kafedras\u0131na 6213.01-\u201cMusiqi s\u0259n\u0259ti\u201d ixtisas\u0131n\u0131n f\u0259ls\u0259f\u0259 doktoru proqram\u0131 \u00fczr\u0259 doktorant (qiyabi) q\u0259bul olunmu\u015fdur.<\/li><\/ul>\n\n\n\n<p><strong>\u018fM\u018fK F\u018fAL\u0130YY\u018fT\u0130<\/strong><\/p>\n\n\n\n<ul class=\"wp-block-list\"><li>1998-2012-ci ill\u0259rd\u0259 Q.H\u00fcseynli ad\u0131na musiqi texnikumunun musiqi n\u0259z\u0259riyy\u0259si \u015f\u00f6b\u0259sind\u0259 m\u00fc\u0259llim v\u0259zif\u0259sind\u0259 i\u015fl\u0259mi\u015fdir.<\/li><li>2005-ci ild\u0259n&nbsp; G\u0259nc\u0259 D\u00f6vl\u0259t Universitetinin \u201cMusiqi f\u0259nl\u0259ri\u201d kafedras\u0131nda 0,5 \u015ftat, 2012-ci ild\u0259n \u015ftat \u00fczr\u0259 m\u00fc\u0259llim i\u015fl\u0259yib, 2013-c\u00fc ild\u0259n hal-haz\u0131rad\u0259k ba\u015f m\u00fc\u0259llim v\u0259zif\u0259sind\u0259 i\u015fl\u0259yir.<\/li><\/ul>\n\n\n\n<p><strong>T\u018fDQ\u0130QAT SAH\u018fS\u0130<\/strong><\/p>\n\n\n\n<ul class=\"wp-block-list\"><li>Az\u0259rbaycan b\u0259st\u0259karlar\u0131n\u0131n yarad\u0131c\u0131l\u0131q irsinin t\u0259dqiqi v\u0259 t\u0259bli\u011fi.<\/li><\/ul>\n\n\n\n<p><strong>ELM\u0130 \u018fS\u018fRL\u018fR\u0130<\/strong><\/p>\n\n\n\n<p>30-dan art\u0131q elmi \u0259s\u0259rl\u0259rin, o c\u00fcml\u0259d\u0259n d\u0259rs v\u0259saiti, elmi m\u0259qal\u0259l\u0259rin&nbsp; m\u00fc\u0259llifidir.<\/p>\n\n\n\n<ul class=\"wp-block-list\"><li>R\u0259fb\u0259yli L.H. Q\u0259mb\u0259r H\u00fcseynlinin yarad\u0131c\u0131l\u0131q irsi. \/\/ G\u0259nc\u0259 D\u00f6vl\u0259t<\/li><\/ul>\n\n\n\n<p>&nbsp;&nbsp;&nbsp; Universitetinin \u201cElmi x\u0259b\u0259rl\u0259r\u201d jurnal\u0131. 2018,&nbsp; \u21163, &nbsp;s. 439-441<\/p>\n\n\n\n<p>&nbsp;&nbsp;&nbsp; (M\u0259qal\u0259).<\/p>\n\n\n\n<ul class=\"wp-block-list\"><li>R\u0259fb\u0259yli L.H. Q\u0259mb\u0259r H\u00fcseynli v\u0259 G\u0259nc\u0259. \/\/ \u201cG\u0259nc\u0259nin musiqi m\u0259d\u0259niyy\u0259tinin tarixi\u201d m\u00f6vzusunda Respublika elmi-praktik konfrans\u0131n materiallar\u0131. G\u0259nc\u0259, 2019, &nbsp;s. 87-92 .<\/li><li>R\u0259fb\u0259yli L.H. Q\u0259mb\u0259r H\u00fcseynlinin yarad\u0131c\u0131l\u0131q yolunun m\u0259rh\u0259l\u0259l\u0259ri.<\/li><\/ul>\n\n\n\n<p>&nbsp;&nbsp;&nbsp; \/\/ \u201cHarmony\u201d \u041c\u0435\u0436\u0434\u0443\u043d\u0430\u0440\u043e\u0434\u043d\u044b\u0439&nbsp; \u043c\u0443\u0437\u044b\u043a\u0430\u043b\u044c\u043d\u043e\u0439 \u043a\u0443\u043b\u044c\u0442\u0443\u0440\u043e\u043b\u043e\u0433\u0438\u0447\u0435\u0441\u043a\u0438\u0439<\/p>\n\n\n\n<p>&nbsp;&nbsp;&nbsp; \u0436\u0443\u0440\u043d\u0430\u043b, \u0432\u044b\u043f. \u211618\/2019 (M\u0259qal\u0259).<\/p>\n\n\n\n<ul class=\"wp-block-list\"><li>R\u0259fb\u0259yli L.H. M\u0259kt\u0259blil\u0259rin musiqi t\u0259rbiy\u0259sind\u0259 Q\u0259mb\u0259r H\u00fcseynlinin<\/li><\/ul>\n\n\n\n<p>&nbsp;&nbsp;&nbsp; mahn\u0131lar\u0131ndan istifad\u0259 \u00fczr\u0259 i\u015fin metodikas\u0131. \/\/ G\u0259nc\u0259 D\u00f6vl\u0259t<\/p>\n\n\n\n<p>&nbsp;&nbsp;&nbsp; Universitetinin \u201cElmi x\u0259b\u0259rl\u0259r\u201d&nbsp; jurnal\u0131. 2020, \u21161, s. 224-226<\/p>\n\n\n\n<p>&nbsp;&nbsp;&nbsp; (M\u0259qal\u0259).<\/p>\n\n\n\n<ul class=\"wp-block-list\"><li>R\u0259fb\u0259yli L.H. B\u0259st\u0259kar Q\u0259mb\u0259r H\u00fcseynlinin yarad\u0131c\u0131l\u0131\u011f\u0131. \/\/ VI \u201cUluslararas\u0131 &nbsp;&nbsp;M\u00fczik ve Dans Kongresi\u201dnin materiallar\u0131.T\u00fcrkiy\u0259, Alaniya, 30-31oktyabr, 2020,&nbsp; s. 257-262.<\/li><\/ul>\n\n\n\n<p>&nbsp;<a href=\"URL:%20https:\/\/www.imdcongress.com\/dosya\/arsiv\/2020\/Bildiri_Kitabi\">URL: https:\/\/www.imdcongress.com\/dosya\/arsiv\/2020\/Bildiri_Kitabi<\/a>. pdf<\/p>\n\n\n\n<ul class=\"wp-block-list\"><li>R\u0259fb\u0259yli L. H. &nbsp;Q\u0259mb\u0259r H\u00fcseynlinin \u201cEy g\u00f6z\u00fcm, de g\u00f6rm\u0259dinmi?\u201d&nbsp; romans\u0131 haqq\u0131nda. \/\/ VII \u201cUluslararas\u0131 M\u00fczik ve Dans Kongresi\u201dnin materiallar\u0131. T\u00fcrkiy\u0259, \u00c7e\u015fm\u0259, 28-30 may, 2021. URL: <a href=\"https:\/\/www.imdcongress\">https:\/\/www.imdcongress<\/a>.com\/dosya\/arsiv\/2021_1\/Bildiri_Kitabi. pdf<\/li><li>R\u0259fb\u0259yli L. H. &nbsp;M\u0259kt\u0259blil\u0259rin musiqi t\u0259rbiy\u0259sind\u0259 Q.H\u00fcseynlinin u\u015faq<\/li><\/ul>\n\n\n\n<p>&nbsp;&nbsp;&nbsp;&nbsp;&nbsp; mahn\u0131lar\u0131ndan istifad\u0259. \/\/ VIII \u201cUluslararas\u0131 M\u00fczik ve Dans<\/p>\n\n\n\n<p>&nbsp;&nbsp;&nbsp;&nbsp;&nbsp; Kongresi\u201dnin materiallar\u0131. Bak\u0131, 1-3 oktyabr,&nbsp; 2021.<\/p>\n\n\n\n<p>URL: https: \/\/ www. imdcongress. com\/dosya\/arsiv\/ 2021_2\/ Bildiri_Kitabi.pdf<\/p>\n\n\n\n<ul class=\"wp-block-list\"><li>R\u0259fb\u0259yli L.H. B\u0259st\u0259kar Q.H\u00fcseynlinin yarad\u0131c\u0131l\u0131\u011f\u0131n\u0131n \u00fcslub x\u00fcsusiyy\u0259tl\u0259rinin t\u0259dqiqi m\u0259s\u0259l\u0259l\u0259ri. \u201cB\u0259st\u0259kar v\u0259 zaman\u201d Respublika elmi-praktik konfrans\u0131n materiallar\u0131. Bak\u0131, 2022, s. 303-309.<\/li><li>R\u0259fib\u0259yli L.H. Q\u0259mb\u0259r H\u00fcseynlinin romanslar\u0131n\u0131n \u0259sas x\u00fcsusiyy\u0259tl\u0259ri.<\/li><\/ul>\n\n\n\n<p>&nbsp;&nbsp; &nbsp;\/\/ \u201cAz\u0259rbaycan s\u0259n\u0259t\u015f\u00fcnasl\u0131\u011f\u0131 \u015e\u0259rq-Q\u0259rb dialoqu kontekstind\u0259\u201d<\/p>\n\n\n\n<p>&nbsp;&nbsp;&nbsp; &nbsp;Beyn\u0259lxalq elmi-praktiki konfrans materiallar\u0131. Az\u0259rbaycan D\u00f6vl\u0259t &nbsp;<\/p>\n\n\n\n<p>&nbsp;&nbsp;&nbsp;&nbsp; M\u0259d\u0259niyy\u0259t v\u0259 \u0130nc\u0259s\u0259n\u0259t Universiteti, 17 noyabr, 2023-c\u00fc il.<\/p>\n\n\n\n<ul class=\"wp-block-list\"><li>R\u0259fib\u0259yli L.H. Creat\u0131v\u0131ty of composer Gambar Huseynl\u0131. Lublin. Poland,&nbsp;&nbsp; Beyn\u0259lxalq elmi bazaya daxil olan \u201cKELM\u201d&nbsp; jurnal\u0131, \u21164\/56, 2023, s. 55-58.<\/li><\/ul>\n\n\n\n<p>URL: chrome-extension:\/\/efa\u0131dnbmnnnibpcajpcglclef\u0131ndmkaj \/https:\/\/&nbsp; &nbsp;&nbsp;&nbsp;&nbsp;&nbsp;elmczasopisma com\/viewpdf\/ 10687<\/p>\n\n\n\n<ul class=\"wp-block-list\"><li>R\u0259fib\u0259yli L.H. Q\u0259mb\u0259r H\u00fcseynlinin u\u015faq mahn\u0131lar\u0131n\u0131n musiqi dilinin<\/li><\/ul>\n\n\n\n<p>x\u00fcsusiyy\u0259tl\u0259ri.&nbsp; \/\/ DO\u0130-d\u0259n istifad\u0259 il\u0259 \u201cMusiqi d\u00fcnyas\u0131\u201d Beyn\u0259lxalq,&nbsp;&nbsp;&nbsp; elmi-pedaqoji, t\u0259nqidi-publisistik, m\u0259d\u0259ni-maarif musiqi jurnal\u0131. &nbsp;&nbsp;&nbsp;&nbsp;&nbsp;&nbsp;&nbsp;&nbsp;&nbsp;&nbsp;&nbsp;&nbsp;&nbsp;&nbsp;&nbsp;&nbsp;&nbsp;&nbsp;&nbsp;&nbsp;&nbsp;Bak\u0131, 2023.<\/p>\n\n\n\n<ul class=\"wp-block-list\"><li>R\u0259fib\u0259yli L.H. Q\u0259mb\u0259r H\u00fcseynlinin vokal yarad\u0131c\u0131l\u0131\u011f\u0131nda romans janr\u0131.<\/li><\/ul>\n\n\n\n<p>\/\/ \u201cS\u0259n\u0259t Akademiyas\u0131\u201d (beyn\u0259lxalq elmi-n\u0259z\u0259ri jurnal). Bak\u0131&nbsp;&nbsp;&nbsp;&nbsp;&nbsp;&nbsp; &nbsp;&nbsp;&nbsp;&nbsp;Xoreoqrafiya Akademiyas\u0131, 2023, \u21165 (25), s. 60-70.<\/p>\n\n\n\n<ul class=\"wp-block-list\"><li>&nbsp;R\u0259fib\u0259yli L.H. Q\u0259mb\u0259r H\u00fcseynlinin instrumental \u0259s\u0259rl\u0259ri. &nbsp;&nbsp;&nbsp;&nbsp;&nbsp;&nbsp;&nbsp;&nbsp;&nbsp;&nbsp;&nbsp;&nbsp;&nbsp;&nbsp;&nbsp;&nbsp;&nbsp;&nbsp;&nbsp;&nbsp;&nbsp;&nbsp;&nbsp;&nbsp;&nbsp;&nbsp;&nbsp;&nbsp;\/\/\u201cKonservatoriya\u201d jurnal\u0131.&nbsp; Az\u0259rbaycan Milli Konservatoriyas\u0131, Bak\u0131,<\/li><\/ul>\n\n\n\n<p>&nbsp;&nbsp;&nbsp;&nbsp;&nbsp;&nbsp;&nbsp;&nbsp;&nbsp;&nbsp; &nbsp;2023.<\/p>\n\n\n\n<p>&nbsp;&nbsp;&nbsp;&nbsp;&nbsp; V\u0259 s.<\/p>\n\n\n\n<p><strong>BEYN\u018fLXALQ SEM\u0130NAR,&nbsp; S\u0130MPOZ\u0130UM V\u018f KONFRANSLARDA \u0130\u015eT\u0130RAKI<\/strong><\/p>\n\n\n\n<ul class=\"wp-block-list\"><li>Bir s\u0131ra respublika v\u0259 beyn\u0259lxalq elmi konfranslarda m\u00fcxt\u0259lif m\u00f6vzularda elmi m\u0259ruz\u0259l\u0259rl\u0259 \u00e7\u0131x\u0131\u015f etmi\u015fdir (15-16 noyabr 2019-cu il tarixind\u0259 \u201cG\u0259nc\u0259nin musiqi m\u0259d\u0259niyy\u0259tinin tarixi\u201d Respublika konfrans\u0131; 30-31 oktyabr 2020-ci il tarixl\u0259rind\u0259 VI \u201cUluslararas\u0131 M\u00fczik ve Dans Kongresi\u201d; 27.04.2021-ci il tarixind\u0259 GDU-da ke\u00e7iril\u0259n \u201cNizami G\u0259nc\u0259vinin musiqi d\u00fcnyas\u0131\u201d elmi-praktik konfrans; 28-30 may 2021-ci il tarixl\u0259rind\u0259 &nbsp;VII&nbsp; \u201cUluslararas\u0131 M\u00fczik ve Dans Kongresi\u201d; 01-03 oktyabr 2021-ci il tarixl\u0259rind\u0259 VIII \u201cUluslararas\u0131 M\u00fczik ve Dans Kongresi\u201d; 4-5 may 2022-ci il tarixl\u0259rind\u0259 \u201cB\u0259st\u0259kar v\u0259 zaman\u201d Respublika elmi-praktik konfrans\u0131; 17 noyabr 2023-c\u00fc il tarixl\u0259rind\u0259 \u201cAz\u0259rbaycan s\u0259n\u0259t\u015f\u00fcnasl\u0131\u011f\u0131 \u015e\u0259rq-Q\u0259rb dialoqu kontekstind\u0259\u201d beyn\u0259lxalq elmi-praktiki konfrans v\u0259 s.).<\/li><\/ul>\n\n\n\n<p><strong>D\u0130L B\u0130LG\u0130S\u0130<\/strong><\/p>\n\n\n\n<ul class=\"wp-block-list\"><li>Az\u0259rbaycan, rus (s\u0259rb\u0259st), ingilis (l\u00fc\u011f\u0259t il\u0259).<\/li><\/ul>\n\n\n\n<p>&nbsp;&nbsp;&nbsp;&nbsp;&nbsp;&nbsp;&nbsp;&nbsp; <strong>PART\u0130YALI\u011eI<\/strong><\/p>\n\n\n\n<ul class=\"wp-block-list\"><li>1999-cu ild\u0259n YAP-\u0131n \u00fczv\u00fcd\u00fcr.<\/li><\/ul>\n","protected":false},"excerpt":{"rendered":"<p>G\u018fNC\u018f D\u00d6VL\u018fT UN\u0130VERS\u0130TET\u0130N\u0130N \u201cMUS\u0130Q\u0130 F\u018fNL\u018fR\u0130\u201d KAFEDRASININ BA\u015e M\u00dc\u018fLL\u0130M\u0130 R\u018fF\u0130B\u018fYL\u0130 LAL\u018f HAK\u0130M QIZI TELEFON: +994 506164669 E-mail: lalarafibeyli@yahoo.com &nbsp;&nbsp;&nbsp;&nbsp;&nbsp;&nbsp;&nbsp;&nbsp;&nbsp;&nbsp;&nbsp;&nbsp; &nbsp;lala.rafibayli@gdu.edu.az QISA B\u0130OQRAF\u0130K M\u018fLUMAT 12 sentyabr 1979-cu ild\u0259 Az\u0259rbaycan Respublikas\u0131 Kirovabad (G\u0259nc\u0259) \u015f\u0259h\u0259rind\u0259 anadan olmu\u015fdur. Ail\u0259lidir, 2 \u00f6vlad\u0131 var. T\u018fHS\u0130L\u0130 1998-ci il\u0259d\u0259 Q.H\u00fcseynli ad\u0131na musiqi texnikumunun musiqi n\u0259z\u0259riyy\u0259si fak\u00fclt\u0259sini f\u0259rql\u0259nm\u0259 diplomu il\u0259 bitirmi\u015fdir. 2002-ci ild\u0259 G\u0259nc\u0259 D\u00f6vl\u0259t<\/p>\n<p><a href=\"https:\/\/pedf.gdu.edu.az\/?page_id=9722\" class=\"more-link themebutton\">Daha \u0259trafl\u0131 <\/a><\/p>\n","protected":false},"author":4,"featured_media":0,"parent":0,"menu_order":0,"comment_status":"closed","ping_status":"closed","template":"","meta":{"footnotes":""},"class_list":["post-9722","page","type-page","status-publish","hentry"],"_links":{"self":[{"href":"https:\/\/pedf.gdu.edu.az\/index.php?rest_route=\/wp\/v2\/pages\/9722","targetHints":{"allow":["GET"]}}],"collection":[{"href":"https:\/\/pedf.gdu.edu.az\/index.php?rest_route=\/wp\/v2\/pages"}],"about":[{"href":"https:\/\/pedf.gdu.edu.az\/index.php?rest_route=\/wp\/v2\/types\/page"}],"author":[{"embeddable":true,"href":"https:\/\/pedf.gdu.edu.az\/index.php?rest_route=\/wp\/v2\/users\/4"}],"replies":[{"embeddable":true,"href":"https:\/\/pedf.gdu.edu.az\/index.php?rest_route=%2Fwp%2Fv2%2Fcomments&post=9722"}],"version-history":[{"count":1,"href":"https:\/\/pedf.gdu.edu.az\/index.php?rest_route=\/wp\/v2\/pages\/9722\/revisions"}],"predecessor-version":[{"id":9724,"href":"https:\/\/pedf.gdu.edu.az\/index.php?rest_route=\/wp\/v2\/pages\/9722\/revisions\/9724"}],"wp:attachment":[{"href":"https:\/\/pedf.gdu.edu.az\/index.php?rest_route=%2Fwp%2Fv2%2Fmedia&parent=9722"}],"curies":[{"name":"wp","href":"https:\/\/api.w.org\/{rel}","templated":true}]}}