{"id":9719,"date":"2025-04-03T15:03:23","date_gmt":"2025-04-03T13:03:23","guid":{"rendered":"https:\/\/pedf.gdu.edu.az\/?page_id=9719"},"modified":"2025-04-03T15:03:23","modified_gmt":"2025-04-03T13:03:23","slug":"n%c9%99biyeva-leyla-m%c9%99zahir-qizi-2","status":"publish","type":"page","link":"https:\/\/pedf.gdu.edu.az\/?page_id=9719","title":{"rendered":"N\u0259biyeva Leyla M\u0259zahir q\u0131z\u0131"},"content":{"rendered":"\n<div class=\"wp-block-image\"><figure class=\"alignleft size-full is-resized\"><img loading=\"lazy\" decoding=\"async\" src=\"https:\/\/pedf.gdu.edu.az\/wp-content\/uploads\/2025\/04\/13.N\u0259biyeva-Leyla-M\u0259zahir.jpg\" alt=\"\" class=\"wp-image-9720\" width=\"209\" height=\"292\"\/><\/figure><\/div>\n\n\n\n<p><strong>G\u018fNC\u018f&nbsp; D\u00d6VL\u018fT&nbsp; UN\u0130VERS\u0130TET\u0130N\u0130N &nbsp;\u201cMUS\u0130Q\u0130 F\u018fNL\u018fR\u0130\u201d &nbsp;&nbsp;&nbsp;&nbsp;&nbsp;KAFEDRASININ BA\u015e M\u00dc\u018fLL\u0130M\u0130 N\u018fB\u0130YEVA LEYLA M\u018fZAH\u0130R QIZI<\/strong><\/p>\n\n\n\n<p><strong>&nbsp;Telefon: <\/strong>+994 556831661<\/p>\n\n\n\n<p><strong>&nbsp;E-mail: <\/strong>&nbsp;<a href=\"mailto:nabiyeva.leyla@inbox.ru\">nabiyeva.leyla@inbox.ru<\/a><\/p>\n\n\n\n<p>&nbsp;&nbsp;&nbsp;&nbsp;&nbsp;&nbsp;&nbsp;&nbsp;&nbsp;&nbsp;&nbsp;&nbsp;&nbsp;&nbsp;&nbsp; leyla.nabiyeva@gdu.edu.az<\/p>\n\n\n\n<p><strong>&nbsp;QISA B\u0130OQRAF\u0130K M\u018fLUMAT<\/strong><\/p>\n\n\n\n<ul class=\"wp-block-list\"><li>23 fevral&nbsp; 1981-ci ild\u0259 Az\u0259rbaycan Respublikas\u0131 Kirovabad (G\u0259nc\u0259) \u015f\u0259h\u0259rind\u0259 anadan olmu\u015fdur. Az\u0259rbaycanl\u0131d\u0131r. Ail\u0259lidir, 1 \u00f6vlad\u0131 var.<\/li><\/ul>\n\n\n\n<p><strong>&nbsp; T\u018fHS\u0130L\u0130<\/strong><\/p>\n\n\n\n<ul class=\"wp-block-list\"><li>1996-c\u0131&nbsp; ild\u0259&nbsp; M.Mehdizad\u0259 (N.K.Krupskaya) &nbsp;ad\u0131na 4 sayl\u0131 \u00fcmumt\u0259hsil m\u0259kt\u0259binin rus dili b\u00f6lb\u0259sinin&nbsp; 9-cu &nbsp;sinfini v\u0259 F.\u018fmirov ad\u0131na 1 sayl\u0131 musiqi m\u0259kt\u0259bini f\u0259rql\u0259nm\u0259&nbsp; diplomu il\u0259 bitirmi\u015fdir.<\/li><li>2000-ci&nbsp; ild\u0259&nbsp; Q.H\u00fcseyinli&nbsp; ad\u0131na&nbsp; G\u0259nc\u0259&nbsp;&nbsp; Orta&nbsp; \u0130xtisas&nbsp; Musiqi&nbsp; Texnikumunu &nbsp;xor-dirijorluq&nbsp; &nbsp;&nbsp;ixtisas\u0131&nbsp; \u00fczr\u0259&nbsp; bitirmi\u015fdir.<\/li><li>2004-c\u00fc&nbsp; ild\u0259&nbsp; \u00dc.Hac\u0131b\u0259yli ad\u0131na Bak\u0131&nbsp; Musiqi&nbsp; Akademiyas\u0131n\u0131n &nbsp;&nbsp;&nbsp;&nbsp;&nbsp;&nbsp;&nbsp;&nbsp;&nbsp;&nbsp;&nbsp;&nbsp;&nbsp;&nbsp;&nbsp;xor- dirijorluq fak\u00fclt\u0259sind\u0259 bakalavr pill\u0259sini (qiyabi) bitirmi\u015fdir.<\/li><li>2006-c\u0131&nbsp; ild\u0259&nbsp; \u00dc.Hac\u0131b\u0259yli ad\u0131na Bak\u0131&nbsp; Musiqi&nbsp; Akademiyas\u0131n\u0131n xor- dirijorluq fak\u00fclt\u0259sind\u0259&nbsp; magistr pill\u0259sini &nbsp;(qiyabi) f\u0259rql\u0259nm\u0259 diplomu il\u0259 bitirmi\u015fdir.<\/li><\/ul>\n\n\n\n<p><strong>\u018fM\u018fK&nbsp; F\u018fAL\u0130YY\u018fT\u0130<\/strong><\/p>\n\n\n\n<ul class=\"wp-block-list\"><li>2000-ci&nbsp; ild\u0259n&nbsp; G\u0259nc\u0259 Humanitar Kollecind\u0259 \u201cMusiqi m\u00fc\u0259llimliyi\u201d ixtisas\u0131 \u00fczr\u0259 musiqi m\u00fc\u0259llimi v\u0259zif\u0259sind\u0259 i\u015fl\u0259mi\u015fdir.<\/li><li>2008-ci ild\u0259n &nbsp;G\u0259nc\u0259 D\u00f6vl\u0259t Universitetinin \u201cMusiqi f\u0259nl\u0259ri\u201d kafedras\u0131nda m\u00fc\u0259llim, &nbsp;2023-c\u00fc ild\u0259n ba\u015f m\u00fc\u0259llim v\u0259zif\u0259sind\u0259 i\u015fl\u0259yir.<\/li><\/ul>\n\n\n\n<p><strong>&nbsp;T\u018fDQ\u0130QAT&nbsp; SAH\u018fS\u0130<\/strong><\/p>\n\n\n\n<ul class=\"wp-block-list\"><li>Xor sinfi v\u0259 xor oxuman\u0131n t\u0259drisi metodikas\u0131.<\/li><li>GDU-nun \u201cMusiqi f\u0259nl\u0259ri\u201d kafedras\u0131 n\u0259zdind\u0259 t\u0259l\u0259b\u0259 xor kollektivinin i\u015find\u0259 yax\u0131ndan i\u015ftirak edir, t\u0259l\u0259b\u0259l\u0259rl\u0259 konsert proqramlar\u0131 haz\u0131rlay\u0131r.<\/li><\/ul>\n\n\n\n<p><strong>&nbsp;&nbsp; ELM\u0130 \u018fS\u018fRL\u018fR\u0130<\/strong><\/p>\n\n\n\n<p><strong>&nbsp;&nbsp;&nbsp;&nbsp; &nbsp;&nbsp;&nbsp;&nbsp; &nbsp;&nbsp;&nbsp;<\/strong>20-d\u0259n art\u0131q elmi \u0259s\u0259rin, t\u0259dris proqramlar\u0131n\u0131n m\u00fc\u0259llifidir.<\/p>\n\n\n\n<ul class=\"wp-block-list\"><li>N\u0259biyeva L. C.Cahangirovun kantata v\u0259 oratoriya yarad\u0131c\u0131l\u0131\u011f\u0131n\u0131n \u0259sas x\u00fcsusiyy\u0259tl\u0259ri. \/\/ G\u0259nc\u0259 D\u00f6vl\u0259t Universitetinin \u201cElmi x\u0259b\u0259rl\u0259r\u201d jurnal\u0131, 2020, \u21161, s. 215-218 (M\u0259qal\u0259).<\/li><li>N\u0259biyeva L. Aq\u015fin \u018flizad\u0259nin&nbsp; xor yarad\u0131c\u0131l\u0131\u011f\u0131n\u0131n \u0259sas x\u00fcsusiyy\u0259tl\u0259ri. &nbsp;&nbsp;&nbsp;&nbsp;&nbsp;&nbsp;&nbsp;&nbsp;&nbsp;\/\/ VIII \u201cUluslararas\u0131 M\u00fczik ve Dans Kongresi\u201dnin materiallar\u0131. Bak\u0131, 2021, s. 339-342. URL: https:\/\/www. imdcongress.com\/ dosya\/ arsiv\/2021_2\/ Bildiri_ Kitabi.pdf<\/li><li>N\u0259biyeva L. Az\u0259rbaycan b\u0259st\u0259karlar\u0131n\u0131n&nbsp; xor&nbsp; \u0259s\u0259rl\u0259rind\u0259 Nizami G\u0259nc\u0259vinin&nbsp;&nbsp; poeziyas\u0131n\u0131n t\u0259c\u0259ss\u00fcm\u00fc. &nbsp;\/\/ \u201cAz\u0259rbaycan inc\u0259s\u0259n\u0259tind\u0259 Nizami G\u0259nc\u0259vi irsinin t\u0259c\u0259ss\u00fcm\u00fc\u201d m\u00f6vzusunda Bak\u0131 Xoreoqrafiya Akademiyas\u0131nda ke\u00e7iril\u0259n Respublika elmi-praktik konfrans\u0131n\u0131n materiallar\u0131, &nbsp;&nbsp;2022, s. 190-196. &nbsp;<\/li><li>N\u0259biyeva L. &nbsp;A.S.Darqom\u0131jskinin kamera-vokal yarad\u0131c\u0131l\u0131\u011f\u0131. \/\/G\u0259nc\u0259 D\u00f6vl\u0259t&nbsp; Universitetinin \u201cElmi x\u0259b\u0259rl\u0259r\u201d jurnal\u0131, 2022, \u21161, s. 231-235. (M\u0259qal\u0259).<\/li><li>N\u0259biyeva L. Az\u0259rbaycan xalq mahn\u0131lar\u0131n\u0131n b\u0259st\u0259karlar\u0131n&nbsp; xor \u0259s\u0259rl\u0259rind\u0259&nbsp; t\u0259c\u0259ss\u00fcm\u00fc. \/\/ X \u201cUluslararas\u0131 M\u00fczik ve Dans Kongresi\u201dnin materiallar\u0131. T\u00fcrkiy\u0259, Marmaris, 2022, s. 228-233. URL: https:\/\/www. imdcongress.com\/ dosya\/ arsiv\/2022_2\/ Bildiri_ Kitabi.pdf<\/li><li>\u041d\u0430\u0431\u0438\u0435\u0432\u0430 \u041b. \u0410\u043a\u0442\u0443\u0430\u043b\u044c\u043d\u044b\u0435&nbsp; \u0432\u043e\u043f\u0440\u043e\u0441\u044b \u0440\u0430\u0437\u0443\u0447\u0438\u0432\u0430\u043d\u0438\u044f \u0410\u0437\u0435\u0440\u0431\u0430\u0439\u0434\u0436\u0430\u043d\u0441\u043a\u0438\u0445<\/li><\/ul>\n\n\n\n<p>\u043d\u0430\u0440\u043e\u0434\u043d\u044b\u0445 \u043f\u0435\u0441\u0435\u043d \u0432 \u0448\u043a\u043e\u043b\u044c\u043d\u043e\u043c \u0445\u043e\u0440\u0435. \u201cPedaqogikan\u0131n v\u0259 psixologiyan\u0131n aktual probleml\u0259ri\u201d (\u201c\u0410\u043a\u0442\u0443\u0430\u043b\u044c\u043d\u044b\u0435 \u043f\u0440\u043e\u0431\u043b\u0435\u043c\u044b \u043f\u0435\u0434\u0430\u0433\u043e\u0433\u0438\u043a\u0438 \u0438 \u043f\u0441\u0438\u0445\u043e\u043b\u043e\u0433\u0438\u0438\u201d) m\u00f6vzusunda ke\u00e7iril\u0259n VIII Beyn\u0259lxalq elmi-praktik konfrans\u0131n materiallar\u0131. Moskva, 13 aprel, 2023. URL: https:\/\/ cloud. mail. ru\/ public\/ pNDb\/ JyjDB7t1U<\/p>\n\n\n\n<p>&nbsp;&nbsp;&nbsp; V\u0259 s.<\/p>\n\n\n\n<p><strong>BEYN\u018fLXALQ SEM\u0130NAR, S\u0130MPOZ\u0130UM V\u018f KONFRANSLARDA<\/strong><\/p>\n\n\n\n<p><strong>\u0130\u015eT\u0130RAKI<\/strong><\/p>\n\n\n\n<ul class=\"wp-block-list\"><li>Beyn\u0259lxalq v\u0259 Respublika elmi konfranslarda m\u00fcxt\u0259lif m\u00f6vzularda elmi<\/li><\/ul>\n\n\n\n<p>m\u0259ruz\u0259l\u0259rl\u0259 \u00e7\u0131x\u0131\u015f etmi\u015fdir (\u201cG\u0259nc\u0259nin musiqi m\u0259d\u0259niyy\u0259tinin tarixi\u201d, VIII, X \u201cUluslararas\u0131 M\u00fczik ve Dans Kongresi\u201d, \u201cNizami G\u0259nc\u0259vinin musiqi d\u00fcnyas\u0131\u201d, \u201cAz\u0259rbaycan inc\u0259s\u0259n\u0259tind\u0259 Nizami G\u0259nc\u0259vi irsinin t\u0259c\u0259ss\u00fcm\u00fc\u201d, \u201c\u0410\u043a\u0442\u0443\u0430\u043b\u044c\u043d\u044b\u0435 \u043f\u0440\u043e\u0431\u043b\u0435\u043c\u044b \u043f\u0435\u0434\u0430\u0433\u043e\u0433\u0438\u043a\u0438 \u0438 \u043f\u0441\u0438\u0445\u043e\u043b\u043e\u0433\u0438\u0438\u201d v\u0259 s.).<\/p>\n\n\n\n<p><strong>D\u0130L B\u0130LG\u0130S\u0130<\/strong><\/p>\n\n\n\n<ul class=\"wp-block-list\"><li>Az\u0259rbaycan, rus (s\u0259rb\u0259st), ingilis (l\u00fc\u011f\u0259t il\u0259).<\/li><\/ul>\n\n\n\n<p><strong>PART\u0130YALI\u011eI<\/strong> 2001-ci ild\u0259n YAP-\u0131n \u00fczv\u00fcd\u00fcr.&nbsp;&nbsp;&nbsp;<\/p>\n","protected":false},"excerpt":{"rendered":"<p>G\u018fNC\u018f&nbsp; D\u00d6VL\u018fT&nbsp; UN\u0130VERS\u0130TET\u0130N\u0130N &nbsp;\u201cMUS\u0130Q\u0130 F\u018fNL\u018fR\u0130\u201d &nbsp;&nbsp;&nbsp;&nbsp;&nbsp;KAFEDRASININ BA\u015e M\u00dc\u018fLL\u0130M\u0130 N\u018fB\u0130YEVA LEYLA M\u018fZAH\u0130R QIZI &nbsp;Telefon: +994 556831661 &nbsp;E-mail: &nbsp;nabiyeva.leyla@inbox.ru &nbsp;&nbsp;&nbsp;&nbsp;&nbsp;&nbsp;&nbsp;&nbsp;&nbsp;&nbsp;&nbsp;&nbsp;&nbsp;&nbsp;&nbsp; leyla.nabiyeva@gdu.edu.az &nbsp;QISA B\u0130OQRAF\u0130K M\u018fLUMAT 23 fevral&nbsp; 1981-ci ild\u0259 Az\u0259rbaycan Respublikas\u0131 Kirovabad (G\u0259nc\u0259) \u015f\u0259h\u0259rind\u0259 anadan olmu\u015fdur. Az\u0259rbaycanl\u0131d\u0131r. Ail\u0259lidir, 1 \u00f6vlad\u0131 var. &nbsp; T\u018fHS\u0130L\u0130 1996-c\u0131&nbsp; ild\u0259&nbsp; M.Mehdizad\u0259 (N.K.Krupskaya) &nbsp;ad\u0131na 4 sayl\u0131 \u00fcmumt\u0259hsil m\u0259kt\u0259binin rus dili b\u00f6lb\u0259sinin&nbsp; 9-cu &nbsp;sinfini v\u0259<\/p>\n<p><a href=\"https:\/\/pedf.gdu.edu.az\/?page_id=9719\" class=\"more-link themebutton\">Daha \u0259trafl\u0131 <\/a><\/p>\n","protected":false},"author":4,"featured_media":0,"parent":0,"menu_order":0,"comment_status":"closed","ping_status":"closed","template":"","meta":{"footnotes":""},"class_list":["post-9719","page","type-page","status-publish","hentry"],"_links":{"self":[{"href":"https:\/\/pedf.gdu.edu.az\/index.php?rest_route=\/wp\/v2\/pages\/9719","targetHints":{"allow":["GET"]}}],"collection":[{"href":"https:\/\/pedf.gdu.edu.az\/index.php?rest_route=\/wp\/v2\/pages"}],"about":[{"href":"https:\/\/pedf.gdu.edu.az\/index.php?rest_route=\/wp\/v2\/types\/page"}],"author":[{"embeddable":true,"href":"https:\/\/pedf.gdu.edu.az\/index.php?rest_route=\/wp\/v2\/users\/4"}],"replies":[{"embeddable":true,"href":"https:\/\/pedf.gdu.edu.az\/index.php?rest_route=%2Fwp%2Fv2%2Fcomments&post=9719"}],"version-history":[{"count":1,"href":"https:\/\/pedf.gdu.edu.az\/index.php?rest_route=\/wp\/v2\/pages\/9719\/revisions"}],"predecessor-version":[{"id":9721,"href":"https:\/\/pedf.gdu.edu.az\/index.php?rest_route=\/wp\/v2\/pages\/9719\/revisions\/9721"}],"wp:attachment":[{"href":"https:\/\/pedf.gdu.edu.az\/index.php?rest_route=%2Fwp%2Fv2%2Fmedia&parent=9719"}],"curies":[{"name":"wp","href":"https:\/\/api.w.org\/{rel}","templated":true}]}}