{"id":9716,"date":"2025-04-03T15:01:36","date_gmt":"2025-04-03T13:01:36","guid":{"rendered":"https:\/\/pedf.gdu.edu.az\/?page_id=9716"},"modified":"2025-04-03T15:01:36","modified_gmt":"2025-04-03T13:01:36","slug":"m%c9%99h%c9%99rr%c9%99mova-s%c9%99ma-b%c9%99sir-qizi","status":"publish","type":"page","link":"https:\/\/pedf.gdu.edu.az\/?page_id=9716","title":{"rendered":"M\u0259h\u0259rr\u0259mova S\u0259ma B\u0259\u015fir q\u0131z\u0131\u00a0"},"content":{"rendered":"\n<div class=\"wp-block-image\"><figure class=\"alignleft size-full is-resized\"><img loading=\"lazy\" decoding=\"async\" src=\"https:\/\/pedf.gdu.edu.az\/wp-content\/uploads\/2025\/04\/9.M\u0259h\u0259rr\u0259mova-S\u0259ma-B\u0259sir.jpg\" alt=\"\" class=\"wp-image-9717\" width=\"230\" height=\"321\"\/><\/figure><\/div>\n\n\n\n<p><strong>G\u018fNC\u018f D\u00d6VL\u018fT UN\u0130VERS\u0130TET\u0130N\u0130N \u201cMUS\u0130Q\u0130 F\u018fNL\u018fR\u0130\u201d KAFEDRASININ&nbsp; M\u00dc\u018fLL\u0130M\u0130 M\u018fH\u018fRR\u018fMOVA S\u018fMA B\u018f\u015e\u0130R QIZI<\/strong><\/p>\n\n\n\n<p><strong>Telefon: <\/strong>+994 556523150<\/p>\n\n\n\n<p><strong>E-mail: <\/strong><a href=\"mailto:Semameherremova74@gmail.com\">Semameherremova74@gmail.com<\/a><\/p>\n\n\n\n<p><strong>QISA B\u0130OQRAF\u0130K M\u018fLUMAT&nbsp;&nbsp;<\/strong><\/p>\n\n\n\n<ul class=\"wp-block-list\"><li>1974-c\u00fc il dekabr\u0131n &nbsp;8-d\u0259 Az\u0259rbaycan Respublikas\u0131 Kirovabad (G\u0259nc\u0259) \u015f\u0259h\u0259rind\u0259 ziyal\u0131 ail\u0259sind\u0259 anadan olmu\u015fdur. Az\u0259rbaycanl\u0131d\u0131r. Ail\u0259lidir, iki \u00f6vlad\u0131 var.<\/li><\/ul>\n\n\n\n<p><strong>T\u018fHS\u0130L\u0130<\/strong><\/p>\n\n\n\n<ul class=\"wp-block-list\"><li>1991-ci ild\u0259 G\u0259nc\u0259 \u015f\u0259h\u0259r C.Cabbarl\u0131 ad\u0131na 6 sayl\u0131 \u00fcmumt\u0259hsil m\u0259kt\u0259bini bitirmi\u015fdir.<\/li><li>1988-ci ild\u0259 G\u0259nc\u0259 \u015f\u0259h\u0259r F.\u018fmirov ad\u0131na 1 sayl\u0131 U\u015faq musiqi m\u0259kt\u0259binin fortepiano sinfini bitirmi\u015fdir.<\/li><li>1996-c\u0131 ild\u0259 H.Z\u0259rdabi ad\u0131na G\u0259nc\u0259 D\u00f6vl\u0259t Pedaqoji \u0130nstitutunu (indiki: G\u0259nc\u0259 D\u00f6vl\u0259t Universiteti) \u201c\u0130btidai t\u0259lim pedaqogikas\u0131 v\u0259 metodikas\u0131 \u0259lav\u0259 \u201cMusiqi\u201d ixtisas\u0131 \u00fczr\u0259 (\u0259yani) bitirmi\u015fdir.<\/li><\/ul>\n\n\n\n<p><strong>\u018fM\u018fK F\u018fAL\u0130YY\u018fT\u0130<\/strong><\/p>\n\n\n\n<ul class=\"wp-block-list\"><li>01.09.1997-26.12.2007-ci ill\u0259rd\u0259 Da\u015fk\u0259s\u0259n rayon Bayan k\u0259ndinin \u00fcmumt\u0259hsil m\u0259kt\u0259bind\u0259 musiqi m\u00fc\u0259llimi v\u0259zif\u0259sind\u0259 i\u015fl\u0259mi\u015fdir.<\/li><li>15.09.2010-16.09.2016-c\u0131 ill\u0259rd\u0259 G\u0259nc\u0259 Regional Kollecind\u0259 musiqi m\u00fc\u0259llimi v\u0259zif\u0259sind\u0259 i\u015fl\u0259mi\u015fdir.<\/li><li>16.09.2016-c\u0131 ild\u0259n hal-haz\u0131rad\u0259k G\u0259nc\u0259 D\u00f6vl\u0259t Universitetinin \u201cMusiqi f\u0259nl\u0259ri\u201d kafedras\u0131nda m\u00fc\u0259llim v\u0259zif\u0259sind\u0259 i\u015fl\u0259yir.<\/li><\/ul>\n\n\n\n<p><strong>T\u018fDQ\u0130QAT SAH\u018fS\u0130<\/strong>&nbsp;<\/p>\n\n\n\n<ul class=\"wp-block-list\"><li>Musiqinin t\u0259drisi metodikas\u0131.<\/li><\/ul>\n\n\n\n<p><strong>ELM\u0130 \u018fS\u018fRL\u018fR\u0130<\/strong>&nbsp;&nbsp;&nbsp;&nbsp;&nbsp;&nbsp;<\/p>\n\n\n\n<p>10-dan art\u0131q elmi \u0259s\u0259rin m\u00fc\u0259llifidir.<\/p>\n\n\n\n<ul class=\"wp-block-list\"><li>M\u0259h\u0259rr\u0259mova S. V.Adg\u00f6z\u0259lovun yarad\u0131c\u0131l\u0131\u011f\u0131n\u0131n \u0259sas c\u0259h\u0259tl\u0259ri v\u0259 m\u0259kt\u0259blil\u0259rin musiqi t\u0259rbiy\u0259sind\u0259 ondan istifad\u0259. \/\/G\u0259nc\u0259 D\u00f6vl\u0259t Universitetinin \u201cElmi x\u0259b\u0259rl\u0259r\u201d jurnal\u0131.&nbsp; G\u0259nc\u0259, \u21164, 2018, s. 460-463&nbsp; (M\u0259qal\u0259).<\/li><li>M\u0259h\u0259rr\u0259mova S. &nbsp;&nbsp;&nbsp;V. Ad\u0131g\u00f6z\u0259lovun kamera-instrumental, simfonik musiqisi v\u0259 m\u0259kt\u0259blil\u0259rin musiqi&nbsp; t\u0259\u0259rbiy\u0259sind\u0259 ondan istifad\u0259nin imkan v\u0259 yollar\u0131. \/\/G\u0259nc\u0259 D\u00f6vl\u0259t Universitetinin \u201cElmi x\u0259b\u0259rl\u0259r\u201d jurnal\u0131. G\u0259nc\u0259, \u21161,&nbsp;&nbsp;&nbsp;&nbsp;&nbsp;&nbsp;&nbsp;&nbsp;&nbsp;&nbsp;&nbsp;&nbsp;&nbsp;&nbsp;&nbsp;&nbsp; 2019, s. 382-387 (M\u0259qal\u0259).<\/li><li>M\u0259h\u0259rr\u0259mova S. &nbsp;B\u0259st\u0259kar&nbsp; \u018fl\u0259kb\u0259r Ta\u011f\u0131yev v\u0259&nbsp; G\u0259nc\u0259. \/\/ \u201cG\u0259nc\u0259nin musiqi m\u0259d\u0259niyy\u0259tinin tarixi\u201d m\u00f6vzusunda Respublika elmi-praktik konfrans\u0131n materiallar\u0131.15-16 noyabr, &nbsp;G\u0259nc\u0259, 2019, s. 87-90.<\/li><li>M\u0259h\u0259rr\u0259mova S. Vasif Ad\u0131g\u00f6z\u0259lovun&nbsp; mahn\u0131-romans yarad\u0131c\u0131l\u0131\u011f\u0131 v\u0259 m\u0259kt\u0259blil\u0259rin musiqi t\u0259rbiy\u0259sind\u0259 ondan istifad\u0259nin imkan v\u0259 yollar\u0131. &nbsp;&nbsp;&nbsp;&nbsp;&nbsp;&nbsp;&nbsp;&nbsp;&nbsp;&nbsp;&nbsp;&nbsp;&nbsp;&nbsp;&nbsp;&nbsp;&nbsp;&nbsp;&nbsp;&nbsp;&nbsp;\/\/ G\u0259nc\u0259 D\u00f6vl\u0259t Universitetinin \u201cElmi x\u0259b\u0259rl\u0259r\u201d jurnal\u0131,&nbsp; G\u0259nc\u0259, \u21161, &nbsp;&nbsp;&nbsp;&nbsp;&nbsp;&nbsp;&nbsp;&nbsp;&nbsp;&nbsp;&nbsp;&nbsp;&nbsp;&nbsp;2020, s. 203-206 (M\u0259qal\u0259).<\/li><li>M\u0259h\u0259rr\u0259mova S. &nbsp;&nbsp;&nbsp;Y. Haydn\u0131n&nbsp; yarad\u0131c\u0131l\u0131\u011f\u0131n\u0131n \u0259sas c\u0259h\u0259tl\u0259ri. G\u0259nc\u0259 D\u00f6vl\u0259t<\/li><\/ul>\n\n\n\n<p>Universitetinin \u201cElmi x\u0259b\u0259rl\u0259r\u201d jurnal\u0131,&nbsp; Bak\u0131, \u21161, 2021, s. 135-138 (M\u0259qal\u0259).<\/p>\n\n\n\n<ul class=\"wp-block-list\"><li>M\u0259h\u0259rr\u0259mova S. B\u0259st\u0259kar \u015e\u0259fiq\u0259 Axundovan\u0131n u\u015faq mahn\u0131lar\u0131ndan m\u0259kt\u0259blil\u0259rin musiqi t\u0259rbiy\u0259sind\u0259 istifad\u0259. \/\/ AMEA G\u0259nc\u0259 B\u00f6lm\u0259sinin \u201cX\u0259b\u0259rl\u0259r\u201d m\u0259cmu\u0259si, \u201cPedaqoji elml\u0259r\u201d seriyas\u0131. G\u0259nc\u0259, \u21161 (2),&nbsp;&nbsp;&nbsp;&nbsp;&nbsp;&nbsp;&nbsp;&nbsp;&nbsp;&nbsp;&nbsp;&nbsp;&nbsp;&nbsp;&nbsp; 2021, s. 49-54 (M\u0259qal\u0259).<\/li><li>M\u0259h\u0259rr\u0259mova S. Fikr\u0259t \u018fmirovun yarad\u0131c\u0131l\u0131\u011f\u0131nda xalq t\u0259f\u0259kk\u00fcr\u00fcn\u00fcn \u0259n\u0259n\u0259l\u0259ri.&nbsp;&nbsp;&nbsp; \/\/ G\u0259nc\u0259 D\u00f6vl\u0259t Universitetinin \u201cElmi x\u0259b\u0259rl\u0259r\u201d jurnal\u0131. G\u0259nc\u0259, \u21162, 2021, s. 162-165 (M\u0259qal\u0259).<\/li><li>M\u0259h\u0259rr\u0259mova S. &nbsp;&nbsp;Y.Haydn\u0131n simfonik yarad\u0131c\u0131l\u0131\u011f\u0131 v\u0259 m\u0259kt\u0259blil\u0259rin musiqi t\u0259rbiy\u0259sind\u0259 ondan istifad\u0259nin imkan v\u0259 yollar\u0131. \/\/ G\u0259nc\u0259 D\u00f6vl\u0259t Universitetinin \u201cElmi x\u0259b\u0259rl\u0259r\u201d jurnal\u0131. G\u0259nc\u0259, \u21161, 2022, s. 226-230 (M\u0259qal\u0259).<\/li><li>M\u0259h\u0259rr\u0259mova S. &nbsp;Y.Haydn\u0131n fortepiano yarad\u0131c\u0131l\u0131\u011f\u0131 v\u0259 m\u0259kt\u0259blil\u0259rin musiqi t\u0259rbiy\u0259sind\u0259 ondan istifad\u0259nin imkan v\u0259 yollar\u0131. \/\/ AMEA G\u0259nc\u0259 B\u00f6lm\u0259sinin \u201cX\u0259b\u0259rl\u0259r\u201d m\u0259cmu\u0259si, \u201cPedaqoji elml\u0259r\u201d seriyas\u0131. G\u0259nc\u0259, \u21161(4),&nbsp; 2022,&nbsp;&nbsp;&nbsp;&nbsp;&nbsp;&nbsp;&nbsp;&nbsp;&nbsp;&nbsp;&nbsp;&nbsp;&nbsp;&nbsp;&nbsp; &nbsp;s. 91-95 (M\u0259qal\u0259).<\/li><li>M\u0259h\u0259rr\u0259mova S. &nbsp;A\u011fabac\u0131 Rzayevan\u0131n yarad\u0131c\u0131l\u0131\u011f\u0131nda u\u015faq musiqisi. \/\/ G\u0259nc\u0259 D\u00f6vl\u0259t Universitetinin \u201cElmi x\u0259b\u0259rl\u0259r\u201d jurnal\u0131, G\u0259nc\u0259, \u21163, &nbsp;&nbsp;&nbsp;&nbsp;&nbsp;&nbsp;&nbsp;&nbsp;&nbsp;&nbsp;&nbsp;&nbsp;&nbsp;&nbsp;&nbsp;&nbsp;&nbsp;&nbsp;&nbsp;&nbsp;&nbsp;2022, s. 283-287 (M\u0259qal\u0259).<\/li><li>M\u0259h\u0259rr\u0259mova S.&nbsp; \u00dcmumt\u0259hsil m\u0259kt\u0259bl\u0259rind\u0259 xorla oxuman\u0131n&nbsp;&nbsp; m\u0259qs\u0259d v\u0259<\/li><\/ul>\n\n\n\n<p>m\u0259zmunu. \/\/ XI \u201cUluslararas\u0131 M\u00fczik ve Dans&nbsp; Kongresi\u201dnin (T\u00fcrkiy\u0259, K\u00fctahya) materiallar\u0131. URL: https:\/\/www. imdcongress. com\/dosya\/arsiv\/ 2023_2\/ozet_kitapcigi.pdf<\/p>\n\n\n\n<ul class=\"wp-block-list\"><li>M\u0259h\u0259rr\u0259mova S. U\u015faq xoru il\u0259 i\u015fin \u0259sas m\u0259s\u0259l\u0259l\u0259ri. \/\/ G\u0259nc\u0259 D\u00f6vl\u0259t Universitetinin \u201cElmi x\u0259b\u0259rl\u0259r\u201d jurnal\u0131, \u2116 4, 2023 (M\u0259qal\u0259).<\/li><\/ul>\n\n\n\n<p><strong>BEYN\u018fLXALQ V\u018f RESPUBL\u0130KA S\u0130MPOZ\u0130UM V\u018f KONFRANSLARDA \u0130\u015eT\u0130RAKI<\/strong><\/p>\n\n\n\n<ul class=\"wp-block-list\"><li>&nbsp;Beyn\u0259lxalq v\u0259 respublika elmi konfranslar\u0131nda elmi m\u0259ruz\u0259l\u0259rl\u0259 \u00e7\u0131x\u0131\u015f etmi\u015fdir (15-16 noyabr 2019-cu il tarixind\u0259 G\u0259nc\u0259d\u0259 ilk d\u0259f\u0259 ke\u00e7iril\u0259n&nbsp; \u201cG\u0259nc\u0259nin musiqi m\u0259d\u0259niyy\u0259tinin tarixi\u201d m\u00f6vzusunda&nbsp; elmi-praktik konfrans; 26-30 avqust 2023-c\u00fc il tarixind\u0259 XI \u201cUluslararas\u0131 M\u00fczik ve Dans&nbsp; Kongresi\u201d v\u0259 s.).<\/li><\/ul>\n\n\n\n<p><strong>D\u0130L B\u0130LG\u0130S\u0130<\/strong><\/p>\n\n\n\n<ul class=\"wp-block-list\"><li>Az\u0259rbaycan, rus &nbsp;(s\u0259rb\u0259st).<\/li><\/ul>\n\n\n\n<p><strong>PART\u0130YALI\u011eI&nbsp;&nbsp;<\/strong><\/p>\n\n\n\n<ul class=\"wp-block-list\"><li>2011-ci ild\u0259n YAP-\u0131n \u00fczv\u00fcd\u00fcr.<\/li><\/ul>\n","protected":false},"excerpt":{"rendered":"<p>G\u018fNC\u018f D\u00d6VL\u018fT UN\u0130VERS\u0130TET\u0130N\u0130N \u201cMUS\u0130Q\u0130 F\u018fNL\u018fR\u0130\u201d KAFEDRASININ&nbsp; M\u00dc\u018fLL\u0130M\u0130 M\u018fH\u018fRR\u018fMOVA S\u018fMA B\u018f\u015e\u0130R QIZI Telefon: +994 556523150 E-mail: Semameherremova74@gmail.com QISA B\u0130OQRAF\u0130K M\u018fLUMAT&nbsp;&nbsp; 1974-c\u00fc il dekabr\u0131n &nbsp;8-d\u0259 Az\u0259rbaycan Respublikas\u0131 Kirovabad (G\u0259nc\u0259) \u015f\u0259h\u0259rind\u0259 ziyal\u0131 ail\u0259sind\u0259 anadan olmu\u015fdur. Az\u0259rbaycanl\u0131d\u0131r. Ail\u0259lidir, iki \u00f6vlad\u0131 var. T\u018fHS\u0130L\u0130 1991-ci ild\u0259 G\u0259nc\u0259 \u015f\u0259h\u0259r C.Cabbarl\u0131 ad\u0131na 6 sayl\u0131 \u00fcmumt\u0259hsil m\u0259kt\u0259bini bitirmi\u015fdir. 1988-ci ild\u0259 G\u0259nc\u0259 \u015f\u0259h\u0259r F.\u018fmirov ad\u0131na<\/p>\n<p><a href=\"https:\/\/pedf.gdu.edu.az\/?page_id=9716\" class=\"more-link themebutton\">Daha \u0259trafl\u0131 <\/a><\/p>\n","protected":false},"author":4,"featured_media":0,"parent":0,"menu_order":0,"comment_status":"closed","ping_status":"closed","template":"","meta":{"footnotes":""},"class_list":["post-9716","page","type-page","status-publish","hentry"],"_links":{"self":[{"href":"https:\/\/pedf.gdu.edu.az\/index.php?rest_route=\/wp\/v2\/pages\/9716","targetHints":{"allow":["GET"]}}],"collection":[{"href":"https:\/\/pedf.gdu.edu.az\/index.php?rest_route=\/wp\/v2\/pages"}],"about":[{"href":"https:\/\/pedf.gdu.edu.az\/index.php?rest_route=\/wp\/v2\/types\/page"}],"author":[{"embeddable":true,"href":"https:\/\/pedf.gdu.edu.az\/index.php?rest_route=\/wp\/v2\/users\/4"}],"replies":[{"embeddable":true,"href":"https:\/\/pedf.gdu.edu.az\/index.php?rest_route=%2Fwp%2Fv2%2Fcomments&post=9716"}],"version-history":[{"count":1,"href":"https:\/\/pedf.gdu.edu.az\/index.php?rest_route=\/wp\/v2\/pages\/9716\/revisions"}],"predecessor-version":[{"id":9718,"href":"https:\/\/pedf.gdu.edu.az\/index.php?rest_route=\/wp\/v2\/pages\/9716\/revisions\/9718"}],"wp:attachment":[{"href":"https:\/\/pedf.gdu.edu.az\/index.php?rest_route=%2Fwp%2Fv2%2Fmedia&parent=9716"}],"curies":[{"name":"wp","href":"https:\/\/api.w.org\/{rel}","templated":true}]}}