{"id":9712,"date":"2025-04-03T14:52:17","date_gmt":"2025-04-03T12:52:17","guid":{"rendered":"https:\/\/pedf.gdu.edu.az\/?page_id=9712"},"modified":"2025-04-03T14:52:17","modified_gmt":"2025-04-03T12:52:17","slug":"m%c9%99h%c9%99rr%c9%99mova-gult%c9%99kin-sabir-qizi-2","status":"publish","type":"page","link":"https:\/\/pedf.gdu.edu.az\/?page_id=9712","title":{"rendered":"M\u0259h\u0259rr\u0259mova G\u00fclt\u0259kin Sabir q\u0131z\u0131\u00a0\u00a0"},"content":{"rendered":"\n<div class=\"wp-block-image\"><figure class=\"alignleft size-full is-resized\"><img loading=\"lazy\" decoding=\"async\" src=\"https:\/\/pedf.gdu.edu.az\/wp-content\/uploads\/2025\/04\/8.M\u0259h\u0259rr\u0259mova-Gult\u0259kin-Sabir.jpg\" alt=\"\" class=\"wp-image-9713\" width=\"241\" height=\"337\"\/><\/figure><\/div>\n\n\n\n<p><strong>G\u018fNC\u018f D\u00d6VL\u018fT UN\u0130VERS\u0130TET\u0130N\u0130N \u201cMUS\u0130Q\u0130 F\u018fNL\u018fR\u0130\u201d KAFEDRASININ&nbsp; BA\u015e M\u00dc\u018fLL\u0130M\u0130 M\u018fH\u018fRR\u018fMOVA G\u00dcLT\u018fK\u0130N SAB\u0130R QIZI<\/strong><\/p>\n\n\n\n<p><strong>Telefon: +<\/strong>994 505980260<\/p>\n\n\n\n<p><strong>E-mail: <\/strong><a href=\"mailto:maharramovagultekin@gmail.com\">maharramovagultekin@gmail.com<\/a><\/p>\n\n\n\n<p>&nbsp;&nbsp;&nbsp;&nbsp;&nbsp;&nbsp;&nbsp;&nbsp;&nbsp;&nbsp;&nbsp;&nbsp;&nbsp; gultekin.maharramova@gdu.edu.az<\/p>\n\n\n\n<p><strong>QISA B\u0130OQRAF\u0130K M\u018fLUMAT&nbsp;&nbsp;<\/strong><\/p>\n\n\n\n<ul class=\"wp-block-list\"><li>24 iyun 1964-c\u00fc ild\u0259 Az\u0259rbaycan Respublikas\u0131 Kirovabad (G\u0259nc\u0259) \u015f\u0259h\u0259rind\u0259 anadan olmu\u015fdur. Az\u0259rbaycanl\u0131d\u0131r. Ail\u0259lidir, 2 \u00f6vlad\u0131 var.<\/li><\/ul>\n\n\n\n<p><strong>T\u018fHS\u0130L\u0130<\/strong><\/p>\n\n\n\n<ul class=\"wp-block-list\"><li>1979-cu ild\u0259 M.F\u00fczuli ad\u0131na 22 sayl\u0131 \u00fcmumt\u0259hsil orta m\u0259kt\u0259binin 8-ci sinfini v\u0259 &nbsp;5 sayl\u0131 U\u015faq musiqi m\u0259kt\u0259binin 7-ci sinfini bitirmi\u015fdir.<\/li><li>1983-c\u00fc ild\u0259 Q.H\u00fcseynli ad\u0131na&nbsp; orta ixtisas musiqi m\u0259kt\u0259bini fortepiano ixtisas\u0131 \u00fczr\u0259 f\u0259rql\u0259nm\u0259 diplomu il\u0259 bitirmi\u015fdir.<\/li><li>1987-ci ild\u0259 M.\u018fliyev ad\u0131na Az\u0259rbaycan D\u00f6vl\u0259t \u0130nc\u0259s\u0259n\u0259t \u0130nstitutunun &nbsp;\u201cM\u0259d\u0259ni-maarif\u201d fak\u00fclt\u0259sini (\u0259yani) bitirmi\u015fdir.<\/li><\/ul>\n\n\n\n<p><strong>\u018fM\u018fK F\u018fAL\u0130YY\u018fT\u0130<\/strong><\/p>\n\n\n\n<ul class=\"wp-block-list\"><li>25.12.1987-25.07.1989-cu ill\u0259rd\u0259 Ukraynan\u0131n Kiyev \u015f\u0259h\u0259rind\u0259 748 sayl\u0131 m\u0259kt\u0259b\u0259q\u0259d\u0259r m\u00fc\u0259ssis\u0259d\u0259 musiqi r\u0259hb\u0259ri, 01.02.1990-14.11.1990-c\u0131 il\u0259d\u0259k Voro\u015filovqrad (Luqansk) vilay\u0259tinin Krasn\u0131y Luc \u015f\u0259h\u0259rind\u0259 M\u0259rk\u0259zi M\u0259d\u0259niyy\u0259t saray\u0131nda m\u0259d\u0259ni-maarif t\u0259\u015fkilat\u00e7\u0131s\u0131 v\u0259zif\u0259sind\u0259 i\u015fl\u0259mi\u015fdir.<\/li><li>06.03.1991-09.02.1994-c\u00fc ill\u0259rd\u0259 G\u0259nc\u0259 \u015f\u0259h\u0259ri M\u0259rk\u0259zi M\u0259d\u0259niyy\u0259t evind\u0259 m\u0259d\u0259ni-k\u00fctl\u0259vi t\u0259\u015fkilatc\u0131, 01.04.1994-16.04.1996-c\u0131 ill\u0259rd\u0259 Q.H\u00fcseynli ad\u0131na G\u0259nc\u0259 Musiqi texnikumunda m\u00fc\u015fayi\u0259t\u00e7i, 1993-c\u00fc ild\u0259n saat hesab\u0131 \u00fczr\u0259 m\u00fc\u0259llim i\u015fl\u0259mi\u015fdir.<\/li><li>1996-c\u0131 ild\u0259n H.Z\u0259rdabi ad\u0131na G\u0259nc\u0259 D\u00f6vl\u0259t Pedaqoji \u0130nstitutunun (indiki: G\u0259nc\u0259 D\u00f6vl\u0259t Universiteti) \u201cMusiqi f\u0259nl\u0259ri\u201d kafedras\u0131nda&nbsp; staj\u00e7\u0131 m\u00fc\u0259llim, daha sonra \u015ftat \u00fczr\u0259 m\u00fc\u0259llim i\u015fl\u0259yib, &nbsp;2010-cu ild\u0259n hal-haz\u0131rad\u0259k ba\u015f m\u00fc\u0259llim i\u015fl\u0259yir.<\/li><\/ul>\n\n\n\n<p><strong>T\u018fDQ\u0130QAT SAH\u018fS\u0130<\/strong>&nbsp;<\/p>\n\n\n\n<ul class=\"wp-block-list\"><li>Musiqinin t\u0259drisi metodikas\u0131.<\/li><\/ul>\n\n\n\n<p><strong>ELM\u0130 \u018fS\u018fRL\u018fR\u0130<\/strong>&nbsp;&nbsp;&nbsp;&nbsp;&nbsp;&nbsp;<\/p>\n\n\n\n<p>20-d\u0259n art\u0131q elmi m\u0259qal\u0259l\u0259r v\u0259 konfrans materiallar\u0131n\u0131n m\u00fc\u0259llifidir:<\/p>\n\n\n\n<ul class=\"wp-block-list\"><li>M\u0259h\u0259rr\u0259mova G.S. Vasif Ad\u0131g\u00f6z\u0259lovun xor yarad\u0131c\u0131l\u0131\u011f\u0131 v\u0259 m\u0259kt\u0259blil\u0259rin musiqi t\u0259rbiy\u0259sind\u0259 ondan istifad\u0259nin imkan v\u0259 yollar\u0131. \/\/G\u0259nc\u0259 D\u00f6vl\u0259t Universitetinin \u201cElmi x\u0259b\u0259rl\u0259r\u201d jurnal\u0131. G\u0259nc\u0259, \u21161, 2020, s. 198-203 (M\u0259qal\u0259).<\/li><li>M\u0259h\u0259rr\u0259mova G.S. D.D.\u015eostakovi\u00e7 v\u0259 Az\u0259rbaycan musiqi m\u0259d\u0259niyy\u0259ti. G\u0259nc\u0259 D\u00f6vl\u0259t Universitetinin \u201cElmi x\u0259b\u0259rl\u0259r\u201d jurnal\u0131. \/\/G\u0259nc\u0259, \u21161, 2021, s.131-134 (M\u0259qal\u0259).<\/li><li>M\u0259h\u0259rr\u0259mova G.S. M\u0259kt\u0259blil\u0259rin musiqi t\u0259rbiy\u0259sind\u0259 Az\u0259rbaycan b\u0259st\u0259karlar\u0131n\u0131n fortepiano \u0259s\u0259rl\u0259rind\u0259n istifad\u0259nin \u0259h\u0259miyy\u0259ti v\u0259 yollar\u0131. \/\/VIII \u201cUluslararas\u0131 M\u00fczik ve Dans Kongresi\u201dnin materiallar\u0131. Bak\u0131, 1-3 oktyabr, 2021.<\/li><li>M\u0259h\u0259rr\u0259mova G.S. &nbsp;D.D.\u015eostakovi\u00e7in fortepiano yarad\u0131c\u0131l\u0131\u011f\u0131 v\u0259 m\u0259kt\u0259blil\u0259rin musiqi t\u0259rbiy\u0259sind\u0259 ondan istifad\u0259nin imkan v\u0259 yollar\u0131. \/\/G\u0259nc\u0259 D\u00f6vl\u0259t Universitetinin \u201cElmi x\u0259b\u0259rl\u0259r\u201d jurnal\u0131.&nbsp; G\u0259nc\u0259, \u21162, 2021, s. 159-162 (M\u0259qal\u0259).<\/li><li>M\u0259h\u0259rr\u0259mova G.S.&nbsp; D.D.\u015eostakovi\u00e7in simfonik \u0259s\u0259rl\u0259rind\u0259n m\u0259kt\u0259blil\u0259rin musiqi t\u0259rbiy\u0259sind\u0259 istifad\u0259nin imkan v\u0259 yollar\u0131. \/\/AMEA G\u0259nc\u0259 B\u00f6lm\u0259sinin \u201cX\u0259b\u0259rl\u0259r\u201d m\u0259c\u00admu\u0259si, \u201cPedaqoji elml\u0259r\u201d seriyas\u0131. G\u0259nc\u0259, \u21161(4), 2022, &nbsp;&nbsp;&nbsp;&nbsp;&nbsp;&nbsp;s. 84-90 (M\u0259qal\u0259).<\/li><li>M\u0259h\u0259rr\u0259mova G.S. \u201cHeyd\u0259r \u018fliyev Fondunun Az\u0259rbaycan musiqi m\u0259d\u0259niyy\u0259tinin qorunmas\u0131 v\u0259 inki\u015faf\u0131na xidm\u0259t ed\u0259n layih\u0259l\u0259ri\u201d &nbsp;&nbsp;&nbsp;&nbsp;&nbsp;&nbsp;&nbsp;&nbsp;&nbsp;&nbsp;&nbsp;&nbsp;&nbsp;&nbsp;&nbsp;&nbsp;&nbsp;&nbsp;&nbsp;&nbsp;&nbsp;&nbsp;&nbsp;&nbsp;&nbsp;\/\/\u00dc.Hac\u0131b\u0259yli ad\u0131na Bak\u0131 Musiqi Akademiyas\u0131nda 26-27 aprel 2023-c\u00fc il tarixl\u0259rind\u0259 ke\u00e7iril\u0259n \u201cAz\u0259rbaycan musiqi m\u0259d\u0259niyy\u0259tinin inki\u015faf\u0131nda Heyd\u0259r \u018fliyevin rolu\u201d m\u00f6vzusunda Respublika elmi-praktik konfrans\u0131n materiallar\u0131. Bak\u0131, \u201cM\u00fct\u0259rcim\u201d, 2023, s. 134-137.<\/li><\/ul>\n\n\n\n<p>V\u0259 s.<\/p>\n\n\n\n<p><strong>BEYN\u018fLXALQ V\u018f RESPUBL\u0130KA S\u0130MPOZ\u0130UM V\u018f KONFRANSLARDA \u0130\u015eT\u0130RAKI<\/strong><\/p>\n\n\n\n<ul class=\"wp-block-list\"><li>Beyn\u0259lxalq v\u0259 Respublika elmi konfranslar\u0131nda m\u00fcxt\u0259lif m\u00f6vzularda elmi m\u0259ruz\u0259l\u0259rl\u0259 \u00e7\u0131x\u0131\u015f etmi\u015fdir (15,16 noyabr 2019-cu il tarixind\u0259 \u201cG\u0259nc\u0259nin musiqi m\u0259d\u0259niyy\u0259tinin tarixi\u201d m\u00f6vzusunda Respublika konfrans\u0131;&nbsp; 01-03 oktyabr 2021-ci ild\u0259 VIII \u201cUluslararas\u0131 M\u00fczik ve Dans Kongresi\u201d;19 avqust 2022-ci ild\u0259 X \u201cUluslaras\u0131 M\u00fczik ve Dans Kongresi\u201d;<a> 26-27 aprel 2023-c\u00fc ild\u0259 \u00dc.Hac\u0131b\u0259yli ad\u0131na BMA-n\u0131n t\u0259\u015fkilat\u00e7\u0131l\u0131\u011f\u0131 il\u0259 \u201cAz\u0259rbaycan musiqi m\u0259d\u0259niyy\u0259tinin inki\u015faf\u0131nda Heyd\u0259r \u018fliyevin rolu\u201d adl\u0131 Respublika elmi-praktik konfrans\u0131 v\u0259 s.).<\/a><\/li><\/ul>\n\n\n\n<p><strong>D\u0130L B\u0130LG\u0130S\u0130<\/strong><\/p>\n\n\n\n<ul class=\"wp-block-list\"><li>Az\u0259rbaycan, rus (s\u0259rb\u0259st).<\/li><\/ul>\n\n\n\n<p><strong>PART\u0130YALI\u011eI<\/strong><\/p>\n\n\n\n<ul class=\"wp-block-list\"><li>1997-ci ild\u0259n YAP-\u0131n \u00fczv\u00fcd\u00fcr.<\/li><\/ul>\n","protected":false},"excerpt":{"rendered":"<p>G\u018fNC\u018f D\u00d6VL\u018fT UN\u0130VERS\u0130TET\u0130N\u0130N \u201cMUS\u0130Q\u0130 F\u018fNL\u018fR\u0130\u201d KAFEDRASININ&nbsp; BA\u015e M\u00dc\u018fLL\u0130M\u0130 M\u018fH\u018fRR\u018fMOVA G\u00dcLT\u018fK\u0130N SAB\u0130R QIZI Telefon: +994 505980260 E-mail: maharramovagultekin@gmail.com &nbsp;&nbsp;&nbsp;&nbsp;&nbsp;&nbsp;&nbsp;&nbsp;&nbsp;&nbsp;&nbsp;&nbsp;&nbsp; gultekin.maharramova@gdu.edu.az QISA B\u0130OQRAF\u0130K M\u018fLUMAT&nbsp;&nbsp; 24 iyun 1964-c\u00fc ild\u0259 Az\u0259rbaycan Respublikas\u0131 Kirovabad (G\u0259nc\u0259) \u015f\u0259h\u0259rind\u0259 anadan olmu\u015fdur. Az\u0259rbaycanl\u0131d\u0131r. Ail\u0259lidir, 2 \u00f6vlad\u0131 var. T\u018fHS\u0130L\u0130 1979-cu ild\u0259 M.F\u00fczuli ad\u0131na 22 sayl\u0131 \u00fcmumt\u0259hsil orta m\u0259kt\u0259binin 8-ci sinfini v\u0259 &nbsp;5 sayl\u0131 U\u015faq musiqi<\/p>\n<p><a href=\"https:\/\/pedf.gdu.edu.az\/?page_id=9712\" class=\"more-link themebutton\">Daha \u0259trafl\u0131 <\/a><\/p>\n","protected":false},"author":4,"featured_media":0,"parent":0,"menu_order":0,"comment_status":"closed","ping_status":"closed","template":"","meta":{"footnotes":""},"class_list":["post-9712","page","type-page","status-publish","hentry"],"_links":{"self":[{"href":"https:\/\/pedf.gdu.edu.az\/index.php?rest_route=\/wp\/v2\/pages\/9712","targetHints":{"allow":["GET"]}}],"collection":[{"href":"https:\/\/pedf.gdu.edu.az\/index.php?rest_route=\/wp\/v2\/pages"}],"about":[{"href":"https:\/\/pedf.gdu.edu.az\/index.php?rest_route=\/wp\/v2\/types\/page"}],"author":[{"embeddable":true,"href":"https:\/\/pedf.gdu.edu.az\/index.php?rest_route=\/wp\/v2\/users\/4"}],"replies":[{"embeddable":true,"href":"https:\/\/pedf.gdu.edu.az\/index.php?rest_route=%2Fwp%2Fv2%2Fcomments&post=9712"}],"version-history":[{"count":1,"href":"https:\/\/pedf.gdu.edu.az\/index.php?rest_route=\/wp\/v2\/pages\/9712\/revisions"}],"predecessor-version":[{"id":9714,"href":"https:\/\/pedf.gdu.edu.az\/index.php?rest_route=\/wp\/v2\/pages\/9712\/revisions\/9714"}],"wp:attachment":[{"href":"https:\/\/pedf.gdu.edu.az\/index.php?rest_route=%2Fwp%2Fv2%2Fmedia&parent=9712"}],"curies":[{"name":"wp","href":"https:\/\/api.w.org\/{rel}","templated":true}]}}