{"id":9706,"date":"2025-04-03T14:48:46","date_gmt":"2025-04-03T12:48:46","guid":{"rendered":"https:\/\/pedf.gdu.edu.az\/?page_id=9706"},"modified":"2025-04-03T14:48:46","modified_gmt":"2025-04-03T12:48:46","slug":"m%c9%99mm%c9%99dova-r%c9%99sid%c9%99-hamlet-qizi-2","status":"publish","type":"page","link":"https:\/\/pedf.gdu.edu.az\/?page_id=9706","title":{"rendered":"M\u0259mm\u0259dova R\u0259\u015fid\u0259 Hamlet q\u0131z\u0131\u00a0"},"content":{"rendered":"\n<div class=\"wp-block-image\"><figure class=\"alignleft size-full is-resized\"><img loading=\"lazy\" decoding=\"async\" src=\"https:\/\/pedf.gdu.edu.az\/wp-content\/uploads\/2025\/04\/11.M\u0259mm\u0259dova-R\u0259sid\u0259-Tofiq.jpg\" alt=\"\" class=\"wp-image-9707\" width=\"239\" height=\"335\"\/><\/figure><\/div>\n\n\n\n<p><strong>G\u018fNC\u018f D\u00d6VL\u018fT UN\u0130VERS\u0130TET\u0130N\u0130N \u201cMUS\u0130Q\u0130 F\u018fNL\u018fR\u0130\u201d KAFEDRASININ BA\u015e M\u00dc\u018fL\u0130M\u0130, PEDAQOQ\u0130KA \u00dcZR\u018f F\u018fLS\u018fF\u018f DOKTORU &nbsp;M\u018fMM\u018fDOVA R\u018f\u015e\u0130D\u018f HAMLET QIZI<\/strong><\/p>\n\n\n\n<p><strong>Telefon: +<\/strong>994 558110868<\/p>\n\n\n\n<p><strong>E-mail: <\/strong><a href=\"mailto:rashida.mamedova.68@mail.ru\">rashida.mamedova.68@mail.ru<\/a><\/p>\n\n\n\n<p>&nbsp;&nbsp;&nbsp;&nbsp;&nbsp;&nbsp;&nbsp;&nbsp;&nbsp;&nbsp;&nbsp;&nbsp;&nbsp;&nbsp; rasida.mammadova@gdu.edu.az<\/p>\n\n\n\n<p><strong>QISA B\u0130OQRAF\u0130K M\u018fLUMAT&nbsp;&nbsp;<\/strong><\/p>\n\n\n\n<ul class=\"wp-block-list\"><li>01 avqust 1968-ci ild\u0259 Nax\u00e7\u0131van \u015f\u0259h\u0259rind\u0259 anadan olmu\u015fdur. Az\u0259rbaycanl\u0131d\u0131r. Ail\u0259lidir, iki \u00f6vlad\u0131 var.<\/li><\/ul>\n\n\n\n<p><strong>T\u018fHS\u0130L\u0130<\/strong><\/p>\n\n\n\n<ul class=\"wp-block-list\"><li>1983-c\u00fc ild\u0259 Nax\u00e7\u0131van \u015f\u0259h\u0259ri 3 sayl\u0131 (rus b\u00f6lm\u0259si) \u00fcmumt\u0259hsil orta m\u0259kt\u0259bi bitirmi\u015fdir.<\/li><li>1982-ci ild\u0259 Nax\u00e7\u0131van&nbsp; \u015f\u0259h\u0259ri 1 sayl\u0131 musiqi m\u0259kt\u0259bini f\u0259rql\u0259nm\u0259 diplomu il\u0259 bitirmi\u015fdir.<\/li><li>1983-c\u00fc ild\u0259 \u00dc.Hac\u0131b\u0259yli ad\u0131na Nax\u00e7\u0131van \u015f\u0259h\u0259r orta ixtisas m\u0259kt\u0259binin fortepiano \u015f\u00f6b\u0259sin\u0259 daxil olmu\u015f, 1987-ci ild\u0259 h\u0259min m\u0259kt\u0259bi f\u0259rql\u0259nm\u0259 diplomu il\u0259 bitirmi\u015fdir.<\/li><li>1987-ci ild\u0259 \u00dc.Hac\u0131b\u0259yli&nbsp; ad\u0131na Az\u0259rbaycan&nbsp; D\u00f6vl\u0259t Konservatoriyas\u0131n\u0131n fortepiano \u015f\u00f6b\u0259sin\u0259 daxil olub, 1993-c\u00fc ild\u0259 bitirmi\u015fdir.<\/li><\/ul>\n\n\n\n<p><strong>ELM\u0130 D\u018fR\u018fC\u018fS\u0130 V\u018f ELM\u0130 ADLARI<\/strong><\/p>\n\n\n\n<ul class=\"wp-block-list\"><li>&nbsp;&nbsp;&nbsp;&nbsp;Az\u0259rbaycan Respublikas\u0131n\u0131n Prezidenti&nbsp; Yan\u0131nda&nbsp; Ali Attestasiya<\/li><\/ul>\n\n\n\n<p>&nbsp;&nbsp;&nbsp;&nbsp;&nbsp; Komissiyas\u0131n\u0131n 15 yanvar 2013-c\u00fc il tarixli (pr.\u211602-k) &nbsp;q\u0259rar\u0131 il\u0259<\/p>\n\n\n\n<p>&nbsp;&nbsp;&nbsp;&nbsp;&nbsp; 13.00.01-\u201c\u00dcmumi pedaqogika, pedaqogikan\u0131n v\u0259 t\u0259hsilin tarixi\u201d ixtisas\u0131<\/p>\n\n\n\n<p>&nbsp;&nbsp;&nbsp;&nbsp;&nbsp; \u00fczr\u0259 f\u0259ls\u0259f\u0259 doktoru elmi d\u0259r\u0259c\u0259si verilmi\u015fdir.<\/p>\n\n\n\n<p><strong>\u018fM\u018fK F\u018fAL\u0130YY\u018fT\u01300<\/strong><\/p>\n\n\n\n<ul class=\"wp-block-list\"><li>G\u0259nc\u0259 D\u00f6vl\u0259t Universitetind\u0259 1996-c\u0131 ild\u0259n staj\u00e7\u0131-m\u00fc\u0259llim, 2000-ci ild\u0259n tam \u015ftat \u00fczr\u0259 m\u00fc\u0259llim i\u015fl\u0259yib, 2005-ci ild\u0259n hal-haz\u0131rad\u0259k tam \u015ftat \u00fczr\u0259 ba\u015f m\u00fc\u0259llim i\u015fl\u0259yir.<\/li><\/ul>\n\n\n\n<p><strong>T\u018fDQ\u0130QAT SAH\u018fS\u0130<\/strong>&nbsp;<\/p>\n\n\n\n<ul class=\"wp-block-list\"><li>Musiqinin t\u0259drisi metodikas\u0131.<\/li><\/ul>\n\n\n\n<p><strong>ELM\u0130 \u018fS\u018fRL\u018fR\u0130<\/strong>&nbsp;&nbsp;&nbsp;&nbsp;&nbsp;&nbsp;<\/p>\n\n\n\n<p>&nbsp;&nbsp;&nbsp;&nbsp;&nbsp; 30-dan art\u0131q elmi \u0259s\u0259rin m\u00fc\u0259llifidir.&nbsp;<\/p>\n\n\n\n<ul class=\"wp-block-list\"><li>M\u0259mm\u0259dova R.&nbsp; Modest Petrovi\u00e7 Musorqskinin fortepiano \u0259s\u0259rl\u0259rind\u0259n istifad\u0259 \u00fczr\u0259 i\u015fin metodikas\u0131. \/\/ AMEA G\u0259nc\u0259 B\u00f6lm\u0259sinin \u201cX\u0259b\u0259rl\u0259r &nbsp;&nbsp;&nbsp;&nbsp;&nbsp;&nbsp;&nbsp;&nbsp;&nbsp;&nbsp;&nbsp;&nbsp;&nbsp;&nbsp;&nbsp;&nbsp;&nbsp;&nbsp;m\u0259cmu\u0259si\u201d, \u201cPedaqoji elml\u0259r\u201d seriyas\u0131. G\u0259nc\u0259, \u21161(4), 2022, s. 102-105 (M\u0259qal\u0259).<\/li><li>M\u0259mm\u0259dova R.&nbsp; M\u0259kt\u0259blil\u0259rin musiqi t\u0259rbiy\u0259sind\u0259 \u201c\u015e\u00fc\u015ft\u0259r\u201d mu\u011fam\u0131ndan istifad\u0259nin imkan v\u0259 yollar\u0131. \/\/ G\u0259nc\u0259 D\u00f6vl\u0259t Universitetinin \u201cElmi x\u0259b\u0259rl\u0259r\u201d jurnal\u0131.&nbsp; 2022, \u21163, s. 278-283 (M\u0259qal\u0259).<\/li><li>M\u0259mm\u0259dova R.&nbsp; O.Z\u00fclf\u00fcqarovun u\u015faq musiqi t\u0259rbiy\u0259sind\u0259 rolu. \/\/ &nbsp;G\u0259nc\u0259 D\u00f6vl\u0259t Univetsitetinin \u201cElmi x\u0259b\u0259rl\u0259r\u201d jurnal\u0131, &nbsp;2021, \u21162, s. 172-175 (M\u0259qal\u0259).<\/li><li>M\u0259mm\u0259dova R. O.R\u0259c\u0259bovun yarad\u0131c\u0131l\u0131\u011fl\u0131 v\u0259 m\u0259kt\u0259blil\u0259rin musiqi t\u0259rbiy\u0259sind\u0259 f\u0259aliyy\u0259ti. \/\/ AMEA G\u0259nc\u0259 B\u00f6lm\u0259sinin \u201cX\u0259b\u0259rl\u0259r\u201d m\u0259c\u00admu\u0259si, \u201cPedaqoji elml\u0259r\u201d seriyas\u0131, 2021, \u21161(2),&nbsp; s. 60-64&nbsp; (M\u0259qal\u0259).<\/li><li>M\u0259mm\u0259dova R.&nbsp; M.P.Musorqskinin opera yarad\u0131c\u0131l\u0131\u011f\u0131 v\u0259 m\u0259kt\u0259blil\u0259rin musiqi t\u0259rbiy\u0259sind\u0259 ondan istifad\u0259nin imkan v\u0259 yollar\u0131. \/\/ G\u0259nc\u0259 D\u00f6vl\u0259t Universitetinin \u201cElmi x\u0259b\u0259rl\u0259r\u201d jurnal\u0131,&nbsp;&nbsp; 2022,&nbsp; \u21161, s. 217-220 (M\u0259qal\u0259).<\/li><li>M\u0259mm\u0259dova R.H. \u00dcmummilli Lider Heyd\u0259r \u018fiyevin Az\u0259rbaycan b\u0259st\u0259karlar\u0131na qay\u011f\u0131lar\u0131. \/\/ XI \u201cUluslararas\u0131 M\u00fczik ve Dans&nbsp; Kongresi\u201dnin&nbsp; (T\u00fcrkiy\u0259, K\u00fctahya, 26-30 avqust, 2023) materiallar\u0131. URL: https:\/\/www. imdcongress. com\/dosya\/arsiv\/ 2023_2\/ozet_kitapcigi.pdf<\/li><li>M\u0259mm\u0259dova R.H.&nbsp; \u201cMusiqi\u201dd\u0259n m\u0259kt\u0259b kurikulumunun t\u0259l\u0259bl\u0259rinin musiqi d\u0259rsind\u0259 t\u0259tbiqi m\u0259s\u0259l\u0259l\u0259ri. \/\/ G\u0259nc\u0259 D\u00f6vl\u0259t Universitetinin \u201cElmi x\u0259b\u0259rl\u0259r\u201d jurnal\u0131, &nbsp;2023, \u2116 4 (M\u0259qal\u0259).<\/li><\/ul>\n\n\n\n<p><strong>BEYN\u018fLXALQ V\u018f RESPUBL\u0130KA S\u0130MPOZ\u0130UM V\u018f KONFRANSLARDA \u0130\u015eT\u0130RAKI<\/strong><\/p>\n\n\n\n<ul class=\"wp-block-list\"><li>Bir s\u0131ra&nbsp; respublika v\u0259 beyn\u0259lxalq elmi konfranslar\u0131nda m\u00fcxt\u0259lif m\u00f6vzularda m\u0259ruz\u0259l\u0259rl\u0259 \u00e7\u0131x\u0131\u015f etmi\u015fdir (15,16 noyabr 2019-cu il tarixind\u0259 G\u0259nc\u0259d\u0259 ilk d\u0259f\u0259 ke\u00e7iril\u0259n \u201cG\u0259nc\u0259nin musiqi m\u0259d\u0259niyy\u0259tinin tarixi\u201d m\u00f6vzusunda elmi-praktik konfrans; 26-30 avqust 2023-c\u00fc il tarixind\u0259 XI \u201cUluslararas\u0131 M\u00fczik ve Dans&nbsp; Kongresi\u201d). &nbsp;<\/li><\/ul>\n\n\n\n<p><strong>D\u0130L B\u0130LG\u0130S\u0130<\/strong><\/p>\n\n\n\n<ul class=\"wp-block-list\"><li>Az\u0259rbaycan, rus dill\u0259ri (s\u0259rb\u0259st).<\/li><\/ul>\n\n\n\n<p><strong>PART\u0130YALI\u011eI<\/strong><\/p>\n\n\n\n<ul class=\"wp-block-list\"><li>1997-ci ild\u0259n YAP-\u0131n \u00fczv\u00fcd\u00fcr.<\/li><\/ul>\n","protected":false},"excerpt":{"rendered":"<p>G\u018fNC\u018f D\u00d6VL\u018fT UN\u0130VERS\u0130TET\u0130N\u0130N \u201cMUS\u0130Q\u0130 F\u018fNL\u018fR\u0130\u201d KAFEDRASININ BA\u015e M\u00dc\u018fL\u0130M\u0130, PEDAQOQ\u0130KA \u00dcZR\u018f F\u018fLS\u018fF\u018f DOKTORU &nbsp;M\u018fMM\u018fDOVA R\u018f\u015e\u0130D\u018f HAMLET QIZI Telefon: +994 558110868 E-mail: rashida.mamedova.68@mail.ru &nbsp;&nbsp;&nbsp;&nbsp;&nbsp;&nbsp;&nbsp;&nbsp;&nbsp;&nbsp;&nbsp;&nbsp;&nbsp;&nbsp; rasida.mammadova@gdu.edu.az QISA B\u0130OQRAF\u0130K M\u018fLUMAT&nbsp;&nbsp; 01 avqust 1968-ci ild\u0259 Nax\u00e7\u0131van \u015f\u0259h\u0259rind\u0259 anadan olmu\u015fdur. Az\u0259rbaycanl\u0131d\u0131r. Ail\u0259lidir, iki \u00f6vlad\u0131 var. T\u018fHS\u0130L\u0130 1983-c\u00fc ild\u0259 Nax\u00e7\u0131van \u015f\u0259h\u0259ri 3 sayl\u0131 (rus b\u00f6lm\u0259si) \u00fcmumt\u0259hsil orta m\u0259kt\u0259bi bitirmi\u015fdir. 1982-ci ild\u0259 Nax\u00e7\u0131van&nbsp;<\/p>\n<p><a href=\"https:\/\/pedf.gdu.edu.az\/?page_id=9706\" class=\"more-link themebutton\">Daha \u0259trafl\u0131 <\/a><\/p>\n","protected":false},"author":4,"featured_media":0,"parent":0,"menu_order":0,"comment_status":"closed","ping_status":"closed","template":"","meta":{"footnotes":""},"class_list":["post-9706","page","type-page","status-publish","hentry"],"_links":{"self":[{"href":"https:\/\/pedf.gdu.edu.az\/index.php?rest_route=\/wp\/v2\/pages\/9706","targetHints":{"allow":["GET"]}}],"collection":[{"href":"https:\/\/pedf.gdu.edu.az\/index.php?rest_route=\/wp\/v2\/pages"}],"about":[{"href":"https:\/\/pedf.gdu.edu.az\/index.php?rest_route=\/wp\/v2\/types\/page"}],"author":[{"embeddable":true,"href":"https:\/\/pedf.gdu.edu.az\/index.php?rest_route=\/wp\/v2\/users\/4"}],"replies":[{"embeddable":true,"href":"https:\/\/pedf.gdu.edu.az\/index.php?rest_route=%2Fwp%2Fv2%2Fcomments&post=9706"}],"version-history":[{"count":1,"href":"https:\/\/pedf.gdu.edu.az\/index.php?rest_route=\/wp\/v2\/pages\/9706\/revisions"}],"predecessor-version":[{"id":9708,"href":"https:\/\/pedf.gdu.edu.az\/index.php?rest_route=\/wp\/v2\/pages\/9706\/revisions\/9708"}],"wp:attachment":[{"href":"https:\/\/pedf.gdu.edu.az\/index.php?rest_route=%2Fwp%2Fv2%2Fmedia&parent=9706"}],"curies":[{"name":"wp","href":"https:\/\/api.w.org\/{rel}","templated":true}]}}