{"id":9703,"date":"2025-04-03T14:46:47","date_gmt":"2025-04-03T12:46:47","guid":{"rendered":"https:\/\/pedf.gdu.edu.az\/?page_id=9703"},"modified":"2025-04-03T14:46:47","modified_gmt":"2025-04-03T12:46:47","slug":"m%c9%99mm%c9%99dova-q%c9%99sir%c9%99-tofiq-qizi-2","status":"publish","type":"page","link":"https:\/\/pedf.gdu.edu.az\/?page_id=9703","title":{"rendered":"M\u0259mm\u0259dova Q\u0259sir\u0259 Tofiq q\u0131z\u0131\u00a0"},"content":{"rendered":"\n<div class=\"wp-block-image\"><figure class=\"alignleft size-full is-resized\"><img loading=\"lazy\" decoding=\"async\" src=\"https:\/\/pedf.gdu.edu.az\/wp-content\/uploads\/2025\/04\/10.M\u0259mm\u0259dova-Q\u0259sir\u0259-Tofiq.jpg\" alt=\"\" class=\"wp-image-9704\" width=\"241\" height=\"337\"\/><\/figure><\/div>\n\n\n\n<p><strong>C\u018fNC\u018f D\u00d6VL\u018fT UN\u0130VERS\u0130TET\u0130N\u0130N \u201cMUS\u0130Q\u0130 F\u018fNL\u018fR\u0130\u201d KAFEDRASININ BA\u015e M\u00dc\u018fLL\u0130M\u0130,&nbsp; PEDAQOG\u0130KA \u00dcZR\u018f F\u018fLS\u018fF\u018f DOKTORU M\u018fMM\u018fDOVA Q\u018fS\u0130R\u018f TOF\u0130Q QIZI<\/strong><\/p>\n\n\n\n<p><strong>Telefon: <\/strong>+994557884403<\/p>\n\n\n\n<p><strong>E-mail: <\/strong><a href=\"mailto:qasira.mammadova@gmail.com\">qasira.mammadova@gmail.com<\/a><\/p>\n\n\n\n<p>&nbsp;&nbsp;&nbsp;&nbsp;&nbsp;&nbsp;&nbsp;&nbsp;&nbsp;&nbsp;&nbsp;&nbsp;&nbsp; <a href=\"mailto:qasira.mammadova@gdu.edu.az\">qasira.mammadova@gdu.edu.az<\/a><\/p>\n\n\n\n<p><strong>QISA B\u0130OQRAF\u0130K M\u018fLUMAT<\/strong><\/p>\n\n\n\n<ul class=\"wp-block-list\"><li>15 iyul 1964-c\u00fc ild\u0259 Az\u0259rbaycan Respublikas\u0131 G\u0259nc\u0259 (Kirovabad) \u015f\u0259h\u0259rind\u0259 anadan olmu\u015fdur. Subayd\u0131r.<\/li><\/ul>\n\n\n\n<p><strong>T\u018fHS\u0130L\u0130<\/strong><\/p>\n\n\n\n<ul class=\"wp-block-list\"><li>1979-cu ild\u0259 G\u0259nc\u0259 \u015f\u0259h\u0259r&nbsp; M.\u018f.Sabir ad\u0131na 5 sayl\u0131 \u00fcmumt\u0259hsil orta m\u0259kt\u0259bin&nbsp; Az\u0259rbaycan b\u00f6lm\u0259sinin s\u0259kkizinci sinfini, 1sayl\u0131 u\u015faq musiqi m\u0259kt\u0259bini fortepiano ixtisas\u0131 \u00fczr\u0259 7-ci sinfini bitirmi\u015fdir.<\/li><li>1983-c\u00fc ild\u0259 Q.H\u00fcseynli ad\u0131na G\u0259nc\u0259 orta ixtisas musiqi m\u0259kt\u0259binin fortepiano ixtisas\u0131n\u0131 f\u0259rql\u0259nm\u0259 diplomu il\u0259 bitirmi\u015fdir.<\/li><li>1991-ci ild\u0259&nbsp; \u00dc.Hac\u0131b\u0259yov ad\u0131na Az\u0259rbaycan D\u00f6vl\u0259t Konservatoriyas\u0131n\u0131n fortepiano ixtisas\u0131n\u0131 (qiyabi) bitirmi\u015fdir.<\/li><\/ul>\n\n\n\n<p><strong>ELM\u0130 D\u018fR\u018fC\u018fS\u0130 V\u018f ADLARI<\/strong><\/p>\n\n\n\n<ul class=\"wp-block-list\"><li>2010-cu ild\u0259 Az\u0259rbayca D\u00f6vl\u0259t Pedaqoji Universitetind\u0259 pedaqogika \u00fczr\u0259 f\u0259ls\u0259f\u0259 doktoru alimlik d\u0259r\u0259c\u0259si almaq \u00fc\u00e7\u00fcn m\u00fcdafi\u0259 etmi\u015fdir.<\/li><li>Az\u0259rbaycan Respublikas\u0131 Prezidenti Yan\u0131nda Ali Attestasiya Komissiyas\u0131n\u0131n 15.03.2011-ci il tarixli (pr.\u2116 09-k) &nbsp;q\u0259rar\u0131 il\u0259 13.00.01-\u201c\u00dcmumi pedaqogika, pedaqogikan\u0131n v\u0259 t\u0259hsilin tarixi\u201d ixtisas\u0131nda&nbsp; pedaqogika \u00fczr\u0259 f\u0259ls\u0259f\u0259 doktoru elmi d\u0259r\u0259c\u0259si verilmi\u015fdir.<\/li><\/ul>\n\n\n\n<p><strong>\u018fM\u018fK F\u018fAL\u0130YY\u018fT\u0130<\/strong><\/p>\n\n\n\n<ul class=\"wp-block-list\"><li>1983-1986-c\u0131 ill\u0259rd\u0259 Naftalan \u015f\u0259h\u0259r 7 illik u\u015faq musiqi m\u0259kt\u0259bind\u0259 m\u00fc\u0259llim v\u0259zif\u0259sind\u0259 i\u015fl\u0259mi\u015fdir.<\/li><li>1986-1991-ci ill\u0259rd\u0259 Q.H\u00fcseynli ad\u0131na G\u0259nc\u0259 orta ixtisas musiqi m\u0259kt\u0259bind\u0259 konsertmeyster v\u0259zif\u0259sind\u0259 \u00e7al\u0131\u015fm\u0131\u015fdir.<\/li><li>1991-1992-ci ild\u0259 G\u0259nc\u0259 D\u00f6vl\u0259t Universitetind\u0259 staj\u00e7\u0131 m\u00fc\u0259llim, &nbsp;&nbsp;&nbsp;&nbsp;&nbsp;&nbsp;&nbsp;&nbsp;&nbsp;&nbsp;&nbsp;&nbsp;&nbsp;&nbsp;&nbsp;&nbsp;&nbsp;1992-2004-ci ill\u0259rd\u0259&nbsp; tam \u015ftat&nbsp; \u00fczr\u0259 m\u00fc\u0259llim, 2004-ci ild\u0259n &nbsp;hal-haz\u0131rad\u0259k ba\u015f m\u00fc\u0259llim v\u0259zif\u0259sind\u0259 i\u015fl\u0259yir.<\/li><\/ul>\n\n\n\n<p><strong>T\u018fDQ\u0130QAT SAH\u018fS\u0130<\/strong><\/p>\n\n\n\n<ul class=\"wp-block-list\"><li>Musiqinin t\u0259drisi metodikas\u0131.<\/li><\/ul>\n\n\n\n<p><strong>ELM\u0130 \u018fS\u018fRL\u018fR\u0130<\/strong><\/p>\n\n\n\n<p>30-dan art\u0131q elmi \u0259s\u0259rl\u0259rin, o c\u00fcml\u0259d\u0259n metodik v\u0259saitin, elmi m\u0259qal\u0259l\u0259rin&nbsp; m\u00fc\u0259llifidir.<\/p>\n\n\n\n<ul class=\"wp-block-list\"><li>M\u0259mm\u0259dova Q. \u00dcmumt\u0259hsil m\u0259kt\u0259bl\u0259rinin be\u015finci sinfind\u0259 Az\u0259rbaycan mu\u011famlar\u0131ndan istifad\u0259 etm\u0259kl\u0259&nbsp; \u015fagirdl\u0259rin&nbsp; musiqi t\u0259rbiy\u0259sinin inki\u015faf\u0131&nbsp; \u00fczr\u0259 i\u015fin \u00fcsullar\u0131. \/\/ G\u0259nc\u0259 D\u00f6vl\u0259t Uni\u00adversi\u00adteti\u00ad\u00adnin \u201cElmi x\u0259b\u0259rl\u0259r\u201d jurnal\u0131. G\u0259nc\u0259, \u21162,&nbsp; 2021, s. 165-169 (M\u0259qal\u0259).<\/li><li>M\u0259mm\u0259dova Q. \u00dcmumt\u0259hsil m\u0259kt\u0259bl\u0259rind\u0259 d\u0259rsd\u0259nk\u0259nar t\u0259dbirl\u0259rd\u0259 S.S.Prokofyevin opera yarad\u0131c\u0131l\u0131\u011f\u0131ndan istifad\u0259 etm\u0259kl\u0259 \u015fagirdl\u0259rin musiqi t\u0259rbiy\u0259sinin inki\u015faf\u0131 \u00fczr\u0259 i\u015fin \u00fcsullar\u0131. \/\/ AMEA G\u0259nc\u0259 b\u00f6lm\u0259si, \u201cX\u0259b\u0259rl\u0259r m\u0259cmu\u0259si\u201d, \u201cPedaqoji elml\u0259r\u201d seriyas\u0131, 1(4), 2022-ci il, s. 96-101 (M\u0259qal\u0259).<\/li><li>M\u0259mm\u0259dova Q. Qara Qarayevin&nbsp; fortepiano yarad\u0131c\u0131l\u0131\u011f\u0131nda u\u015faq musiqisinin yeri. \/\/ G\u0259nc\u0259 D\u00f6vl\u0259t Uni\u00adversi\u00adteti\u00ad\u00adnin \u201cElmi x\u0259b\u0259rl\u0259r\u201d jurnal\u0131. G\u0259nc\u0259, \u21163, &nbsp;2022, s. 273-278 (M\u0259qal\u0259).<\/li><li>M\u0259mm\u0259dova Q. &nbsp;Ulu \u00f6nd\u0259r Heyd\u0259r \u018fliyev\u0259 h\u0259sr olunmu\u015f musiqi \u0259s\u0259rl\u0259rind\u0259n m\u0259kt\u0259blil\u0259rin musiqi t\u0259rbiy\u0259sind\u0259 istifad\u0259nin \u0259h\u0259miyy\u0259ti v\u0259 yollar\u0131. &nbsp;\/\/ XI \u201cUluslararas\u0131 M\u00fczik ve Dans&nbsp; Kongresi\u201dnin (T\u00fcrkiy\u0259, K\u00fctahya, 26-30 avqust, 2023) materiallar\u0131. URL: https:\/\/www. imdcongress. com\/dosya\/arsiv\/ 2023_2\/ozet_kitapcigi.pdf<\/li><li>M\u0259mm\u0259dova Q.T.&nbsp; Sevda \u0130brahimovan\u0131n Az\u0259rbaycan xalq musiqi n\u00fcmun\u0259l\u0259ri \u0259sas\u0131nda fortepiano i\u015fl\u0259m\u0259l\u0259ri v\u0259 onlar\u0131n t\u0259drisi m\u0259s\u0259l\u0259l\u0259ri.&nbsp;&nbsp;&nbsp;&nbsp;&nbsp; &nbsp;&nbsp;&nbsp;\/\/ G\u0259nc\u0259 D\u00f6vl\u0259t Universitetinin \u201cElmi x\u0259b\u0259rl\u0259r\u201d jurnal\u0131, &nbsp;\u21164, 2023 (M\u0259qal\u0259).<\/li><\/ul>\n\n\n\n<p>V\u0259 s.<\/p>\n\n\n\n<p><strong>BEYN\u018fLXALQ V\u018f RESPUBL\u0130KA S\u0130MPOZ\u0130UM V\u018f KONFRANSLARDA \u0130\u015eT\u0130RAKI<\/strong><\/p>\n\n\n\n<ul class=\"wp-block-list\"><li>Bir s\u0131ra&nbsp; respublika v\u0259 beyn\u0259lxalq elmi konfranslarda m\u00fcxt\u0259lif m\u00f6vzularda m\u0259ruz\u0259l\u0259rl\u0259 \u00e7\u0131x\u0131\u015f etmi\u015fdir (\u201c\u041d\u0430\u0446\u0438\u043e\u043d\u0430\u043b\u044c\u043d\u044b\u0435 \u043e\u0431\u0440\u0430\u0437\u044b \u043c\u0438\u00ad\u0440\u0430 \u0432 \u0445\u0443\u0434\u043e\u00ad\u0436\u0435\u0441\u0442\u00ad\u0432\u0435\u043d\u00ad\u043d\u043e\u0439 \u043a\u0443\u043b\u044c\u0442\u0443\u0440\u0435\u201d (Nal\u00e7ik), \u201cG\u0259nc\u0259nin musiqi m\u0259d\u0259niyy\u0259tinin tarixi\u201d (G\u0259nc\u0259), &nbsp;XI \u201cUluslararas\u0131 M\u00fczik ve Dans&nbsp; Kongresi\u201d (T\u00fcrkiy\u0259, K\u00fctahya).<\/li><\/ul>\n\n\n\n<p><strong>D\u0130L B\u0130LG\u0130S\u0130<\/strong><\/p>\n\n\n\n<ul class=\"wp-block-list\"><li>Az\u0259rbaycan, rus dill\u0259ri (s\u0259rb\u0259st).<\/li><\/ul>\n\n\n\n<p><strong>PART\u0130YALI\u011eI<\/strong><\/p>\n\n\n\n<ul class=\"wp-block-list\"><li>1997-ci ild\u0259n YAP-\u0131n \u00fczv\u00fcd\u00fcr.<\/li><\/ul>\n","protected":false},"excerpt":{"rendered":"<p>C\u018fNC\u018f D\u00d6VL\u018fT UN\u0130VERS\u0130TET\u0130N\u0130N \u201cMUS\u0130Q\u0130 F\u018fNL\u018fR\u0130\u201d KAFEDRASININ BA\u015e M\u00dc\u018fLL\u0130M\u0130,&nbsp; PEDAQOG\u0130KA \u00dcZR\u018f F\u018fLS\u018fF\u018f DOKTORU M\u018fMM\u018fDOVA Q\u018fS\u0130R\u018f TOF\u0130Q QIZI Telefon: +994557884403 E-mail: qasira.mammadova@gmail.com &nbsp;&nbsp;&nbsp;&nbsp;&nbsp;&nbsp;&nbsp;&nbsp;&nbsp;&nbsp;&nbsp;&nbsp;&nbsp; qasira.mammadova@gdu.edu.az QISA B\u0130OQRAF\u0130K M\u018fLUMAT 15 iyul 1964-c\u00fc ild\u0259 Az\u0259rbaycan Respublikas\u0131 G\u0259nc\u0259 (Kirovabad) \u015f\u0259h\u0259rind\u0259 anadan olmu\u015fdur. Subayd\u0131r. T\u018fHS\u0130L\u0130 1979-cu ild\u0259 G\u0259nc\u0259 \u015f\u0259h\u0259r&nbsp; M.\u018f.Sabir ad\u0131na 5 sayl\u0131 \u00fcmumt\u0259hsil orta m\u0259kt\u0259bin&nbsp; Az\u0259rbaycan b\u00f6lm\u0259sinin s\u0259kkizinci sinfini, 1sayl\u0131 u\u015faq<\/p>\n<p><a href=\"https:\/\/pedf.gdu.edu.az\/?page_id=9703\" class=\"more-link themebutton\">Daha \u0259trafl\u0131 <\/a><\/p>\n","protected":false},"author":4,"featured_media":0,"parent":0,"menu_order":0,"comment_status":"closed","ping_status":"closed","template":"","meta":{"footnotes":""},"class_list":["post-9703","page","type-page","status-publish","hentry"],"_links":{"self":[{"href":"https:\/\/pedf.gdu.edu.az\/index.php?rest_route=\/wp\/v2\/pages\/9703","targetHints":{"allow":["GET"]}}],"collection":[{"href":"https:\/\/pedf.gdu.edu.az\/index.php?rest_route=\/wp\/v2\/pages"}],"about":[{"href":"https:\/\/pedf.gdu.edu.az\/index.php?rest_route=\/wp\/v2\/types\/page"}],"author":[{"embeddable":true,"href":"https:\/\/pedf.gdu.edu.az\/index.php?rest_route=\/wp\/v2\/users\/4"}],"replies":[{"embeddable":true,"href":"https:\/\/pedf.gdu.edu.az\/index.php?rest_route=%2Fwp%2Fv2%2Fcomments&post=9703"}],"version-history":[{"count":1,"href":"https:\/\/pedf.gdu.edu.az\/index.php?rest_route=\/wp\/v2\/pages\/9703\/revisions"}],"predecessor-version":[{"id":9705,"href":"https:\/\/pedf.gdu.edu.az\/index.php?rest_route=\/wp\/v2\/pages\/9703\/revisions\/9705"}],"wp:attachment":[{"href":"https:\/\/pedf.gdu.edu.az\/index.php?rest_route=%2Fwp%2Fv2%2Fmedia&parent=9703"}],"curies":[{"name":"wp","href":"https:\/\/api.w.org\/{rel}","templated":true}]}}