{"id":9700,"date":"2025-04-03T14:44:39","date_gmt":"2025-04-03T12:44:39","guid":{"rendered":"https:\/\/pedf.gdu.edu.az\/?page_id=9700"},"modified":"2025-04-03T14:44:39","modified_gmt":"2025-04-03T12:44:39","slug":"quliyeva-ulviyy%c9%99-elburus-qizi","status":"publish","type":"page","link":"https:\/\/pedf.gdu.edu.az\/?page_id=9700","title":{"rendered":"Quliyeva \u00dclviyy\u0259 Elburus q\u0131z\u0131\u00a0\u00a0"},"content":{"rendered":"\n<div class=\"wp-block-image\"><figure class=\"alignleft size-full is-resized\"><img loading=\"lazy\" decoding=\"async\" src=\"https:\/\/pedf.gdu.edu.az\/wp-content\/uploads\/2025\/04\/7.Quliyeva-Ulviyy\u0259-Elbrus.jpg\" alt=\"\" class=\"wp-image-9701\" width=\"204\" height=\"285\"\/><\/figure><\/div>\n\n\n\n<p><strong>G\u018fNC\u018f D\u00d6VL\u018fT UN\u0130VERS\u0130TET\u0130N\u0130N \u201cMUS\u0130Q\u0130 F\u018fNL\u018fR\u0130\u201d KAFEDRASININ M\u00dc\u018fLL\u0130M\u0130 QUL\u0130YEVA \u00dcLV\u0130YY\u018f ELBRUS QIZI<\/strong><\/p>\n\n\n\n<p><strong>Telefon: <\/strong>+994 556543874<\/p>\n\n\n\n<p><strong>E-mail: <\/strong><a href=\"mailto:ulviyye.quliyeva85@rambler.ru\">ulviyye.quliyeva85@rambler.ru<\/a><\/p>\n\n\n\n<p><strong>QISA B\u0130OQRAF\u0130K M\u018fLUMAT&nbsp;&nbsp;<\/strong><\/p>\n\n\n\n<ul class=\"wp-block-list\"><li>5 sentyabr 1985-ci ild\u0259 Az\u0259rbaycan Respublikas\u0131 G\u0259nc\u0259 \u015f\u0259h\u0259rind\u0259 anadan olmu\u015fdur. Az\u0259rbaycanl\u0131d\u0131r. Ail\u0259lidir, iki \u00f6vlad\u0131 var.<\/li><\/ul>\n\n\n\n<p><strong>T\u018fHS\u0130L\u0130<\/strong><\/p>\n\n\n\n<ul class=\"wp-block-list\"><li>1997-ci ild\u0259 G\u0259nc\u0259 \u015f\u0259h\u0259r U\u015faq \u0130nc\u0259s\u0259n\u0259t m\u0259kt\u0259bini bitirmi\u015fdir.<\/li><li>1999-cu ild\u0259 G\u0259nc\u0259 \u015f\u0259h\u0259r 2 sayl\u0131 orta m\u0259kt\u0259bi (9 illik) bitirmi\u015fdir.<\/li><li>2003-c\u00fc ild\u0259 G\u0259nc\u0259 Musiqi Texnikumunu fortepiano ixtisas\u0131 \u00fczr\u0259 f\u0259rql\u0259nm\u0259 diplomu il\u0259 bitirmi\u015fdir.<\/li><li>2013-c\u00fc ild\u0259 Az\u0259rbaycan D\u00f6vl\u0259t M\u0259d\u0259niyy\u0259t v\u0259 \u0130nc\u0259s\u0259n\u0259t Universitetinin \u201c\u0130nstrumental ifa\u00e7\u0131l\u0131q\u201d ixtisas\u0131n\u0131 &nbsp;(\u0259yani) f\u0259rql\u0259nm\u0259 diplomu il\u0259 bitirmi\u015fdir.<\/li><li>2016-c\u0131 ild\u0259 Az\u0259rbaycan D\u00f6vl\u0259t M\u0259d\u0259niyy\u0259t v\u0259 \u0130nc\u0259s\u0259n\u0259t Universitetinin \u201c\u0130nstrumental ifa\u00e7\u0131l\u0131\u011f\u0131n tarixi, n\u0259z\u0259riyy\u0259si v\u0259 metodikas\u0131\u201d ixtisas\u0131n\u0131n magistr pill\u0259sini (\u0259yani) f\u0259rql\u0259nm\u0259 diplomu il\u0259 bitirmi\u015fdir.<\/li><\/ul>\n\n\n\n<p><strong>\u018fM\u018fK F\u018fAL\u0130YY\u018fT\u0130<\/strong><\/p>\n\n\n\n<ul class=\"wp-block-list\"><li>2002-2009-cu ill\u0259rd\u0259 G\u0259nc\u0259 \u015f\u0259h\u0259r U\u015faq \u0130nc\u0259s\u0259n\u0259t m\u0259kt\u0259bind\u0259 fortepiano m\u00fc\u0259llimi v\u0259zif\u0259sind\u0259 i\u015fl\u0259mi\u015fdir.<\/li><li>&nbsp;2003-2009-cu ill\u0259rd\u0259 G\u0259nc\u0259 Musiqi Kollecind\u0259 0,5 \u015ftat \u0259v\u0259z\u00e7ilik \u00fczr\u0259 konsertmeyster v\u0259zif\u0259sind\u0259 i\u015fl\u0259mi\u015fdir.<\/li><li>2014-2019-cu ill\u0259rd\u0259 \u0130\u00e7\u0259ri \u015f\u0259h\u0259r D\u00f6vl\u0259t Tarixi Memarl\u0131q Qoruq \u0130dar\u0259sind\u0259 muzey bax\u0131c\u0131s\u0131-b\u0259l\u0259d\u00e7i v\u0259zif\u0259sind\u0259 i\u015fl\u0259mi\u015fdir.<\/li><li>2019-2021-ci ill\u0259rd\u0259 G\u0259nc\u0259 Musiqi Kollecind\u0259 fortepiano m\u00fc\u0259llimi v\u0259zif\u0259sind\u0259 i\u015fl\u0259mi\u015fdir.<\/li><li>&nbsp;2019-2021-ci ill\u0259rd\u0259 G\u0259nc\u0259 D\u00f6vl\u0259t Universitetinin \u201cMusiqi f\u0259nl\u0259ri\u201d kafedras\u0131nda 0,5 \u015ftat \u0259v\u0259z\u00e7ilik \u00fczr\u0259 konsertmeyster v\u0259zif\u0259sind\u0259 i\u015fl\u0259mi\u015fdir.<\/li><li>2021-ci ild\u0259n hal-haz\u0131rad\u0259k G\u0259nc\u0259 D\u00f6vl\u0259t Universitetind\u0259 \u201cMusiqi f\u0259nl\u0259ri\u201d kafedras\u0131nda m\u00fc\u0259llim i\u015fl\u0259yir.<\/li><\/ul>\n\n\n\n<p><strong>T\u018fDQ\u0130QAT SAH\u018fS\u0130<\/strong>&nbsp;<\/p>\n\n\n\n<ul class=\"wp-block-list\"><li>Musiqinin t\u0259drisi metodikas\u0131.<\/li><li>\u018fm\u0259kda\u015f\u0131 oldu\u011fu GDU-nun \u201cMusiqi f\u0259nl\u0259ri\u201d kafedras\u0131n\u0131n konsert h\u0259yat\u0131nda yax\u0131ndan i\u015ftirak edir, piano\u00e7u kimi konsertl\u0259rd\u0259 \u00e7\u0131x\u0131\u015f edir.<\/li><\/ul>\n\n\n\n<p><strong>ELM\u0130 \u018fS\u018fRL\u018fR\u0130<\/strong>&nbsp;&nbsp;&nbsp;&nbsp;&nbsp;&nbsp;<\/p>\n\n\n\n<p>10-dan art\u0131q elmi m\u0259qal\u0259nin &nbsp;m\u00fc\u0259llifidir.<\/p>\n\n\n\n<ul class=\"wp-block-list\"><li>Quliyeva \u00dc. Elnar\u0259 Dada\u015fovan\u0131n fortepiano yarad\u0131c\u0131l\u0131\u011f\u0131n\u0131n s\u0259ciyy\u0259vi<\/li><\/ul>\n\n\n\n<p>&nbsp;&nbsp;&nbsp; x\u00fcsusiyy\u0259tl\u0259ri. \/\/G\u0259nc\u0259 D\u00f6vl\u0259t Universitetinin \u201cElmi x\u0259b\u0259rl\u0259r\u201d jurnal\u0131 \u21161,<\/p>\n\n\n\n<p>&nbsp;&nbsp;&nbsp; G\u0259nc\u0259, 2022, s. 208-212 (M\u0259qal\u0259).<\/p>\n\n\n\n<ul class=\"wp-block-list\"><li>Quliyeva \u00dc. Fortepiano ifa\u00e7\u0131l\u0131\u011f\u0131nda texniki m\u0259\u015f\u011f\u0259l\u0259l\u0259rin mahiyy\u0259ti. \/\/G\u0259nc\u0259 D\u00f6vl\u0259t Universitetinin \u201cElmi x\u0259b\u0259rl\u0259r\u201d jurnal\u0131 \u21163, G\u0259nc\u0259, 2022, s.287- 290 (M\u0259qal\u0259).<\/li><li>Quliyeva \u00dc. Az\u0259rbaycan musiqi m\u0259d\u0259niyy\u0259tind\u0259 g\u00f6rk\u0259mli konsertmeysterl\u0259rin yeri. \/ X \u201cUluslararas\u0131 M\u00fczik ve Dans Kongresi\u201dnin materiallar\u0131, Marmaris, 2022.<\/li><\/ul>\n\n\n\n<p><a href=\"URL:https:\/\/www.imdcongress.com\/dosya\/arsiv\/2022_2\/kongre_kitabi.pdf\">URL:https:\/\/www.imdcongress.com\/dosya\/arsiv\/2022_2\/kongre_kitabi.pdf<\/a><\/p>\n\n\n\n<ul class=\"wp-block-list\"><li>Quliyeva \u00dc. Fortepiano ifa\u00e7\u0131l\u0131\u011f\u0131nda texniki bacar\u0131q v\u0259 v\u0259rdi\u015fl\u0259rin t\u0259kam\u00fcl tarixind\u0259n. \/\/ \u201cAz\u0259rbaycan s\u0259n\u0259t\u015f\u00fcnasl\u0131\u011f\u0131 \u015e\u0259rq-Q\u0259rb dialoqu kontekstind\u0259\u201d adl\u0131 beyn\u0259lxalq elmi-praktiki konfrans materiallar\u0131. Az\u0259rbaycan D\u00f6vl\u0259t M\u0259d\u0259niyy\u0259t v\u0259 \u0130nc\u0259s\u0259n\u0259t Universiteti, 17 noyabr, 2023.<\/li><\/ul>\n\n\n\n<p>V\u0259 s.<\/p>\n\n\n\n<p><strong>BEYN\u018fLXALQ V\u018f RESPUBL\u0130KA S\u0130MPOZ\u0130UM V\u018f KONFRANSLARDA \u0130\u015eTRAKI<\/strong><\/p>\n\n\n\n<ul class=\"wp-block-list\"><li>Respublika v\u0259 Beyn\u0259lxalq elmi konfranslar\u0131nda m\u00fcxt\u0259lif m\u00f6vzularda elmi m\u0259ruz\u0259l\u0259rl\u0259 \u00e7\u0131x\u0131\u015f etmi\u015fdir (X \u201cUluslararas\u0131 M\u00fczik ve Dans Kongresi\u201d, 2022; \u201cAz\u0259rbaycan s\u0259n\u0259t\u015f\u00fcnasl\u0131\u011f\u0131 \u015e\u0259rq-Q\u0259rb dialoqu kontekstind\u0259\u201d beyn\u0259lxalq &nbsp;elmi-praktiki konfrans,&nbsp; 2023 v\u0259 s.).<\/li><\/ul>\n\n\n\n<p><strong>D\u0130L B\u0130LG\u0130S\u0130<\/strong><\/p>\n\n\n\n<ul class=\"wp-block-list\"><li>Az\u0259rbaycan, rus (s\u0259rb\u0259st), ingilis (l\u00fc\u011f\u0259t il\u0259).<\/li><\/ul>\n\n\n\n<p><strong>PART\u0130YALI\u011eI&nbsp;&nbsp;<\/strong><\/p>\n\n\n\n<ul class=\"wp-block-list\"><li>2007-ci ild\u0259n YAP-\u0131n \u00fczv\u00fcd\u00fcr.<\/li><\/ul>\n","protected":false},"excerpt":{"rendered":"<p>G\u018fNC\u018f D\u00d6VL\u018fT UN\u0130VERS\u0130TET\u0130N\u0130N \u201cMUS\u0130Q\u0130 F\u018fNL\u018fR\u0130\u201d KAFEDRASININ M\u00dc\u018fLL\u0130M\u0130 QUL\u0130YEVA \u00dcLV\u0130YY\u018f ELBRUS QIZI Telefon: +994 556543874 E-mail: ulviyye.quliyeva85@rambler.ru QISA B\u0130OQRAF\u0130K M\u018fLUMAT&nbsp;&nbsp; 5 sentyabr 1985-ci ild\u0259 Az\u0259rbaycan Respublikas\u0131 G\u0259nc\u0259 \u015f\u0259h\u0259rind\u0259 anadan olmu\u015fdur. Az\u0259rbaycanl\u0131d\u0131r. Ail\u0259lidir, iki \u00f6vlad\u0131 var. T\u018fHS\u0130L\u0130 1997-ci ild\u0259 G\u0259nc\u0259 \u015f\u0259h\u0259r U\u015faq \u0130nc\u0259s\u0259n\u0259t m\u0259kt\u0259bini bitirmi\u015fdir. 1999-cu ild\u0259 G\u0259nc\u0259 \u015f\u0259h\u0259r 2 sayl\u0131 orta m\u0259kt\u0259bi (9 illik) bitirmi\u015fdir. 2003-c\u00fc<\/p>\n<p><a href=\"https:\/\/pedf.gdu.edu.az\/?page_id=9700\" class=\"more-link themebutton\">Daha \u0259trafl\u0131 <\/a><\/p>\n","protected":false},"author":4,"featured_media":0,"parent":0,"menu_order":0,"comment_status":"closed","ping_status":"closed","template":"","meta":{"footnotes":""},"class_list":["post-9700","page","type-page","status-publish","hentry"],"_links":{"self":[{"href":"https:\/\/pedf.gdu.edu.az\/index.php?rest_route=\/wp\/v2\/pages\/9700","targetHints":{"allow":["GET"]}}],"collection":[{"href":"https:\/\/pedf.gdu.edu.az\/index.php?rest_route=\/wp\/v2\/pages"}],"about":[{"href":"https:\/\/pedf.gdu.edu.az\/index.php?rest_route=\/wp\/v2\/types\/page"}],"author":[{"embeddable":true,"href":"https:\/\/pedf.gdu.edu.az\/index.php?rest_route=\/wp\/v2\/users\/4"}],"replies":[{"embeddable":true,"href":"https:\/\/pedf.gdu.edu.az\/index.php?rest_route=%2Fwp%2Fv2%2Fcomments&post=9700"}],"version-history":[{"count":1,"href":"https:\/\/pedf.gdu.edu.az\/index.php?rest_route=\/wp\/v2\/pages\/9700\/revisions"}],"predecessor-version":[{"id":9702,"href":"https:\/\/pedf.gdu.edu.az\/index.php?rest_route=\/wp\/v2\/pages\/9700\/revisions\/9702"}],"wp:attachment":[{"href":"https:\/\/pedf.gdu.edu.az\/index.php?rest_route=%2Fwp%2Fv2%2Fmedia&parent=9700"}],"curies":[{"name":"wp","href":"https:\/\/api.w.org\/{rel}","templated":true}]}}