{"id":9697,"date":"2025-04-03T14:42:39","date_gmt":"2025-04-03T12:42:39","guid":{"rendered":"https:\/\/pedf.gdu.edu.az\/?page_id=9697"},"modified":"2025-04-03T14:42:39","modified_gmt":"2025-04-03T12:42:39","slug":"h%c9%99s%c9%99nova-s%c9%99id%c9%99-zahid-qizi-2","status":"publish","type":"page","link":"https:\/\/pedf.gdu.edu.az\/?page_id=9697","title":{"rendered":"H\u0259s\u0259nova S\u0259id\u0259 Zahid q\u0131z\u0131\u00a0\u00a0\u00a0"},"content":{"rendered":"\n<div class=\"wp-block-image\"><figure class=\"alignleft size-full is-resized\"><img loading=\"lazy\" decoding=\"async\" src=\"https:\/\/pedf.gdu.edu.az\/wp-content\/uploads\/2025\/04\/6.H\u0259s\u0259nova-S\u0259id\u0259-Zahid.jpg\" alt=\"\" class=\"wp-image-9698\" width=\"223\" height=\"313\"\/><\/figure><\/div>\n\n\n\n<p><strong>G\u018fNC\u018f D\u00d6VL\u018fT UN\u0130VERS\u0130TET\u0130N\u0130N \u201cMUS\u0130Q\u0130 F\u018fNL\u018fR\u0130\u201d KAFEDRASININ BA\u015e M\u00dc\u018fLL\u0130M\u0130 H\u018fS\u018fNOVA S\u018f\u0130D\u018f ZAH\u0130D QIZI<\/strong><\/p>\n\n\n\n<p><strong>Telefon: <\/strong>+994 503839001<\/p>\n\n\n\n<p><strong>E-mail: <\/strong><a href=\"mailto:saida_nika@yahoo.com\">saida_nika@yahoo.com,<\/a> saida.hasanova@gdu.edu.az<\/p>\n\n\n\n<p><strong>QISA B\u0130OQRAF\u0130K M\u018fLUMAT&nbsp;&nbsp;<\/strong><\/p>\n\n\n\n<ul class=\"wp-block-list\"><li>23 sentyabr 1974-c\u00fc ild\u0259 Az\u0259rbaycan Respublikas\u0131 Kirovabad (G\u0259nc\u0259) \u015f\u0259h\u0259rind\u0259 ziyal\u0131 ail\u0259sind\u0259 anadan olmu\u015fdur. Az\u0259rbaycanl\u0131d\u0131r. Ail\u0259lidir, iki \u00f6vlad\u0131 var.<\/li><\/ul>\n\n\n\n<p><strong>T\u018fHS\u0130L\u0130<\/strong><\/p>\n\n\n\n<ul class=\"wp-block-list\"><li>1987-ci ild\u0259 G\u0259nc\u0259 \u015f\u0259h\u0259ri 2 sayl\u0131 u\u015faq musiqi m\u0259kt\u0259bini f\u0259rql\u0259nm\u0259 attestat\u0131 il\u0259 bitirmi\u015fdir.<\/li><li>1991-ci ild\u0259 G\u0259nc\u0259 \u015f\u0259h\u0259ri K.U\u015finski ad\u0131na 29 sayl\u0131 \u00fcmumt\u0259hsil orta m\u0259kt\u0259binin (rus dili b\u00f6lm\u0259si) 10-cu sinfini bitirmi\u015fdir.<\/li><li>1996-c\u0131 ild\u0259 H.Z\u0259rdabi ad\u0131na G\u0259nc\u0259 D\u00f6vl\u0259t Pedaqoji \u0130nstitutunu (indiki: G\u0259nc\u0259 D\u00f6vl\u0259t Universiteti) \u201c\u0130btidai t\u0259hsilin pedaqogikas\u0131 v\u0259 metodikas\u0131, \u0259lav\u0259 Musiqi\u201d ixtisas\u0131 \u00fczr\u0259 f\u0259rql\u0259nm\u0259 diplomu il\u0259 bitirmi\u015fdir.<\/li><\/ul>\n\n\n\n<p><strong>\u018fM\u018fK F\u018fAL\u0130YY\u018fT\u0130<\/strong><\/p>\n\n\n\n<ul class=\"wp-block-list\"><li>G\u0259nc\u0259 D\u00f6vl\u0259t Universitetind\u0259 1996-c\u0131 ild\u0259n staj\u00e7\u0131 m\u00fc\u0259llim, 1997-ci ild\u0259n tam \u015ftat \u00fczr\u0259 m\u00fc\u0259llim i\u015fl\u0259yib, 2009-cu ild\u0259n hal-haz\u0131rad\u0259k ba\u015f m\u00fc\u0259llim i\u015fl\u0259yir.<\/li><\/ul>\n\n\n\n<p><strong>T\u018fLT\u0130FL\u018fR\u0130<\/strong>&nbsp;&nbsp;&nbsp;&nbsp;<\/p>\n\n\n\n<ul class=\"wp-block-list\"><li>G\u0259nc\u0259 D\u00f6vl\u0259t Universitetinin rektorlu\u011fun 01\/20 sayl\u0131 \u0259mri il\u0259 21.11.2011-ci ild\u0259 \u201cT\u0259\u015f\u0259kk\u00fcr\u201d;<\/li><li>G\u0259nc\u0259 D\u00f6vl\u0259t Universitetinin rektorlu\u011fun 01\/27 sayl\u0131 \u0259mri il\u0259 10.07.2013-c\u00fc il tarixind\u0259 \u201cT\u0259\u015f\u0259kk\u00fcr\u201d;<\/li><li>G\u0259nc\u0259 D\u00f6vl\u0259t Universitetinin rektorlu\u011fun 2\/114 sayl\u0131 \u0259mri il\u0259 03.10.2022-ci il tarixind\u0259 \u201cF\u0259xri f\u0259rman\u201dla t\u0259ltif olunmu\u015fdur.<\/li><\/ul>\n\n\n\n<p><strong>T\u018fDQ\u0130QAT SAH\u018fS\u0130<\/strong>&nbsp;&nbsp;<\/p>\n\n\n\n<ul class=\"wp-block-list\"><li>Musiqinin t\u0259drisi metodikas\u0131<\/li><\/ul>\n\n\n\n<p><strong>ELM\u0130 \u018fS\u018fRL\u018fR\u0130<\/strong><\/p>\n\n\n\n<p>30-dan art\u0131q elmi \u0259s\u0259rin m\u00fc\u0259llifidir.<\/p>\n\n\n\n<ul class=\"wp-block-list\"><li>H\u0259s\u0259nova S. Q.Qarayevin fortepiano musiqisi v\u0259 m\u0259kt\u0259blil\u0259rin musiqi t\u0259rbiy\u0259sind\u0259 ondan istifad\u0259nin imkan v\u0259 yollar\u0131. \/\/G\u0259nc\u0259 D\u00f6vl\u0259t Universitetinin \u201cElmi X\u0259b\u0259rl\u0259r\u201d jurnal\u0131, 2020, s.184-189 (M\u0259qal\u0259).<\/li><li>H\u0259s\u0259nova S. Musiqi d\u0259rsinin t\u0259drisind\u0259 yeni t\u0259lim texnologiyalar\u0131n t\u0259tbiqi. \/\/VI \u201cUluslararas\u0131 M\u00fczik ve Dans Kongresi\u201dnin materiallar\u0131, Alanya, 2020&nbsp; s. 402-408.<\/li><\/ul>\n\n\n\n<p>URL: https: \/\/www .imdcongress.com\/dosya\/arsiv\/2020\/Bildiri_Kitabi.pdf<\/p>\n\n\n\n<ul class=\"wp-block-list\"><li>H\u0259s\u0259nova S. V.A.Motsart\u0131n klavir yarad\u0131c\u0131l\u0131\u011f\u0131 v\u0259 m\u0259kt\u0259blil\u0259rin musiqi t\u0259rbiy\u0259sind\u0259 ondan istifad\u0259nin imkan v\u0259 yollar\u0131. \/\/G\u0259nc\u0259 D\u00f6vl\u0259t Universitetinin \u201cElmi x\u0259b\u0259rl\u0259r\u201d jurnal\u0131, 2021, s.120-124 (M\u0259qal\u0259).<\/li><li>H\u0259s\u0259nova S. \u00dc.Hac\u0131b\u0259ylinin romans-q\u0259z\u0259ll\u0259rind\u0259 Nizami obraz\u0131. \/\/VII \u201cUluslararas\u0131 M\u00fczik ve Dans Kongresi\u201dnin materiallar\u0131, \u00c7e\u015fm\u0259, 2021, s. 431-437.<\/li><\/ul>\n\n\n\n<p>&nbsp;URL: https:\/\/www.imdcongress.com\/dosya\/arsiv\/2021_1\/Bildiri_Kitabi.pdf<\/p>\n\n\n\n<ul class=\"wp-block-list\"><li>H\u0259s\u0259nova S. M\u0259kt\u0259blil\u0259rin musiqi t\u0259rbiy\u0259sind\u0259 Az\u0259rbaycan b\u0259st\u0259karlar\u0131n\u0131n u\u015faq mahn\u0131lar\u0131ndan istifad\u0259nin \u0259h\u0259miyy\u0259ti. \/\/ADPU-nun \u201cMusiqi elmi, m\u0259d\u0259niyy\u0259ti v\u0259 t\u0259hsilin aktual probleml\u0259ri\u201d jurnal\u0131, \u21162 (10),&nbsp; Bak\u0131, 2021,<\/li><\/ul>\n\n\n\n<p>s. 85-91 (M\u0259qal\u0259).<\/p>\n\n\n\n<ul class=\"wp-block-list\"><li>H\u0259s\u0259nova S. Musiqi d\u0259rsl\u0259rind\u0259 multimediya texnologiyalar\u0131ndan istifad\u0259. \/\/VIII \u201cUluslararas\u0131 M\u00fczik ve Dans Kongresi\u201dnin materiallar\u0131, Bak\u0131, 2021,<\/li><\/ul>\n\n\n\n<p>s. 482-487.<\/p>\n\n\n\n<p>URL: https:\/\/www.imdcongress.com\/dosya\/arsiv\/2021_2\/Bildiri_Kitabi.pdf<\/p>\n\n\n\n<ul class=\"wp-block-list\"><li>H\u0259s\u0259nova S. V.A.Motsart\u0131n simfonik yarad\u0131c\u0131l\u0131\u011f\u0131n\u0131n s\u0259ciyy\u0259vi x\u00fcsusiyy\u0259tl\u0259ri. \/\/G\u0259nc\u0259 D\u00f6vl\u0259t Universitetinin \u201cElmi X\u0259b\u0259rl\u0259r\u201d jurnal\u0131, 2022, &nbsp;\u21161,&nbsp; s. 203-208 (M\u0259qal\u0259).<\/li><li>H\u0259s\u0259nova S. Az\u0259rbaycan v\u0259 \u0130taliya m\u0259d\u0259niyy\u0259tinin inteqarsiyas\u0131na dair.<\/li><\/ul>\n\n\n\n<p>\/\/X \u201cUluslararas\u0131 M\u00fczik ve Dans Kongresi\u201dnin materiallar\u0131, Marmaris, 2022, s. 278-28.<\/p>\n\n\n\n<p>URL:https:\/\/www.imdcongress.com\/dosya\/arsiv\/2022_2\/kongre_kitabi.pdf<\/p>\n\n\n\n<ul class=\"wp-block-list\"><li>H\u0259s\u0259nova S. V.A.Motsart\u0131n operalar\u0131ndan m\u0259kt\u0259blil\u0259rin musiqi t\u0259rbiy\u0259sind\u0259 istifad\u0259 \u00fczr\u0259 i\u015fin metodikas\u0131. AMEA-nun G\u0259nc\u0259 B\u00f6lm\u0259si \u201cX\u0259b\u0259rl\u0259r m\u0259cm\u00fc\u0259si\u201d jurnal\u0131, \u21161 (4 ),&nbsp; 2022, s. 77-84&nbsp;&nbsp;&nbsp;&nbsp;&nbsp; (M\u0259qal\u0259).<\/li><li>H\u0259s\u0259nova S., Tag\u0131yeva G. Az\u0259rbaycanda ya\u015fayan azsayl\u0131 xalqlar\u0131\u0131n musiqi m\u0259d\u0259niyy\u0259tinin qorunmas\u0131, inki\u015faf\u0131 v\u0259 t\u0259bli\u011fi multikultural kontekstd\u0259. \/\/\u00dc.Hac\u0131b\u0259yli ad\u0131na BMA-n\u0131n t\u0259\u015fkilat\u00e7\u0131l\u0131\u011f\u0131 il\u0259 \u201c\u018fn\u0259n\u0259vi v\u0259 klassik d\u0259y\u0259rl\u0259r multikultural m\u00fchitd\u0259\u201d m\u00f6vzusunda Beyn\u0259lxalq f\u0259nl\u0259raras\u0131 elmi-praktiki konfrans\u0131n materiallar\u0131, 2022, s. 332-339.<\/li><\/ul>\n\n\n\n<p><a href=\"URL:https:\/\/www.musicacademy.edu.az\/az\/kheberler\/konfranslar\/3204-konfranslar-6-7dekabr\">URL:https:\/\/www.musicacademy.edu.az\/az\/kheberler\/konfranslar\/3204-konfranslar-6-7dekabr<\/a> 2022<\/p>\n\n\n\n<ul class=\"wp-block-list\"><li>\u0413\u0430\u0441\u0430\u043d\u043e\u0432\u0430 \u0421. \u0421\u043e\u0432\u0440\u0435\u043c\u0435\u043d\u043d\u044b\u0435 \u043f\u0435\u0434\u0430\u0433\u043e\u0433\u0438\u0447\u0435\u0441\u043a\u0438\u0435 \u0442\u0440\u0435\u0431\u043e\u0432\u0430\u043d\u0438\u044f \u043a \u0443\u0440\u043e\u043a\u0443 \u201c\u041c\u0443\u0437\u044b\u043a\u0430\u201d \u0432 \u0410\u0437\u0435\u0440\u0431\u0430\u0439\u0434\u0436\u0430\u043d\u0441\u043a\u0438\u0445 \u043e\u0431\u0449\u0435\u043e\u0431\u0440\u0430\u0437\u043e\u0432\u0430\u0442\u0435\u043b\u044c\u043d\u044b\u0445 \u0448\u043a\u043e\u043b\u0430\u0445 \/\/ \u201cPedaqogikan\u0131n v\u0259 psixologiyan\u0131n aktual probleml\u0259ri\u201d (\u201c\u0410\u043a\u0442\u0443\u0430\u043b\u044c\u043d\u044b\u0435 \u043f\u0440\u043e\u0431\u043b\u0435\u043c\u044b \u043f\u0435\u0434\u0430\u0433\u043e\u0433\u0438\u043a\u0438 \u0438 \u043f\u0441\u0438\u0445\u043e\u043b\u043e\u0433\u0438\u0438\u201d) m\u00f6vzusunda ke\u00e7iril\u0259n VIII Beyn\u0259lxalq elmi-praktik konfrans\u0131n materiallar\u0131. Moskva, 13 aprel, 2023,&nbsp;&nbsp;&nbsp; s. 230-236 (rus dilind\u0259).<\/li><li>H\u0259s\u0259nova S. Ki\u00e7ikya\u015fl\u0131 m\u0259kt\u0259b \u015fagirdl\u0259rinin musiqi t\u0259rbiy\u0259si v\u0259 musiqi inki\u015faf\u0131nda musiqili oyunlar\u0131n\u0131n rolu. \/\/ XII \u201cUluslararas\u0131 M\u00fczik ve Dans Kongresi\u201dnin materiallar\u0131, Marmaris, 21-24 may, 2024, s.423-431<\/li><li>H\u0259s\u0259nova S., Ta\u011f\u0131yeva G. \u00dcmumt\u0259hsil m\u0259kt\u0259bl\u0259rind\u0259 t\u0259dris olunan m\u00fcasir musiqi d\u0259rsinin formalar\u0131 \/\/G\u0259nc\u0259 D\u00f6vl\u0259t Universitetinin \u201cElmi X\u0259b\u0259rl\u0259r\u201d jurnal\u0131, 2024,&nbsp; \u21163,&nbsp; (M\u0259qal\u0259).<\/li><li>H\u0259s\u0259nova S. Az\u0259rbaycan b\u0259st\u0259karlar\u0131n\u0131n mahn\u0131lar\u0131nda t\u0259bi\u0259t m\u00f6vzusunun t\u0259c\u0259ss\u00fcm\u00fc \/\/ \u201cMusiqi d\u00fcnyas\u0131\u201d beyn\u0259lxalq, elmi-pedaqoji, t\u0259nqidi-publisistik. M\u0259d\u0259ni-maarif musiqi jurnal\u0131, 2024 (M\u0259qal\u0259)<\/li><\/ul>\n\n\n\n<p>V\u0259 s.<\/p>\n\n\n\n<p><strong>BEYN\u018fLXALQ V\u018f RESPUBL\u0130KA S\u0130MPOZ\u0130UM V\u018f KONFRANSLARDA \u0130\u015eTRAKI<\/strong><\/p>\n\n\n\n<ul class=\"wp-block-list\"><li>Beyn\u0259lxalq v\u0259 Respublika elmi konfranslar\u0131nda m\u00fcxt\u0259lif m\u00f6vzularda elmi m\u0259ruz\u0259l\u0259rl\u0259 \u00e7\u0131x\u0131\u015f etmi\u015fdir (\u201cG\u0259nc\u0259nin musiqi m\u0259d\u0259niyy\u0259tinin tarixi\u201d, \u201cNizami G\u0259nc\u0259vinin musiqi d\u00fcnyas\u0131\u201d (G\u0259nc\u0259), VI, VII, VIII, X, XII \u201cUluslararas\u0131 M\u00fczik ve Dans Kongresi\u201d (Alanya, \u00c7e\u015fm\u0259, Bak\u0131, Marmaris), \u201cMultikultural sah\u0259d\u0259 \u0259n\u0259n\u0259vi v\u0259 klassik d\u0259y\u0259rl\u0259r\u201d (Bak\u0131), \u201c\u0410\u043a\u0442\u0443\u0430\u043b\u044c\u043d\u044b\u0435 \u043f\u0440\u043e\u0431\u043b\u0435\u043c\u044b \u043f\u0435\u0434\u0430\u0433\u043e\u0433\u0438\u043a\u0438 \u0438 \u043f\u0441\u0438\u0445\u043e\u043b\u043e\u0433\u0438\u0438\u201d (Moskva).<\/li><\/ul>\n\n\n\n<p><strong>D\u0130L B\u0130LG\u0130S\u0130<\/strong><\/p>\n\n\n\n<ul class=\"wp-block-list\"><li>Az\u0259rbaycan, t\u00fcrk, rus (s\u0259rb\u0259st), ingilis (l\u00fc\u011f\u0259t il\u0259).<\/li><\/ul>\n\n\n\n<p><strong>PART\u0130YALI\u011eI<\/strong><\/p>\n\n\n\n<ul class=\"wp-block-list\"><li>1997-ci ild\u0259n YAP-\u0131n \u00fczv\u00fcd\u00fcr.<\/li><\/ul>\n","protected":false},"excerpt":{"rendered":"<p>G\u018fNC\u018f D\u00d6VL\u018fT UN\u0130VERS\u0130TET\u0130N\u0130N \u201cMUS\u0130Q\u0130 F\u018fNL\u018fR\u0130\u201d KAFEDRASININ BA\u015e M\u00dc\u018fLL\u0130M\u0130 H\u018fS\u018fNOVA S\u018f\u0130D\u018f ZAH\u0130D QIZI Telefon: +994 503839001 E-mail: saida_nika@yahoo.com, saida.hasanova@gdu.edu.az QISA B\u0130OQRAF\u0130K M\u018fLUMAT&nbsp;&nbsp; 23 sentyabr 1974-c\u00fc ild\u0259 Az\u0259rbaycan Respublikas\u0131 Kirovabad (G\u0259nc\u0259) \u015f\u0259h\u0259rind\u0259 ziyal\u0131 ail\u0259sind\u0259 anadan olmu\u015fdur. Az\u0259rbaycanl\u0131d\u0131r. Ail\u0259lidir, iki \u00f6vlad\u0131 var. T\u018fHS\u0130L\u0130 1987-ci ild\u0259 G\u0259nc\u0259 \u015f\u0259h\u0259ri 2 sayl\u0131 u\u015faq musiqi m\u0259kt\u0259bini f\u0259rql\u0259nm\u0259 attestat\u0131 il\u0259 bitirmi\u015fdir. 1991-ci ild\u0259<\/p>\n<p><a href=\"https:\/\/pedf.gdu.edu.az\/?page_id=9697\" class=\"more-link themebutton\">Daha \u0259trafl\u0131 <\/a><\/p>\n","protected":false},"author":4,"featured_media":0,"parent":0,"menu_order":0,"comment_status":"closed","ping_status":"closed","template":"","meta":{"footnotes":""},"class_list":["post-9697","page","type-page","status-publish","hentry"],"_links":{"self":[{"href":"https:\/\/pedf.gdu.edu.az\/index.php?rest_route=\/wp\/v2\/pages\/9697","targetHints":{"allow":["GET"]}}],"collection":[{"href":"https:\/\/pedf.gdu.edu.az\/index.php?rest_route=\/wp\/v2\/pages"}],"about":[{"href":"https:\/\/pedf.gdu.edu.az\/index.php?rest_route=\/wp\/v2\/types\/page"}],"author":[{"embeddable":true,"href":"https:\/\/pedf.gdu.edu.az\/index.php?rest_route=\/wp\/v2\/users\/4"}],"replies":[{"embeddable":true,"href":"https:\/\/pedf.gdu.edu.az\/index.php?rest_route=%2Fwp%2Fv2%2Fcomments&post=9697"}],"version-history":[{"count":1,"href":"https:\/\/pedf.gdu.edu.az\/index.php?rest_route=\/wp\/v2\/pages\/9697\/revisions"}],"predecessor-version":[{"id":9699,"href":"https:\/\/pedf.gdu.edu.az\/index.php?rest_route=\/wp\/v2\/pages\/9697\/revisions\/9699"}],"wp:attachment":[{"href":"https:\/\/pedf.gdu.edu.az\/index.php?rest_route=%2Fwp%2Fv2%2Fmedia&parent=9697"}],"curies":[{"name":"wp","href":"https:\/\/api.w.org\/{rel}","templated":true}]}}