{"id":9694,"date":"2025-04-03T14:40:21","date_gmt":"2025-04-03T12:40:21","guid":{"rendered":"https:\/\/pedf.gdu.edu.az\/?page_id=9694"},"modified":"2025-04-03T14:40:21","modified_gmt":"2025-04-03T12:40:21","slug":"haqverdiyeva-n%c9%99rgiz-%c9%99li-qizi-2","status":"publish","type":"page","link":"https:\/\/pedf.gdu.edu.az\/?page_id=9694","title":{"rendered":"Haqverdiyeva N\u0259rgiz \u018fli q\u0131z\u0131\u00a0"},"content":{"rendered":"\n<div class=\"wp-block-image\"><figure class=\"alignleft size-full is-resized\"><img loading=\"lazy\" decoding=\"async\" src=\"https:\/\/pedf.gdu.edu.az\/wp-content\/uploads\/2025\/04\/5.Haqverdiyeva-N\u0259rgiz-\u018fli.jpg\" alt=\"\" class=\"wp-image-9695\" width=\"262\" height=\"366\"\/><\/figure><\/div>\n\n\n\n<p><strong>G\u018fNC\u018f D\u00d6VL\u018fT UN\u0130VERS\u0130TET\u0130N\u0130N \u201cMUS\u0130Q\u0130 F\u018fNL\u018fR\u0130\u201d KAFEDRASININ&nbsp; BA\u015e M\u00dc\u018fLL\u0130M\u0130 HAQVERD\u0130YEVA N\u018fRG\u0130Z \u018fL\u0130 QIZI<\/strong><\/p>\n\n\n\n<p><strong>Telefon: +<\/strong>994 506615168<\/p>\n\n\n\n<p><strong>E-mail: <\/strong>nargiz.haqverdieva@gmail.com<\/p>\n\n\n\n<p>&nbsp;&nbsp;&nbsp;&nbsp;&nbsp;&nbsp;&nbsp;&nbsp;&nbsp;&nbsp;&nbsp;&nbsp;&nbsp; nargiz.haqverdiyeva@gdu.edu.az<strong><\/strong><\/p>\n\n\n\n<p><strong>QISA B\u0130OQRAF\u0130K M\u018fLUMAT<\/strong><\/p>\n\n\n\n<ul class=\"wp-block-list\"><li>29 iyun 1968-ci ild\u0259 Qazax\u0131stan Respublikas\u0131n\u0131n Cambul \u015f\u0259h\u0259rind\u0259 anadan olmu\u015fdur. Az\u0259rbaycanl\u0131d\u0131r. 1976-c\u0131 ild\u0259n Kirovabad (G\u0259nc\u0259) \u015f\u0259h\u0259rind\u0259 ya\u015fay\u0131r. Ail\u0259lidir,&nbsp; \u00fc\u00e7 \u00f6vlad\u0131 var.<\/li><\/ul>\n\n\n\n<p><strong>T\u018fHS\u0130L\u0130<\/strong><\/p>\n\n\n\n<ul class=\"wp-block-list\"><li>1983-c\u0131 ild\u0259 G\u0259nc\u0259 \u015f\u0259h\u0259r Z.Kosmodemyanskaya ad\u0131na 30 sayl\u0131 \u00fcmumt\u0259hsil orta m\u0259kt\u0259bin rus dili b\u00f6lm\u0259sinin s\u0259kkizinci sinfini v\u0259 2 sayl\u0131 u\u015faq musiqi m\u0259kt\u0259bini f\u0259rql\u0259nm\u0259 diplomu il\u0259 bitirmi\u015fdir.<strong><\/strong><\/li><li>1987-c\u00fc ild\u0259 G\u0259nc\u0259 \u015f\u0259h\u0259r Q.H\u00fcseynli ad\u0131na orta ixtisas musiqi m\u0259kt\u0259bini fortepiano ixtisas \u00fczr\u0259 (\u0259yani) f\u0259rql\u0259nm\u0259 diplomu il\u0259 bitirmi\u015fdir.<strong><\/strong><\/li><li>1992-ci ild\u0259 Kurmanqaz\u0131 ad\u0131na Alma-Ata D\u00f6vl\u0259t Konservatoriyas\u0131n\u0131 (qiyabi) fortepiano ixtisas\u0131 \u00fczr\u0259 f\u0259rql\u0259nm\u0259 diplomu il\u0259 bitirmi\u015fdir.<strong><\/strong><\/li><\/ul>\n\n\n\n<p><strong>\u018fM\u018fK F\u018fAL\u0130YY\u018fT\u0130<\/strong><\/p>\n\n\n\n<ul class=\"wp-block-list\"><li>1985-1987-ci ill\u0259rd\u0259 G\u0259nc\u0259 \u015f\u0259h\u0259r 3 sayl\u0131 D\u0259miryol internat m\u0259kt\u0259bind\u0259 musiqi d\u0259rn\u0259yinin r\u0259hb\u0259ri v\u0259zif\u0259sind\u0259 i\u015fl\u0259mi\u015fdir.<\/li><li>1987-1992-ci ill\u0259rd\u0259 Q.H\u00fcseynli ad\u0131na G\u0259nc\u0259 orta ixtisas musiqi m\u0259kt\u0259bind\u0259 konsertmeyster v\u0259zif\u0259sind\u0259 i\u015fl\u0259mi\u015fdir.<\/li><li>G\u0259nc\u0259 D\u00f6vl\u0259t Universitetind\u0259 1992-ci ild\u0259n staj\u00e7\u0131 m\u00fc\u0259llim, 1993-ci ild\u0259n tam \u015ftat&nbsp; \u00fczr\u0259 m\u00fc\u0259llim i\u015fl\u0259yib, 2004-ci ild\u0259n hal-haz\u0131rad\u0259k ba\u015f m\u00fc\u0259llim v\u0259zif\u0259sind\u0259 i\u015fl\u0259yir.<\/li><\/ul>\n\n\n\n<p><strong>T\u018fDQOQAT SAH\u018fS\u0130<\/strong><\/p>\n\n\n\n<ul class=\"wp-block-list\"><li>Musiqinin t\u0259drisi metodikas\u0131<\/li><\/ul>\n\n\n\n<p><strong>ELM\u0130 \u018fS\u018fRL\u018fR\u0130<\/strong><\/p>\n\n\n\n<p>30-dan art\u0131q elmi \u0259s\u0259rl\u0259rin, o c\u00fcml\u0259d\u0259n d\u0259rs v\u0259saiti, t\u0259dris proqramlar\u0131n\u0131n h\u0259mm\u00fc\u0259llifidir.<\/p>\n\n\n\n<ul class=\"wp-block-list\"><li>Qurban\u0259liyeva S., Haqverdiyeva N., Hac\u0131yeva M.&nbsp; v\u0259 b. Fortepianoda qamma, akkord v\u0259 arpeciolar\u0131 \u00e7almaq \u00fc\u00e7\u00fcn v\u0259sait. Bak\u0131, 2007, 42 s. (D\u0259rs v\u0259saiti).<\/li><li>Haqverdiyeva N. A.M\u0259likovun balet yarad\u0131c\u0131l\u0131\u011f\u0131. \/\/ G\u0259nc\u0259 D\u00f6vl\u0259t Universitetinin \u201cElmi x\u0259b\u0259rl\u0259r\u201d jurnal\u0131nda \u201c\u21161, 2020, s. 417-421 (M\u0259qal\u0259).<\/li><li>Haqverdiyeva N. N.A.Rimski-Korsakovun yarad\u0131c\u0131l\u0131\u011f\u0131n\u0131n \u0259sas x\u00fcsusiyy\u0259tl\u0259ri. \/\/ G\u0259nc\u0259 D\u00f6vl\u0259t Universitetinin \u201cElmi x\u0259b\u0259rl\u0259r\u201d jurnal\u0131nda \u201c\u21161, 2021, s. 126-130 (M\u0259qal\u0259).<\/li><li>Haqverdiyeva N. Fortepiano ifa\u00e7\u0131l\u0131\u011f\u0131n\u0131n t\u0259limi prosesind\u0259 notdan (\u00fczd\u0259n) oxu v\u0259rdi\u015fl\u0259rinin inki\u015faf\u0131n\u0131n \u0259sas c\u0259h\u0259tl\u0259ri. \/\/\u201cMusiqi elmi, m\u0259d\u0259niyy\u0259ti v\u0259 t\u0259hsilinin aktual probleml\u0259ri\u201d jurnal\u0131. Bak\u0131, ADPU, 2021, \u21162 (10), &nbsp;s.79-84 (M\u0259qal\u0259).<\/li><li>Haqverdiyeva N. Qara Qarayevin \u201cYeddi g\u00f6z\u0259l\u201d baletind\u0259 Nizami G\u0259nc\u0259vinin poeziyas\u0131n\u0131n t\u0259c\u0259ss\u00fcm\u00fc. \/\/ VIII \u201cUluslararas\u0131 M\u00fczik ve Dans Kongresi\u201dnin materiallar\u0131. Bak\u0131, 2021, 1-3 oktyabr.<\/li><li>Haqverdiyeva N. Konsertmeyster bacar\u0131\u011f\u0131n\u0131n mahiyy\u0259ti v\u0259 \u0259h\u0259miyy\u0259ti. \/\/ G\u0259nc\u0259 D\u00f6vl\u0259t Universitetinin \u201cElmi x\u0259b\u0259rl\u0259r\u201d jurnal\u0131, \u21163, 2022, s. 268-273 (M\u0259qal\u0259).<\/li><\/ul>\n\n\n\n<ul class=\"wp-block-list\"><li>Haqverdiyeva N. \u0422\u0440\u0430\u0434\u0438\u0446\u0438\u0438 \u043c\u0443\u043b\u044c\u0442\u0438\u043a\u0443\u043b\u044c\u0442\u0443\u0440\u0430\u043b\u0438\u0437\u043c\u0430 \u0432 \u0442\u0432\u043e\u0440\u0447\u0435\u0441\u0442\u0432\u0435 \u041a\u0430\u0440\u0430 \u041a\u0430\u0440\u0430\u0435\u0432\u0430. \/\/Az\u0259rbaycan Respublikas\u0131 Elm v\u0259 T\u0259hsil Nazirliyi v\u0259 \u00dc.Hac\u0131b\u0259yli ad\u0131na BMA-n\u0131n t\u0259\u015fkilat\u00e7\u0131l\u0131\u011f\u0131 il\u0259 \u201c\u018fn\u0259n\u0259vi v\u0259 klassik d\u0259y\u0259rl\u0259r multikultural m\u00fchitd\u0259\u201d &nbsp;beyn\u0259lxalq f\u0259nl\u0259raras\u0131 elmi-praktik konfrans\u0131n materiallar\u0131, Bak\u0131, 2022, &nbsp;6-7 dekabr, s.121-130.<\/li><li>\u0425\u0430\u043a\u0432\u0435\u0440\u0434\u0438\u0435\u0432\u0430 \u041d.. \u041c\u0435\u0441\u0442\u043e \u0438 \u0437\u043d\u0430\u0447\u0435\u043d\u0438\u0435 \u0438\u0441\u043f\u043e\u043b\u044c\u0437\u043e\u0432\u0430\u043d\u0438\u044f \u0410\u0437\u0435\u0440\u0431\u0430\u0439\u0434\u0436\u0430\u043d\u0441\u043a\u0438\u0445 \u043d\u0430\u0440\u043e\u0434\u043d\u044b\u0445 \u043f\u0435\u0441\u0435\u043d \u0438 \u0442\u0430\u043d\u0446\u0435\u0432 \u0432 \u043c\u0443\u0437\u044b\u043a\u0430\u043b\u044c\u043d\u043e\u043c \u0432\u043e\u0441\u043f\u0438\u0442\u0430\u043d\u0438\u0438 \u0448\u043a\u043e\u043b\u044c\u043d\u0438\u043a\u043e\u0432. &nbsp;&nbsp;&nbsp;&nbsp;&nbsp;&nbsp;&nbsp;&nbsp;&nbsp;&nbsp;&nbsp;&nbsp;&nbsp;&nbsp;&nbsp;&nbsp;\/\/ \u201cPedaqogikan\u0131n v\u0259 psixologiyan\u0131n aktual probleml\u0259ri\u201d (\u201c\u0410\u043a\u0442\u0443\u0430\u043b\u044c\u043d\u044b\u0435 \u043f\u0440\u043e\u0431\u043b\u0435\u043c\u044b \u043f\u0435\u0434\u0430\u0433\u043e\u0433\u0438\u043a\u0438 \u0438 \u043f\u0441\u0438\u0445\u043e\u043b\u043e\u0433\u0438\u0438\u201d) m\u00f6vzusunda ke\u00e7iril\u0259n VIII Beyn\u0259lxalq elmi-praktik konfrans\u0131n materiallar\u0131. Moskva, 13 aprel, 2023,&nbsp; &nbsp;&nbsp;&nbsp;&nbsp;&nbsp;&nbsp;&nbsp;s. 316-323.<\/li><\/ul>\n\n\n\n<p>V\u0259 s.<\/p>\n\n\n\n<p><strong>BEYN\u018fLXALQ V\u018f RESPUBL\u0130KA S\u0130MPOZ\u0130UM V\u018f KONFRANSLARDA&nbsp; \u0130\u015eT\u0130RAK<\/strong><\/p>\n\n\n\n<ul class=\"wp-block-list\"><li>Respublika v\u0259 Beyn\u0259lxalq elmi konfranslarda m\u00fcxt\u0259lif m\u00f6vzularda elmi m\u0259ruz\u0259l\u0259rl\u0259 \u00e7\u0131x\u0131\u015f etmi\u015f v\u0259 sertifikatlarla t\u0259ltif olunmu\u015fdur: \u201cG\u0259nc\u0259nin musiqi m\u0259d\u0259niyy\u0259tinin tarixi\u201d (G\u0259nc\u0259), VIII \u201cUluslararas\u0131 M\u00fczik ve Dans Kongresi\u201d (Bak\u0131), \u201c\u018fn\u0259n\u0259vi v\u0259 klassik&nbsp; d\u0259y\u0259rl\u0259r multikultural m\u00fchitd\u0259\u201d (Bak\u0131),&nbsp; VIII \u201c\u0410\u043a\u0442\u0443\u0430\u043b\u044c\u043d\u044b\u0435 \u043f\u0440\u043e\u0431\u043b\u0435\u043c\u044b \u043f\u0435\u0434\u0430\u0433\u043e\u0433\u0438\u043a\u0438 \u0438 \u043f\u0441\u0438\u0445\u043e\u043b\u043e\u0433\u0438\u0438\u201d (Moskva) &nbsp;v\u0259 s.<\/li><\/ul>\n\n\n\n<p><strong>D\u0130L B\u0130LG\u0130S\u0130<\/strong><\/p>\n\n\n\n<ul class=\"wp-block-list\"><li>Az\u0259rbaycan, rus, t\u00fcrk (s\u0259rb\u0259st), ingilis (l\u00fc\u011f\u0259t il\u0259).<\/li><\/ul>\n\n\n\n<p><strong>PART\u0130YALI\u011eI<\/strong><\/p>\n\n\n\n<ul class=\"wp-block-list\"><li>1997-ci ild\u0259n YAP-\u0131n \u00fczv\u00fcd\u00fcr.<\/li><\/ul>\n","protected":false},"excerpt":{"rendered":"<p>G\u018fNC\u018f D\u00d6VL\u018fT UN\u0130VERS\u0130TET\u0130N\u0130N \u201cMUS\u0130Q\u0130 F\u018fNL\u018fR\u0130\u201d KAFEDRASININ&nbsp; BA\u015e M\u00dc\u018fLL\u0130M\u0130 HAQVERD\u0130YEVA N\u018fRG\u0130Z \u018fL\u0130 QIZI Telefon: +994 506615168 E-mail: nargiz.haqverdieva@gmail.com &nbsp;&nbsp;&nbsp;&nbsp;&nbsp;&nbsp;&nbsp;&nbsp;&nbsp;&nbsp;&nbsp;&nbsp;&nbsp; nargiz.haqverdiyeva@gdu.edu.az QISA B\u0130OQRAF\u0130K M\u018fLUMAT 29 iyun 1968-ci ild\u0259 Qazax\u0131stan Respublikas\u0131n\u0131n Cambul \u015f\u0259h\u0259rind\u0259 anadan olmu\u015fdur. Az\u0259rbaycanl\u0131d\u0131r. 1976-c\u0131 ild\u0259n Kirovabad (G\u0259nc\u0259) \u015f\u0259h\u0259rind\u0259 ya\u015fay\u0131r. Ail\u0259lidir,&nbsp; \u00fc\u00e7 \u00f6vlad\u0131 var. T\u018fHS\u0130L\u0130 1983-c\u0131 ild\u0259 G\u0259nc\u0259 \u015f\u0259h\u0259r Z.Kosmodemyanskaya ad\u0131na 30 sayl\u0131 \u00fcmumt\u0259hsil orta m\u0259kt\u0259bin<\/p>\n<p><a href=\"https:\/\/pedf.gdu.edu.az\/?page_id=9694\" class=\"more-link themebutton\">Daha \u0259trafl\u0131 <\/a><\/p>\n","protected":false},"author":4,"featured_media":0,"parent":0,"menu_order":0,"comment_status":"closed","ping_status":"closed","template":"","meta":{"footnotes":""},"class_list":["post-9694","page","type-page","status-publish","hentry"],"_links":{"self":[{"href":"https:\/\/pedf.gdu.edu.az\/index.php?rest_route=\/wp\/v2\/pages\/9694","targetHints":{"allow":["GET"]}}],"collection":[{"href":"https:\/\/pedf.gdu.edu.az\/index.php?rest_route=\/wp\/v2\/pages"}],"about":[{"href":"https:\/\/pedf.gdu.edu.az\/index.php?rest_route=\/wp\/v2\/types\/page"}],"author":[{"embeddable":true,"href":"https:\/\/pedf.gdu.edu.az\/index.php?rest_route=\/wp\/v2\/users\/4"}],"replies":[{"embeddable":true,"href":"https:\/\/pedf.gdu.edu.az\/index.php?rest_route=%2Fwp%2Fv2%2Fcomments&post=9694"}],"version-history":[{"count":1,"href":"https:\/\/pedf.gdu.edu.az\/index.php?rest_route=\/wp\/v2\/pages\/9694\/revisions"}],"predecessor-version":[{"id":9696,"href":"https:\/\/pedf.gdu.edu.az\/index.php?rest_route=\/wp\/v2\/pages\/9694\/revisions\/9696"}],"wp:attachment":[{"href":"https:\/\/pedf.gdu.edu.az\/index.php?rest_route=%2Fwp%2Fv2%2Fmedia&parent=9694"}],"curies":[{"name":"wp","href":"https:\/\/api.w.org\/{rel}","templated":true}]}}