{"id":9691,"date":"2025-04-03T14:38:31","date_gmt":"2025-04-03T12:38:31","guid":{"rendered":"https:\/\/pedf.gdu.edu.az\/?page_id=9691"},"modified":"2025-04-03T14:38:31","modified_gmt":"2025-04-03T12:38:31","slug":"haciyeva-mehriban-sovk%c9%99t-qizi-2","status":"publish","type":"page","link":"https:\/\/pedf.gdu.edu.az\/?page_id=9691","title":{"rendered":"Hac\u0131yeva Mehriban \u015e\u00f6vk\u0259t q\u0131z\u0131"},"content":{"rendered":"\n<div class=\"wp-block-image\"><figure class=\"alignleft size-full is-resized\"><img loading=\"lazy\" decoding=\"async\" src=\"https:\/\/pedf.gdu.edu.az\/wp-content\/uploads\/2025\/04\/4.-Haciyeva-Mehriban-Sovk\u0259t-.jpg\" alt=\"\" class=\"wp-image-9692\" width=\"242\" height=\"339\"\/><\/figure><\/div>\n\n\n\n<p><strong>G\u018fNC\u018f D\u00d6VL\u018fT UN\u0130VERS\u0130TET\u0130N\u0130N \u201cMUS\u0130Q\u0130 F\u018fNL\u018fR\u0130\u201d KAFEDRASININ BA\u015e M\u00dc\u018fLL\u0130M\u0130 HACIYEVA MEHR\u0130BAN \u015e\u00d6VK\u018fT QIZI<\/strong><\/p>\n\n\n\n<p><strong>Telefon: <\/strong>+994 557831799<\/p>\n\n\n\n<p><strong>E-mail: <\/strong><a href=\"mailto:mehriban.hajiyeva@mail.ru\">mehriban.hajiyeva@mail.ru<\/a><\/p>\n\n\n\n<p>&nbsp;&nbsp;&nbsp;&nbsp;&nbsp;&nbsp;&nbsp;&nbsp;&nbsp;&nbsp;&nbsp;&nbsp;&nbsp; mehriban.haciyeva@gdu.edu.az<\/p>\n\n\n\n<p><strong>QISA B\u0130OQRAF\u0130K M\u018fLUMAT<\/strong><\/p>\n\n\n\n<ul class=\"wp-block-list\"><li>22 yanvar 1971-ci ild\u0259 Az\u0259rbaycan Respublikas\u0131 Kirovabad (G\u0259nc\u0259)<\/li><\/ul>\n\n\n\n<p>&nbsp;&nbsp;&nbsp;&nbsp;&nbsp;&nbsp;&nbsp;&nbsp;&nbsp;&nbsp; \u015f\u0259h\u0259rind\u0259 anadan olmu\u015fdur. Az\u0259rbaycanl\u0131d\u0131r. Ail\u0259lidir, &nbsp;\u00fc\u00e7 \u00f6vlad\u0131 var.<\/p>\n\n\n\n<p><strong>T\u018fHS\u0130L\u0130<\/strong><\/p>\n\n\n\n<ul class=\"wp-block-list\"><li>1986-c\u0131 ild\u0259 G\u0259nc\u0259 \u015f\u0259h\u0259r C.Cabbarl\u0131 ad\u0131na 6 sayl\u0131 orta \u00fcmumt\u0259hsil m\u0259kt\u0259binin&nbsp; &nbsp;s\u0259kkizinci sinfini&nbsp; v\u0259 1 sayl\u0131 u\u015faq musiqi m\u0259kt\u0259binin yeddinci sinfini f\u0259rql\u0259nm\u0259 attestatlar\u0131 il\u0259 bitirmi\u015fdir.<\/li><li>1990-c\u0131 ild\u0259 Q.H\u00fcseynli ad\u0131na G\u0259nc\u0259 orta ixtisas musiqi m\u0259kt\u0259bini &nbsp;f\u0259rql\u0259nm\u0259 diplomu il\u0259 bitirmi\u015fdir.<\/li><li>1995-c\u0131 ild\u0259 \u00dc.Hac\u0131b\u0259yli ad\u0131na Bak\u0131 Musiqi Akademiyas\u0131n\u0131n \u201cFortepiano\u201d fak\u00fclt\u0259sini (\u0259yani) bitirmi\u015fdir.<\/li><\/ul>\n\n\n\n<p><strong>\u018fM\u018fK F\u018fAL\u0130YY\u018fT\u0130<\/strong><\/p>\n\n\n\n<ul class=\"wp-block-list\"><li>G\u0259nc\u0259 D\u00f6vl\u0259t Universitetind\u0259 1995-c\u0131 ild\u0259n staj\u00e7\u0131 m\u00fc\u0259llim, 1998-ci ild\u0259n tam \u015ftat&nbsp; \u00fczr\u0259 m\u00fc\u0259llim i\u015fl\u0259yib, 2005-ci ild\u0259n hal-haz\u0131rad\u0259k &nbsp;tam \u015ftat \u00fczr\u0259 ba\u015f m\u00fc\u0259llim i\u015fl\u0259yir.<\/li><\/ul>\n\n\n\n<p><strong>T\u018fDQ\u0130QAT SAH\u018fS\u0130<\/strong><\/p>\n\n\n\n<ul class=\"wp-block-list\"><li>Musiqinin t\u0259drisi metodikas\u0131<\/li><\/ul>\n\n\n\n<p><strong>ELM\u0130 \u018fS\u018fRL\u018fR\u0130<\/strong><\/p>\n\n\n\n<p>30-dan art\u0131q elmi m\u0259qal\u0259l\u0259rin, o c\u00fcml\u0259d\u0259n d\u0259rs v\u0259saitinin m\u00fc\u0259llifidir.<\/p>\n\n\n\n<ul class=\"wp-block-list\"><li>Qurbanaliyeva S.F., Hac\u0131yeva M.\u015e., Haqverdiyeva N.\u018f. v\u0259 b. Fortepianoda qamma, akkord v\u0259 arpeciolar\u0131 \u00e7almaq \u00fc\u00e7\u00fcn v\u0259sait. &nbsp;Bak\u0131, ADPU, 2006, 41s. (D\u0259rs v\u0259saiti).<\/li><li>Hac\u0131yeva M. T.Quliyevin kinofilml\u0259r\u0259 b\u0259st\u0259l\u0259diyi musiqi v\u0259 m\u0259kt\u0259blil\u0259rin musiqi t\u0259rbiy\u0259sind\u0259 ondan istifad\u0259nin imkan yollar\u0131. GDU-nun \u201cElmi x\u0259b\u0259rl\u0259r\u201d jurnal\u0131, \u21161, G\u0259nc\u0259, 2020. s.191-195 (M\u0259qal\u0259).<\/li><li>Hac\u0131yeva M. M\u0259kt\u0259blil\u0259rin musiqi t\u0259rbiy\u0259sind\u0259 Az\u0259rbaycan b\u0259st\u0259karlar\u0131n\u0131n u\u015faq fortepiano \u0259s\u0259rl\u0259rind\u0259n istifad\u0259. \/\/VI \u201cUluslararas\u0131 M\u00fczik ve Dans Kongresi\u201dnin materiallar\u0131. T\u00fcrkiy\u0259, Alanya-2020, &nbsp;&nbsp;&nbsp;&nbsp;&nbsp;&nbsp;&nbsp;&nbsp;&nbsp;&nbsp;&nbsp;&nbsp;&nbsp;&nbsp;&nbsp;&nbsp;&nbsp;s. 290-295, 30-31oktyabr.<\/li><\/ul>\n\n\n\n<p>URL: https: \/\/www.imdcongress.com\/dosya\/arsiv\/2020\/Bildiri_Kitabi.pdf<\/p>\n\n\n\n<ul class=\"wp-block-list\"><li>Hac\u0131yeva M. F.\u018fmirovun yarad\u0131c\u0131l\u0131\u011f\u0131nda Nizami obraz\u0131. \/\/VII \u201cUluslararas\u0131 M\u00fczik ve Dans Kongresi\u201dnin materiallar\u0131. T\u00fcrkiy\u0259, &nbsp;&nbsp;&nbsp;&nbsp;&nbsp;&nbsp;&nbsp;&nbsp;&nbsp;&nbsp;&nbsp;&nbsp;&nbsp;&nbsp;&nbsp;&nbsp;\u00c7e\u015fm\u0259, 2021, 20-21 may, s. 345-350.<\/li><\/ul>\n\n\n\n<p><a href=\"URL:https:\/\/www.imdcongress.com\/dosya\/arsiv\/2021_1\/Bildiri_Kitabi\">URL:https:\/\/www.imdcongress.com\/dosya\/arsiv\/2021_1\/Bildiri_Kitabi<\/a>. pdf<\/p>\n\n\n\n<ul class=\"wp-block-list\"><li>Hac\u0131yeva M. M\u0259kt\u0259bl\u0259rin musiqi t\u0259rbiy\u0259sind\u0259 xarici \u00f6lk\u0259 b\u0259st\u0259karlar\u0131n\u0131n fortepiano \u0259s\u0259rl\u0259rind\u0259n istifad\u0259. \/\/VIII \u201cUluslararas\u0131 M\u00fczik ve Dans Kongresi\u201dnin materiallar\u0131. Az\u0259rbaycan, Bak\u0131, 2021, 1-3 oktyabr, &nbsp;&nbsp;&nbsp;&nbsp;&nbsp;s.365-369.<\/li><\/ul>\n\n\n\n<p><a href=\"URL:https:\/\/www.imdcongress.com\/dosya\/arsiv\/2021_2\/Bildiri_Kitabi\">URL:https:\/\/www.imdcongress.com\/dosya\/arsiv\/2021_2\/Bildiri_Kitabi<\/a>. pdf<\/p>\n\n\n\n<ul class=\"wp-block-list\"><li>Hac\u0131yeva M. Fortepiano sinfind\u0259 Az\u0259rbaycan b\u0259st\u0259karlar\u0131n\u0131n pyesl\u0259ri \u00fcz\u0259rind\u0259 i\u015fin metodikas\u0131. \/\/ADPU-nun \u201cMusiqi elmi, m\u0259d\u0259niyy\u0259ti v\u0259 t\u0259hsilin aktual probleml\u0259ri\u201d jurnal\u0131 \u21162 (10), Bak\u0131, 2021, s.72-78 (M\u0259qal\u0259).<\/li><li>Hac\u0131yeva M. \u201cK.S\u0259f\u0259r\u0259liyevan\u0131n yarad\u0131c\u0131l\u0131\u011f\u0131 v\u0259 fortepiano m\u0259kt\u0259binin inki\u015faf\u0131nda rolu\u201d. \/\/ G\u0259nc\u0259 D\u00f6vl\u0259t Universitetinin \u201cElmi x\u0259b\u0259rl\u0259r\u201d jurnal\u0131 (\u21163, 2022, s.264-268 (M\u0259qal\u0259).<\/li><li>Hac\u0131yeva M. Q.Qarayevin \u201cYeddi g\u00f6z\u0259l\u201d baletind\u0259 multikultural d\u0259y\u0259rl\u0259rin t\u0259zah\u00fcr\u00fc. \/\/Az\u0259rbaycan Respublikas\u0131 Elm v\u0259 T\u0259hsil Nazirliyi v\u0259 \u00dc.Hac\u0131b\u0259yli ad\u0131na BMA-n\u0131n t\u0259\u015fkilat\u00e7\u0131l\u0131\u011f\u0131 il\u0259 \u201c\u018fn\u0259n\u0259vi v\u0259 klassik d\u0259y\u0259rl\u0259r multikultural m\u00fchitd\u0259\u201d B\u0259yn\u0259lxalq f\u0259nl\u0259raras\u0131 elmi-praktik konfrans materiallar\u0131. Bak\u0131, \u201c\u0130mza\u201d n\u0259\u015frl\u0259r evi, 2023, 6-7 dekabr,&nbsp;&nbsp;&nbsp;&nbsp;&nbsp;&nbsp; &nbsp;113-120 s.<\/li><\/ul>\n\n\n\n<p><a href=\"URL:https:\/\/www.musicacademy.edu.az\/az\/kheberler\/konfranslar\/3204-konfranslar-6-7dekabr-2022\">URL:https:\/\/www.musicacademy.edu.az\/az\/kheberler\/konfranslar\/3204-konfranslar-6-7dekabr-2022<\/a><\/p>\n\n\n\n<ul class=\"wp-block-list\"><li>Hac\u0131yeva M.\u015e. Ulu \u00f6nd\u0259r Heyd\u0259r \u018fliyevin b\u0259st\u0259kar Tofiq Quliyevin<\/li><\/ul>\n\n\n\n<p>yarad\u0131c\u0131l\u0131\u011f\u0131na g\u00f6st\u0259rdiyi qay\u011f\u0131lar. \/\/\u00dc.Hac\u0131b\u0259yli ad\u0131na Bak\u0131 Musiqi Akademiyas\u0131nda 26-27 aprel 2023-c\u00fc il tarixl\u0259rind\u0259 ke\u00e7iril\u0259n \u201cAz\u0259rbaycan musiqi m\u0259d\u0259niyy\u0259tinin inki\u015faf\u0131nda Heyd\u0259r \u018fliyevin rolu\u201d m\u00f6vzusunda Respublika elmi-praktik konfrans\u0131n\u0131n materiallar\u0131. Bak\u0131, \u201cM\u00fct\u0259rcim\u201d, 2023, s. 59-61.<\/p>\n\n\n\n<ul class=\"wp-block-list\"><li>Hac\u0131yeva M.\u015e. S.V.Raxmaninovun yarad\u0131c\u0131l\u0131q irsind\u0259n \u00fcmumt\u0259hsil m\u0259kt\u0259bl\u0259rinin sinifd\u0259nxaric musiqi i\u015fl\u0259rind\u0259 istifad\u0259nin m\u0259qs\u0259d v\u0259 m\u0259zmunu. \/\/ G\u0259nc\u0259 D\u00f6vl\u0259t Universitetinin \u201cElmi x\u0259b\u0259rl\u0259r\u201d jurnal\u0131, \u2116 3, 2023.<\/li><\/ul>\n\n\n\n<p>V\u0259 s.<\/p>\n\n\n\n<p><strong>BEYN\u018fLXALQ SEM\u0130NAR, S\u0130MPOZ\u0130UM V\u018f KONFRANSLARDA \u0130\u015eT\u0130RAKI<\/strong><\/p>\n\n\n\n<p>Beyn\u0259lxalq v\u0259 Respublika elmi konfranslar\u0131nda m\u00fcxt\u0259lif m\u00f6vzulu m\u0259ruz\u0259l\u0259rl\u0259 \u00e7\u0131x\u0131\u015f edir (\u201cG\u0259nc\u0259nin musiqi m\u0259d\u0259niyy\u0259tinin tarixi\u201d Respublika elmi-praktik konfrans\u0131, VI, VII, VIII \u201cUluslararas\u0131 Muzik ve Dans Kongresi\u201d, GDU-nun \u201cMusiqi f\u0259nl\u0259ri\u201d kafedras\u0131nda ke\u00e7iril\u0259n \u201cNizami G\u0259nc\u0259vinin musiqi d\u00fcnyas\u0131\u201d elmi-praktik konfrans\u0131, \u00dc.Hac\u0131b\u0259yli ad\u0131na Bak\u0131 Musiqi Akademiyas\u0131nda ke\u00e7iril\u0259n \u201cMultikultural sah\u0259d\u0259 \u0259n\u0259n\u0259vi v\u0259 klassik d\u0259y\u0259rl\u0259r\u201d, \u201cAz\u0259rbaycan musiqi m\u0259d\u0259niyy\u0259tinin inki\u015faf\u0131nda Heyd\u0259r \u018fliyevin rolu\u201d Respublika konfranslar\u0131 v\u0259 s.).<\/p>\n\n\n\n<p><strong>D\u0130L B\u0130LG\u0130S\u0130<\/strong><\/p>\n\n\n\n<ul class=\"wp-block-list\"><li>Az\u0259rbaycan, rus (s\u0259rb\u0259st),&nbsp; t\u00fcrk, ingilis (l\u00fc\u011f\u0259t il\u0259).<\/li><\/ul>\n\n\n\n<p><strong>PART\u0130YALI\u011eI<\/strong><\/p>\n\n\n\n<ul class=\"wp-block-list\"><li>1997-ci ild\u0259n YAP-\u0131n \u00fczv\u00fcd\u00fcr.<\/li><\/ul>\n","protected":false},"excerpt":{"rendered":"<p>G\u018fNC\u018f D\u00d6VL\u018fT UN\u0130VERS\u0130TET\u0130N\u0130N \u201cMUS\u0130Q\u0130 F\u018fNL\u018fR\u0130\u201d KAFEDRASININ BA\u015e M\u00dc\u018fLL\u0130M\u0130 HACIYEVA MEHR\u0130BAN \u015e\u00d6VK\u018fT QIZI Telefon: +994 557831799 E-mail: mehriban.hajiyeva@mail.ru &nbsp;&nbsp;&nbsp;&nbsp;&nbsp;&nbsp;&nbsp;&nbsp;&nbsp;&nbsp;&nbsp;&nbsp;&nbsp; mehriban.haciyeva@gdu.edu.az QISA B\u0130OQRAF\u0130K M\u018fLUMAT 22 yanvar 1971-ci ild\u0259 Az\u0259rbaycan Respublikas\u0131 Kirovabad (G\u0259nc\u0259) &nbsp;&nbsp;&nbsp;&nbsp;&nbsp;&nbsp;&nbsp;&nbsp;&nbsp;&nbsp; \u015f\u0259h\u0259rind\u0259 anadan olmu\u015fdur. Az\u0259rbaycanl\u0131d\u0131r. Ail\u0259lidir, &nbsp;\u00fc\u00e7 \u00f6vlad\u0131 var. T\u018fHS\u0130L\u0130 1986-c\u0131 ild\u0259 G\u0259nc\u0259 \u015f\u0259h\u0259r C.Cabbarl\u0131 ad\u0131na 6 sayl\u0131 orta \u00fcmumt\u0259hsil m\u0259kt\u0259binin&nbsp; &nbsp;s\u0259kkizinci sinfini&nbsp; v\u0259 1<\/p>\n<p><a href=\"https:\/\/pedf.gdu.edu.az\/?page_id=9691\" class=\"more-link themebutton\">Daha \u0259trafl\u0131 <\/a><\/p>\n","protected":false},"author":4,"featured_media":0,"parent":0,"menu_order":0,"comment_status":"closed","ping_status":"closed","template":"","meta":{"footnotes":""},"class_list":["post-9691","page","type-page","status-publish","hentry"],"_links":{"self":[{"href":"https:\/\/pedf.gdu.edu.az\/index.php?rest_route=\/wp\/v2\/pages\/9691","targetHints":{"allow":["GET"]}}],"collection":[{"href":"https:\/\/pedf.gdu.edu.az\/index.php?rest_route=\/wp\/v2\/pages"}],"about":[{"href":"https:\/\/pedf.gdu.edu.az\/index.php?rest_route=\/wp\/v2\/types\/page"}],"author":[{"embeddable":true,"href":"https:\/\/pedf.gdu.edu.az\/index.php?rest_route=\/wp\/v2\/users\/4"}],"replies":[{"embeddable":true,"href":"https:\/\/pedf.gdu.edu.az\/index.php?rest_route=%2Fwp%2Fv2%2Fcomments&post=9691"}],"version-history":[{"count":1,"href":"https:\/\/pedf.gdu.edu.az\/index.php?rest_route=\/wp\/v2\/pages\/9691\/revisions"}],"predecessor-version":[{"id":9693,"href":"https:\/\/pedf.gdu.edu.az\/index.php?rest_route=\/wp\/v2\/pages\/9691\/revisions\/9693"}],"wp:attachment":[{"href":"https:\/\/pedf.gdu.edu.az\/index.php?rest_route=%2Fwp%2Fv2%2Fmedia&parent=9691"}],"curies":[{"name":"wp","href":"https:\/\/api.w.org\/{rel}","templated":true}]}}