{"id":9688,"date":"2025-04-03T14:36:54","date_gmt":"2025-04-03T12:36:54","guid":{"rendered":"https:\/\/pedf.gdu.edu.az\/?page_id=9688"},"modified":"2025-04-03T14:36:54","modified_gmt":"2025-04-03T12:36:54","slug":"bayramova-sovk%c9%99t-%c9%99nv%c9%99r-qizi","status":"publish","type":"page","link":"https:\/\/pedf.gdu.edu.az\/?page_id=9688","title":{"rendered":"Bayramova \u015e\u00f6vk\u0259t \u018fnv\u0259r q\u0131z\u0131\u00a0"},"content":{"rendered":"\n<div class=\"wp-block-image\"><figure class=\"alignleft size-full is-resized\"><img loading=\"lazy\" decoding=\"async\" src=\"https:\/\/pedf.gdu.edu.az\/wp-content\/uploads\/2025\/04\/3.Bayramova-Sovk\u0259t-\u018fnv\u0259r.jpg\" alt=\"\" class=\"wp-image-9689\" width=\"261\" height=\"365\"\/><\/figure><\/div>\n\n\n\n<p><strong>G\u018fNC\u018f D\u00d6VL\u018fT UN\u0130VERS\u0130TET\u0130N\u0130N \u201cMUS\u0130Q\u0130 F\u018fNL\u018fR\u0130\u201d KAFEDRASININ&nbsp; M\u00dc\u018fLL\u0130M\u0130 &nbsp;BAYRAMOVA &nbsp;\u015e\u00d6VK\u018fT \u018fNV\u018fR QIZI<\/strong><\/p>\n\n\n\n<p><strong>Telefon: +<\/strong>994 507595220<\/p>\n\n\n\n<p><strong>E-mail: <\/strong>shokibayramova1958@gmail<\/p>\n\n\n\n<p><strong>&nbsp;&nbsp;&nbsp;&nbsp;&nbsp;&nbsp;&nbsp;&nbsp;&nbsp;&nbsp;&nbsp;&nbsp; <\/strong>sovkat.bayramova@gdu.edu.az<\/p>\n\n\n\n<p><strong>QISA B\u0130OQRAF\u0130K M\u018fLUMAT&nbsp;&nbsp;<\/strong><\/p>\n\n\n\n<ul class=\"wp-block-list\"><li>13 iyul 1958-ci ild\u0259 Az\u0259rbayca Resbuplikas\u0131 Da\u015fk\u0259s\u0259n &nbsp;rayonunda anadan olmu\u015fdur. Az\u0259rbaycanl\u0131d\u0131r. Ail\u0259lidir, iki \u00f6vlad\u0131 var.<\/li><\/ul>\n\n\n\n<p><strong>T\u018fHS\u0130L\u0130<\/strong><\/p>\n\n\n\n<ul class=\"wp-block-list\"><li>1973-ci ild\u0259 G\u0259nc\u0259 \u015f\u0259h\u0259r 11 sayl\u0131 orta m\u0259kt\u0259bin 8-ci sinfini bitirib.<\/li><li>1977-ci ild\u0259 G\u0259nc\u0259 Musiqi Kollecinin \u201cFortepiano\u201d \u015f\u00f6b\u0259sini f\u0259rql\u0259nm\u0259 diplomu il\u0259 bitirib.<\/li><li>1984-c\u00fc ild\u0259 M.\u018fliyev ad\u0131na Az\u0259rbaycan D\u00f6vl\u0259t \u0130nc\u0259s\u0259n\u0259t \u0130nstitutunun \u201cM\u0259d\u0259ni-maarif\u201d fak\u00fclt\u0259sini (qiyabi) bitirib.&nbsp;&nbsp;<\/li><\/ul>\n\n\n\n<p><strong>\u018fM\u018fK F\u018fAL\u0130YY\u018fT\u0130<\/strong><\/p>\n\n\n\n<ul class=\"wp-block-list\"><li>1975-1977-ci ill\u0259rd\u0259 G\u0259nc\u0259 \u015f\u0259h\u0259r 27 sayl\u0131 U\u015faq ba\u011f\u00e7as\u0131nda musiqi r\u0259hb\u0259ri v\u0259zif\u0259sind\u0259 i\u015fl\u0259yib.<\/li><li>1977-1990-c\u0131 ill\u0259rd\u0259 G\u0259d\u0259b\u0259y rayonu U\u015faq Musiqi m\u0259kt\u0259bind\u0259 fortepiano m\u00fc\u0259llimi v\u0259zif\u0259sind\u0259 i\u015fl\u0259yib.<\/li><li>1990-c\u0131 ild\u0259n G\u0259nc\u0259 \u015f\u0259h\u0259r Musiqi Kollecind\u0259 fortepiano m\u00fc\u0259limi v\u0259zif\u0259sind\u0259 i\u015fl\u0259yib.<\/li><li>1999-cu ild\u0259n G\u0259nc\u0259 D\u00f6vl\u0259t Universitetinin \u201cMusiqi f\u0259nl\u0259ri\u201d kafedras\u0131nda 0,5 \u015ftat \u0259v\u0259z\u00e7ilik \u00fczr\u0259 konsertmeyster, daha sonra m\u00fc\u0259llim i\u015fl\u0259yib, 2021-ci ild\u0259n hal-haz\u0131rad\u0259k tam \u015ftat \u00fczr\u0259 &nbsp;m\u00fc\u0259llim i\u015fl\u0259yir.<\/li><\/ul>\n\n\n\n<p><strong>T\u018fLT\u0130FL\u018fR\u0130&nbsp;&nbsp;&nbsp;&nbsp;<\/strong><\/p>\n\n\n\n<ul class=\"wp-block-list\"><li>G\u0259nc\u0259 D\u00f6vl\u0259t Universitetinin rektorlu\u011fun 2\/45 sayl\u0131 \u0259mri il\u0259 21.11.2011-ci<\/li><\/ul>\n\n\n\n<p>&nbsp;&nbsp;&nbsp;&nbsp;&nbsp; ild\u0259 \u201cF\u0259xri F\u0259rman\u201dla t\u0259ltif olunub.<\/p>\n\n\n\n<ul class=\"wp-block-list\"><li>G\u0259nc\u0259 D\u00f6vl\u0259t Universitetinin rektorlu\u011fun 2\/138 sayl\u0131 \u0259mri il\u0259 02.10.2019-cu il tarixind\u0259 \u201cF\u0259xri F\u0259rman\u201d la t\u0259ltif olunub.<\/li><\/ul>\n\n\n\n<p><strong>T\u018fDQ\u0130QAT SAH\u018fS\u0130<\/strong>&nbsp;<\/p>\n\n\n\n<ul class=\"wp-block-list\"><li>U\u015faq mahn\u0131lar\u0131n\u0131n \u00fcmumi t\u0259hsil m\u00fc\u0259ssis\u0259l\u0259rind\u0259 &nbsp;t\u0259drisi m\u0259s\u0259l\u0259l\u0259ri.<\/li><\/ul>\n\n\n\n<p><strong>ELM\u0130 \u018fS\u018fRL\u018fR\u0130<\/strong><\/p>\n\n\n\n<ul class=\"wp-block-list\"><li>Abdullayeva A., Bayramova \u015e. U\u015faq mahn\u0131lar\u0131. I cild. Bak\u0131, \u201cElm v\u0259 t\u0259hsil\u201d, 2022, 28 s.<\/li><li>Abdullayeva A., Bayramova \u015e. Az\u0259rbaycan b\u00f6lg\u0259l\u0259rinin mahn\u0131larda t\u0259r\u0259nn\u00fcm\u00fc. Bak\u0131, \u201cElm v\u0259 t\u0259hsil\u201d, 2023, 44 s.<\/li><\/ul>\n\n\n\n<p><strong>BEYN\u018fLXALQ V\u018f RESPUBL\u0130KA S\u0130MPOZ\u0130UM V\u018f KONFRANSLARDA \u0130\u015eT\u0130RAKI<\/strong><\/p>\n\n\n\n<ul class=\"wp-block-list\"><li>15-16 noyabr 2019-cu il tarixd\u0259 G\u0259nc\u0259d\u0259 ilk d\u0259f\u0259 ke\u00e7iril\u0259n&nbsp; \u201cG\u0259nc\u0259nin musiqi m\u0259d\u0259niyy\u0259tinin tarixi\u201d adl\u0131 Respublika elmi-praktik konfransda \u201cG\u0259nc\u0259 \u015f\u0259h\u0259rinin musiqi h\u0259yat\u0131nda beyn\u0259lxalq musiqi festivallar\u0131n\u0131n yeri v\u0259 \u0259h\u0259miyy\u0259ti\u201d &nbsp;m\u00f6vzusunda elmi m\u0259ruz\u0259 il\u0259&nbsp; \u00e7\u0131x\u0131\u015f edib.<\/li><li>GDU-nun \u201cMusiqi f\u0259nl\u0259ri\u201d kafedras\u0131 n\u0259zdind\u0259 t\u0259l\u0259b\u0259 musiqi d\u0259rn\u0259kl\u0259rinin i\u015find\u0259 yax\u0131ndan i\u015ftirak edir, t\u0259l\u0259b\u0259l\u0259rl\u0259 konsert proqramlar\u0131 haz\u0131rlay\u0131r.<\/li><\/ul>\n\n\n\n<p><strong>D\u0130L B\u0130LG\u0130S\u0130<\/strong><\/p>\n\n\n\n<ul class=\"wp-block-list\"><li>Az\u0259rbaycan, rus (s\u0259rb\u0259st), ingilis (l\u00fc\u011f\u0259t il\u0259).<\/li><\/ul>\n\n\n\n<p><strong>PART\u0130YALI\u011eI<\/strong><\/p>\n\n\n\n<ul class=\"wp-block-list\"><li>2012-ci ild\u0259n YAP-\u0131n \u00fczv\u00fcd\u00fcr.<\/li><\/ul>\n","protected":false},"excerpt":{"rendered":"<p>G\u018fNC\u018f D\u00d6VL\u018fT UN\u0130VERS\u0130TET\u0130N\u0130N \u201cMUS\u0130Q\u0130 F\u018fNL\u018fR\u0130\u201d KAFEDRASININ&nbsp; M\u00dc\u018fLL\u0130M\u0130 &nbsp;BAYRAMOVA &nbsp;\u015e\u00d6VK\u018fT \u018fNV\u018fR QIZI Telefon: +994 507595220 E-mail: shokibayramova1958@gmail &nbsp;&nbsp;&nbsp;&nbsp;&nbsp;&nbsp;&nbsp;&nbsp;&nbsp;&nbsp;&nbsp;&nbsp; sovkat.bayramova@gdu.edu.az QISA B\u0130OQRAF\u0130K M\u018fLUMAT&nbsp;&nbsp; 13 iyul 1958-ci ild\u0259 Az\u0259rbayca Resbuplikas\u0131 Da\u015fk\u0259s\u0259n &nbsp;rayonunda anadan olmu\u015fdur. Az\u0259rbaycanl\u0131d\u0131r. Ail\u0259lidir, iki \u00f6vlad\u0131 var. T\u018fHS\u0130L\u0130 1973-ci ild\u0259 G\u0259nc\u0259 \u015f\u0259h\u0259r 11 sayl\u0131 orta m\u0259kt\u0259bin 8-ci sinfini bitirib. 1977-ci ild\u0259 G\u0259nc\u0259 Musiqi Kollecinin \u201cFortepiano\u201d \u015f\u00f6b\u0259sini<\/p>\n<p><a href=\"https:\/\/pedf.gdu.edu.az\/?page_id=9688\" class=\"more-link themebutton\">Daha \u0259trafl\u0131 <\/a><\/p>\n","protected":false},"author":4,"featured_media":0,"parent":0,"menu_order":0,"comment_status":"closed","ping_status":"closed","template":"","meta":{"footnotes":""},"class_list":["post-9688","page","type-page","status-publish","hentry"],"_links":{"self":[{"href":"https:\/\/pedf.gdu.edu.az\/index.php?rest_route=\/wp\/v2\/pages\/9688","targetHints":{"allow":["GET"]}}],"collection":[{"href":"https:\/\/pedf.gdu.edu.az\/index.php?rest_route=\/wp\/v2\/pages"}],"about":[{"href":"https:\/\/pedf.gdu.edu.az\/index.php?rest_route=\/wp\/v2\/types\/page"}],"author":[{"embeddable":true,"href":"https:\/\/pedf.gdu.edu.az\/index.php?rest_route=\/wp\/v2\/users\/4"}],"replies":[{"embeddable":true,"href":"https:\/\/pedf.gdu.edu.az\/index.php?rest_route=%2Fwp%2Fv2%2Fcomments&post=9688"}],"version-history":[{"count":1,"href":"https:\/\/pedf.gdu.edu.az\/index.php?rest_route=\/wp\/v2\/pages\/9688\/revisions"}],"predecessor-version":[{"id":9690,"href":"https:\/\/pedf.gdu.edu.az\/index.php?rest_route=\/wp\/v2\/pages\/9688\/revisions\/9690"}],"wp:attachment":[{"href":"https:\/\/pedf.gdu.edu.az\/index.php?rest_route=%2Fwp%2Fv2%2Fmedia&parent=9688"}],"curies":[{"name":"wp","href":"https:\/\/api.w.org\/{rel}","templated":true}]}}