{"id":9684,"date":"2025-04-03T14:35:35","date_gmt":"2025-04-03T12:35:35","guid":{"rendered":"https:\/\/pedf.gdu.edu.az\/?page_id=9684"},"modified":"2025-04-03T15:14:15","modified_gmt":"2025-04-03T13:14:15","slug":"abdullayeva-al%c9%99mz%c9%99r-xanlar-qizi","status":"publish","type":"page","link":"https:\/\/pedf.gdu.edu.az\/?page_id=9684","title":{"rendered":"Abdullayeva Al\u0259mz\u0259r Xanlar q\u0131z\u0131"},"content":{"rendered":"\n<div class=\"wp-block-image\"><figure class=\"alignleft size-full is-resized\"><img loading=\"lazy\" decoding=\"async\" src=\"https:\/\/pedf.gdu.edu.az\/wp-content\/uploads\/2025\/04\/2.Abdullayeva-Al\u0259mz\u0259r-Xanlar.jpg\" alt=\"\" class=\"wp-image-9686\" width=\"168\" height=\"235\"\/><\/figure><\/div>\n\n\n\n<p><strong>G\u018fNC\u018f D\u00d6VL\u018fT UN\u0130VERS\u0130TET\u0130N\u0130N \u201cMUS\u0130Q\u0130 F\u018fNL\u018fR\u0130\u201d KAFEDRASININ&nbsp; M\u00dc\u018fLL\u0130M\u0130 ABDULLAYEVA AL\u018fMZ\u018fR XANLAR QIZI<\/strong><\/p>\n\n\n\n<p><strong>Telefon: +<\/strong>994 505959549<\/p>\n\n\n\n<p><strong>E-mail: <\/strong><a href=\"mailto:alemabdullayeva@mail.ru\">alemabdullayeva@mail.ru<\/a><\/p>\n\n\n\n<p>&nbsp;&nbsp;&nbsp;&nbsp;&nbsp;&nbsp;&nbsp;&nbsp;&nbsp;&nbsp;&nbsp;&nbsp;&nbsp; alamzar.abdullayeva@gdu.edu.az<\/p>\n\n\n\n<p><strong>QISA B\u0130OQRAF\u0130K M\u018fLUMAT&nbsp;&nbsp;<\/strong><\/p>\n\n\n\n<ul class=\"wp-block-list\"><li>12 oktyabr 1955-ci ild\u0259 Az\u0259rbaycan Respublikas\u0131 Kirovabad (G\u0259nc\u0259) \u015f\u0259h\u0259rind\u0259 anadan olmu\u015fdur. Az\u0259rbaycanl\u0131d\u0131r. Ail\u0259lidir, iki \u00f6vlad\u0131 var.<\/li><\/ul>\n\n\n\n<p><strong>T\u018fHS\u0130L\u0130<\/strong><\/p>\n\n\n\n<ul class=\"wp-block-list\"><li>1972-ci&nbsp; ild\u0259 N.K.Krupskaya ad\u0131na 4 sayl\u0131 \u00fcmumt\u0259hsil orta m\u0259kt\u0259bin 10-cu sinfini bitirmi\u015fdir.<\/li><li>1976-c\u0131 ild\u0259 Q.H\u00fcseynli ad\u0131na Kirovabad orta ixtisas musiqi m\u0259kt\u0259bini \u201cFortepiano\u201d ixtisas\u0131 \u00fczr\u0259 bitirmi\u015fdir.<\/li><li>1987-ci ild\u0259 Taqanroq D\u00f6vl\u0259t Pedaqoji \u0130nstitutunu \u201cMusiqi m\u00fc\u0259llimi\u201d ixtisas\u0131 \u00fczr\u0259 (qiyabi) bitirmi\u015fdir.<\/li><\/ul>\n\n\n\n<p><strong>\u018fM\u018fK F\u018fAL\u0130YY\u018fT\u0130<\/strong><\/p>\n\n\n\n<ul class=\"wp-block-list\"><li>1976-c\u0131 ild\u0259n 1979-cu il\u0259d\u0259k Yevlax \u015f\u0259h\u0259rind\u0259 7 illik musiqi m\u0259kt\u0259bind\u0259 fortepiano f\u0259nnind\u0259n m\u00fc\u0259llim v\u0259zif\u0259sind\u0259 i\u015fl\u0259mi\u015fdir.<\/li><li>1979-cu ild\u0259n 1990-c\u0131 il\u0259d\u0259k M.G\u0259nc\u0259vi ad\u0131na Kirovabad Pedaqoji m\u0259kt\u0259bind\u0259 konsertmeyster v\u0259zif\u0259sind\u0259 i\u015fl\u0259mi\u015fdir.<\/li><li>1990-c\u0131 ild\u0259n 2020-ci ill\u0259d\u0259k G\u0259nc\u0259 Musiqi Kollecind\u0259 m\u00fc\u0259llim i\u015fl\u0259mi\u015fdir.<\/li><li>1996-c\u0131 ild\u0259n G\u0259nc\u0259 D\u00f6vl\u0259t Universitetind\u0259 0,5 \u015ftat \u0259v\u0259z\u00e7ilik \u00fczr\u0259 m\u00fc\u0259llim i\u015fl\u0259yib, 2020-ci ild\u0259n hal-haz\u0131rad\u0259k tam \u015ftat \u00fczr\u0259 m\u00fc\u0259llim i\u015fl\u0259yir.<\/li><\/ul>\n\n\n\n<p><strong>T\u018fDQ\u0130QAT SAH\u018fS\u0130<\/strong>&nbsp;<\/p>\n\n\n\n<ul class=\"wp-block-list\"><li>Az\u0259rbaycan b\u0259st\u0259karlar\u0131n\u0131n u\u015faq mahn\u0131lar\u0131ndan m\u0259kt\u0259blil\u0259rin musiqi t\u0259rbiy\u0259sind\u0259 istifad\u0259.<\/li><li>GDU-nun \u201cMusiqi f\u0259nl\u0259ri\u201d kafedras\u0131 n\u0259zdind\u0259 t\u0259l\u0259b\u0259 musiqi d\u0259rn\u0259kl\u0259rinin i\u015find\u0259 yax\u0131ndan i\u015ftirak edir, t\u0259l\u0259b\u0259l\u0259rl\u0259 konsert proqramlar\u0131 haz\u0131rlay\u0131r.<\/li><\/ul>\n\n\n\n<p><strong>ELM\u0130 \u018fS\u018fRL\u018fR\u0130<\/strong><\/p>\n\n\n\n<ul class=\"wp-block-list\"><li>Abdullayeva A., Bayramova \u015e. U\u015faq mahn\u0131lar\u0131. I cild. Bak\u0131, \u201cElm v\u0259 t\u0259hsil\u201d, 2022, 28 s.<\/li><li>Abdullayeva A., Bayramova \u015e. Az\u0259rbaycan b\u00f6lg\u0259l\u0259rinin mahn\u0131larda t\u0259r\u0259nn\u00fcm\u00fc. Bak\u0131, \u201cElm v\u0259 t\u0259hsil\u201d, 2023, 44 s.<\/li><\/ul>\n\n\n\n<p><strong>D\u0130L B\u0130LG\u0130S\u0130<\/strong><\/p>\n\n\n\n<ul class=\"wp-block-list\"><li>Az\u0259rbaycan, rus (s\u0259rb\u0259st), ingilis (l\u00fc\u011f\u0259t il\u0259).<\/li><\/ul>\n\n\n\n<p><strong>PART\u0130YALI\u011eI<\/strong><\/p>\n\n\n\n<ul class=\"wp-block-list\"><li>2012-ci ild\u0259n YAP-\u0131n \u00fczv\u00fcd\u00fcr.<\/li><\/ul>\n","protected":false},"excerpt":{"rendered":"<p>G\u018fNC\u018f D\u00d6VL\u018fT UN\u0130VERS\u0130TET\u0130N\u0130N \u201cMUS\u0130Q\u0130 F\u018fNL\u018fR\u0130\u201d KAFEDRASININ&nbsp; M\u00dc\u018fLL\u0130M\u0130 ABDULLAYEVA AL\u018fMZ\u018fR XANLAR QIZI Telefon: +994 505959549 E-mail: alemabdullayeva@mail.ru &nbsp;&nbsp;&nbsp;&nbsp;&nbsp;&nbsp;&nbsp;&nbsp;&nbsp;&nbsp;&nbsp;&nbsp;&nbsp; alamzar.abdullayeva@gdu.edu.az QISA B\u0130OQRAF\u0130K M\u018fLUMAT&nbsp;&nbsp; 12 oktyabr 1955-ci ild\u0259 Az\u0259rbaycan Respublikas\u0131 Kirovabad (G\u0259nc\u0259) \u015f\u0259h\u0259rind\u0259 anadan olmu\u015fdur. Az\u0259rbaycanl\u0131d\u0131r. Ail\u0259lidir, iki \u00f6vlad\u0131 var. T\u018fHS\u0130L\u0130 1972-ci&nbsp; ild\u0259 N.K.Krupskaya ad\u0131na 4 sayl\u0131 \u00fcmumt\u0259hsil orta m\u0259kt\u0259bin 10-cu sinfini bitirmi\u015fdir. 1976-c\u0131 ild\u0259 Q.H\u00fcseynli ad\u0131na Kirovabad<\/p>\n<p><a href=\"https:\/\/pedf.gdu.edu.az\/?page_id=9684\" class=\"more-link themebutton\">Daha \u0259trafl\u0131 <\/a><\/p>\n","protected":false},"author":4,"featured_media":0,"parent":0,"menu_order":0,"comment_status":"closed","ping_status":"closed","template":"","meta":{"footnotes":""},"class_list":["post-9684","page","type-page","status-publish","hentry"],"_links":{"self":[{"href":"https:\/\/pedf.gdu.edu.az\/index.php?rest_route=\/wp\/v2\/pages\/9684","targetHints":{"allow":["GET"]}}],"collection":[{"href":"https:\/\/pedf.gdu.edu.az\/index.php?rest_route=\/wp\/v2\/pages"}],"about":[{"href":"https:\/\/pedf.gdu.edu.az\/index.php?rest_route=\/wp\/v2\/types\/page"}],"author":[{"embeddable":true,"href":"https:\/\/pedf.gdu.edu.az\/index.php?rest_route=\/wp\/v2\/users\/4"}],"replies":[{"embeddable":true,"href":"https:\/\/pedf.gdu.edu.az\/index.php?rest_route=%2Fwp%2Fv2%2Fcomments&post=9684"}],"version-history":[{"count":2,"href":"https:\/\/pedf.gdu.edu.az\/index.php?rest_route=\/wp\/v2\/pages\/9684\/revisions"}],"predecessor-version":[{"id":9742,"href":"https:\/\/pedf.gdu.edu.az\/index.php?rest_route=\/wp\/v2\/pages\/9684\/revisions\/9742"}],"wp:attachment":[{"href":"https:\/\/pedf.gdu.edu.az\/index.php?rest_route=%2Fwp%2Fv2%2Fmedia&parent=9684"}],"curies":[{"name":"wp","href":"https:\/\/api.w.org\/{rel}","templated":true}]}}