{"id":961,"date":"2016-04-20T08:42:18","date_gmt":"2016-04-20T06:42:18","guid":{"rendered":"http:\/\/pf.gdu.edu.az\/?page_id=961"},"modified":"2025-12-16T15:23:10","modified_gmt":"2025-12-16T13:23:10","slug":"t%c9%99l%c9%99b%c9%99-t%c9%99skilati-2","status":"publish","type":"page","link":"https:\/\/pedf.gdu.edu.az\/?page_id=961","title":{"rendered":"T\u0259l\u0259b\u0259 t\u0259\u015fkilat\u0131"},"content":{"rendered":"\n<div class=\"wp-block-media-text is-stacked-on-mobile\"><figure class=\"wp-block-media-text__media\"><img loading=\"lazy\" decoding=\"async\" width=\"1329\" height=\"1365\" src=\"https:\/\/pedf.gdu.edu.az\/wp-content\/uploads\/2025\/10\/\u0418\u0437\u043e\u0431\u0440\u0430\u0436\u0435\u043d\u0438\u0435-WhatsApp-2025-10-23-\u0432-11.36.40_d2639f0f.jpg\" alt=\"\" class=\"wp-image-11233 size-full\" srcset=\"https:\/\/pedf.gdu.edu.az\/wp-content\/uploads\/2025\/10\/\u0418\u0437\u043e\u0431\u0440\u0430\u0436\u0435\u043d\u0438\u0435-WhatsApp-2025-10-23-\u0432-11.36.40_d2639f0f.jpg 1329w, https:\/\/pedf.gdu.edu.az\/wp-content\/uploads\/2025\/10\/\u0418\u0437\u043e\u0431\u0440\u0430\u0436\u0435\u043d\u0438\u0435-WhatsApp-2025-10-23-\u0432-11.36.40_d2639f0f-768x789.jpg 768w\" sizes=\"auto, (max-width: 1329px) 100vw, 1329px\" \/><\/figure><div class=\"wp-block-media-text__content\">\n<p>Tofiq Quliyev R\u0259\u015fad o\u011flu<br>M\u0259\u015fq\u00e7ilik 4\u00b2<br>\u202a+994 50 792 79 21\u202c<br>tgguliyev@gmail.com<br>T\u0259l\u0259b\u0259 h\u0259mkarlar\u00a0t\u0259\u015fkilat\u0131\u00a0s\u0259dri<\/p>\n<\/div><\/div>\n\n\n\n<p><\/p>\n\n\n\n<p><\/p>\n\n\n\n<p><\/p>\n\n\n\n<p><\/p>\n\n\n\n<div class=\"wp-block-media-text is-stacked-on-mobile\"><figure class=\"wp-block-media-text__media\"><img loading=\"lazy\" decoding=\"async\" width=\"959\" height=\"1280\" src=\"https:\/\/pedf.gdu.edu.az\/wp-content\/uploads\/2025\/10\/\u0418\u0437\u043e\u0431\u0440\u0430\u0436\u0435\u043d\u0438\u0435-WhatsApp-2025-10-23-\u0432-11.36.40_a19f7740.jpg\" alt=\"\" class=\"wp-image-11234 size-full\" srcset=\"https:\/\/pedf.gdu.edu.az\/wp-content\/uploads\/2025\/10\/\u0418\u0437\u043e\u0431\u0440\u0430\u0436\u0435\u043d\u0438\u0435-WhatsApp-2025-10-23-\u0432-11.36.40_a19f7740.jpg 959w, https:\/\/pedf.gdu.edu.az\/wp-content\/uploads\/2025\/10\/\u0418\u0437\u043e\u0431\u0440\u0430\u0436\u0435\u043d\u0438\u0435-WhatsApp-2025-10-23-\u0432-11.36.40_a19f7740-768x1025.jpg 768w\" sizes=\"auto, (max-width: 959px) 100vw, 959px\" \/><\/figure><div class=\"wp-block-media-text__content\">\n<p>Sevda Novruzova El\u00e7in<br>\u0130btidai sinif m\u00fc\u0259llimliyi 3\u00b3<br>\u202a+994 51 489 96 31\u202c<br>sevanovruzova17@gmail.com<br>T\u0259l\u0259b\u0259 h\u0259mkarlar t\u0259\u015fkilat\u0131&nbsp;s\u0259dr&nbsp;m\u00fcavini<\/p>\n\n\n\n<p><\/p>\n<\/div><\/div>\n\n\n\n<p><\/p>\n\n\n\n<p><\/p>\n\n\n\n<p><\/p>\n\n\n\n<p><\/p>\n\n\n\n<p><\/p>\n\n\n\n<p><\/p>\n\n\n\n<div class=\"wp-block-media-text is-stacked-on-mobile\"><figure class=\"wp-block-media-text__media\"><img loading=\"lazy\" decoding=\"async\" width=\"304\" height=\"419\" src=\"https:\/\/pedf.gdu.edu.az\/wp-content\/uploads\/2025\/10\/\u0418\u0437\u043e\u0431\u0440\u0430\u0436\u0435\u043d\u0438\u0435-WhatsApp-2025-10-23-\u0432-11.36.40_53061c66.jpg\" alt=\"\" class=\"wp-image-11235 size-full\"\/><\/figure><div class=\"wp-block-media-text__content\">\n<p>Heyd\u0259rov Eltun Misir o\u011flu<br>M\u0259\u015fq\u00e7ilik 4\u00b2<br>\u202a+994 51 996 60 57\u202c<br>heydroveltun84@gmail.com<br>T\u0259l\u0259b\u0259 h\u0259mkarlar t\u0259\u015fkilat\u0131\u00a0s\u0259dr\u00a0m\u00fcavini<\/p>\n<\/div><\/div>\n\n\n\n<p><\/p>\n\n\n\n<p><\/p>\n\n\n\n<p><\/p>\n\n\n\n<p><\/p>\n\n\n\n<p><\/p>\n\n\n\n<p><\/p>\n\n\n\n<p><\/p>\n\n\n\n<p><\/p>\n\n\n\n<div class=\"wp-block-media-text is-stacked-on-mobile\"><figure class=\"wp-block-media-text__media\"><img loading=\"lazy\" decoding=\"async\" width=\"899\" height=\"1599\" src=\"https:\/\/pedf.gdu.edu.az\/wp-content\/uploads\/2025\/10\/\u0418\u0437\u043e\u0431\u0440\u0430\u0436\u0435\u043d\u0438\u0435-WhatsApp-2025-10-23-\u0432-18.43.03_088ca9e9.jpg\" alt=\"\" class=\"wp-image-11236 size-full\" srcset=\"https:\/\/pedf.gdu.edu.az\/wp-content\/uploads\/2025\/10\/\u0418\u0437\u043e\u0431\u0440\u0430\u0436\u0435\u043d\u0438\u0435-WhatsApp-2025-10-23-\u0432-18.43.03_088ca9e9.jpg 899w, https:\/\/pedf.gdu.edu.az\/wp-content\/uploads\/2025\/10\/\u0418\u0437\u043e\u0431\u0440\u0430\u0436\u0435\u043d\u0438\u0435-WhatsApp-2025-10-23-\u0432-18.43.03_088ca9e9-768x1366.jpg 768w, https:\/\/pedf.gdu.edu.az\/wp-content\/uploads\/2025\/10\/\u0418\u0437\u043e\u0431\u0440\u0430\u0436\u0435\u043d\u0438\u0435-WhatsApp-2025-10-23-\u0432-18.43.03_088ca9e9-864x1536.jpg 864w\" sizes=\"auto, (max-width: 899px) 100vw, 899px\" \/><\/figure><div class=\"wp-block-media-text__content\">\n<p>A\u011fca&nbsp;Abdullayeva<\/p>\n\n\n\n<p>Pedaqoji fak\u00fclt\u0259 \u00fczr\u0259 TGT s\u0259dr m\u00fcavini<\/p>\n\n\n\n<p>050-688-82-45<\/p>\n\n\n\n<p>agcaabdullayeva863@gmail.com<\/p>\n\n\n\n<p><\/p>\n<\/div><\/div>\n\n\n\n<p><\/p>\n\n\n\n<p><\/p>\n\n\n\n<p><\/p>\n\n\n\n<p><\/p>\n\n\n\n<p><\/p>\n\n\n\n<p><\/p>\n\n\n\n<p><\/p>\n\n\n\n<div class=\"wp-block-media-text is-stacked-on-mobile\"><figure class=\"wp-block-media-text__media\"><img loading=\"lazy\" decoding=\"async\" width=\"960\" height=\"1280\" src=\"https:\/\/pedf.gdu.edu.az\/wp-content\/uploads\/2025\/12\/WhatsApp-Image-2025-12-11-at-14.45.25.jpeg\" alt=\"\" class=\"wp-image-11640 size-full\" srcset=\"https:\/\/pedf.gdu.edu.az\/wp-content\/uploads\/2025\/12\/WhatsApp-Image-2025-12-11-at-14.45.25.jpeg 960w, https:\/\/pedf.gdu.edu.az\/wp-content\/uploads\/2025\/12\/WhatsApp-Image-2025-12-11-at-14.45.25-768x1024.jpeg 768w\" sizes=\"auto, (max-width: 960px) 100vw, 960px\" \/><\/figure><div class=\"wp-block-media-text__content\">\n<p>Ad: AYSUN<br>Soy ad: ABDULLAYEVA<br>Ata ad\u0131: SAM\u0130R<br>V\u0259zif\u0259: TGT S\u018fDR M\u00dcAV\u0130N\u0130<br>N\u00f6mr\u0259: 077 322 15 60<br>GMail: aysunsamirqizi@gmail.com<br>\u0130xtisas: TSPX<\/p>\n<\/div><\/div>\n\n\n\n<p><\/p>\n\n\n\n<p><\/p>\n\n\n\n<p><\/p>\n\n\n\n<p><\/p>\n\n\n\n<p><\/p>\n\n\n\n<p><\/p>\n\n\n\n<p><\/p>\n\n\n\n<p><\/p>\n\n\n\n<div class=\"wp-block-media-text is-stacked-on-mobile\"><figure class=\"wp-block-media-text__media\"><img loading=\"lazy\" decoding=\"async\" width=\"1200\" height=\"1361\" src=\"https:\/\/pedf.gdu.edu.az\/wp-content\/uploads\/2025\/12\/WhatsApp-Image-2025-12-12-at-19.50.46.jpeg\" alt=\"\" class=\"wp-image-11641 size-full\" srcset=\"https:\/\/pedf.gdu.edu.az\/wp-content\/uploads\/2025\/12\/WhatsApp-Image-2025-12-12-at-19.50.46.jpeg 1200w, https:\/\/pedf.gdu.edu.az\/wp-content\/uploads\/2025\/12\/WhatsApp-Image-2025-12-12-at-19.50.46-768x871.jpeg 768w\" sizes=\"auto, (max-width: 1200px) 100vw, 1200px\" \/><\/figure><div class=\"wp-block-media-text__content\">\n<p>Pedaqoji fakulte TGT sedri<\/p>\n\n\n\n<p>\u018flizad\u0259 S\u0259buhi Rubadil oglu<br>sebuhielizade684@gmail.com<br>Fiziki terbiye ve cagirisa qederki hazirliq mellimliyi<br>2 ci kurs<\/p>\n<\/div><\/div>\n\n\n\n<p><\/p>\n\n\n\n<p><\/p>\n","protected":false},"excerpt":{"rendered":"<p>Tofiq Quliyev R\u0259\u015fad o\u011fluM\u0259\u015fq\u00e7ilik 4\u00b2\u202a+994 50 792 79 21\u202ctgguliyev@gmail.comT\u0259l\u0259b\u0259 h\u0259mkarlar\u00a0t\u0259\u015fkilat\u0131\u00a0s\u0259dri Sevda Novruzova El\u00e7in\u0130btidai sinif m\u00fc\u0259llimliyi 3\u00b3\u202a+994 51 489 96 31\u202csevanovruzova17@gmail.comT\u0259l\u0259b\u0259 h\u0259mkarlar t\u0259\u015fkilat\u0131&nbsp;s\u0259dr&nbsp;m\u00fcavini Heyd\u0259rov Eltun Misir o\u011fluM\u0259\u015fq\u00e7ilik 4\u00b2\u202a+994 51 996 60 57\u202cheydroveltun84@gmail.comT\u0259l\u0259b\u0259 h\u0259mkarlar t\u0259\u015fkilat\u0131\u00a0s\u0259dr\u00a0m\u00fcavini A\u011fca&nbsp;Abdullayeva Pedaqoji fak\u00fclt\u0259 \u00fczr\u0259 TGT s\u0259dr m\u00fcavini 050-688-82-45 agcaabdullayeva863@gmail.com Ad: AYSUNSoy ad: ABDULLAYEVAAta ad\u0131: SAM\u0130RV\u0259zif\u0259: TGT S\u018fDR M\u00dcAV\u0130N\u0130N\u00f6mr\u0259: 077 322 15 60GMail:<\/p>\n<p><a href=\"https:\/\/pedf.gdu.edu.az\/?page_id=961\" class=\"more-link themebutton\">Daha \u0259trafl\u0131 <\/a><\/p>\n","protected":false},"author":1,"featured_media":0,"parent":0,"menu_order":0,"comment_status":"closed","ping_status":"closed","template":"","meta":{"footnotes":""},"class_list":["post-961","page","type-page","status-publish","hentry"],"_links":{"self":[{"href":"https:\/\/pedf.gdu.edu.az\/index.php?rest_route=\/wp\/v2\/pages\/961","targetHints":{"allow":["GET"]}}],"collection":[{"href":"https:\/\/pedf.gdu.edu.az\/index.php?rest_route=\/wp\/v2\/pages"}],"about":[{"href":"https:\/\/pedf.gdu.edu.az\/index.php?rest_route=\/wp\/v2\/types\/page"}],"author":[{"embeddable":true,"href":"https:\/\/pedf.gdu.edu.az\/index.php?rest_route=\/wp\/v2\/users\/1"}],"replies":[{"embeddable":true,"href":"https:\/\/pedf.gdu.edu.az\/index.php?rest_route=%2Fwp%2Fv2%2Fcomments&post=961"}],"version-history":[{"count":11,"href":"https:\/\/pedf.gdu.edu.az\/index.php?rest_route=\/wp\/v2\/pages\/961\/revisions"}],"predecessor-version":[{"id":11647,"href":"https:\/\/pedf.gdu.edu.az\/index.php?rest_route=\/wp\/v2\/pages\/961\/revisions\/11647"}],"wp:attachment":[{"href":"https:\/\/pedf.gdu.edu.az\/index.php?rest_route=%2Fwp%2Fv2%2Fmedia&parent=961"}],"curies":[{"name":"wp","href":"https:\/\/api.w.org\/{rel}","templated":true}]}}