{"id":9599,"date":"2025-04-01T12:11:48","date_gmt":"2025-04-01T10:11:48","guid":{"rendered":"https:\/\/pedf.gdu.edu.az\/?page_id=9599"},"modified":"2025-04-07T09:43:12","modified_gmt":"2025-04-07T07:43:12","slug":"h%c9%99s%c9%99nova-novr%c9%99st%c9%99-dil%c9%99n-qizi","status":"publish","type":"page","link":"https:\/\/pedf.gdu.edu.az\/?page_id=9599","title":{"rendered":"H\u0259s\u0259nova N\u00f6vr\u0259st\u0259 Dil\u0259n q\u0131z\u0131"},"content":{"rendered":"\n<div class=\"wp-block-image\"><figure class=\"alignleft size-full is-resized\"><img loading=\"lazy\" decoding=\"async\" src=\"https:\/\/pedf.gdu.edu.az\/wp-content\/uploads\/2025\/04\/\u0420\u0438\u0441\u0443\u043d\u043e\u043a7.jpg\" alt=\"\" class=\"wp-image-9600\" width=\"251\" height=\"291\"\/><\/figure><\/div>\n\n\n\n<p><strong>Fiziki t\u0259rbiy\u0259, \u00e7a\u011f\u0131r\u0131\u015faq\u0259d\u0259rki haz\u0131rl\u0131q v\u0259 m\u00fclki m\u00fcdafi\u0259 kafedras\u0131n\u0131n preporatoru H\u0259s\u0259nova N\u00f6vr\u0259st\u0259 Dil\u0259n<\/strong><\/p>\n\n\n\n<p>tel. 0506439179<\/p>\n\n\n\n<p>E-mail: novrsthsnova865@gmail.com<\/p>\n\n\n\n<p><strong>QISA B\u0130OQRAF\u0130K M\u018fLUMAT<\/strong><\/p>\n\n\n\n<p>1986-c\u0131 il 01 noybrda \u015e\u0259mkir \u015f\u0259h\u0259rind\u0259 anadan olub<\/p>\n\n\n\n<p>1993-2004-ci ild\u0259 \u015e\u0259mkir \u015f. Q\u0131l\u0131ncb\u0259yli k\u0259nd tam orta m\u0259kt\u0259bind\u0259 t\u0259hsil al\u0131b<\/p>\n\n\n\n<p><strong>T\u018fHS\u0130L\u0130 V\u018f ELM\u0130 D\u018fR\u018fC\u018f ADLARI<\/strong><\/p>\n\n\n\n<p>2004-c\u00fc ild\u0259 G\u0259nc\u0259 D\u00f6vl\u0259t Universitetinin \u201cPe\u015f\u0259 t\u0259limi\u201d&nbsp; ixtisas\u0131na q\u0259bul olub<\/p>\n\n\n\n<p>2008-ci ild\u0259 G\u0259nc\u0259 D\u00f6vl\u0259t Universitetinin \u201cPe\u015f\u0259 t\u0259limi\u201d&nbsp; ixtisas\u0131n\u0131 bitirib<\/p>\n\n\n\n<p><strong>\u018fM\u018fK F\u018fAL\u0130YY\u018fT\u0130<\/strong><\/p>\n\n\n\n<p>2023-c\u00fc ild\u0259n G\u0259nc\u0259 D\u00f6vl\u0259t Universitetinin \u201cB\u0259d\u0259n t\u0259rbiy\u0259si v\u0259 idman\u201d kafedras\u0131nda, 2024-c\u00fc ild\u0259 is\u0259 \u201cFiziki t\u0259rbiy\u0259, \u00e7a\u011f\u0131r\u0131\u015faq\u0259d\u0259rki haz\u0131rl\u0131q v\u0259 m\u00fclki m\u00fcdafi\u0259\u201d kafedras\u0131nda preporator v\u0259zif\u0259sind\u0259 i\u015fl\u0259yir<\/p>\n","protected":false},"excerpt":{"rendered":"<p>Fiziki t\u0259rbiy\u0259, \u00e7a\u011f\u0131r\u0131\u015faq\u0259d\u0259rki haz\u0131rl\u0131q v\u0259 m\u00fclki m\u00fcdafi\u0259 kafedras\u0131n\u0131n preporatoru H\u0259s\u0259nova N\u00f6vr\u0259st\u0259 Dil\u0259n tel. 0506439179 E-mail: novrsthsnova865@gmail.com QISA B\u0130OQRAF\u0130K M\u018fLUMAT 1986-c\u0131 il 01 noybrda \u015e\u0259mkir \u015f\u0259h\u0259rind\u0259 anadan olub 1993-2004-ci ild\u0259 \u015e\u0259mkir \u015f. Q\u0131l\u0131ncb\u0259yli k\u0259nd tam orta m\u0259kt\u0259bind\u0259 t\u0259hsil al\u0131b T\u018fHS\u0130L\u0130 V\u018f ELM\u0130 D\u018fR\u018fC\u018f ADLARI 2004-c\u00fc ild\u0259 G\u0259nc\u0259 D\u00f6vl\u0259t Universitetinin \u201cPe\u015f\u0259 t\u0259limi\u201d&nbsp; ixtisas\u0131na q\u0259bul olub 2008-ci ild\u0259<\/p>\n<p><a href=\"https:\/\/pedf.gdu.edu.az\/?page_id=9599\" class=\"more-link themebutton\">Daha \u0259trafl\u0131 <\/a><\/p>\n","protected":false},"author":4,"featured_media":0,"parent":0,"menu_order":0,"comment_status":"closed","ping_status":"closed","template":"","meta":{"footnotes":""},"class_list":["post-9599","page","type-page","status-publish","hentry"],"_links":{"self":[{"href":"https:\/\/pedf.gdu.edu.az\/index.php?rest_route=\/wp\/v2\/pages\/9599","targetHints":{"allow":["GET"]}}],"collection":[{"href":"https:\/\/pedf.gdu.edu.az\/index.php?rest_route=\/wp\/v2\/pages"}],"about":[{"href":"https:\/\/pedf.gdu.edu.az\/index.php?rest_route=\/wp\/v2\/types\/page"}],"author":[{"embeddable":true,"href":"https:\/\/pedf.gdu.edu.az\/index.php?rest_route=\/wp\/v2\/users\/4"}],"replies":[{"embeddable":true,"href":"https:\/\/pedf.gdu.edu.az\/index.php?rest_route=%2Fwp%2Fv2%2Fcomments&post=9599"}],"version-history":[{"count":2,"href":"https:\/\/pedf.gdu.edu.az\/index.php?rest_route=\/wp\/v2\/pages\/9599\/revisions"}],"predecessor-version":[{"id":9792,"href":"https:\/\/pedf.gdu.edu.az\/index.php?rest_route=\/wp\/v2\/pages\/9599\/revisions\/9792"}],"wp:attachment":[{"href":"https:\/\/pedf.gdu.edu.az\/index.php?rest_route=%2Fwp%2Fv2%2Fmedia&parent=9599"}],"curies":[{"name":"wp","href":"https:\/\/api.w.org\/{rel}","templated":true}]}}