{"id":9581,"date":"2025-04-01T11:45:25","date_gmt":"2025-04-01T09:45:25","guid":{"rendered":"https:\/\/pedf.gdu.edu.az\/?page_id=9581"},"modified":"2025-04-07T09:40:53","modified_gmt":"2025-04-07T07:40:53","slug":"huseynova-m%c9%99hs%c9%99ti-saleh-qizi","status":"publish","type":"page","link":"https:\/\/pedf.gdu.edu.az\/?page_id=9581","title":{"rendered":"H\u00fcseynova M\u0259hs\u0259ti Saleh q\u0131z\u0131"},"content":{"rendered":"\n<div class=\"wp-block-image\"><figure class=\"alignleft size-full is-resized\"><img loading=\"lazy\" decoding=\"async\" src=\"https:\/\/pedf.gdu.edu.az\/wp-content\/uploads\/2025\/04\/\u0420\u0438\u0441\u0443\u043d\u043e\u043a1-1.jpg\" alt=\"\" class=\"wp-image-9582\" width=\"244\" height=\"342\"\/><\/figure><\/div>\n\n\n\n<p><strong>Fiziki t\u0259rbiy\u0259, \u00e7a\u011f\u0131r\u0131\u015faq\u0259d\u0259rki haz\u0131rl\u0131q v\u0259 m\u00fclki m\u00fcdafi\u0259 kafedras\u0131n\u0131n laboratoriya m\u00fcdiri H\u00fcseynova M\u0259hs\u0259ti&nbsp;<\/strong><\/p>\n\n\n\n<p>tel: 0559917086<\/p>\n\n\n\n<p>E-mail: mehsetihuseynov@gmail.com<\/p>\n\n\n\n<p><strong>QISA B\u0130OQRAF\u0130K M\u018fLUMAT<\/strong><\/p>\n\n\n\n<p>1968-ci il&nbsp; dekabr\u0131n 3-d\u0259 G\u0259nc\u0259 \u015f\u0259h\u0259rind\u0259 anadan olub<\/p>\n\n\n\n<p>1976-c\u0131 ild\u0259 G\u0259nc\u0259 \u015f\u0259h\u0259r 30 sayl\u0131 orta m\u0259kt\u0259b\u0259 daxil olub<\/p>\n\n\n\n<p>1986-c\u0131 ild\u0259 G\u0259nc\u0259 \u015f\u0259h\u0259r 19 cayl\u0131 orta m\u0259kt\u0259bi bitirib<\/p>\n\n\n\n<p>2005-ci ild\u0259n Yeni Az\u0259rbaycan Partiyas\u0131n\u0131n \u00fczv\u00fcd\u00fcr<\/p>\n\n\n\n<p><strong>T\u018fHS\u0130L\u0130 V\u018f ELM\u0130 D\u018fR\u018fC\u018f ADLARI<\/strong><\/p>\n\n\n\n<p>1986-c\u0131 ild\u0259 Az\u0259rbaycan Texnologiya \u0130nstitutunun ax\u015fam \u015f\u00f6b\u0259sin\u0259 q\u0259bul olub<\/p>\n\n\n\n<p>1992-ci ild\u0259 h\u0259min institutu&nbsp; bitirib<\/p>\n\n\n\n<p>2015-ci ild\u0259 Az\u0259rbaycan Respublikas\u0131 F\u00f6vq\u0259lad\u0259 Hallar Nazirliyi M\u00fclki M\u00fcdafi\u0259 qo\u015funlar\u0131 M\u00fclki m\u00fcdafi\u0259 idar\u0259sinin G\u0259nc\u0259 Regional FH v\u0259 M\u00fclki m\u00fcdafi\u0259&nbsp; \u015f\u00f6b\u0259sinin m\u00fclki m\u00fcdafi\u0259 kursunu bitirib.<\/p>\n\n\n\n<p>2018-ci ild\u0259 Az\u0259rbaycan Respublikas\u0131 F\u00f6vq\u0259lad\u0259 Hallar Nazirliyi M\u00fclki M\u00fcdafi\u0259 qo\u015funlar\u0131 M\u00fclki m\u00fcdafi\u0259 idar\u0259sinin G\u0259nc\u0259 Regional FH v\u0259 M\u00fclki m\u00fcdafi\u0259&nbsp; \u015f\u00f6b\u0259sinin m\u00fclki m\u00fcdafi\u0259 kursunu bitirib.<\/p>\n\n\n\n<p><strong>\u018fM\u018fK F\u018fAL\u0130YY\u018fT\u0130<\/strong><\/p>\n\n\n\n<p>1997-ci ild\u0259H.Z\u0259rdabi ad\u0131na GDP\u0130-nin t\u0259dris \u015f\u00f6b\u0259sin\u0259 q\u0259bul olub<\/p>\n\n\n\n<p>2000-ci ild\u0259 H.Z\u0259rdabi ad\u0131na GDP\u0130-nin Filologiya fak\u00fclt\u0259sind\u0259 katib\u0259-makina\u00e7\u0131 v\u0259zif\u0259sind\u0259 i\u015fl\u0259yib<\/p>\n\n\n\n<p>2002-ci ild\u0259n \u201cG\u0259ncl\u0259rin \u00e7a\u011f\u0131r\u0131\u015faq\u0259d\u0259rki haz\u0131rl\u0131\u011f\u0131 v\u0259 onun t\u0259drisi metodikas\u0131\u201d kafedras\u0131na ba\u015f laborant v\u0259zif\u0259sin\u0259 t\u0259yin edilib<\/p>\n\n\n\n<p>2004-c\u00fc il tarixd\u0259n h\u0259min kafedraya laboratoriya m\u00fcdiri v\u0259zif\u0259sin\u0259 ke\u00e7irilib<strong><\/strong><\/p>\n","protected":false},"excerpt":{"rendered":"<p>Fiziki t\u0259rbiy\u0259, \u00e7a\u011f\u0131r\u0131\u015faq\u0259d\u0259rki haz\u0131rl\u0131q v\u0259 m\u00fclki m\u00fcdafi\u0259 kafedras\u0131n\u0131n laboratoriya m\u00fcdiri H\u00fcseynova M\u0259hs\u0259ti&nbsp; tel: 0559917086 E-mail: mehsetihuseynov@gmail.com QISA B\u0130OQRAF\u0130K M\u018fLUMAT 1968-ci il&nbsp; dekabr\u0131n 3-d\u0259 G\u0259nc\u0259 \u015f\u0259h\u0259rind\u0259 anadan olub 1976-c\u0131 ild\u0259 G\u0259nc\u0259 \u015f\u0259h\u0259r 30 sayl\u0131 orta m\u0259kt\u0259b\u0259 daxil olub 1986-c\u0131 ild\u0259 G\u0259nc\u0259 \u015f\u0259h\u0259r 19 cayl\u0131 orta m\u0259kt\u0259bi bitirib 2005-ci ild\u0259n Yeni Az\u0259rbaycan Partiyas\u0131n\u0131n \u00fczv\u00fcd\u00fcr T\u018fHS\u0130L\u0130 V\u018f ELM\u0130<\/p>\n<p><a href=\"https:\/\/pedf.gdu.edu.az\/?page_id=9581\" class=\"more-link themebutton\">Daha \u0259trafl\u0131 <\/a><\/p>\n","protected":false},"author":4,"featured_media":0,"parent":0,"menu_order":0,"comment_status":"closed","ping_status":"closed","template":"","meta":{"footnotes":""},"class_list":["post-9581","page","type-page","status-publish","hentry"],"_links":{"self":[{"href":"https:\/\/pedf.gdu.edu.az\/index.php?rest_route=\/wp\/v2\/pages\/9581","targetHints":{"allow":["GET"]}}],"collection":[{"href":"https:\/\/pedf.gdu.edu.az\/index.php?rest_route=\/wp\/v2\/pages"}],"about":[{"href":"https:\/\/pedf.gdu.edu.az\/index.php?rest_route=\/wp\/v2\/types\/page"}],"author":[{"embeddable":true,"href":"https:\/\/pedf.gdu.edu.az\/index.php?rest_route=\/wp\/v2\/users\/4"}],"replies":[{"embeddable":true,"href":"https:\/\/pedf.gdu.edu.az\/index.php?rest_route=%2Fwp%2Fv2%2Fcomments&post=9581"}],"version-history":[{"count":2,"href":"https:\/\/pedf.gdu.edu.az\/index.php?rest_route=\/wp\/v2\/pages\/9581\/revisions"}],"predecessor-version":[{"id":9786,"href":"https:\/\/pedf.gdu.edu.az\/index.php?rest_route=\/wp\/v2\/pages\/9581\/revisions\/9786"}],"wp:attachment":[{"href":"https:\/\/pedf.gdu.edu.az\/index.php?rest_route=%2Fwp%2Fv2%2Fmedia&parent=9581"}],"curies":[{"name":"wp","href":"https:\/\/api.w.org\/{rel}","templated":true}]}}