{"id":9575,"date":"2025-04-01T11:42:44","date_gmt":"2025-04-01T09:42:44","guid":{"rendered":"https:\/\/pedf.gdu.edu.az\/?page_id=9575"},"modified":"2025-04-07T09:40:31","modified_gmt":"2025-04-07T07:40:31","slug":"%c9%99miraslanov-s%c9%99rxan-nail-o","status":"publish","type":"page","link":"https:\/\/pedf.gdu.edu.az\/?page_id=9575","title":{"rendered":"\u018fmiraslanov S\u0259rxan Nail o."},"content":{"rendered":"\n<div class=\"wp-block-image\"><figure class=\"alignleft size-full is-resized\"><img loading=\"lazy\" decoding=\"async\" src=\"https:\/\/pedf.gdu.edu.az\/wp-content\/uploads\/2025\/04\/s\u0259r.jpg\" alt=\"\" class=\"wp-image-9576\" width=\"213\" height=\"297\" srcset=\"https:\/\/pedf.gdu.edu.az\/wp-content\/uploads\/2025\/04\/s\u0259r.jpg 1446w, https:\/\/pedf.gdu.edu.az\/wp-content\/uploads\/2025\/04\/s\u0259r-768x1075.jpg 768w, https:\/\/pedf.gdu.edu.az\/wp-content\/uploads\/2025\/04\/s\u0259r-1097x1536.jpg 1097w\" sizes=\"auto, (max-width: 213px) 100vw, 213px\" \/><\/figure><\/div>\n\n\n\n<p><strong>Fiziki t\u0259rbiy\u0259, \u00e7a\u011f\u0131r\u0131\u015faq\u0259d\u0259rki haz\u0131rl\u0131q v\u0259 m\u00fclki m\u00fcdafi\u0259 kafedras\u0131n\u0131n&nbsp; m\u00fc\u0259llimi \u018fmiraslanov S\u0259rxan<\/strong><\/p>\n\n\n\n<p>tel: 0504217060<\/p>\n\n\n\n<p>E-mail:<\/p>\n\n\n\n<p><strong>QISA B\u0130OQRAF\u0130K M\u018fLUMAT<\/strong><\/p>\n\n\n\n<p>1996-c\u0131 il 20 oktyabrda &nbsp;G\u0259d\u0259b\u0259y rayonu S\u0259b\u0259tke\u00e7m\u0259z k\u0259ndind\u0259 anadan olub.<\/p>\n\n\n\n<p>2003-2014 ill\u0259rd\u0259 &nbsp;G\u0259d\u0259b\u0259y S\u0259b\u0259tke\u00e7m\u0259z k\u0259nd orta m\u0259kt\u0259bind\u0259 t\u0259hsil al\u0131b.<\/p>\n\n\n\n<p>2020\/2021-ci ill\u0259rd\u0259 h\u0259rbi xidm\u0259td\u0259 olub<\/p>\n\n\n\n<p>2016-c\u0131 ild\u0259n Yeni Az\u0259rbaycan Partiyas\u0131n\u0131n \u00fczv\u00fcd\u00fcr<\/p>\n\n\n\n<p><strong>T\u018fHS\u0130L\u0130 V\u018f ELM\u0130 D\u018fR\u018fC\u018f ADLARI<\/strong><\/p>\n\n\n\n<p>2014-c\u00fc ild\u0259 G\u0259nc\u0259 D\u00f6vl\u0259t Universitetinin Fiziki t\u0259rbiy\u0259 v\u0259 \u00e7a\u011f\u0131r\u0131\u015faq\u0259d\u0259rki haz\u0131rl\u0131q ixtisas\u0131na q\u0259bul olub<\/p>\n\n\n\n<p>2018-ci ild\u0259 bakalavr pill\u0259sini bitirib<\/p>\n\n\n\n<p>2018\/2020-ci ill\u0259rd\u0259 G\u0259nc\u0259 D\u00f6vl\u0259t Universitetinin Fiziki t\u0259rbiy\u0259 n\u0259z\u0259riyy\u0259si v\u0259 metodikas\u0131 magistratura pill\u0259sini bitirib<\/p>\n\n\n\n<p><strong>\u018fM\u018fK F\u018fAL\u0130YY\u018fT\u0130<\/strong><\/p>\n\n\n\n<p>2021-ci ild\u0259n G\u0259nc\u0259 D\u00f6vl\u0259t Universitetinin Fiziki t\u0259rbiy\u0259, \u00e7a\u011firi\u015faq\u0259d\u0259rki haz\u0131rl\u0131q v\u0259 m\u00fclki m\u00fcdafi\u0259 kafedras\u0131nda<strong>&nbsp; <\/strong>m\u00fc\u0259llim<\/p>\n\n\n\n<p><strong>ELM\u0130 M\u018fQAL\u018fL\u018fR\u0130<\/strong>&nbsp;&nbsp;&nbsp;&nbsp;&nbsp;&nbsp;&nbsp;&nbsp;&nbsp;&nbsp;&nbsp;&nbsp;&nbsp;&nbsp;&nbsp;&nbsp;&nbsp;<\/p>\n\n\n\n<p>1. \u0130dman\u00e7\u0131n\u0131n yar\u0131\u015fqaba\u011f\u0131 haz\u0131rl\u0131\u011f\u0131. GDU Elmi x\u0259b\u0259rl\u0259r. Fundamental, humanitar v\u0259 t\u0259bi\u0259t elml\u0259ri seriyas\u0131. G\u0259nc\u0259 2018,\u21162<\/p>\n\n\n\n<p>2. L\u00f6vh\u0259 atma\u011f\u0131n inki\u015faf m\u0259rh\u0259l\u0259si v\u0259 \u00f6yr\u0259dilm\u0259 metodikas\u0131. GDU Elmi x\u0259b\u0259rl\u0259r. Fundamental, humanitar v\u0259 t\u0259bi\u0259t elml\u0259ri seriyas\u0131. G\u0259nc\u0259 2019,\u21161<\/p>\n\n\n\n<p>3. G\u0259ncl\u0259rin \u00e7a\u011f\u0131r\u0131\u015faq\u0259d\u0259rki haz\u0131rl\u0131\u011f\u0131nda g\u0259ncl\u0259rin ideya-siyasi haz\u0131rl\u0131\u011f\u0131n\u0131n \u00f6yr\u0259dilm\u0259sin\u0259 dair bilikl\u0259rin formala\u015fd\u0131r\u0131lmas\u0131. GDU Elmi x\u0259b\u0259rl\u0259r. Fundamental, humanitar v\u0259 t\u0259bi\u0259t elml\u0259ri seriyas\u0131. G\u0259nc\u0259 2022,\u21161<\/p>\n\n\n\n<p>4. G\u0259ncl\u0259rin \u00e7a\u011f\u0131r\u0131\u015faq\u0259d\u0259rki haz\u0131rl\u0131\u011f\u0131nda h\u0259rbi f\u0259aliyy\u0259tin strukturunun \u00f6yr\u0259dilm\u0259si. GDU Elmi x\u0259b\u0259rl\u0259r. Fundamental, humanitar v\u0259 t\u0259bi\u0259t elml\u0259ri seriyas\u0131. G\u0259nc\u0259 2023,\u21162<\/p>\n\n\n\n<p>5. H\u0259rbi r\u0259hb\u0259rin t\u0259limin keyfiyy\u0259t v\u0259 s\u0259m\u0259r\u0259liliyin\u0259 n\u0259zar\u0259t \u00fcsulu. GDU Elmi x\u0259b\u0259rl\u0259r. Fundamental, humanitar v\u0259 t\u0259bi\u0259t elml\u0259ri seriyas\u0131. G\u0259nc\u0259 2024,\u21162<\/p>\n\n\n\n<p>6. G\u0259ncl\u0259rin \u00e7a\u011f\u0131r\u0131\u015faq\u0259d\u0259rki haz\u0131rl\u0131\u011f\u0131nda h\u0259rbi qulluq\u00e7ular\u0131n milli-psixoloji x\u00fcsusiyy\u0259tl\u0259rinin n\u0259z\u0259r\u0259 al\u0131nmas\u0131. GDU Elmi x\u0259b\u0259rl\u0259r. Fundamental, humanitar v\u0259 t\u0259bi\u0259t elml\u0259ri seriyas\u0131. G\u0259nc\u0259 2024,\u21164<\/p>\n","protected":false},"excerpt":{"rendered":"<p>Fiziki t\u0259rbiy\u0259, \u00e7a\u011f\u0131r\u0131\u015faq\u0259d\u0259rki haz\u0131rl\u0131q v\u0259 m\u00fclki m\u00fcdafi\u0259 kafedras\u0131n\u0131n&nbsp; m\u00fc\u0259llimi \u018fmiraslanov S\u0259rxan tel: 0504217060 E-mail: QISA B\u0130OQRAF\u0130K M\u018fLUMAT 1996-c\u0131 il 20 oktyabrda &nbsp;G\u0259d\u0259b\u0259y rayonu S\u0259b\u0259tke\u00e7m\u0259z k\u0259ndind\u0259 anadan olub. 2003-2014 ill\u0259rd\u0259 &nbsp;G\u0259d\u0259b\u0259y S\u0259b\u0259tke\u00e7m\u0259z k\u0259nd orta m\u0259kt\u0259bind\u0259 t\u0259hsil al\u0131b. 2020\/2021-ci ill\u0259rd\u0259 h\u0259rbi xidm\u0259td\u0259 olub 2016-c\u0131 ild\u0259n Yeni Az\u0259rbaycan Partiyas\u0131n\u0131n \u00fczv\u00fcd\u00fcr T\u018fHS\u0130L\u0130 V\u018f ELM\u0130 D\u018fR\u018fC\u018f ADLARI 2014-c\u00fc ild\u0259 G\u0259nc\u0259<\/p>\n<p><a href=\"https:\/\/pedf.gdu.edu.az\/?page_id=9575\" class=\"more-link themebutton\">Daha \u0259trafl\u0131 <\/a><\/p>\n","protected":false},"author":4,"featured_media":0,"parent":0,"menu_order":0,"comment_status":"closed","ping_status":"closed","template":"","meta":{"footnotes":""},"class_list":["post-9575","page","type-page","status-publish","hentry"],"_links":{"self":[{"href":"https:\/\/pedf.gdu.edu.az\/index.php?rest_route=\/wp\/v2\/pages\/9575","targetHints":{"allow":["GET"]}}],"collection":[{"href":"https:\/\/pedf.gdu.edu.az\/index.php?rest_route=\/wp\/v2\/pages"}],"about":[{"href":"https:\/\/pedf.gdu.edu.az\/index.php?rest_route=\/wp\/v2\/types\/page"}],"author":[{"embeddable":true,"href":"https:\/\/pedf.gdu.edu.az\/index.php?rest_route=\/wp\/v2\/users\/4"}],"replies":[{"embeddable":true,"href":"https:\/\/pedf.gdu.edu.az\/index.php?rest_route=%2Fwp%2Fv2%2Fcomments&post=9575"}],"version-history":[{"count":2,"href":"https:\/\/pedf.gdu.edu.az\/index.php?rest_route=\/wp\/v2\/pages\/9575\/revisions"}],"predecessor-version":[{"id":9785,"href":"https:\/\/pedf.gdu.edu.az\/index.php?rest_route=\/wp\/v2\/pages\/9575\/revisions\/9785"}],"wp:attachment":[{"href":"https:\/\/pedf.gdu.edu.az\/index.php?rest_route=%2Fwp%2Fv2%2Fmedia&parent=9575"}],"curies":[{"name":"wp","href":"https:\/\/api.w.org\/{rel}","templated":true}]}}