{"id":9569,"date":"2025-04-01T11:33:02","date_gmt":"2025-04-01T09:33:02","guid":{"rendered":"https:\/\/pedf.gdu.edu.az\/?page_id=9569"},"modified":"2025-04-03T09:31:31","modified_gmt":"2025-04-03T07:31:31","slug":"%c9%99l%c9%99kb%c9%99rova-zulfiyy%c9%99-b%c9%99xtiyar-q","status":"publish","type":"page","link":"https:\/\/pedf.gdu.edu.az\/?page_id=9569","title":{"rendered":"\u018fl\u0259kb\u0259rova Z\u00fclfiyy\u0259 B\u0259xtiyar q.\u00a0"},"content":{"rendered":"\n<div class=\"wp-block-image\"><figure class=\"alignleft size-full is-resized\"><img loading=\"lazy\" decoding=\"async\" src=\"https:\/\/pedf.gdu.edu.az\/wp-content\/uploads\/2025\/04\/z.jpg\" alt=\"\" class=\"wp-image-9570\" width=\"221\" height=\"309\" srcset=\"https:\/\/pedf.gdu.edu.az\/wp-content\/uploads\/2025\/04\/z.jpg 1445w, https:\/\/pedf.gdu.edu.az\/wp-content\/uploads\/2025\/04\/z-768x1076.jpg 768w, https:\/\/pedf.gdu.edu.az\/wp-content\/uploads\/2025\/04\/z-1097x1536.jpg 1097w\" sizes=\"auto, (max-width: 221px) 100vw, 221px\" \/><\/figure><\/div>\n\n\n\n<p><strong>Fiziki t\u0259rbiy\u0259, \u00e7a\u011f\u0131r\u0131\u015faq\u0259d\u0259rki haz\u0131rl\u0131q v\u0259 m\u00fclki m\u00fcdafi\u0259 kafedras\u0131n\u0131n&nbsp; m\u00fc\u0259llimi \u018fl\u0259kb\u0259rova Z\u00fclfiyy\u0259<\/strong><\/p>\n\n\n\n<p>tel: 0558041413<\/p>\n\n\n\n<p>E-mail: zulfiyyealakbarova56@gmail.com<\/p>\n\n\n\n<p><strong>QISA B\u0130OQRAF\u0130K M\u018fLUMAT<\/strong><\/p>\n\n\n\n<p>1970-ci il 18 oktyabr tarixind\u0259 G\u0259nc\u0259 \u015f\u0259h\u0259rind\u0259 anadan olub<\/p>\n\n\n\n<p>1977\/1987-ci ild\u0259 N.N\u0259rimanov ad\u0131na 25 \u2116-li orta m\u0259kt\u0259bind\u0259 t\u0259hsil al\u0131b<\/p>\n\n\n\n<p>1997-ci ild\u0259n Yeni Az\u0259rbaycan Partiyas\u0131n\u0131n \u00fczv\u00fcd\u00fcr<\/p>\n\n\n\n<p><strong>T\u018fHS\u0130L\u0130 V\u018f ELM\u0130 D\u018fR\u018fC\u018f ADLARI<\/strong><\/p>\n\n\n\n<p>1988-ci ild\u0259 Az\u0259rbaycan Politexnik \u0130nstitutuna daxil olub<\/p>\n\n\n\n<p>1994-c\u00fc ild\u0259 Az\u0259rbaycan Texniki Universiteti bitirib<\/p>\n\n\n\n<p>1997-ci ild\u0259 Regional M\u00fclki m\u00fcdafi\u0259 kursunu bitirib<\/p>\n\n\n\n<p>2010-cu ild\u0259 \u201cG\u0259l\u0259c\u0259k \u00fc\u00e7\u00fcn T\u0259hsil\u201d t\u0259lim kursunu bitirib v\u0259 sertifikatla t\u0259ltif olunub<\/p>\n\n\n\n<p>2015-ci ild\u0259 Az\u0259rbaycan Respublikas\u0131 F\u00f6vq\u0259lad\u0259 Hallar Nazirliyi M\u00fclki M\u00fcdafi\u0259 qo\u015funlar\u0131 M\u00fclki m\u00fcdafi\u0259 idar\u0259sinin G\u0259nc\u0259 Regional FH v\u0259 M\u00fclki m\u00fcdafi\u0259&nbsp; \u015f\u00f6b\u0259sinin m\u00fclki m\u00fcdafi\u0259 kursunu bitirib.<\/p>\n\n\n\n<p>2018-ci ild\u0259 Az\u0259rbaycan Respublikas\u0131 F\u00f6vq\u0259lad\u0259 Hallar Nazirliyi G\u0259nc\u0259 Regional M\u0259rk\u0259zinin Regional M\u00fclki m\u00fcdafi\u0259&nbsp; kursunu bitirib.<\/p>\n\n\n\n<p>2022-ci ild\u0259 \u201cSillabuslar\u0131n t\u0259rtibi, t\u0259lim n\u0259tic\u0259l\u0259rinin formala\u015fd\u0131r\u0131lmas\u0131 v\u0259 qiym\u0259tl\u0259ndirilm\u0259si\u201dn\u0259 dair t\u0259limd\u0259 i\u015ftirak edib v\u0259 sertifikatla t\u0259ltif edilib<\/p>\n\n\n\n<p>2022-ci ild\u0259 \u201c Gendery\u00f6n\u00fcml\u00fc pedaqogika\u201d t\u0259limind\u0259 i\u015ftirak edib v\u0259 sertifikatla t\u0259ltif edilib<\/p>\n\n\n\n<p>2023-c\u00fc ild\u0259 \u201cDaxili keyfiyy\u0259t t\u0259minat\u0131 sisteminin s\u0259m\u0259r\u0259li t\u0259\u015fkili\u201dn\u0259 dair t\u0259limd\u0259 i\u015ftirak edib v\u0259 sertifikatla t\u0259ltif edilib<\/p>\n\n\n\n<p><strong>\u018fM\u018fK F\u018fAL\u0130YY\u018fT\u0130<\/strong><\/p>\n\n\n\n<p>1996-c\u0131 ild\u0259 H.Z\u0259rdabi ad\u0131na G\u0259nc\u0259 D\u00f6vl\u0259t Pedaqoji \u0130nstitutunun \u0130btidai h\u0259rbi haz\u0131rl\u0131q v\u0259 m\u00fclki m\u00fcdafi\u0259 kafedras\u0131nda laborant v\u0259zif\u0259sind\u0259 i\u015fl\u0259yib<\/p>\n\n\n\n<p>2002-ci ild\u0259 G\u0259ncl\u0259rin \u00e7a\u011f\u0131r\u0131\u015faq\u0259d\u0259rki haz\u0131rl\u0131\u011f\u0131 v\u0259 onun t\u0259drisi metodikas\u0131 kafedras\u0131nda ba\u015f laborant<\/p>\n\n\n\n<p>2019-cu ild\u0259n Fiziki t\u0259rbiy\u0259, \u00e7a\u011f\u0131r\u0131\u015faq\u0259d\u0259rki haz\u0131rl\u0131q v\u0259 m\u00fclki m\u00fcdafi\u0259 kafedras\u0131nda m\u00fc\u0259llim<\/p>\n\n\n\n<p><strong>ELM\u0130 M\u018fQAL\u018fL\u018fR\u0130<\/strong><\/p>\n\n\n\n<p>1. Sanitar-gigiyenik anlay\u0131\u015flar\u0131n \u00f6yr\u0259dilm\u0259sin\u0259 dair. GDP\u0130 Elmi \u0259s\u0259rl\u0259r m\u0259cmu\u0259si. G\u0259nc\u0259 1999 -cu il&nbsp;&nbsp;&nbsp;&nbsp;&nbsp;&nbsp;&nbsp;&nbsp;<\/p>\n\n\n\n<p>2. MM d\u0259rsl\u0259rind\u0259 kimy\u0259vi silah i\u015fl\u0259dildikd\u0259n sonra \u0259halinin sanitar t\u0259mizliyind\u0259n ke\u00e7irilm\u0259sinin \u0259sas istiqam\u0259tl\u0259rinin t\u0259drisin\u0259 dair. GDU Elmi \u0259s\u0259rl\u0259r m\u0259cmu\u0259si G\u0259nc\u0259 2000-ci il<\/p>\n\n\n\n<p>3. O metodax pedaqoqi\u00e7eskoqo issledovanie po fizi\u00e7eskomu vospitaniyo. Humanitar elml\u0259rin \u00f6yr\u0259nilm\u0259sinin aktual probleml\u0259ri m\u0259cmu\u0259si, Bak\u0131 2015 \u2116 1&nbsp;&nbsp;&nbsp;&nbsp;&nbsp;&nbsp;&nbsp;&nbsp;&nbsp;&nbsp;&nbsp;&nbsp;&nbsp;&nbsp;<\/p>\n\n\n\n<p>4. H\u0259rbi topoqrafiya. GDU Elmi x\u0259b\u0259rl\u0259r. Fundamental, humanitar v\u0259 t\u0259bi\u0259t elml\u0259ri seriyas\u0131. G\u0259nc\u0259 2019. \u21162&nbsp;&nbsp;&nbsp;&nbsp;&nbsp;&nbsp;&nbsp; &nbsp;&nbsp;&nbsp;&nbsp;&nbsp;&nbsp;&nbsp;&nbsp;&nbsp;&nbsp;&nbsp;&nbsp;&nbsp;&nbsp;&nbsp;&nbsp;&nbsp;&nbsp;&nbsp;&nbsp;&nbsp;&nbsp;&nbsp;&nbsp;&nbsp;&nbsp;&nbsp;&nbsp;&nbsp;&nbsp;&nbsp;&nbsp;&nbsp;&nbsp;&nbsp;&nbsp;&nbsp;&nbsp;&nbsp;&nbsp;&nbsp;&nbsp;&nbsp;&nbsp;&nbsp;&nbsp;&nbsp;<\/p>\n\n\n\n<p>5. K\u00fctl\u0259vi q\u0131r\u011f\u0131n silahlar\u0131n\u0131n t\u0259tbiqi zaman\u0131 yaranan infeksiyalar GDU Elmi x\u0259b\u0259rl\u0259r. Fundamental, humanitar v\u0259 t\u0259bi\u0259t elml\u0259ri seriyas\u0131. G\u0259nc\u0259 2021.<\/p>\n\n\n\n<p>6. H\u0259rbi idman qur\u011fular\u0131n\u0131n n\u00f6vl\u0259ri v\u0259 qurulu\u015f elementl\u0259ri. GDU Elmi x\u0259b\u0259rl\u0259r. Fundamental, humanitar v\u0259 t\u0259bi\u0259t elml\u0259ri seriyas\u0131.G\u0259nc\u0259 2022 \u21161<\/p>\n\n\n\n<p>7. M\u00fclki m\u00fcdafi\u0259d\u0259 \u0259halinin m\u00fchafiz\u0259sinin prinsip v\u0259 \u00fcsullar\u0131. GDU Elmi x\u0259b\u0259rl\u0259r. Fundamental, humanitar v\u0259 t\u0259bi\u0259t elml\u0259ri seriyas\u0131. G\u0259nc\u0259 2022 \u21161<\/p>\n\n\n\n<p>8. M\u00fclki m\u00fcdafi\u0259 v\u0259 ilk tibbi yard\u0131m. F\u0259nn proqram\u0131<\/p>\n\n\n\n<p>9. Taktiki haz\u0131rl\u0131q F\u0259nn praqram\u0131<\/p>\n\n\n\n<p>10. G\u0259ncl\u0259rin \u00e7a\u011fr\u0131\u015faq\u0259d\u0259rki haz\u0131rl\u0131\u011f\u0131nda h\u0259rbi haz\u0131rl\u0131\u011f\u0131n t\u0259\u015fkilinin n\u0259z\u0259ri \u0259saslar\u0131. F\u0259nn proqram\u0131<\/p>\n\n\n\n<p>11. H\u0259rbi Qanunvericiliyin \u0259saslar\u0131. F\u0259nn proqram\u0131<\/p>\n\n\n\n<p>12. Orta \u00fcmumt\u0259hsil m\u0259kt\u0259bl\u0259rind\u0259 g\u0259ncl\u0259rin h\u0259rbi v\u0259t\u0259np\u0259rv\u0259rlik t\u0259rbiy\u0259sinin t\u0259\u015fkili. F\u0259nn proqram\u0131<\/p>\n\n\n\n<p>13. H\u0259rbi Qanunvericiliyin v\u0259 nizamnam\u0259l\u0259rin&nbsp; oyr\u0259dilm\u0259si istiqam\u0259tl\u0259ri. F\u0259nn proqram\u0131<\/p>\n\n\n\n<p>14. Fiziki t\u0259rbiy\u0259 v\u0259 ca\u011fr\u0131\u015faq\u0259d\u0259rki haz\u0131rl\u0131\u011f\u0131n tarixi v\u0259 metodologiyas\u0131. F\u0259nn proqram\u0131<\/p>\n\n\n\n<p>15. Az\u0259rbaycan h\u0259rb tarixi. F\u0259nn proqram\u0131<\/p>\n\n\n\n<p>16. Fiziki q\u00fcsurlu \u015f\u0259xsl\u0259r \u00fc\u00e7\u00fcn fizki t\u0259rbiy\u0259nin t\u0259\u015fkili F\u0259nn proqram\u0131<\/p>\n\n\n\n<p>17. Fiziki t\u0259rbiy\u0259 v\u0259 \u00e7a\u011f\u0131r\u0131\u015faq\u0259d\u0259rki haz\u0131rl\u0131\u011f\u0131n m\u00fcasir probleml\u0259ri F\u0259nn proqram\u0131<\/p>\n\n\n\n<p>18. H\u0259rb i\u015finin \u0259saslar\u0131 F\u0259nn praqram\u0131 G\u0259nc\u0259, 2019<\/p>\n\n\n\n<p>19. Az\u0259rbaycan ordusunun m\u00fcasir d\u00f6y\u00fc\u015f t\u0259cr\u00fcb\u0259sinin g\u0259nc n\u0259sl\u0259 \u00f6yr\u0259dilm\u0259si Magistr f\u0259nn proqram\u0131 G\u0259nc\u0259, 2022<\/p>\n\n\n\n<p>20. Az\u0259rbaycanda ordu quruculu\u011funun \u0259saslar\u0131 (1991-2020) F\u0259nn proqram\u0131 G\u0259nc\u0259-2022<\/p>\n\n\n\n<p>21. Az\u0259rbaycanda ordu quruculu\u011funun \u0259saslar\u0131 F\u0259nn proqram\u0131 G\u0259nc\u0259-2022<\/p>\n\n\n\n<p>22. Fiziki t\u0259rbiy\u0259nin taktiki&nbsp; haz\u0131r\u0131i\u011f\u0131n t\u0259\u015fkilind\u0259 rolu F\u0259nn proqram\u0131 G\u0259nc\u0259-2022<\/p>\n\n\n\n<p>23. Orta \u00fcmumt\u0259hsil m\u0259kt\u0259bl\u0259rind\u0259 idman sa\u011flamla\u015fd\u0131r\u0131c\u0131 turizm i\u015finin t\u0259\u015fkili istiqam\u0259tl\u0259ri. F\u0259nn proqram\u0131 G\u0259nc\u0259-2022<\/p>\n\n\n\n<p>24. Ali m\u0259kt\u0259bl\u0259rd\u0259 h\u0259rbi \u0259lb\u0259yaxa d\u00f6y\u00fc\u015f\u00fcn t\u0259drisinin \u0259sas istiqam\u0259tl\u0259ri F\u0259nn proqram\u0131 G\u0259nc\u0259-2022<\/p>\n\n\n\n<p>25. Az\u0259rbaycan Respublikas\u0131n\u0131n Silahl\u0131 Q\u00fcvv\u0259l\u0259ri GDU Elmi x\u0259b\u0259rl\u0259r. Fundamental, humanitar v\u0259 t\u0259bi\u0259t elml\u0259ri seriyas\u0131. G\u0259nc\u0259 2023,\u21162.<\/p>\n\n\n\n<p>26. Aprel d\u00f6y\u00fc\u015fl\u0259ri. GDU Elmi x\u0259b\u0259rl\u0259r. Fundamental, humanitar v\u0259 t\u0259bi\u0259t elml\u0259ri seriyas\u0131. G\u0259nc\u0259 2024,\u21161.<\/p>\n\n\n\n<p>27. H\u0259rbi t\u0259hsil sistemind\u0259 Ulu \u00d6nd\u0259r Heyd\u0259r \u018fliyevin rolu. GDU Elmi x\u0259b\u0259rl\u0259r. Fundamental, humanitar v\u0259 t\u0259bi\u0259t elml\u0259ri seriyas\u0131. G\u0259nc\u0259 2024,\u21164<\/p>\n\n\n\n<p>28. M\u00fcasir d\u00f6vrd\u0259 insanlar\u0131n m\u00fchafiz\u0259 olunma \u00fcsullar\u0131. GDU Elmi x\u0259b\u0259rl\u0259r. Fundamental, humanitar v\u0259 t\u0259bi\u0259t elml\u0259ri seriyas\u0131. G\u0259nc\u0259 2024,\u21165<\/p>\n\n\n\n<p>29. G\u0259ncl\u0259rin \u00e7a\u011f\u0131r\u0131\u015faq\u0259d\u0259rki haz\u0131rl\u0131\u011f\u0131nda h\u0259rbi r\u0259hb\u0259rin t\u0259lim-t\u0259dris prosesinin \u0259sas istiqam\u0259tl\u0259ri. F\u0259nn proqram\u0131, G\u0259nc\u0259-2024<\/p>\n\n\n\n<p>30. V\u0259t\u0259nin m\u00fcdafi\u0259sin\u0259 haz\u0131ram. F\u0259nn proqram\u0131, G\u0259nc\u0259-2024<\/p>\n\n\n\n<p>31. G\u00fcll\u0259 at\u0131c\u0131l\u0131\u011f\u0131n\u0131n t\u0259drisi metodikas\u0131. F\u0259nn proqram\u0131, G\u0259nc\u0259-2025<\/p>\n","protected":false},"excerpt":{"rendered":"<p>Fiziki t\u0259rbiy\u0259, \u00e7a\u011f\u0131r\u0131\u015faq\u0259d\u0259rki haz\u0131rl\u0131q v\u0259 m\u00fclki m\u00fcdafi\u0259 kafedras\u0131n\u0131n&nbsp; m\u00fc\u0259llimi \u018fl\u0259kb\u0259rova Z\u00fclfiyy\u0259 tel: 0558041413 E-mail: zulfiyyealakbarova56@gmail.com QISA B\u0130OQRAF\u0130K M\u018fLUMAT 1970-ci il 18 oktyabr tarixind\u0259 G\u0259nc\u0259 \u015f\u0259h\u0259rind\u0259 anadan olub 1977\/1987-ci ild\u0259 N.N\u0259rimanov ad\u0131na 25 \u2116-li orta m\u0259kt\u0259bind\u0259 t\u0259hsil al\u0131b 1997-ci ild\u0259n Yeni Az\u0259rbaycan Partiyas\u0131n\u0131n \u00fczv\u00fcd\u00fcr T\u018fHS\u0130L\u0130 V\u018f ELM\u0130 D\u018fR\u018fC\u018f ADLARI 1988-ci ild\u0259 Az\u0259rbaycan Politexnik \u0130nstitutuna daxil olub<\/p>\n<p><a href=\"https:\/\/pedf.gdu.edu.az\/?page_id=9569\" class=\"more-link themebutton\">Daha \u0259trafl\u0131 <\/a><\/p>\n","protected":false},"author":4,"featured_media":0,"parent":0,"menu_order":0,"comment_status":"closed","ping_status":"closed","template":"","meta":{"footnotes":""},"class_list":["post-9569","page","type-page","status-publish","hentry"],"_links":{"self":[{"href":"https:\/\/pedf.gdu.edu.az\/index.php?rest_route=\/wp\/v2\/pages\/9569","targetHints":{"allow":["GET"]}}],"collection":[{"href":"https:\/\/pedf.gdu.edu.az\/index.php?rest_route=\/wp\/v2\/pages"}],"about":[{"href":"https:\/\/pedf.gdu.edu.az\/index.php?rest_route=\/wp\/v2\/types\/page"}],"author":[{"embeddable":true,"href":"https:\/\/pedf.gdu.edu.az\/index.php?rest_route=\/wp\/v2\/users\/4"}],"replies":[{"embeddable":true,"href":"https:\/\/pedf.gdu.edu.az\/index.php?rest_route=%2Fwp%2Fv2%2Fcomments&post=9569"}],"version-history":[{"count":2,"href":"https:\/\/pedf.gdu.edu.az\/index.php?rest_route=\/wp\/v2\/pages\/9569\/revisions"}],"predecessor-version":[{"id":9664,"href":"https:\/\/pedf.gdu.edu.az\/index.php?rest_route=\/wp\/v2\/pages\/9569\/revisions\/9664"}],"wp:attachment":[{"href":"https:\/\/pedf.gdu.edu.az\/index.php?rest_route=%2Fwp%2Fv2%2Fmedia&parent=9569"}],"curies":[{"name":"wp","href":"https:\/\/api.w.org\/{rel}","templated":true}]}}