{"id":9563,"date":"2025-04-01T11:28:15","date_gmt":"2025-04-01T09:28:15","guid":{"rendered":"https:\/\/pedf.gdu.edu.az\/?page_id=9563"},"modified":"2025-04-03T09:30:36","modified_gmt":"2025-04-03T07:30:36","slug":"sariyev-vidadi-agamirz%c9%99-o","status":"publish","type":"page","link":"https:\/\/pedf.gdu.edu.az\/?page_id=9563","title":{"rendered":"Sar\u0131yev Vidadi A\u011famirz\u0259 o."},"content":{"rendered":"\n<div class=\"wp-block-image\"><figure class=\"alignleft size-full is-resized\"><img loading=\"lazy\" decoding=\"async\" src=\"https:\/\/pedf.gdu.edu.az\/wp-content\/uploads\/2025\/04\/v.jpg\" alt=\"\" class=\"wp-image-9564\" width=\"232\" height=\"324\" srcset=\"https:\/\/pedf.gdu.edu.az\/wp-content\/uploads\/2025\/04\/v.jpg 1446w, https:\/\/pedf.gdu.edu.az\/wp-content\/uploads\/2025\/04\/v-768x1075.jpg 768w, https:\/\/pedf.gdu.edu.az\/wp-content\/uploads\/2025\/04\/v-1097x1536.jpg 1097w\" sizes=\"auto, (max-width: 232px) 100vw, 232px\" \/><\/figure><\/div>\n\n\n\n<p><strong>Fiziki t\u0259rbiy\u0259, \u00e7a\u011f\u0131r\u0131\u015faq\u0259d\u0259rki haz\u0131rl\u0131q v\u0259 m\u00fclki m\u00fcdafi\u0259 kafedras\u0131n\u0131n ba\u015f m\u00fc\u0259llimi Sar\u0131yev Vidadi<\/strong><\/p>\n\n\n\n<p>tel: 0702681171<\/p>\n\n\n\n<p>E-mail:<\/p>\n\n\n\n<p><strong>QISA B\u0130OQRAF\u0130K M\u018fLUMAT<\/strong><\/p>\n\n\n\n<p>1948-ci ild\u0259 G\u00f6y-g\u00f6l rayonunda anadan olub.<\/p>\n\n\n\n<p>1972\/73-c\u00fc ild\u0259 h\u0259rbi xidm\u0259td\u0259 olub.<\/p>\n\n\n\n<p>1998-ci ild\u0259n Yeni Az\u0259rbaycan Partiyas\u0131n\u0131n \u00fczv\u00fcd\u00fcr. Ehtiyatda olan mayor \u2013 Qaraba\u011f veteran\u0131,<\/p>\n\n\n\n<p><strong>T\u018fHS\u0130L\u0130 V\u018f ELM\u0130 D\u018fR\u018fC\u018f ADLARI<\/strong><\/p>\n\n\n\n<p>1966-c\u0131 &#8211; ild\u0259 Kirovabad D\u00f6vl\u0259t Pedaqoji \u0130nstitutuna daxil olub<\/p>\n\n\n\n<p>1971-ci ild\u0259 Kirovabad D\u00f6vl\u0259t Pedaqoji \u0130nstitutunu bitirib<\/p>\n\n\n\n<p>1982-ci ild\u0259 Ali M\u0259rk\u0259zl\u0259\u015fmi\u015f zabitl\u0259rin M\u00fclki m\u00fcdafi\u0259 kursunu bitirb<\/p>\n\n\n\n<p>1987-ci ild\u0259 Ali M\u0259rk\u0259zl\u0259\u015fmi\u015f zabitl\u0259rin M\u00fclki m\u00fcdafi\u0259 kursunu bitirb<\/p>\n\n\n\n<p><strong>\u018fM\u018fK F\u018fAL\u0130YY\u018fT\u0130<\/strong><\/p>\n\n\n\n<p>1980-1988-ci ill\u0259rd\u0259 Az\u0259rbaycan Texnologiya \u0130nstitutunda m\u00fc\u0259llim<\/p>\n\n\n\n<p>1989-1995-ci ill\u0259r 28 sayl\u0131 tam orta m\u0259kt\u0259bd\u0259 m\u00fc\u0259llim<\/p>\n\n\n\n<p>1996-c\u0131 ild\u0259 G\u0259nc\u0259 D\u00f6vl\u0259t Universitetinin \u201c\u0130btidai h\u0259rbi haz\u0131rl\u0131q v\u0259 m\u00fclki m\u00fcdafi\u0259\u201d kafedras\u0131nda m\u00fc\u0259llim<\/p>\n\n\n\n<p>2000-ci ild\u0259n \u201cFiziki t\u0259rbiy\u0259, \u00e7a\u011f\u0131r\u0131\u015faq\u0259d\u0259rki haz\u0131rl\u0131q v\u0259 m\u00fclki m\u00fcdafi\u0259\u201d kafedras\u0131nda ba\u015f m\u00fc\u0259llim<\/p>\n\n\n\n<p><strong>ELM\u0130 M\u018fQAL\u018fL\u018fR\u0130<\/strong><\/p>\n\n\n\n<p>1. Dayanma n\u00f6qt\u0259sinin m\u0259saf\u0259l\u0259r \u00f6l\u00e7m\u0259kl\u0259 t\u0259yin olunmas\u0131&nbsp;&nbsp;&nbsp;&nbsp;&nbsp;&nbsp;&nbsp;&nbsp;&nbsp;&nbsp;&nbsp;&nbsp;&nbsp;&nbsp;&nbsp;&nbsp;&nbsp;&nbsp;&nbsp;&nbsp;&nbsp;&nbsp;&nbsp;&nbsp;&nbsp;&nbsp;&nbsp;&nbsp;&nbsp;&nbsp;&nbsp;&nbsp;&nbsp;&nbsp;&nbsp;&nbsp;&nbsp;&nbsp;&nbsp;&nbsp;&nbsp;&nbsp;&nbsp;&nbsp;&nbsp;&nbsp;&nbsp;&nbsp;&nbsp;&nbsp;&nbsp;&nbsp;&nbsp;&nbsp;&nbsp;&nbsp;&nbsp;<\/p>\n\n\n\n<p>2. H\u0259rbi V\u0259t\u0259np\u0259rv\u0259rlik T\u0259rbiy\u0259si \u00fczr\u0259 i\u015fin \u015f\u0259xsiyy\u0259tin formala\u015fmas\u0131na t\u0259siri&nbsp;&nbsp;&nbsp;&nbsp;&nbsp;&nbsp;&nbsp;&nbsp;&nbsp;&nbsp;&nbsp;&nbsp;&nbsp;&nbsp;&nbsp;&nbsp;&nbsp;&nbsp;&nbsp;&nbsp;<\/p>\n\n\n\n<p>3. FH-da m\u00fclki m\u00fcdafi\u0259, G\u0259nc\u0259 \u2013 2007, \u00abRuzigar\u00bb ictimai-siyasi q\u0259zet&nbsp;&nbsp;&nbsp;&nbsp;&nbsp;&nbsp;&nbsp;&nbsp;&nbsp;&nbsp;&nbsp;&nbsp;&nbsp;&nbsp;&nbsp;&nbsp;&nbsp;&nbsp;&nbsp;&nbsp;&nbsp;&nbsp;&nbsp;&nbsp;&nbsp;&nbsp;&nbsp;&nbsp;<\/p>\n\n\n\n<p>4. Fiziki t\u0259rbiy\u0259 v\u0259 onun t\u0259drisi metodikas\u0131, Proqram, Bak\u0131 2009&nbsp;&nbsp;&nbsp;&nbsp;&nbsp;&nbsp;&nbsp;&nbsp;&nbsp;&nbsp;&nbsp;&nbsp;&nbsp;&nbsp;&nbsp;&nbsp;&nbsp;&nbsp;&nbsp;&nbsp;&nbsp;&nbsp;&nbsp;&nbsp;&nbsp;&nbsp;&nbsp;&nbsp;&nbsp;&nbsp;&nbsp;&nbsp;&nbsp;&nbsp;&nbsp;&nbsp;&nbsp;&nbsp;<\/p>\n\n\n\n<p>5. Y\u00fcng\u00fcl atletika v\u0259 onun t\u0259drisi metodikas\u0131, Proqram, Bak\u0131 2011&nbsp;&nbsp;&nbsp;&nbsp;&nbsp;&nbsp;&nbsp;&nbsp;&nbsp;&nbsp;&nbsp;&nbsp;&nbsp;&nbsp;&nbsp;&nbsp;&nbsp;&nbsp;&nbsp;&nbsp;&nbsp;&nbsp;&nbsp;&nbsp;&nbsp;&nbsp;&nbsp;&nbsp;&nbsp;&nbsp;&nbsp;&nbsp;&nbsp;&nbsp;&nbsp;&nbsp;&nbsp;&nbsp;&nbsp;&nbsp;&nbsp;&nbsp;&nbsp;&nbsp;&nbsp;&nbsp;&nbsp;<\/p>\n\n\n\n<p>6. M\u00fclki m\u00fcdafi\u0259 f\u0259nni \u00fczr\u0259 proqram, G\u0259nc\u0259 2012&nbsp;&nbsp;&nbsp;&nbsp;&nbsp;&nbsp;&nbsp;&nbsp;&nbsp;&nbsp;&nbsp;&nbsp;&nbsp;&nbsp;&nbsp;&nbsp;&nbsp;&nbsp;&nbsp;&nbsp;&nbsp;&nbsp;&nbsp;&nbsp;&nbsp;&nbsp;&nbsp;&nbsp;&nbsp;&nbsp;&nbsp;&nbsp;&nbsp;&nbsp;&nbsp;&nbsp;&nbsp;&nbsp;&nbsp;&nbsp;&nbsp;&nbsp;&nbsp;&nbsp;&nbsp;&nbsp;&nbsp;&nbsp;&nbsp;&nbsp;&nbsp;&nbsp;&nbsp;&nbsp;&nbsp;&nbsp;&nbsp;&nbsp;&nbsp;&nbsp;&nbsp;&nbsp;&nbsp;&nbsp;&nbsp;&nbsp;&nbsp;&nbsp;&nbsp;&nbsp;<\/p>\n\n\n\n<p>7. M\u00fclki m\u00fcdafi\u0259 f\u0259nni \u00fczr\u0259 proqram 2013, GDU<\/p>\n\n\n\n<p>8. Hipertoniya x\u0259st\u0259liyi v\u0259 m\u00fcalic\u0259si &#8211; Az\u0259rbaycan Respublikas\u0131 T\u0259hsil Nazirliyi, GDU Elmi x\u0259b\u0259rl\u0259r.G\u0259nc\u0259 2015. \u21161<\/p>\n","protected":false},"excerpt":{"rendered":"<p>Fiziki t\u0259rbiy\u0259, \u00e7a\u011f\u0131r\u0131\u015faq\u0259d\u0259rki haz\u0131rl\u0131q v\u0259 m\u00fclki m\u00fcdafi\u0259 kafedras\u0131n\u0131n ba\u015f m\u00fc\u0259llimi Sar\u0131yev Vidadi tel: 0702681171 E-mail: QISA B\u0130OQRAF\u0130K M\u018fLUMAT 1948-ci ild\u0259 G\u00f6y-g\u00f6l rayonunda anadan olub. 1972\/73-c\u00fc ild\u0259 h\u0259rbi xidm\u0259td\u0259 olub. 1998-ci ild\u0259n Yeni Az\u0259rbaycan Partiyas\u0131n\u0131n \u00fczv\u00fcd\u00fcr. Ehtiyatda olan mayor \u2013 Qaraba\u011f veteran\u0131, T\u018fHS\u0130L\u0130 V\u018f ELM\u0130 D\u018fR\u018fC\u018f ADLARI 1966-c\u0131 &#8211; ild\u0259 Kirovabad D\u00f6vl\u0259t Pedaqoji \u0130nstitutuna daxil olub<\/p>\n<p><a href=\"https:\/\/pedf.gdu.edu.az\/?page_id=9563\" class=\"more-link themebutton\">Daha \u0259trafl\u0131 <\/a><\/p>\n","protected":false},"author":4,"featured_media":0,"parent":0,"menu_order":0,"comment_status":"closed","ping_status":"closed","template":"","meta":{"footnotes":""},"class_list":["post-9563","page","type-page","status-publish","hentry"],"_links":{"self":[{"href":"https:\/\/pedf.gdu.edu.az\/index.php?rest_route=\/wp\/v2\/pages\/9563","targetHints":{"allow":["GET"]}}],"collection":[{"href":"https:\/\/pedf.gdu.edu.az\/index.php?rest_route=\/wp\/v2\/pages"}],"about":[{"href":"https:\/\/pedf.gdu.edu.az\/index.php?rest_route=\/wp\/v2\/types\/page"}],"author":[{"embeddable":true,"href":"https:\/\/pedf.gdu.edu.az\/index.php?rest_route=\/wp\/v2\/users\/4"}],"replies":[{"embeddable":true,"href":"https:\/\/pedf.gdu.edu.az\/index.php?rest_route=%2Fwp%2Fv2%2Fcomments&post=9563"}],"version-history":[{"count":2,"href":"https:\/\/pedf.gdu.edu.az\/index.php?rest_route=\/wp\/v2\/pages\/9563\/revisions"}],"predecessor-version":[{"id":9663,"href":"https:\/\/pedf.gdu.edu.az\/index.php?rest_route=\/wp\/v2\/pages\/9563\/revisions\/9663"}],"wp:attachment":[{"href":"https:\/\/pedf.gdu.edu.az\/index.php?rest_route=%2Fwp%2Fv2%2Fmedia&parent=9563"}],"curies":[{"name":"wp","href":"https:\/\/api.w.org\/{rel}","templated":true}]}}