{"id":9557,"date":"2025-04-01T11:18:35","date_gmt":"2025-04-01T09:18:35","guid":{"rendered":"https:\/\/pedf.gdu.edu.az\/?page_id=9557"},"modified":"2025-04-03T09:28:26","modified_gmt":"2025-04-03T07:28:26","slug":"agayeva-elmira-c%c9%99brayil-q","status":"publish","type":"page","link":"https:\/\/pedf.gdu.edu.az\/?page_id=9557","title":{"rendered":"A\u011fayeva Elmira C\u0259bray\u0131l q"},"content":{"rendered":"\n<div class=\"wp-block-image\"><figure class=\"alignleft size-full is-resized\"><img loading=\"lazy\" decoding=\"async\" src=\"https:\/\/pedf.gdu.edu.az\/wp-content\/uploads\/2025\/04\/e.jpg\" alt=\"\" class=\"wp-image-9558\" width=\"258\" height=\"360\" srcset=\"https:\/\/pedf.gdu.edu.az\/wp-content\/uploads\/2025\/04\/e.jpg 1446w, https:\/\/pedf.gdu.edu.az\/wp-content\/uploads\/2025\/04\/e-768x1075.jpg 768w, https:\/\/pedf.gdu.edu.az\/wp-content\/uploads\/2025\/04\/e-1097x1536.jpg 1097w\" sizes=\"auto, (max-width: 258px) 100vw, 258px\" \/><\/figure><\/div>\n\n\n\n<p><strong>Fiziki t\u0259rbiy\u0259, \u00e7a\u011f\u0131r\u0131\u015faq\u0259d\u0259rki haz\u0131rl\u0131q v\u0259 m\u00fclki m\u00fcdafi\u0259 kafedras\u0131n\u0131n ba\u015f m\u00fc\u0259llimi A\u011fayeva Elmira<\/strong><\/p>\n\n\n\n<p>tel: 0553689347<\/p>\n\n\n\n<p>E-mail: dr.e.aghayeva@gmail.com<\/p>\n\n\n\n<p><strong>QISA B\u0130OQRAF\u0130K M\u018fLUMAT<\/strong><\/p>\n\n\n\n<p>1959 cu ild\u0259 G\u0259nc\u0259 \u015f\u0259h\u0259rind\u0259 anadan olub.&nbsp;<\/p>\n\n\n\n<p>1967\/1977-ci ild\u0259 Kirovabad \u015f\u0259h\u0259rinin 6- sayl\u0131 tam orta m\u0259kt\u0259bind\u0259 t\u0259hsil al\u0131b<\/p>\n\n\n\n<p><strong>T\u018fHS\u0130L\u0130 V\u018f ELM\u0130 D\u018fR\u018fC\u018f ADLARI<\/strong><\/p>\n\n\n\n<p>1979\/1980-ci ill\u0259rd\u0259 Az\u0259rbaycan D\u00f6vl\u0259t Tibb \u0130nstitutunun haz\u0131rl\u0131q \u015f\u00f6b\u0259sin\u0259 daxil olub.<\/p>\n\n\n\n<p>1981-ci ild\u0259 Az\u0259rbaycan D\u00f6vl\u0259t Tibb \u0130nstitutuna q\u0259bul olub<\/p>\n\n\n\n<p>1986-c\u0131 ild\u0259 h\u0259min institutu bitirib<\/p>\n\n\n\n<p><strong>\u018fM\u018fK F\u018fAL\u0130YY\u018fT\u0130<\/strong><\/p>\n\n\n\n<p>1977\/1979-cu il\u0259 kimi G\u0259nc\u0259 \u015f\u0259h\u0259r T\u0259cili yard\u0131m \u015f\u00f6b\u0259sind\u0259 ki\u00e7ik tibb bac\u0131s\u0131 i\u015fl\u0259yib.<\/p>\n\n\n\n<p>1984\/1986-c\u0131 ill\u0259rd\u0259 Bak\u0131 \u015f\u0259h\u0259r Sema\u015fka x\u0259st\u0259xanas\u0131n\u0131n infeksion \u015f\u00f6b\u0259sind\u0259 tibb bac\u0131s\u0131 i\u015fl\u0259yib.<\/p>\n\n\n\n<p>1986\/1987-ci ill\u0259rd\u0259 internaturada olub.<\/p>\n\n\n\n<p>1987\/1996-c\u0131 ill\u0259rd\u0259 sah\u0259 h\u0259kimi i\u015fl\u0259yib.<\/p>\n\n\n\n<p>1992-ci ild\u0259 G\u0259nc\u0259 D\u00f6vl\u0259t Universitetind\u0259 \u00abFiziki t\u0259rbiy\u0259, \u00e7a\u011f\u0131r\u0131\u015faq\u0259d\u0259rki haz\u0131rl\u0131q v\u0259 m\u00fclki m\u00fcdafi\u0259\u00bb &nbsp;kafedras\u0131nda m\u00fc\u0259llim<\/p>\n\n\n\n<p>1998-2007-ci ill\u0259rd\u0259 Qulaq-Burun Bo\u011faz h\u0259kimi i\u015fl\u0259yib.<\/p>\n\n\n\n<p>2004-c\u00fc ild\u0259n G\u0259nc\u0259 D\u00f6vl\u0259t Universitetind\u0259 \u00abFiziki t\u0259rbiy\u0259, \u00e7a\u011f\u0131r\u0131\u015faq\u0259d\u0259rki haz\u0131rl\u0131q v\u0259 m\u00fclki m\u00fcdafi\u0259\u00bb&nbsp; kafedras\u0131nda ba\u015f m\u00fc\u0259llim i\u015fl\u0259yir<\/p>\n\n\n\n<p><strong>ELM\u0130 M\u018fQAL\u018fL\u018fR\u0130<\/strong><\/p>\n\n\n\n<p>1. \u00ab\u00dcr\u0259k \u00e7at\u0131\u015fmamazl\u0131\u011f\u0131\u00bb &#8211; GDU, prof. v\u0259 m\u00fc\u0259lliml\u0259ri aspirant v\u0259 g\u0259nc t\u0259dqiqat\u00e7\u0131lar\u0131n Elmi konfranslar\u0131n\u0131n materiallar\u0131. Bak\u0131 \u00abNurlar\u00bb &#8211; 2005&nbsp;&nbsp;&nbsp;&nbsp;&nbsp;&nbsp;&nbsp;&nbsp;&nbsp;&nbsp;&nbsp;&nbsp;&nbsp;&nbsp;&nbsp;&nbsp;&nbsp;<\/p>\n\n\n\n<p>2. Q\u0130\u00c7S \u2013 GDU, Elmi x\u0259b\u0259rl\u0259r, Bak\u0131 \u00abNurlan\u00bb 2005&nbsp;&nbsp;&nbsp;&nbsp;&nbsp;&nbsp;&nbsp;&nbsp;&nbsp;&nbsp;&nbsp;&nbsp;&nbsp;&nbsp;&nbsp;&nbsp;&nbsp;&nbsp;&nbsp;&nbsp;&nbsp;&nbsp;&nbsp;&nbsp;&nbsp;&nbsp;&nbsp;&nbsp;&nbsp;&nbsp;&nbsp;&nbsp;&nbsp;&nbsp;&nbsp;&nbsp;&nbsp;&nbsp;&nbsp;&nbsp;&nbsp;&nbsp;&nbsp;&nbsp;<\/p>\n\n\n\n<p>3.H\u0259yat \u00fc\u00e7\u00fcn t\u0259hl\u00fck\u0259li olan allerqoloji reaksiya \u2013 GDU, Elmi x\u0259b\u0259rl\u0259r, G\u0259nc\u0259 2001<\/p>\n\n\n\n<p>4. Travma haqq\u0131nda \u00fcmumi m\u0259lumat \u2013 GDU, Elmi x\u0259b\u0259rl\u0259r, G\u0259nc\u0259 2011&nbsp;<\/p>\n\n\n\n<p>5. \u015ei\u015f, metostaz, mutagen \u0259leyhin\u0259 tibbi madd\u0259l\u0259r &#8211; GDU Elmi x\u0259b\u0259rl\u0259r 2012<\/p>\n\n\n\n<p>6. Aseptika v\u0259 antiseptika. Desmurgiya v\u0259 n\u0259qliyyat immobilizasiyas\u0131 &#8211; GDU Elmi x\u0259b\u0259rl\u0259r G\u0259nc\u0259 2013&nbsp;&nbsp;&nbsp;&nbsp;&nbsp;<\/p>\n\n\n\n<p>7. B\u00f6yr\u0259k x\u0259st\u0259likl\u0259ri, b\u00f6yr\u0259k da\u015f\u0131 x\u0259st\u0259likl\u0259ri \u2013 GDU, Elmi x\u0259b\u0259rl\u0259r, G\u0259nc\u0259 2014<\/p>\n\n\n\n<p>8. \u015e\u00fca x\u0259st\u0259liyi \u2013 GDU, Elmi x\u0259b\u0259rl\u0259r, G\u0259nc\u0259 2014<\/p>\n\n\n\n<p>9. Hipertoniya x\u0259st\u0259liyi v\u0259 m\u00fcalic\u0259si &#8211; Az\u0259rbaycan Respublikas\u0131 T\u0259hsil Nazirliyi, GDU Elmi x\u0259b\u0259rl\u0259r.G\u0259nc\u0259 2015. \u21161&nbsp;&nbsp;&nbsp;&nbsp;&nbsp;&nbsp;&nbsp;&nbsp;&nbsp;&nbsp;&nbsp; &nbsp;&nbsp;&nbsp;&nbsp;&nbsp;&nbsp;&nbsp;&nbsp;&nbsp;&nbsp;&nbsp;&nbsp;&nbsp;&nbsp;&nbsp;&nbsp;&nbsp;&nbsp;&nbsp;&nbsp;&nbsp;&nbsp;&nbsp;&nbsp;&nbsp;&nbsp;&nbsp;&nbsp;&nbsp;&nbsp;&nbsp;&nbsp;&nbsp;&nbsp;&nbsp;&nbsp;&nbsp;&nbsp;&nbsp;&nbsp;&nbsp;&nbsp;&nbsp;&nbsp;&nbsp;&nbsp;&nbsp;<\/p>\n\n\n\n<p>10. MM tibb xidm\u0259titnin t\u0259\u015fkili. GDU, Elmi x\u0259b\u0259rl\u0259r, G\u0259nc\u0259 2017<\/p>\n\n\n\n<p>11. Atereskleroz; \u0259m\u0259l\u0259 g\u0259lm\u0259si, f\u0259sadlar\u0131. GDU, Elmi x\u0259b\u0259rl\u0259r, G\u0259nc\u0259&nbsp;&nbsp;&nbsp; 2017<\/p>\n\n\n\n<p>12. Tankdan at\u0131\u015f \u00fcsullar\u0131 v\u0259 x\u00fcsusiyy\u0259tl\u0259ri GDU Elmi x\u0259b\u0259rl\u0259r, fundamental, humanitar v\u0259 t\u0259bi\u0259t elml\u0259ri seriyas\u0131. G\u0259nc\u0259 2018. \u21161.&nbsp;&nbsp;&nbsp;&nbsp;&nbsp;&nbsp;&nbsp;&nbsp;&nbsp;&nbsp;&nbsp;&nbsp;&nbsp;&nbsp;&nbsp;&nbsp;&nbsp;&nbsp;&nbsp;&nbsp;<\/p>\n\n\n\n<p>13. \u018frazid\u0259 oriyentirl\u0259\u015fm\u0259 \u00fcsullar\u0131. GDU Elmi x\u0259b\u0259rl\u0259r, fundamental, humanitar v\u0259 t\u0259bi\u0259t elml\u0259ri seriyas\u0131. G\u0259nc\u0259 2019. \u21161.<\/p>\n","protected":false},"excerpt":{"rendered":"<p>Fiziki t\u0259rbiy\u0259, \u00e7a\u011f\u0131r\u0131\u015faq\u0259d\u0259rki haz\u0131rl\u0131q v\u0259 m\u00fclki m\u00fcdafi\u0259 kafedras\u0131n\u0131n ba\u015f m\u00fc\u0259llimi A\u011fayeva Elmira tel: 0553689347 E-mail: dr.e.aghayeva@gmail.com QISA B\u0130OQRAF\u0130K M\u018fLUMAT 1959 cu ild\u0259 G\u0259nc\u0259 \u015f\u0259h\u0259rind\u0259 anadan olub.&nbsp; 1967\/1977-ci ild\u0259 Kirovabad \u015f\u0259h\u0259rinin 6- sayl\u0131 tam orta m\u0259kt\u0259bind\u0259 t\u0259hsil al\u0131b T\u018fHS\u0130L\u0130 V\u018f ELM\u0130 D\u018fR\u018fC\u018f ADLARI 1979\/1980-ci ill\u0259rd\u0259 Az\u0259rbaycan D\u00f6vl\u0259t Tibb \u0130nstitutunun haz\u0131rl\u0131q \u015f\u00f6b\u0259sin\u0259 daxil olub. 1981-ci ild\u0259 Az\u0259rbaycan<\/p>\n<p><a href=\"https:\/\/pedf.gdu.edu.az\/?page_id=9557\" class=\"more-link themebutton\">Daha \u0259trafl\u0131 <\/a><\/p>\n","protected":false},"author":4,"featured_media":0,"parent":0,"menu_order":0,"comment_status":"closed","ping_status":"closed","template":"","meta":{"footnotes":""},"class_list":["post-9557","page","type-page","status-publish","hentry"],"_links":{"self":[{"href":"https:\/\/pedf.gdu.edu.az\/index.php?rest_route=\/wp\/v2\/pages\/9557","targetHints":{"allow":["GET"]}}],"collection":[{"href":"https:\/\/pedf.gdu.edu.az\/index.php?rest_route=\/wp\/v2\/pages"}],"about":[{"href":"https:\/\/pedf.gdu.edu.az\/index.php?rest_route=\/wp\/v2\/types\/page"}],"author":[{"embeddable":true,"href":"https:\/\/pedf.gdu.edu.az\/index.php?rest_route=\/wp\/v2\/users\/4"}],"replies":[{"embeddable":true,"href":"https:\/\/pedf.gdu.edu.az\/index.php?rest_route=%2Fwp%2Fv2%2Fcomments&post=9557"}],"version-history":[{"count":2,"href":"https:\/\/pedf.gdu.edu.az\/index.php?rest_route=\/wp\/v2\/pages\/9557\/revisions"}],"predecessor-version":[{"id":9661,"href":"https:\/\/pedf.gdu.edu.az\/index.php?rest_route=\/wp\/v2\/pages\/9557\/revisions\/9661"}],"wp:attachment":[{"href":"https:\/\/pedf.gdu.edu.az\/index.php?rest_route=%2Fwp%2Fv2%2Fmedia&parent=9557"}],"curies":[{"name":"wp","href":"https:\/\/api.w.org\/{rel}","templated":true}]}}