{"id":9550,"date":"2025-04-01T11:12:29","date_gmt":"2025-04-01T09:12:29","guid":{"rendered":"https:\/\/pedf.gdu.edu.az\/?page_id=9550"},"modified":"2025-04-03T09:24:57","modified_gmt":"2025-04-03T07:24:57","slug":"n%c9%99biyev-niyazi-huseynali-o","status":"publish","type":"page","link":"https:\/\/pedf.gdu.edu.az\/?page_id=9550","title":{"rendered":"N\u0259biyev Niyazi H\u00fcseynal\u0131 o"},"content":{"rendered":"\n<div class=\"wp-block-image\"><figure class=\"alignleft size-full is-resized\"><img loading=\"lazy\" decoding=\"async\" src=\"https:\/\/pedf.gdu.edu.az\/wp-content\/uploads\/2025\/04\/n.jpg\" alt=\"\" class=\"wp-image-9551\" width=\"203\" height=\"285\" srcset=\"https:\/\/pedf.gdu.edu.az\/wp-content\/uploads\/2025\/04\/n.jpg 1446w, https:\/\/pedf.gdu.edu.az\/wp-content\/uploads\/2025\/04\/n-768x1075.jpg 768w, https:\/\/pedf.gdu.edu.az\/wp-content\/uploads\/2025\/04\/n-1097x1536.jpg 1097w\" sizes=\"auto, (max-width: 203px) 100vw, 203px\" \/><\/figure><\/div>\n\n\n\n<p><strong>Fiziki t\u0259rbiy\u0259, \u00e7a\u011f\u0131r\u0131\u015faq\u0259d\u0259rki haz\u0131rl\u0131q v\u0259 m\u00fclki m\u00fcdafi\u0259 kafedras\u0131n\u0131n m\u00fcdiri: dosent Niyazi N\u0259biyev<\/strong><\/p>\n\n\n\n<p>tel: 055-211-66-67<\/p>\n\n\n\n<p>E-mail: <a href=\"mailto:niyazi.nabiev@mail.ru\">niyazi.nabiev@mail.ru<\/a><\/p>\n\n\n\n<p><strong>QISA B\u0130OQRAF\u0130K M\u018fLUMAT<\/strong><\/p>\n\n\n\n<p>&#8211; 1977-ci il fevral\u0131n 01-d\u0259 Erm\u0259nistan Respublikas\u0131n\u0131n Vardenis rayonunun&nbsp; Z\u0259rk\u0259nd k\u0259ndind\u0259 ziyal\u0131 ail\u0259sind\u0259 anadan olmu\u015fdur.<\/p>\n\n\n\n<p>&#8211; 1984-c\u00fc ild\u0259 Vardenis rayonunun&nbsp;Z\u0259rk\u0259nd k\u0259nd tam orta m\u0259kt\u0259bin 1-ci sinfin\u0259 getmi\u015f, m\u0259lum hadis\u0259l\u0259rl\u0259 \u0259laq\u0259dar olaraq t\u0259hsilini G\u0259nc\u0259 \u015f\u0259h\u0259r A.S.Pu\u015fkin ad\u0131na 9 sayl\u0131 orta m\u0259kt\u0259bd\u0259 davam etdirmi\u015fdir<\/p>\n\n\n\n<p>&#8211; 1998-ci ild\u0259n Yeni Az\u0259rbaycan Partiyas\u0131n\u0131n \u00fczv\u00fcd\u00fcr<strong><\/strong><\/p>\n\n\n\n<p><strong>T\u018fHS\u0130L\u0130 V\u018f ELM\u0130 D\u018fR\u018fC\u018f ADLARI<\/strong><\/p>\n\n\n\n<p>&nbsp;&#8211; 1997-ci ild\u0259 G\u0259nc\u0259 D\u00f6vl\u0259t Universitetinin Fizika v\u0259 texniki f\u0259nl\u0259r fak\u00fclt\u0259sinin Pe\u015f\u0259 t\u0259limi ixtisas\u0131na daxil olub.<\/p>\n\n\n\n<p>&#8211; 2001-ci ild\u0259 G\u0259nc\u0259 D\u00f6vl\u0259t Universitetinin Fizika v\u0259 texniki f\u0259nl\u0259r fak\u00fclt\u0259sinin Pe\u015f\u0259 t\u0259limi ixtisas\u0131n\u0131 bitirib.<\/p>\n\n\n\n<p>&#8211; 2006-ci ild\u0259 G\u0259nc\u0259 D\u00f6vl\u0259t Universitetinin \u201cPedaqogika n\u0259z\u0259riyy\u0259si v\u0259 tarixi\u201d \u00fczr\u0259 magistr pill\u0259sini f\u0259rql\u0259nm\u0259 diplomu il\u0259 bitirmi\u015fdir.<\/p>\n\n\n\n<p>&#8211; 2009-2013- c\u00fc ild\u0259 G\u0259nc\u0259 D\u00f6vl\u0259t Universitetind\u0259 B\u0259d\u0259n t\u0259rbiy\u0259si v\u0259 idman ixtisas\u0131 \u00fczr\u0259 ikinci ali t\u0259hsilini al\u0131b<\/p>\n\n\n\n<p>&#8211; 2017-ci ild\u0259 Az\u0259rbaycan Respublikas\u0131n\u0131n Prezidenti Yan\u0131nda Ali Atestasiya Komissiyas\u0131n\u0131n q\u0259rar\u0131 il\u0259 Dosent elmi ad\u0131 verilmi\u015fdir.<\/p>\n\n\n\n<p><strong>\u018fM\u018fK F\u018fAL\u0130YY\u018fT\u0130<\/strong><\/p>\n\n\n\n<p>&#8211; 2002- ci ild\u0259 G\u0259nc\u0259 D\u00f6vl\u0259t Universitetinin B\u0259d\u0259n t\u0259rbiy\u0259si v\u0259 idman kafedras\u0131nda m\u0259\u015fq\u00e7i m\u00fc\u0259llim<\/p>\n\n\n\n<p>&#8211; 2010-cu G\u0259nc\u0259 D\u00f6vl\u0259t Universitetinin B\u0259d\u0259n t\u0259rbiy\u0259 v\u0259 idman kafedras\u0131nda m\u00fc\u0259llim<\/p>\n\n\n\n<p>&#8211; 2019-2021-ci il dekabr ay\u0131nad\u0259k Fiziki t\u0259rbiy\u0259,\u00e7a\u011f\u0131r\u0131\u015faq\u0259d\u0259rki haz\u0131rl\u0131\u011f\u0131 v\u0259 m\u00fclki m\u00fcdafi\u0259 kafedras\u0131n\u0131n m\u00fcdir \u0259v\u0259zi<\/p>\n\n\n\n<p>&#8211; 2021-ci il 24 dekabrdan 07.01.2025-ci il\u0259d\u0259k Fiziki t\u0259rbiy\u0259,\u00e7a\u011f\u0131r\u0131\u015faq\u0259d\u0259rki haz\u0131rl\u0131\u011f\u0131 v\u0259 m\u00fclki m\u00fcdafi\u0259 kafedras\u0131n\u0131n m\u00fcdiri<\/p>\n\n\n\n<p>&#8211; 2025-ci ild\u0259 0,5 \u015ftat \u0259v\u0259z\u00e7i m\u00fc\u0259llim<\/p>\n\n\n\n<p><strong>T\u018fLT\u0130FL\u018fR<\/strong><\/p>\n\n\n\n<p>Az\u0259rbaycan Respublikas\u0131 G\u0259ncl\u0259r v\u0259 \u0130dman Nazirliyi q\u0259rar\u0131 il\u0259 Basketbol idman n\u00f6v\u00fc \u00fczr\u0259 Az\u0259rbaycan Respublikas\u0131n\u0131n \u018fm\u0259kdar m\u0259\u015fq\u00e7isi f\u0259xri ad\u0131 verilmi\u015fdir<\/p>\n\n\n\n<p><strong>T\u018fDQ\u0130QAT SAH\u018fS\u0130<\/strong><strong><\/strong><\/p>\n\n\n\n<p>T\u0259dris plan\u0131nda n\u0259z\u0259rd\u0259 tutulmu\u015f f\u0259nnl\u0259r \u00fczr\u0259 32 f\u0259nn proqram\u0131 haz\u0131rlanm\u0131\u015f v\u0259 Universitet Elmi \u015euras\u0131nda t\u0259sdiq edilmi\u015fdir. Bakalavr pill\u0259si \u00fc\u00e7\u00fcn haz\u0131rlanm\u0131\u015f \u201cH\u0259rbi qanunvericiliyin \u0259saslar\u0131\u201d, \u201cM\u00fclki m\u00fcdafi\u0259 v\u0259 ilkin tibbi yard\u0131m\u201d, magistr pill\u0259si \u00fc\u00e7\u00fcn is\u0259 \u201cFiziki t\u0259rbiy\u0259nin v\u0259 \u00e7a\u011f\u0131r\u0131\u015faq\u0259d\u0259rki haz\u0131rl\u0131\u011f\u0131n m\u00fcasir probleml\u0259ri\u201d v\u0259 \u201cFiziki t\u0259rbiy\u0259nin v\u0259 \u00e7a\u011f\u0131r\u0131\u015faq\u0259d\u0259rki haz\u0131rl\u0131\u011f\u0131n tarixi v\u0259 metodologiyas\u0131\u201d f\u0259nn proqramlar\u0131 Az\u0259rbaycan Respublikas\u0131 Elm v\u0259 T\u0259hsil Nazirliyi t\u0259r\u0259find\u0259n t\u0259sdiq edil\u0259r\u0259k qrif alm\u0131\u015fd\u0131r.<\/p>\n\n\n\n<p><strong>ELM<\/strong><strong>\u0130<\/strong><strong> \u018fS\u018fRL\u018fR\u0130<\/strong><\/p>\n\n\n\n<p>&nbsp;31-d\u0259n \u00e7ox elmi \u0259s\u0259rl\u0259ri, o c\u00fcml\u0259d\u0259n, 36 f\u0259nn proqram\u0131 v\u0259 \u201c\u0130dman qur\u011fular\u0131 v\u0259 sad\u0259 idman qur\u011fular\u0131n\u0131n qura\u015fd\u0131r\u0131lmas\u0131\u201d, \u201c\u00dcmumt\u0259hsil m\u0259kt\u0259bl\u0259rind\u0259 idman-sa\u011flamla\u015fd\u0131r\u0131c\u0131 turizm\u201d d\u0259rs v\u0259saitl\u0259ri \u00e7ap olunub<\/p>\n\n\n\n<p><strong>BEYN\u018fLXALQ V\u018f RESPUBLIKA SIMPOZIUM V\u018f KONFRANSLARDA I\u015eTIRAKI:<\/strong><\/p>\n\n\n\n<p>Az\u0259rbaycan Respublikas\u0131nda, el\u0259c\u0259 d\u0259 \u00f6lk\u0259 h\u00fcdudlar\u0131ndan k\u0259narda ke\u00e7irilmi\u015f beyn\u0259lxalq v\u0259 respublika elmi konfranslar\u0131nda i\u015ftirak etmi\u015fdir. 2019-cu ild\u0259 EQA\u00c7 keyfiyy\u0259tin t\u0259minat\u0131 m\u0259rk\u0259zinin yarad\u0131lmas\u0131 v\u0259 inki\u015faf\u0131 &#8211; EQA\u00c7 layih\u0259si. ERASMUS proqram\u0131 \u00e7\u0259r\u00e7iv\u0259sind\u0259 Ketten Kral Texnologiyalar \u0130nstitutunda ke\u00e7iril\u0259n konfransda i\u015ftirak etmi\u015fdir.<\/p>\n","protected":false},"excerpt":{"rendered":"<p>Fiziki t\u0259rbiy\u0259, \u00e7a\u011f\u0131r\u0131\u015faq\u0259d\u0259rki haz\u0131rl\u0131q v\u0259 m\u00fclki m\u00fcdafi\u0259 kafedras\u0131n\u0131n m\u00fcdiri: dosent Niyazi N\u0259biyev tel: 055-211-66-67 E-mail: niyazi.nabiev@mail.ru QISA B\u0130OQRAF\u0130K M\u018fLUMAT &#8211; 1977-ci il fevral\u0131n 01-d\u0259 Erm\u0259nistan Respublikas\u0131n\u0131n Vardenis rayonunun&nbsp; Z\u0259rk\u0259nd k\u0259ndind\u0259 ziyal\u0131 ail\u0259sind\u0259 anadan olmu\u015fdur. &#8211; 1984-c\u00fc ild\u0259 Vardenis rayonunun&nbsp;Z\u0259rk\u0259nd k\u0259nd tam orta m\u0259kt\u0259bin 1-ci sinfin\u0259 getmi\u015f, m\u0259lum hadis\u0259l\u0259rl\u0259 \u0259laq\u0259dar olaraq t\u0259hsilini G\u0259nc\u0259 \u015f\u0259h\u0259r A.S.Pu\u015fkin ad\u0131na<\/p>\n<p><a href=\"https:\/\/pedf.gdu.edu.az\/?page_id=9550\" class=\"more-link themebutton\">Daha \u0259trafl\u0131 <\/a><\/p>\n","protected":false},"author":4,"featured_media":0,"parent":0,"menu_order":0,"comment_status":"closed","ping_status":"closed","template":"","meta":{"footnotes":""},"class_list":["post-9550","page","type-page","status-publish","hentry"],"_links":{"self":[{"href":"https:\/\/pedf.gdu.edu.az\/index.php?rest_route=\/wp\/v2\/pages\/9550","targetHints":{"allow":["GET"]}}],"collection":[{"href":"https:\/\/pedf.gdu.edu.az\/index.php?rest_route=\/wp\/v2\/pages"}],"about":[{"href":"https:\/\/pedf.gdu.edu.az\/index.php?rest_route=\/wp\/v2\/types\/page"}],"author":[{"embeddable":true,"href":"https:\/\/pedf.gdu.edu.az\/index.php?rest_route=\/wp\/v2\/users\/4"}],"replies":[{"embeddable":true,"href":"https:\/\/pedf.gdu.edu.az\/index.php?rest_route=%2Fwp%2Fv2%2Fcomments&post=9550"}],"version-history":[{"count":2,"href":"https:\/\/pedf.gdu.edu.az\/index.php?rest_route=\/wp\/v2\/pages\/9550\/revisions"}],"predecessor-version":[{"id":9659,"href":"https:\/\/pedf.gdu.edu.az\/index.php?rest_route=\/wp\/v2\/pages\/9550\/revisions\/9659"}],"wp:attachment":[{"href":"https:\/\/pedf.gdu.edu.az\/index.php?rest_route=%2Fwp%2Fv2%2Fmedia&parent=9550"}],"curies":[{"name":"wp","href":"https:\/\/api.w.org\/{rel}","templated":true}]}}