{"id":9510,"date":"2025-03-23T19:22:01","date_gmt":"2025-03-23T17:22:01","guid":{"rendered":"https:\/\/pedf.gdu.edu.az\/?page_id=9510"},"modified":"2025-04-03T09:18:53","modified_gmt":"2025-04-03T07:18:53","slug":"%c9%99liyev-tofiq-b%c9%99nd%c9%99r-oglu-2","status":"publish","type":"page","link":"https:\/\/pedf.gdu.edu.az\/?page_id=9510","title":{"rendered":"\u018fliyev Tofiq B\u0259nd\u0259r  o\u011flu"},"content":{"rendered":"\n<div class=\"wp-block-image\"><figure class=\"alignleft size-full is-resized\"><img loading=\"lazy\" decoding=\"async\" src=\"https:\/\/pedf.gdu.edu.az\/wp-content\/uploads\/2025\/03\/\u0420\u0438\u0441\u0443\u043d\u043e\u043a12.jpg\" alt=\"\" class=\"wp-image-9511\" width=\"229\" height=\"321\"\/><\/figure><\/div>\n\n\n\n<p><strong>Ad,soyad, atas\u0131n\u0131n ad\u0131 :<\/strong>&nbsp;&nbsp; \u018fliyev Tofiq B\u0259nd\u0259r&nbsp; o\u011flu<\/p>\n\n\n\n<p><strong>V\u0259zif\u0259si :&nbsp; <\/strong>Ba\u015f m\u00fc\u0259llim<\/p>\n\n\n\n<p><strong>Telefon : <\/strong>055-756-39-37&nbsp;<\/p>\n\n\n\n<p><strong>Email adresi : <\/strong><a href=\"mailto:tofiqliyev2@gmail.com\">tofiqliyev2@gmail.com<\/a><\/p>\n\n\n\n<p><strong>T\u0259rc\u00fcmeyi \u2013&nbsp; hal:<\/strong> \u018fliyev Tofiq B\u0259nd\u0259r o\u011flu.6 aprel 1974-c\u00fc ild\u0259&nbsp; G\u0259nc\u0259 \u015f\u0259h\u0259rind\u0259 anadan olmu\u015fdur.1981-ci ild\u0259 28 sayl\u0131 tam orta m\u0259kt\u0259bind\u0259 oxumu\u015fdur.1997-ci ild\u0259 28 sayl\u0131 tam orta m\u0259kt\u0259bi bitirmi\u015fdir. 2007-ci ild\u0259n YAP-\u0131n \u00fczv\u00fcd\u00fcr.<\/p>\n\n\n\n<p><strong>T\u0259hsili v\u0259 Elmi d\u0259r\u0259c\u0259 adlar\u0131.<\/strong><\/p>\n\n\n\n<p>1991-1996-c\u0131 ill\u0259rd\u0259 G\u0259nc\u0259 D\u00f6vl\u0259t Pedaqoji&nbsp; institunu bitirmi\u015fdir.<\/p>\n\n\n\n<p><strong>\u018fm\u0259k f\u0259aliyy\u0259ti.<\/strong><\/p>\n\n\n\n<p>2001-ci ild\u0259n GDU-nun B\u0259d\u0259n t\u0259rbiy\u0259si v\u0259 idman kafedras\u0131nda m\u0259\u015fq\u00e7i-m\u00fc\u0259llim.<\/p>\n\n\n\n<p>2007-ci ild\u0259n GDU-nin B\u0259d\u0259n t\u0259rbiy\u0259si v\u0259 idman kafedras\u0131nda m\u00fc\u0259llim.<\/p>\n\n\n\n<p>2009-cu ild\u0259n GDU-nin B\u0259d\u0259n t\u0259rbiy\u0259si v\u0259 idman kafedras\u0131nda Ba\u015f m\u00fc\u0259llim.<\/p>\n\n\n\n<p><strong>T\u0259ltifl\u0259r.<\/strong><\/p>\n\n\n\n<p>Az\u0259rbaycan Respublikas\u0131 G\u0259ncl\u0259r v\u0259 idman Nazirliyi 16 dekabr 2013-c\u00fc il tarixli q\u0259rar\u0131 il\u0259 Az\u0259rbaycan Respublikas\u0131n\u0131n \u018fm\u0259kdar m\u0259\u015fq\u00e7i f\u0259xri ad\u0131 verilmi\u015fdir.<\/p>\n","protected":false},"excerpt":{"rendered":"<p>Ad,soyad, atas\u0131n\u0131n ad\u0131 :&nbsp;&nbsp; \u018fliyev Tofiq B\u0259nd\u0259r&nbsp; o\u011flu V\u0259zif\u0259si :&nbsp; Ba\u015f m\u00fc\u0259llim Telefon : 055-756-39-37&nbsp; Email adresi : tofiqliyev2@gmail.com T\u0259rc\u00fcmeyi \u2013&nbsp; hal: \u018fliyev Tofiq B\u0259nd\u0259r o\u011flu.6 aprel 1974-c\u00fc ild\u0259&nbsp; G\u0259nc\u0259 \u015f\u0259h\u0259rind\u0259 anadan olmu\u015fdur.1981-ci ild\u0259 28 sayl\u0131 tam orta m\u0259kt\u0259bind\u0259 oxumu\u015fdur.1997-ci ild\u0259 28 sayl\u0131 tam orta m\u0259kt\u0259bi bitirmi\u015fdir. 2007-ci ild\u0259n YAP-\u0131n \u00fczv\u00fcd\u00fcr. T\u0259hsili v\u0259 Elmi d\u0259r\u0259c\u0259<\/p>\n<p><a href=\"https:\/\/pedf.gdu.edu.az\/?page_id=9510\" class=\"more-link themebutton\">Daha \u0259trafl\u0131 <\/a><\/p>\n","protected":false},"author":4,"featured_media":0,"parent":0,"menu_order":0,"comment_status":"closed","ping_status":"closed","template":"","meta":{"footnotes":""},"class_list":["post-9510","page","type-page","status-publish","hentry"],"_links":{"self":[{"href":"https:\/\/pedf.gdu.edu.az\/index.php?rest_route=\/wp\/v2\/pages\/9510","targetHints":{"allow":["GET"]}}],"collection":[{"href":"https:\/\/pedf.gdu.edu.az\/index.php?rest_route=\/wp\/v2\/pages"}],"about":[{"href":"https:\/\/pedf.gdu.edu.az\/index.php?rest_route=\/wp\/v2\/types\/page"}],"author":[{"embeddable":true,"href":"https:\/\/pedf.gdu.edu.az\/index.php?rest_route=\/wp\/v2\/users\/4"}],"replies":[{"embeddable":true,"href":"https:\/\/pedf.gdu.edu.az\/index.php?rest_route=%2Fwp%2Fv2%2Fcomments&post=9510"}],"version-history":[{"count":2,"href":"https:\/\/pedf.gdu.edu.az\/index.php?rest_route=\/wp\/v2\/pages\/9510\/revisions"}],"predecessor-version":[{"id":9654,"href":"https:\/\/pedf.gdu.edu.az\/index.php?rest_route=\/wp\/v2\/pages\/9510\/revisions\/9654"}],"wp:attachment":[{"href":"https:\/\/pedf.gdu.edu.az\/index.php?rest_route=%2Fwp%2Fv2%2Fmedia&parent=9510"}],"curies":[{"name":"wp","href":"https:\/\/api.w.org\/{rel}","templated":true}]}}