{"id":8361,"date":"2024-05-22T18:19:48","date_gmt":"2024-05-22T16:19:48","guid":{"rendered":"https:\/\/pedf.gdu.edu.az\/?page_id=8361"},"modified":"2025-10-27T15:12:50","modified_gmt":"2025-10-27T13:12:50","slug":"t%c9%99lim-n%c9%99tic%c9%99l%c9%99ri","status":"publish","type":"page","link":"https:\/\/pedf.gdu.edu.az\/?page_id=8361","title":{"rendered":"T\u0259lim n\u0259tic\u0259l\u0259ri"},"content":{"rendered":"\n<div class=\"wp-block-file\"><a href=\"https:\/\/pedf.gdu.edu.az\/wp-content\/uploads\/2025\/10\/2025-26-musiqi-mu\u0259llimliyi-1.doc\">2025-26-musiqi-mu\u0259llimliyi-1<\/a><a href=\"https:\/\/pedf.gdu.edu.az\/wp-content\/uploads\/2025\/10\/2025-26-musiqi-mu\u0259llimliyi-1.doc\" class=\"wp-block-file__button wp-element-button\" download>Download<\/a><\/div>\n\n\n\n<div class=\"wp-block-file\"><a href=\"https:\/\/pedf.gdu.edu.az\/wp-content\/uploads\/2025\/10\/T\u018fLIM-N\u018fTIC\u018fL\u018fRI-Fiziki-t\u0259rbiy\u0259-cagirisaq\u0259d\u0259rki-hazirliq.doc\">T\u018fLIM-N\u018fTIC\u018fL\u018fRI-Fiziki-t\u0259rbiy\u0259-cagirisaq\u0259d\u0259rki-hazirliq<\/a><a href=\"https:\/\/pedf.gdu.edu.az\/wp-content\/uploads\/2025\/10\/T\u018fLIM-N\u018fTIC\u018fL\u018fRI-Fiziki-t\u0259rbiy\u0259-cagirisaq\u0259d\u0259rki-hazirliq.doc\" class=\"wp-block-file__button wp-element-button\" download>Download<\/a><\/div>\n\n\n\n<div class=\"wp-block-file\"><a id=\"wp-block-file--media-2df4213f-ca5f-4b02-83f3-d4d07dc62822\" href=\"https:\/\/pedf.gdu.edu.az\/wp-content\/uploads\/2025\/10\/Umumi-fiziki-hazirliq-t\u0259lim-n\u0259tic\u0259l\u0259ri-2025.docx\">\u00dcmumi fiziki haz\u0131rl\u0131q t\u0259lim n\u0259tic\u0259l\u0259ri 2025<\/a><a href=\"https:\/\/pedf.gdu.edu.az\/wp-content\/uploads\/2025\/10\/Umumi-fiziki-hazirliq-t\u0259lim-n\u0259tic\u0259l\u0259ri-2025.docx\" class=\"wp-block-file__button wp-element-button\" download aria-describedby=\"wp-block-file--media-2df4213f-ca5f-4b02-83f3-d4d07dc62822\">Download<\/a><\/div>\n\n\n\n<div class=\"wp-block-file\"><a href=\"https:\/\/pedf.gdu.edu.az\/wp-content\/uploads\/2025\/10\/T\u0259lim-n\u0259tic\u0259l\u0259ri-TSPX.docx\">T\u0259lim-n\u0259tic\u0259l\u0259ri-TSPX<\/a><a href=\"https:\/\/pedf.gdu.edu.az\/wp-content\/uploads\/2025\/10\/T\u0259lim-n\u0259tic\u0259l\u0259ri-TSPX.docx\" class=\"wp-block-file__button wp-element-button\" download>Download<\/a><\/div>\n\n\n\n<div class=\"wp-block-file\"><a href=\"https:\/\/pedf.gdu.edu.az\/wp-content\/uploads\/2025\/10\/T\u0259lim-n\u0259tic\u0259l\u0259ri.-Psixologiya2.docx\">T\u0259lim-n\u0259tic\u0259l\u0259ri.-Psixologiya2<\/a><a href=\"https:\/\/pedf.gdu.edu.az\/wp-content\/uploads\/2025\/10\/T\u0259lim-n\u0259tic\u0259l\u0259ri.-Psixologiya2.docx\" class=\"wp-block-file__button wp-element-button\" download>Download<\/a><\/div>\n\n\n\n<div class=\"wp-block-file\"><a id=\"wp-block-file--media-e050d73d-5e2a-499c-88cc-845c2d2d36e6\" href=\"https:\/\/pedf.gdu.edu.az\/wp-content\/uploads\/2025\/10\/BAKALAVRIAT-Ibtidai-sinif-tel-neticeleri-2025.docx\">BAKALAVRIAT \u0130btidai sinif tel neticeleri 2025<\/a><a href=\"https:\/\/pedf.gdu.edu.az\/wp-content\/uploads\/2025\/10\/BAKALAVRIAT-Ibtidai-sinif-tel-neticeleri-2025.docx\" class=\"wp-block-file__button wp-element-button\" download aria-describedby=\"wp-block-file--media-e050d73d-5e2a-499c-88cc-845c2d2d36e6\">Download<\/a><\/div>\n\n\n\n<div class=\"wp-block-file\"><a href=\"https:\/\/pedf.gdu.edu.az\/wp-content\/uploads\/2025\/10\/M\u0259sqcilik-Fiziki-T\u0259rbiy\u0259-t\u0259lim-n\u0259tic\u0259l\u0259ri.docx\">M\u0259sqcilik-Fiziki-T\u0259rbiy\u0259-t\u0259lim-n\u0259tic\u0259l\u0259ri<\/a><a href=\"https:\/\/pedf.gdu.edu.az\/wp-content\/uploads\/2025\/10\/M\u0259sqcilik-Fiziki-T\u0259rbiy\u0259-t\u0259lim-n\u0259tic\u0259l\u0259ri.docx\" class=\"wp-block-file__button wp-element-button\" download>Download<\/a><\/div>\n\n\n\n<div class=\"wp-block-file\"><a id=\"wp-block-file--media-e08ae014-d954-4236-874e-f3d01d41e67c\" href=\"https:\/\/pedf.gdu.edu.az\/wp-content\/uploads\/2025\/10\/BAKALAVRIAT-mektbqed-tehsil-tel-netic-2025.docx\">BAKALAVRIAT mektbqed tehsil tel netic 2025<\/a><a href=\"https:\/\/pedf.gdu.edu.az\/wp-content\/uploads\/2025\/10\/BAKALAVRIAT-mektbqed-tehsil-tel-netic-2025.docx\" class=\"wp-block-file__button wp-element-button\" download aria-describedby=\"wp-block-file--media-e08ae014-d954-4236-874e-f3d01d41e67c\">Download<\/a><\/div>\n","protected":false},"excerpt":{"rendered":"","protected":false},"author":1,"featured_media":0,"parent":0,"menu_order":0,"comment_status":"closed","ping_status":"closed","template":"","meta":{"footnotes":""},"class_list":["post-8361","page","type-page","status-publish","hentry"],"_links":{"self":[{"href":"https:\/\/pedf.gdu.edu.az\/index.php?rest_route=\/wp\/v2\/pages\/8361","targetHints":{"allow":["GET"]}}],"collection":[{"href":"https:\/\/pedf.gdu.edu.az\/index.php?rest_route=\/wp\/v2\/pages"}],"about":[{"href":"https:\/\/pedf.gdu.edu.az\/index.php?rest_route=\/wp\/v2\/types\/page"}],"author":[{"embeddable":true,"href":"https:\/\/pedf.gdu.edu.az\/index.php?rest_route=\/wp\/v2\/users\/1"}],"replies":[{"embeddable":true,"href":"https:\/\/pedf.gdu.edu.az\/index.php?rest_route=%2Fwp%2Fv2%2Fcomments&post=8361"}],"version-history":[{"count":15,"href":"https:\/\/pedf.gdu.edu.az\/index.php?rest_route=\/wp\/v2\/pages\/8361\/revisions"}],"predecessor-version":[{"id":11251,"href":"https:\/\/pedf.gdu.edu.az\/index.php?rest_route=\/wp\/v2\/pages\/8361\/revisions\/11251"}],"wp:attachment":[{"href":"https:\/\/pedf.gdu.edu.az\/index.php?rest_route=%2Fwp%2Fv2%2Fmedia&parent=8361"}],"curies":[{"name":"wp","href":"https:\/\/api.w.org\/{rel}","templated":true}]}}