{"id":417,"date":"2016-03-31T01:55:05","date_gmt":"2016-03-30T23:55:05","guid":{"rendered":"http:\/\/pf.gdu.edu.az\/?page_id=417"},"modified":"2025-04-03T15:13:53","modified_gmt":"2025-04-03T13:13:53","slug":"musiqi-f%c9%99nnl%c9%99ri","status":"publish","type":"page","link":"https:\/\/pedf.gdu.edu.az\/?page_id=417","title":{"rendered":"Musiqi f\u0259nnl\u0259ri"},"content":{"rendered":"\n<div class=\"wp-block-image\"><figure class=\"aligncenter size-full is-resized\"><img loading=\"lazy\" decoding=\"async\" src=\"https:\/\/pedf.gdu.edu.az\/wp-content\/uploads\/2025\/04\/IMG_2654-scaled.jpg\" alt=\"\" class=\"wp-image-9667\" width=\"620\" height=\"413\" srcset=\"https:\/\/pedf.gdu.edu.az\/wp-content\/uploads\/2025\/04\/IMG_2654-scaled.jpg 2560w, https:\/\/pedf.gdu.edu.az\/wp-content\/uploads\/2025\/04\/IMG_2654-768x512.jpg 768w, https:\/\/pedf.gdu.edu.az\/wp-content\/uploads\/2025\/04\/IMG_2654-1536x1024.jpg 1536w, https:\/\/pedf.gdu.edu.az\/wp-content\/uploads\/2025\/04\/IMG_2654-2048x1366.jpg 2048w, https:\/\/pedf.gdu.edu.az\/wp-content\/uploads\/2025\/04\/IMG_2654-1140x760.jpg 1140w, https:\/\/pedf.gdu.edu.az\/wp-content\/uploads\/2025\/04\/IMG_2654-570x380.jpg 570w, https:\/\/pedf.gdu.edu.az\/wp-content\/uploads\/2025\/04\/IMG_2654-380x254.jpg 380w, https:\/\/pedf.gdu.edu.az\/wp-content\/uploads\/2025\/04\/IMG_2654-285x190.jpg 285w\" sizes=\"auto, (max-width: 620px) 100vw, 620px\" \/><\/figure><\/div>\n\n\n\n<p class=\"has-text-align-center\"><strong>\u201cMUS\u0130Q\u0130 F\u018fNL\u018fR\u0130\u201d KAFEDRASI<\/strong><\/p>\n\n\n\n<p>G\u0259nc\u0259 D\u00f6vl\u0259t Universitetinin \u201cMusiqi f\u0259nl\u0259ri\u201d kafedras\u0131 1991-ci ild\u0259n pedaqoji fak\u00fclt\u0259nin tabe\u00e7iliyind\u0259 f\u0259aliyy\u0259t g\u00f6st\u0259rir.<\/p>\n\n\n\n<p>Kafedraya Az\u0259rbaycan Respublikas\u0131n\u0131n \u018fm\u0259kdar m\u00fc\u0259llimi, Az\u0259rbaycan Respublikas\u0131 B\u0259st\u0259karlar \u0130ttifaq\u0131n\u0131n \u00fczv\u00fc, \u00dc.Hac\u0131b\u0259yli ad\u0131na Bak\u0131 Musiqi Akademiyas\u0131 n\u0259zdind\u0259 Dissertasiya \u015euras\u0131n\u0131n \u00fczv\u00fc, s\u0259n\u0259t\u015f\u00fcnasl\u0131q elml\u0259ri doktoru, professor Sevda Firuddin q\u0131z\u0131 Qurban\u0259liyeva r\u0259hb\u0259rlik edir.<\/p>\n\n\n\n<p>Kafedrada ali t\u0259hsilin bakalavr pill\u0259sind\u0259 \u201cMusiqi m\u00fc\u0259llimliyi\u201d (I, II, III, IV k.), \u201cM\u0259kt\u0259b\u0259q\u0259d\u0259r t\u0259lim v\u0259 t\u0259rbiy\u0259\u201d (IV k.), \u201c\u0130btidai sinif m\u00fc\u0259llimliyi\u201d (III k.) ixtisaslar\u0131 \u00fczr\u0259 \u0259yani \u015f\u00f6b\u0259d\u0259 t\u0259hsil alan t\u0259l\u0259b\u0259l\u0259r\u0259, \u201cMusiqi m\u00fc\u0259llimiyi\u201d ixtisas\u0131 \u201cMusiqi f\u0259nninin t\u0259drisi me-todikas\u0131 v\u0259 metodologiyas\u0131\u201d ixtisasla\u015fmas\u0131 \u00fczr\u0259 magistratura s\u0259viyy\u0259sind\u0259 (I, II k.) t\u0259l\u0259b\u0259l\u0259r\u0259 t\u0259dris planlar\u0131na m\u00fcvafiq olaraq musiqi f\u0259nl\u0259ri t\u0259dris olunur, t\u0259hsil proqramlar\u0131n\u0131n t\u0259hsilalanlar t\u0259r\u0259find\u0259n m\u0259nms\u0259nilm\u0259si t\u0259min edilir.<\/p>\n\n\n\n<p>Kafedrada z\u0259ngin i\u015f t\u0259cr\u00fcb\u0259sin\u0259 malik m\u00fc\u0259lliml\u0259r \u00e7al\u0131\u015f\u0131r, t\u0259l\u0259b\u0259l\u0259r t\u0259dris repertuar\u0131na daxil olan \u0259s\u0259rl\u0259rin notlar\u0131, m\u00fchazir\u0259 m\u0259tnl\u0259rinin elektron versiyalar\u0131 il\u0259 t\u0259min edilir, t\u0259dris prosesind\u0259 m\u00fcasir t\u0259lim metodlardan istifad\u0259 olunur, m\u00fc\u0259lliml\u0259r t\u0259r\u0259find\u0259n qabaqc\u0131l i\u015f t\u0259cr\u00fcb\u0259si, yeni t\u0259dris texnologiyalar\u0131 \u00f6yr\u0259nilir, aktual m\u00f6vzularda elmi-t\u0259dqiqat i\u015fl\u0259ri apar\u0131l\u0131r, \u0259ld\u0259 edil\u0259n n\u0259tic\u0259l\u0259r t\u0259cr\u00fcb\u0259d\u0259 t\u0259tbiq olunur.<\/p>\n\n\n\n<p>\u201cMusiqi f\u0259nl\u0259ri\u201d kafedras\u0131n\u0131n t\u0259rkibi a\u015fa\u011f\u0131dak\u0131 kimidir:<\/p>\n\n\n\n<p class=\"has-text-align-left\"><strong>Professor-m\u00fc\u0259llim hey\u0259ti:<\/strong><\/p>\n\n\n\n<p><\/p>\n\n\n\n<ol class=\"wp-block-list\" type=\"1\"><li><a href=\"https:\/\/pedf.gdu.edu.az\/?page_id=9681\">Qurban\u0259liyeva Sevda Firuddin q\u0131z\u0131 \u00a0 Kafedra m\u00fcdiri, professor  \u201cMusiqi s\u0259n\u0259ti\u201d ixtisas\u0131 \u00fczr\u0259 s\u0259n\u0259t\u015f\u00fcnasl\u0131q doktoru, professor<\/a><\/li><li><a href=\"https:\/\/pedf.gdu.edu.az\/?page_id=9684\">Abdullayeva Al\u0259mz\u0259r Xanlar q\u0131z\u0131\u00a0\u00a0\u00a0\u00a0\u00a0\u00a0\u00a0\u00a0\u00a0\u00a0\u00a0\u00a0\u00a0\u00a0 M\u00fc\u0259llim\u00a0\u00a0\u00a0\u00a0\u00a0\u00a0\u00a0\u00a0\u00a0\u00a0\u00a0\u00a0\u00a0\u00a0<\/a><\/li><li><a href=\"https:\/\/pedf.gdu.edu.az\/?page_id=9688\">Bayramova \u015e\u00f6vk\u0259t \u018fnv\u0259r q\u0131z\u0131\u00a0\u00a0\u00a0\u00a0 M\u00fc\u0259llim\u00a0\u00a0\u00a0\u00a0\u00a0\u00a0\u00a0\u00a0\u00a0\u00a0\u00a0\u00a0\u00a0\u00a0<\/a><\/li><li><a href=\"https:\/\/pedf.gdu.edu.az\/?page_id=9691\">Hac\u0131yeva Mehriban \u015e\u00f6vk\u0259t q\u0131z\u0131\u00a0 Ba\u015f m\u00fc\u0259llim\u00a0\u00a0\u00a0\u00a0\u00a0\u00a0<\/a><\/li><li><a href=\"https:\/\/pedf.gdu.edu.az\/?page_id=9694\">Haqverdiyeva N\u0259rgiz \u018fli q\u0131z\u0131\u00a0\u00a0\u00a0\u00a0\u00a0\u00a0 Ba\u015f m\u00fc\u0259llim\u00a0\u00a0\u00a0\u00a0\u00a0\u00a0<\/a><\/li><li><a href=\"https:\/\/pedf.gdu.edu.az\/?page_id=9697\">H\u0259s\u0259nova S\u0259id\u0259 Zahid q\u0131z\u0131\u00a0\u00a0\u00a0\u00a0\u00a0\u00a0\u00a0\u00a0\u00a0\u00a0 Ba\u015f m\u00fc\u0259llim\u00a0\u00a0\u00a0\u00a0\u00a0\u00a0<\/a><\/li><li><a href=\"https:\/\/pedf.gdu.edu.az\/?page_id=9700\">Quliyeva \u00dclviyy\u0259 Elburus q\u0131z\u0131\u00a0\u00a0\u00a0\u00a0\u00a0 M\u00fc\u0259llim\u00a0\u00a0\u00a0\u00a0\u00a0\u00a0\u00a0\u00a0\u00a0\u00a0\u00a0\u00a0\u00a0\u00a0<\/a><\/li><li><a href=\"https:\/\/pedf.gdu.edu.az\/?page_id=9703\">M\u0259mm\u0259dova Q\u0259sir\u0259 Tofiq q\u0131z\u0131\u00a0\u00a0 Ba\u015f m\u00fc\u0259llim\u00a0\u00a0\u00a0\u00a0\u00a0\u00a0 \u201c\u00dcmumi pedaqogika, pedaqogikan\u0131n v\u0259 t\u0259hsilin tarixi\u201d ixtisas\u0131 \u00fczr\u0259 f\u0259ls\u0259f\u0259 doktoru<\/a><\/li><li><a href=\"https:\/\/pedf.gdu.edu.az\/?page_id=9706\">M\u0259mm\u0259dova R\u0259\u015fid\u0259 Hamlet q\u0131z\u0131\u00a0 Ba\u015f m\u00fc\u0259llim\u00a0 \u201c\u00dcmumi pedaqogika, pedaqogikan\u0131n v\u0259 t\u0259hsilin tarixi\u201d ixtisas\u0131 \u00fczr\u0259 f\u0259ls\u0259f\u0259 doktoru<\/a><\/li><li><a href=\"https:\/\/pedf.gdu.edu.az\/?page_id=9709\">M\u0259mm\u0259dova Feride F\u00fczuli q\u0131z\u0131\u00a0 M\u00fc\u0259llim\u00a0\u00a0\u00a0\u00a0\u00a0\u00a0\u00a0\u00a0\u00a0\u00a0\u00a0\u00a0\u00a0\u00a0<\/a><\/li><li><a href=\"https:\/\/pedf.gdu.edu.az\/?page_id=9712\">M\u0259h\u0259rr\u0259mova G\u00fclt\u0259kin Sabir q\u0131z\u0131\u00a0\u00a0\u00a0\u00a0\u00a0\u00a0\u00a0\u00a0\u00a0\u00a0\u00a0\u00a0 Ba\u015f m\u00fc\u0259llim\u00a0\u00a0\u00a0\u00a0\u00a0\u00a0<\/a><\/li><li><a href=\"https:\/\/pedf.gdu.edu.az\/?page_id=9716\">M\u0259h\u0259rr\u0259mova S\u0259ma B\u0259\u015fir q\u0131z\u0131\u00a0\u00a0 M\u00fc\u0259llim\u00a0\u00a0\u00a0\u00a0\u00a0\u00a0\u00a0\u00a0\u00a0\u00a0\u00a0\u00a0\u00a0\u00a0<\/a><\/li><li><a href=\"https:\/\/pedf.gdu.edu.az\/?page_id=9719\">N\u0259biyeva Leyla M\u0259zahir q\u0131z\u0131\u00a0\u00a0\u00a0\u00a0\u00a0\u00a0\u00a0 Ba\u015f m\u00fc\u0259llim\u00a0\u00a0\u00a0\u00a0\u00a0\u00a0<\/a><\/li><li><a href=\"https:\/\/pedf.gdu.edu.az\/?page_id=9722\">R\u0259fib\u0259yli Lal\u0259 Hakim q\u0131z\u0131\u00a0\u00a0\u00a0\u00a0\u00a0\u00a0\u00a0\u00a0\u00a0\u00a0\u00a0\u00a0\u00a0\u00a0 Ba\u015f m\u00fc\u0259llim\u00a0\u00a0\u00a0\u00a0\u00a0\u00a0<\/a><\/li><li><a href=\"https:\/\/pedf.gdu.edu.az\/?page_id=9725\">R\u00fcst\u0259mova Sevinc \u0130lham q\u0131z\u0131\u00a0\u00a0\u00a0\u00a0\u00a0\u00a0 Ba\u015f m\u00fc\u0259llim\u00a0\u00a0\u00a0\u00a0\u00a0\u00a0 \u201cMusiqi s\u0259n\u0259ti\u201d ixtisas\u0131nda s\u0259n\u0259t\u015f\u00fcnal\u0131q elm sah\u0259si \u00fczr\u0259 f\u0259ls\u0259f\u0259 doktoru<\/a><\/li><li><a href=\"https:\/\/pedf.gdu.edu.az\/?page_id=9728\">Seyfullayeva N\u00fc\u015fab\u0259 N\u0259riman q\u0131z\u0131\u00a0\u00a0\u00a0\u00a0\u00a0\u00a0\u00a0\u00a0\u00a0\u00a0 Ba\u015f m\u00fc\u0259llim\u00a0\u00a0\u00a0\u00a0\u00a0\u00a0 \u201cMusiqi s\u0259n\u0259ti\u201d ixtisas\u0131nda s\u0259n\u0259t\u015f\u00fcnal\u0131q elm sah\u0259si \u00fczr\u0259 f\u0259ls\u0259f\u0259 doktoru<\/a><\/li><li><a href=\"https:\/\/pedf.gdu.edu.az\/?page_id=9731\">\u015eabanova Sevil A\u011fa\u0259li q\u0131z\u0131\u00a0\u00a0\u00a0\u00a0\u00a0\u00a0\u00a0\u00a0\u00a0\u00a0\u00a0 Ba\u015f m\u00fc\u0259llim\u00a0\u00a0\u00a0\u00a0\u00a0\u00a0<\/a><\/li><li><a href=\"https:\/\/pedf.gdu.edu.az\/?page_id=9734\">Ta\u011f\u0131yeva G\u00fcnay Hafiz q\u0131z\u0131\u00a0\u00a0\u00a0\u00a0\u00a0\u00a0\u00a0\u00a0\u00a0\u00a0\u00a0\u00a0 M\u00fc\u0259llim\u00a0\u00a0\u00a0\u00a0\u00a0\u00a0\u00a0\u00a0\u00a0\u00a0\u00a0\u00a0\u00a0\u00a0<\/a><\/li><li><a href=\"https:\/\/pedf.gdu.edu.az\/?page_id=9738\">\u018fliyev \u018fli Sahib o\u011flu \u00a0\u00a0\u00a0\u00a0\u00a0\u00a0\u00a0\u00a0\u00a0\u00a0\u00a0\u00a0\u00a0\u00a0\u00a0\u00a0\u00a0\u00a0\u00a0\u00a0 0,5 \u015ftat \u0259v\u0259z\u00e7ilik \u00fczr\u0259 m\u00fc\u0259llim\u00a0\u00a0<\/a><ol><li>T\u0259dris-k\u00f6m\u0259k\u00e7i hey\u0259ti:<\/li><\/ol><\/li><li>H\u00fcseynova T\u0259hmin\u0259 Akif q\u0131z\u0131\u00a0\u00a0\u00a0\u00a0 Laborant\u00a0\u00a0\u00a0\u00a0\u00a0\u00a0\u00a0\u00a0\u00a0\u00a0\u00a0\u00a0<\/li><li>Qurbanova P\u0259rvan\u0259 Eyvaz q\u0131z\u0131\u00a0\u00a0 Laborant\u00a0\u00a0\u00a0\u00a0\u00a0\u00a0\u00a0\u00a0\u00a0\u00a0\u00a0\u00a0<\/li><li>Qurbanova Fidan R\u00f6v\u015f\u0259n q\u0131z\u0131\u00a0\u00a0\u00a0\u00a0 Laborant\u00a0\u00a0\u00a0\u00a0\u00a0\u00a0\u00a0\u00a0\u00a0\u00a0\u00a0\u00a0<\/li><li>Kaz\u0131mova Lal\u0259 V\u00fcqar q\u0131z\u0131\u00a0\u00a0\u00a0\u00a0\u00a0\u00a0\u00a0\u00a0\u00a0\u00a0\u00a0\u00a0\u00a0 0,5 \u015ftat \u0259v\u0259z\u00e7ilik \u00fczr\u0259 konsertmeyster\u00a0\u00a0<\/li><\/ol>\n\n\n\n<p>Kafedrada \u201cMusiqi al\u0259tl\u0259ri\u201d (m\u0259sul \u015f\u0259xsl\u0259r: M.Hac\u0131yeva, S.H\u0259s\u0259nova), \u201cMusiqi tarixi, n\u0259z\u0259riyy\u0259si v\u0259 musiqinin t\u0259drisi metodikas\u0131\u201d (m\u0259sul \u015f\u0259xsl\u0259r: N.Seyfullayeva, L.R\u0259fib\u0259yli), \u201cXor-Dirijorluq-Vokal\u201d adl\u0131 (m\u0259sul \u015f\u0259xsl\u0259r: G.Ta\u011f\u0131yeva, L.N\u0259biyeva) metodb\u00f6lm\u0259l\u0259r f\u0259aliyy\u0259t g\u00f6st\u0259rir.<\/p>\n\n\n\n<p>Kafedrada c\u0259ml\u0259\u015f\u0259n h\u0259r bir musiqi f\u0259nni \u00fczr\u0259 yeni t\u0259dris proqramlar\u0131 haz\u0131rlanm\u0131\u015f, G\u0259nc\u0259 D\u00f6vl\u0259t Universitetinin 18.12.2019-cu il tarixli 5\/382 sayl\u0131 \u0259mri il\u0259 n\u0259\u015fr olunmu\u015fdur.<\/p>\n\n\n\n<p>Kafedran\u0131n ba\u015f m\u00fc\u0259llimi N\u00fc\u015fab\u0259 N\u0259riman q\u0131z\u0131 Seyfullayeva 6213.01-Musiqi s\u0259n\u0259ti ixtisas\u0131nda s\u0259n\u0259t\u015f\u00fcnasl\u0131q elm sah\u0259si \u00fczr\u0259 f\u0259ls\u0259f\u0259 doktorudur, \u0259v\u0259z\u015filik \u00fczr\u0259 m\u00fc\u0259llim \u0130rad\u0259 Mirz\u0259 q\u0131z\u0131 Abdur\u0259hmanova 17.00.02-Musiqi s\u0259n\u0259ti ixtisas\u0131nda s\u0259n\u0259t\u015f\u00fcnasl\u0131q elml\u0259r namiz\u0259didir. Kafedran\u0131n iki n\u0259f\u0259r m\u00fc\u0259llimi (ba\u015f m\u00fc\u0259lliml\u0259r Q\u0259sir\u0259 Tofiq q\u0131z\u0131 M\u0259mm\u0259dova, R\u0259\u015fid\u0259 Hamlet q\u0131z\u0131 M\u0259mm\u0259dova) 13.00.01-\u00dcmumi pedaqogika, pedaqogikan\u0131n v\u0259 t\u0259hsilin tarixi ixtisas\u0131 \u00fczr\u0259 f\u0259ls\u0259f\u0259 doktorudurlar.<\/p>\n\n\n\n<p>Az\u0259rbaycan Respublikas\u0131n\u0131n Prezidenti m\u00f6ht\u0259r\u0259m c\u0259nab \u0130lham \u018fliyevin \u201cB\u00f6y\u00fck Az\u0259rbaycan \u015fairi \u0130mad\u0259ddin N\u0259siminin 650 illik yubileyinin qeyd edilm\u0259si haqq\u0131nda\u201d 2018-ci il 15 noyabr tarixli v\u0259 \u201cAz\u0259rbaycan Respublikas\u0131nda 2019-cu ilin \u201cN\u0259simi ili\u201d elan edilm\u0259si haqq\u0131nda\u201d 11 yanvar 2019-cu il tarixli S\u0259r\u0259ncamlar\u0131n\u0131 r\u0259hb\u0259r tutaraq kafedrada \u201cN\u0259simi v\u0259 musiqi\u201d m\u00f6vzusunda elmi, yarad\u0131c\u0131l\u0131q i\u015fl\u0259ri apar\u0131lm\u0131\u015f, h\u0259min m\u00f6vzuda \u201cMusiqi m\u00fc\u0259llimliyi\u201d ixtisas\u0131 \u00fczr\u0259 t\u0259l\u0259b\u0259l\u0259rin i\u015ftirak\u0131 il\u0259 Universitetin m\u00fc\u0259llim v\u0259 t\u0259l\u0259b\u0259l\u0259ri \u00fc\u00e7\u00fcn 2019-cu ild\u0259 musiqi lektoriyalar\u0131 b\u00f6y\u00fck u\u011furla ke\u00e7irilmi\u015fdir.<\/p>\n\n\n\n<p>G\u0259nc\u0259 \u015f\u0259h\u0259rind\u0259 ilk d\u0259f\u0259 olaraq 15-16 noyabr 2019-cu il tarixl\u0259rind\u0259 \u201cG\u0259nc\u0259nin musiqi m\u0259d\u0259niyy\u0259tinin tarixi\u201d m\u00f6vzusunda elmi-praktik konfrans kafedran\u0131n t\u0259\u015f\u0259bb\u00fcs\u00fc il\u0259 Universitetd\u0259 b\u00f6y\u00fck u\u011furla ke\u00e7irilmi\u015fdir. Konfransda kafedran\u0131n \u0259m\u0259kda\u015flar\u0131 v\u0259 magistrl\u0259r 25 adda m\u0259ruz\u0259 il\u0259 \u00e7\u0131x\u0131\u015f etmi\u015fl\u0259r. G\u0259nc\u0259 D\u00f6vl\u0259t Universiteti, \u00dc.Hacib\u0259yli ad\u0131na Bak\u0131 Musiqi Akademiyas\u0131, AMEA-n\u0131n G\u0259nc\u0259 B\u00f6lm\u0259sinin birg\u0259 t\u0259\u015fkilat\u00e7\u0131l\u0131\u011f\u0131 il\u0259 t\u0259\u015fkil olunan konfrans k\u00fctl\u0259vi informasiya vasit\u0259l\u0259rind\u0259 geni\u015f i\u015f\u0131qland\u0131r\u0131lm\u0131\u015fd\u0131r.<\/p>\n\n\n\n<p>Az\u0259rbaycan Respublikas\u0131n\u0131n Prezidenti m\u00f6ht\u0259r\u0259m c\u0259nab \u0130lham \u018fliyevin Az\u0259rbaycan Respublikas\u0131nda 2021-ci ilin \u201cNizami G\u0259nc\u0259vi \u0130li\u201d elan edilm\u0259si haqq\u0131nda 05 yanvar 2021-ci il tarixli S\u0259r\u0259ncam\u0131n\u0131n icras\u0131n\u0131 t\u0259min etm\u0259k m\u0259qs\u0259dil\u0259 GDU-nun 18.02.2021-ci il tarixli 5\/40 sayl\u0131 \u0259mrin\u0259 \u0259sas\u0259n kafedrada 27 aprel 2021-ci il tarixind\u0259 \u201cNizami G\u0259nc\u0259vinin musiqi d\u00fcnyas\u0131\u201d m\u00f6vzusunda online konfrans ke\u00e7irilmi\u015fdir. Konfransda kafedran\u0131n professor-m\u00fc\u0259llim hey\u0259tind\u0259n 10 n\u0259f\u0259r, 2 n\u0259f\u0259r magistr elmi m\u0259ruz\u0259l\u0259rl\u0259 \u00e7\u0131x\u0131\u015f etmi\u015f, m\u00f6vzular \u0259traf\u0131nda slaydlar n\u00fcmayi\u015f etdirilmi\u015f, musiqi n\u00fcmun\u0259l\u0259ri s\u0259sl\u0259ndirilmi\u015fdir.<\/p>\n\n\n\n<p>Kafedra Az\u0259rbaycan Milli Elml\u0259r Akademiyas\u0131, AMEA-n\u0131n G\u0259nc\u0259 B\u00f6lm\u0259si, \u00dc.Hac\u0131b\u0259yli ad\u0131na Bak\u0131 Musiqi Akademiyas\u0131, Az\u0259rbaycan D\u00f6vl\u0259t Pedaqoji Universitetinin uy\u011fun b\u00f6lm\u0259 v\u0259 kafedralar\u0131 il\u0259 s\u0131x elmi \u0259laq\u0259l\u0259r saxlay\u0131r.<\/p>\n\n\n\n<p>Universitet\u0259 ba\u015fqa ali t\u0259hsil m\u00fc\u0259ssis\u0259l\u0259rind\u0259n daxil olan dissertasiya v\u0259 avtoreferatlar\u0131n, t\u0259dris proqramlar\u0131n\u0131n kafedrada r\u0259yl\u0259ndirilm\u0259si t\u0259\u015fkil edilir.<\/p>\n\n\n\n<p>2020\/2021-ci t\u0259dris ilind\u0259 kafedran\u0131n professor-m\u00fc\u0259llim hey\u0259tind\u0259n 7 n\u0259f\u0259r\u0259 \u2013 professor S.Qurban\u0259liyeva, ba\u015f m\u00fc\u0259lliml\u0259r N.Seyfullayeva, M.Hac\u0131yeva, S.H\u0259s\u0259nova, kafedran\u0131n doktorantlar\u0131 ba\u015f m\u00fc\u0259lliml\u0259r S.R\u00fcst\u0259mova, L.R\u0259fib\u0259yli, kafedran\u0131n dissertant\u0131, 0,5 \u015ftat \u00fczr\u0259 m\u00fc\u0259llim A.\u015eixiyevaya beyn\u0259lxalq elmi konfranslarda i\u015ftiraka g\u00f6r\u0259 \u00fcmumilikd\u0259 16 sertifikat t\u0259qdim olunmu\u015fdur.<\/p>\n\n\n\n<p>2020\/2021-ci t\u0259dris ilind\u0259 kafedran\u0131n \u0259m\u0259kda\u015flar\u0131n\u0131n m\u00fc\u0259llifi olduqlar\u0131 55 m\u0259qal\u0259 (bunlardan 17-si xarici \u00f6lk\u0259l\u0259rd\u0259) n\u0259\u015fr olunmu\u015fdur.<\/p>\n\n\n\n<p>T\u0259l\u0259b\u0259l\u0259rin asud\u0259 vaxt\u0131n\u0131n s\u0259m\u0259r\u0259li t\u0259\u015fkili m\u0259qs\u0259dil\u0259 kafedrada bir s\u0131ra d\u0259rn\u0259kl\u0259r f\u0259aliy\u0259t g\u00f6st\u0259rir: \u201cXorla oxuma\u201d (r\u0259hb\u0259r m\u00fc\u0259lliml\u0259r L.N\u0259biyeva, G.Ta\u011f\u0131yeva), \u201cVokal-instrumental ansambl\u201d (r\u0259hb\u0259r m\u00fc\u0259lliml\u0259r \u015e.Bayramova, A.Abdullayeva), \u201cT\u0259l\u0259b\u0259 elmi d\u0259rn\u0259yi\u201d (r\u0259hb\u0259r m\u00fc\u0259lliml\u0259r M.Hac\u0131yeva, S.R\u00fcst\u0259mova). T\u0259l\u0259b\u0259l\u0259rd\u0259n ibar\u0259t xor kollektivi, \u201cOzan\u201d folklor ansambl\u0131, \u201cG\u0259nc\u0259m\u201d vokal qrupu, \u201c\u015eur\u201d vokal-instrumental ansambl\u0131 tarixi v\u0259 bayram g\u00fcnl\u0259rin\u0259 h\u0259sr olunmu\u015f Universitetd\u0259, G\u0259nc\u0259 \u015f\u0259h\u0259rind\u0259 ke\u00e7iril\u0259n t\u0259dbirl\u0259rd\u0259 z\u0259ngin konsert proqramlar\u0131 il\u0259 u\u011furla \u00e7\u0131x\u0131\u015f etmi\u015f, Respublika miqyasl\u0131 m\u00fcsabiq\u0259 v\u0259 festivallarda \u201cDiplom\u201dlarla t\u0259ltif olunmu\u015flar.<\/p>\n\n\n\n<p>G\u0259nc istedadlar\u0131 \u00fcz\u0259 \u00e7\u0131xarmaq, onlar\u0131n inki\u015faf\u0131na qay\u011f\u0131 g\u00f6st\u0259rm\u0259k v\u0259 pe\u015f\u0259y\u00f6n\u00fcm\u00fc istiqam\u0259tind\u0259 kafedra m\u0259qs\u0259dy\u00f6nl\u00fc i\u015f apar\u0131r. Universitetd\u0259 \u201cMusiqi m\u00fc\u0259limliyi\u201d ixtisas\u0131 \u00fczr\u0259 t\u0259hsil alan t\u0259l\u0259b\u0259l\u0259rin G\u0259nc\u0259 \u015f\u0259h\u0259rinin \u00fcmumt\u0259hsil m\u0259kt\u0259bl\u0259rind\u0259, m\u0259d\u0259niyy\u0259t m\u00fc\u0259ssis\u0259l\u0259rind\u0259 konsertl\u0259ri t\u0259\u015fkil olunur.<\/p>\n\n\n\n<p>G\u0259nc\u0259 \u015f\u0259h\u0259rind\u0259 v\u0259 \u0259traf rayonlarda i\u015fl\u0259y\u0259n musiqi m\u00fc\u0259lliml\u0259ri, kafedran\u0131n m\u0259zunlar\u0131 kafedra il\u0259 \u0259m\u0259kda\u015fl\u0131q edir, kafedrada ke\u00e7iril\u0259n t\u0259dbirl\u0259rd\u0259 i\u015ftirak edir, onlara laz\u0131mi elmi, metodiki k\u00f6m\u0259klik g\u00f6st\u0259rilir.<\/p>\n","protected":false},"excerpt":{"rendered":"<p>\u201cMUS\u0130Q\u0130 F\u018fNL\u018fR\u0130\u201d KAFEDRASI G\u0259nc\u0259 D\u00f6vl\u0259t Universitetinin \u201cMusiqi f\u0259nl\u0259ri\u201d kafedras\u0131 1991-ci ild\u0259n pedaqoji fak\u00fclt\u0259nin tabe\u00e7iliyind\u0259 f\u0259aliyy\u0259t g\u00f6st\u0259rir. Kafedraya Az\u0259rbaycan Respublikas\u0131n\u0131n \u018fm\u0259kdar m\u00fc\u0259llimi, Az\u0259rbaycan Respublikas\u0131 B\u0259st\u0259karlar \u0130ttifaq\u0131n\u0131n \u00fczv\u00fc, \u00dc.Hac\u0131b\u0259yli ad\u0131na Bak\u0131 Musiqi Akademiyas\u0131 n\u0259zdind\u0259 Dissertasiya \u015euras\u0131n\u0131n \u00fczv\u00fc, s\u0259n\u0259t\u015f\u00fcnasl\u0131q elml\u0259ri doktoru, professor Sevda Firuddin q\u0131z\u0131 Qurban\u0259liyeva r\u0259hb\u0259rlik edir. Kafedrada ali t\u0259hsilin bakalavr pill\u0259sind\u0259 \u201cMusiqi m\u00fc\u0259llimliyi\u201d (I, II, III,<\/p>\n<p><a href=\"https:\/\/pedf.gdu.edu.az\/?page_id=417\" class=\"more-link themebutton\">Daha \u0259trafl\u0131 <\/a><\/p>\n","protected":false},"author":4,"featured_media":0,"parent":0,"menu_order":0,"comment_status":"closed","ping_status":"closed","template":"","meta":{"footnotes":""},"class_list":["post-417","page","type-page","status-publish","hentry"],"_links":{"self":[{"href":"https:\/\/pedf.gdu.edu.az\/index.php?rest_route=\/wp\/v2\/pages\/417","targetHints":{"allow":["GET"]}}],"collection":[{"href":"https:\/\/pedf.gdu.edu.az\/index.php?rest_route=\/wp\/v2\/pages"}],"about":[{"href":"https:\/\/pedf.gdu.edu.az\/index.php?rest_route=\/wp\/v2\/types\/page"}],"author":[{"embeddable":true,"href":"https:\/\/pedf.gdu.edu.az\/index.php?rest_route=\/wp\/v2\/users\/4"}],"replies":[{"embeddable":true,"href":"https:\/\/pedf.gdu.edu.az\/index.php?rest_route=%2Fwp%2Fv2%2Fcomments&post=417"}],"version-history":[{"count":20,"href":"https:\/\/pedf.gdu.edu.az\/index.php?rest_route=\/wp\/v2\/pages\/417\/revisions"}],"predecessor-version":[{"id":9741,"href":"https:\/\/pedf.gdu.edu.az\/index.php?rest_route=\/wp\/v2\/pages\/417\/revisions\/9741"}],"wp:attachment":[{"href":"https:\/\/pedf.gdu.edu.az\/index.php?rest_route=%2Fwp%2Fv2%2Fmedia&parent=417"}],"curies":[{"name":"wp","href":"https:\/\/api.w.org\/{rel}","templated":true}]}}