{"id":414,"date":"2016-03-31T01:54:51","date_gmt":"2016-03-30T23:54:51","guid":{"rendered":"http:\/\/pf.gdu.edu.az\/?page_id=414"},"modified":"2025-04-01T12:12:01","modified_gmt":"2025-04-01T10:12:01","slug":"fiziki-t%c9%99rbiy%c9%99-g%c9%99ncl%c9%99rin-cagirisa-q%c9%99d%c9%99rki-hirbi-hazirligi-v%c9%99-mulki-mudafi%c9%99","status":"publish","type":"page","link":"https:\/\/pedf.gdu.edu.az\/?page_id=414","title":{"rendered":"Fiziki t\u0259rbiy\u0259, \u00e7a\u011f\u0131r\u0131\u015faq\u0259d\u0259rki haz\u0131rl\u0131q v\u0259 m\u00fclki m\u00fcdafi\u0259"},"content":{"rendered":"\n<figure class=\"wp-block-image size-full\"><img loading=\"lazy\" decoding=\"async\" width=\"1600\" height=\"1066\" src=\"https:\/\/pedf.gdu.edu.az\/wp-content\/uploads\/2025\/04\/1.jpg\" alt=\"\" class=\"wp-image-9545\" srcset=\"https:\/\/pedf.gdu.edu.az\/wp-content\/uploads\/2025\/04\/1.jpg 1600w, https:\/\/pedf.gdu.edu.az\/wp-content\/uploads\/2025\/04\/1-768x512.jpg 768w, https:\/\/pedf.gdu.edu.az\/wp-content\/uploads\/2025\/04\/1-1536x1023.jpg 1536w, https:\/\/pedf.gdu.edu.az\/wp-content\/uploads\/2025\/04\/1-1140x760.jpg 1140w, https:\/\/pedf.gdu.edu.az\/wp-content\/uploads\/2025\/04\/1-570x380.jpg 570w, https:\/\/pedf.gdu.edu.az\/wp-content\/uploads\/2025\/04\/1-380x254.jpg 380w, https:\/\/pedf.gdu.edu.az\/wp-content\/uploads\/2025\/04\/1-285x190.jpg 285w\" sizes=\"auto, (max-width: 1600px) 100vw, 1600px\" \/><\/figure>\n\n\n<p>\u00a0<\/p>\n<p><strong>Fiziki t\u0259rbiy\u0259, \u00e7a\u011f\u0131r\u0131\u015faq\u0259d\u0259rki hazirl\u0131q v\u0259 m\u00fclki m\u00fcdafi\u0259 kafedras\u0131<\/strong><\/p>\n<p>\u00a0\u00a0\u00a0\u00a0\u00a0\u00a0\u00a0\u00a0\u00a0\u00a0\u00a0 Kafedra 1962-ci ild\u0259 M\u00fclki m\u00fcdafi\u0259 kursu kimi f\u0259aliyy\u0259t\u0259 ba\u015flam\u0131\u015fd\u0131r. 1978-ci il\u0259 kimi N\u0259sr\u0259ddin Novruzov kursun r\u0259hb\u0259ri olmu\u015fdur. H\u0259min kursun \u0259sas\u0131nda 1978-ci ild\u0259 kafedra yarad\u0131lm\u0131\u015f v\u0259 kafedran\u0131n m\u00fcdiri V\u0259liyeva Tamara \u018fli q\u0131z\u0131 se\u00e7ilmi\u015fdir. N\u00f6vb\u0259ti se\u00e7kil\u0259rd\u0259, y\u0259ni 1983-c\u00fc ild\u0259n 1997-ci il\u0259 kimi kafedran\u0131n ba\u015f m\u00fc\u0259llimi Qocayev Vaqif Cahangir o\u011flu kafedra m\u00fcdiri olmu\u015fdur. 1997-ci ild\u0259n 2019-cu il\u0259 kimi\u00a0 prof. \u018fl\u0259ddin H\u0259t\u0259m o\u011flu M\u0259mm\u0259dov kafedra m\u00fcdiri olmu\u015fdur.<\/p>\n<p>\u00a0\u00a0\u00a0\u00a0\u00a0\u00a0\u00a0\u00a0\u00a0\u00a0\u00a0 \u00a02019\/2021-ci ilin dekabr ay\u0131nad\u0259k kafedraya dosent N\u0259biyev Niyazi H\u00fcseynal\u0131 o\u011flu kafedra m\u00fcdiri \u0259v\u0259zi kimi r\u0259hb\u0259rlik edib, 24.12.2021-ci il tarixd\u0259n 07.01.2025-ci il\u0259d\u0259k kafedra m\u00fcdiri t\u0259yin edilib. 14.01.2025-ci il tarixd\u0259n\u00a0 kafedran\u0131n ba\u015f m\u00fc\u0259llimi\u00a0 M\u0259mm\u0259dova Mahnur Qafar q\u0131z\u0131 m\u00fcv\u0259qq\u0259ti kafedra m\u00fcdiri \u0259v\u0259zi t\u0259yin edilib.<\/p>\n<p>\u00a0<\/p>\n<p><strong>Kafedran\u0131n 11 n\u0259f\u0259r professor-m\u00fc\u0259llim hey\u0259ti vard\u0131r. Elmi potensial\u0131 g\u00fccl\u00fcd\u00fcr. <\/strong><\/p>\n<p>Kafedran\u0131n m\u00fc\u0259llim hey\u0259ti 6 n\u0259f\u0259r ba\u015f m\u00fc\u0259llim, 4 n\u0259f\u0259r m\u00fc\u0259llim v\u0259 1 n\u0259f\u0259r \u0259v\u0259z\u00e7i m\u00fc\u0259llimd\u0259n \u00a0ibar\u0259tdir.<\/p>\n<p>Kafedran\u0131n 7 n\u0259f\u0259r t\u0259dris-k\u00f6m\u0259k\u00e7i hey\u0259ti vard\u0131r.<\/p>\n<p>Kafedrada t\u0259drisin keyfiyy\u0259tinin yax\u015f\u0131la\u015fd\u0131r\u0131lmas\u0131, onun g\u00fcn\u00fcn t\u0259l\u0259bl\u0259ri s\u0259viyy\u0259sin\u0259 qald\u0131r\u0131lmas\u0131 \u00fc\u00e7\u00fcn kafedrada d\u0259rs v\u0259 metodik v\u0259saitl\u0259rin, yeni f\u0259nn proqramlar\u0131n\u0131n yaz\u0131lmas\u0131na v\u0259 n\u0259\u015frin\u0259 ciddi fikir verilir.<\/p>\n<p><strong>M\u00dc\u018fLL\u0130M HEY\u018fT\u0130<\/strong><\/p>\n<ol>\n<li><a href=\"https:\/\/pedf.gdu.edu.az\/?page_id=9547\">Kafedra m\u00fcdiri \u0259v\u0259zi, ba\u015f m\u00fc\u0259llim &#8211; M\u0259mm\u0259dova Mahnur Qafar q \u00a0<\/a><\/li>\n<li><a href=\"https:\/\/pedf.gdu.edu.az\/?page_id=9550\">dosent 0,5 \u015ft. \u0259v\u0259z\u00e7i m\u00fc\u0259llim &#8211; N\u0259biyev Niyazi H\u00fcseynal\u0131 o<\/a><\/li>\n<li><a href=\"https:\/\/pedf.gdu.edu.az\/?page_id=9553\">ba\u015f m\u00fc\u0259llim &#8211; H\u00fcseynov Fikr\u0259t B\u0259hlul o.\u00a0 \u00a0 \u00a0 \u00a0 \u00a0 \u00a0<\/a><\/li>\n<li><a href=\"https:\/\/pedf.gdu.edu.az\/?page_id=9557\">ba\u015f m\u00fc\u0259llim &#8211; A\u011fayeva Elmira C\u0259bray\u0131l q<\/a><\/li>\n<li><a href=\"https:\/\/pedf.gdu.edu.az\/?page_id=9560\">ba\u015f m\u00fc\u0259llim &#8211; \u0130brahimova \u0130lham\u0259 Akif q<\/a><\/li>\n<li><a href=\"https:\/\/pedf.gdu.edu.az\/?page_id=9566\">ba\u015f m\u00fc\u0259llim &#8211; Babayeva Sara F\u0259rman q.\u00a0 \u00a0 \u00a0 \u00a0<\/a><\/li>\n<li><a href=\"https:\/\/pedf.gdu.edu.az\/?page_id=9563\">ba\u015f m\u00fc\u0259llim &#8211; Sar\u0131yev Vidadi A\u011famirz\u0259 o.<\/a><\/li>\n<li><a href=\"https:\/\/pedf.gdu.edu.az\/?page_id=9569\">m\u00fc\u0259llim &#8211; \u018fl\u0259kb\u0259rova Z\u00fclfiyy\u0259 B\u0259xtiyar q.\u00a0<\/a><\/li>\n<li><a href=\"https:\/\/pedf.gdu.edu.az\/?page_id=9572\">m\u00fc\u0259llim- M\u0259mm\u0259dov \u015eahmar R\u00fcst\u0259m o.\u00a0<\/a><\/li>\n<li><a href=\"https:\/\/pedf.gdu.edu.az\/?page_id=9575\">m\u00fc\u0259llim &#8211; \u018fmiraslanov S\u0259rxan Nail o.<\/a><\/li>\n<li><a href=\"https:\/\/pedf.gdu.edu.az\/?page_id=9578\">m\u00fc\u0259llim &#8211; Babayeva Nurlana B\u0259hlul q.<\/a><\/li>\n<\/ol>\n<p><strong>\u00a0<\/strong><\/p>\n<p><strong>T\u018fDR\u0130S K\u00d6M\u018fK\u00c7\u0130 HEY\u018fT\u0130<\/strong><\/p>\n<ol>\n<li><a href=\"https:\/\/pedf.gdu.edu.az\/?page_id=9581\">H\u00fcseynova M\u0259hs\u0259ti Saleh q\u0131z\u0131 \u2013 lab.m\u00fcdiri<\/a><\/li>\n<li><a href=\"https:\/\/pedf.gdu.edu.az\/?page_id=9584\">Aslanova Nurlana \u0130brahimx\u0259lil q\u0131z\u0131 \u2013 lab.m\u00fcdiri<\/a><\/li>\n<li><a href=\"https:\/\/pedf.gdu.edu.az\/?page_id=9587\"><strong>\u015eir\u0259liyeva <\/strong>Aynur Vahid q\u0131z\u0131 \u2013 ba\u015f lab.<\/a><\/li>\n<li><a href=\"https:\/\/pedf.gdu.edu.az\/?page_id=9593\">\u018fsg\u0259rova Sevda Valeh q\u0131z\u0131 \u2013 lab.<\/a><\/li>\n<li><a href=\"https:\/\/pedf.gdu.edu.az\/?page_id=9590\">\u018fliyeva M\u0259hluq\u0259 \u018fl\u0259sg\u0259r q\u0131z\u0131 \u2013 lab.<\/a><\/li>\n<li><a href=\"https:\/\/pedf.gdu.edu.az\/?page_id=9596\">Mustafayeva Zabit\u0259 \u018fnv\u0259r q\u0131z\u0131 \u2013 lab.<\/a><\/li>\n<li><a href=\"https:\/\/pedf.gdu.edu.az\/?page_id=9599\">H\u0259s\u0259nova N\u00f6vr\u0259st\u0259 Dil\u0259n q\u0131z\u0131 &#8211; prep.<\/a><\/li>\n<\/ol>\n<p><strong>T\u0259dris olunan f\u0259nl\u0259r:<\/strong><\/p>\n<p><strong>\u00a0<\/strong><\/p>\n<p><strong>Bakalavr ixtisas\u0131 \u00fczr\u0259 <\/strong><\/p>\n<ol>\n<li>M\u00fclki m\u00fcdafi\u0259<\/li>\n<li>M\u00fclki m\u00fcdafi\u0259 v\u0259 ilkin tibbi yard\u0131m<\/li>\n<li>H\u0259rbi V\u0259t\u0259np\u0259rv\u0259rlik t\u0259rbiy\u0259sinin \u0259saslar\u0131<\/li>\n<li>Orduda fiziki haz\u0131rl\u0131\u011f\u0131n \u0259saslar\u0131<\/li>\n<li>V\u0259t\u0259nin m\u00fcdafi\u0259sin\u0259 haz\u0131ram v\u0259 at\u0131c\u0131l\u0131q<\/li>\n<li>At\u0131c\u0131l\u0131q<\/li>\n<li>H\u0259rbi idman oynlar\u0131<\/li>\n<li>H\u0259rbi Qanunvericiliyin \u0259saslar\u0131<\/li>\n<li>Az\u0259rbaycanda Ordu Quruculu\u011funun \u0259saslar\u0131<\/li>\n<li>Az\u0259rbaycanda Ordu Quruculu\u011funun \u0259saslar\u0131 (1991-2020)<\/li>\n<li>G\u0259ncl\u0259rin \u00e7a\u011f\u0131r\u0131\u015faq\u0259d\u0259rki haz\u0131rl\u0131\u011f\u0131n\u0131n t\u0259drisi metodikas\u0131<\/li>\n<li>G\u0259ncl\u0259rin \u00e7a\u011f\u0131r\u0131\u015faq\u0259d\u0259rki haz\u0131rl\u0131\u011f\u0131n\u0131n n\u0259z\u0259riyy\u0259si v\u0259 metodikas\u0131-1<\/li>\n<li>G\u0259ncl\u0259rin \u00e7a\u011f\u0131r\u0131\u015faq\u0259d\u0259rki haz\u0131rl\u0131\u011f\u0131n\u0131n n\u0259z\u0259riyy\u0259si v\u0259 metodikas\u0131-2<\/li>\n<li>G\u0259ncl\u0259rin \u00e7a\u011f\u0131r\u0131\u015faq\u0259d\u0259rki haz\u0131rl\u0131\u011f\u0131nda h\u0259rbi r\u0259hb\u0259rin t\u0259lim-t\u0259dris prosesinin \u0259sas istiqam\u0259tl\u0259ri<\/li>\n<li>Az\u0259rbaycan h\u0259rb tarixi<\/li>\n<li>Taktiki haz\u0131rl\u0131q<\/li>\n<li>S\u0131ra haz\u0131rl\u0131\u011f\u0131<\/li>\n<li>H\u0259rbi topoqrafiya<\/li>\n<li>G\u00fcll\u0259 at\u0131c\u0131l\u0131\u011f\u0131<\/li>\n<\/ol>\n<p>\u00a0<\/p>\n<p><strong>Magistratura ixtisas\u0131 \u00fczr\u0259<\/strong><\/p>\n<p><strong>\u00a0<\/strong><\/p>\n<p><strong>Fiziki t\u0259rbiy\u0259 v\u0259 \u00e7a\u011f\u0131r\u0131\u015faq\u0259d\u0259rki haz\u0131rl\u0131q f\u0259nninin t\u0259drisi metodikas\u0131 v\u0259 metodologiyas\u0131<\/strong><\/p>\n<ol>\n<li>G\u0259ncl\u0259rin \u00e7a\u011f\u0131r\u0131\u015faq\u0259d\u0259rki haz\u0131rl\u0131\u011f\u0131nda h\u0259rbi haz\u0131rl\u0131\u011f\u0131n t\u0259\u015fkilinin n\u0259z\u0259ri \u0259saslar\u0131<\/li>\n<li>H\u0259rbi qanunvericiliyin v\u0259 nizamnam\u0259l\u0259rin g\u0259ncl\u0259r\u0259 \u00f6yr\u0259dilm\u0259si istiqam\u0259tl\u0259ri<\/li>\n<li>Fiziki t\u0259rbiy\u0259nin v\u0259 \u00e7a\u011f\u0131r\u0131\u015faq\u0259d\u0259rki haz\u0131rl\u0131\u011f\u0131n\u0131n m\u00fcasir probleml\u0259ri<\/li>\n<li>Fiziki t\u0259rbiy\u0259nin v\u0259 \u00e7a\u011f\u0131r\u0131\u015faq\u0259d\u0259rki haz\u0131rl\u0131\u011f\u0131n tarixi v\u0259 metodologiyas\u0131<\/li>\n<li>Ali m\u0259kt\u0259b t\u0259r\u0259find\u0259n m\u00fc\u0259yy\u0259n edil\u0259n f\u0259nn (Elmi-t\u0259dqiqat i\u015finin metodika v\u0259 metodologiyas\u0131)<\/li>\n<li>Orta \u00fcmumt\u0259hsil m\u0259kt\u0259bl\u0259rind\u0259 g\u0259ncl\u0259rin h\u0259rbi v\u0259t\u0259np\u0259rv\u0259rlik t\u0259rbiy\u0259sinin t\u0259\u015fkili<\/li>\n<li>Az\u0259rbaycan Ordusunun m\u00fcasir d\u00f6y\u00fc\u015f t\u0259cr\u00fcb\u0259sinin g\u0259nc n\u0259sl\u0259 \u00f6yr\u0259dilm\u0259si<\/li>\n<li>Fiziki t\u0259rbiy\u0259nin taktiki haz\u0131rl\u0131\u011f\u0131n t\u0259\u015fkilind\u0259 rolu<\/li>\n<li>G\u0259ncl\u0259rin \u00e7a\u011f\u0131r\u0131\u015faq\u0259d\u0259rki haz\u0131rl\u0131\u011f\u0131nda h\u0259rbi r\u0259hb\u0259rin t\u0259dris prosesind\u0259ki rolu<\/li>\n<li>Fiziki q\u00fcsurlu \u015f\u0259xsl\u0259r \u00fc\u00e7\u00fcn fiziki t\u0259rbiy\u0259nin t\u0259\u015fkili<\/li>\n<li>Ali m\u0259kt\u0259bl\u0259rd\u0259 h\u0259rbi \u0259lb\u0259yaxa d\u00f6y\u00fc\u015f\u00fcn t\u0259drisinin \u0259sas istiqam\u0259tl\u0259ri<\/li>\n<li>Orta \u00fcmumt\u0259hsil m\u0259kt\u0259bl\u0259rind\u0259 idman sa\u011flamla\u015fd\u0131r\u0131c\u0131 turizm i\u015finin t\u0259\u015fkili istiqam\u0259tl\u0259ri<\/li>\n<li>T\u0259dqiqat \u00fcsullar\u0131<\/li>\n<\/ol>\n<p>\u00a0<\/p>\n<p>\u00a0\u00a0\u00a0\u00a0\u00a0\u00a0\u00a0\u00a0\u00a0\u00a0\u00a0 Fiziki t\u0259rbiy\u0259, \u00e7a\u011f\u0131r\u0131\u015faq\u0259d\u0259rki haz\u0131rl\u0131q v\u0259 m\u00fclki m\u00fcdafi\u0259 kafedras\u0131n\u0131n professor-m\u00fc\u0259llim hey\u0259ti bakalavr pill\u0259si \u00fczr\u0259 b\u00fct\u00fcn fak\u00fclt\u0259l\u0259rd\u0259 \u201cM\u00fclki m\u00fcdafi\u0259\u201d, \u201cM\u00fclki m\u00fcdafi\u0259 v\u0259 ilkin tibbi yard\u0131m\u201d f\u0259nl\u0259ri \u00fczr\u0259 m\u00fchazir\u0259 v\u0259 seminar d\u0259rsl\u0259ri apar\u0131r. Eyni zamanda<strong> \u201c<\/strong>Fiziki t\u0259rbiy\u0259 v\u0259 \u00e7a\u011f\u0131r\u0131\u015faq\u0259d\u0259rki haz\u0131rl\u0131q f\u0259nninin t\u0259drisi metodikas\u0131 v\u0259 metodologiyas\u0131\u201d istiqam\u0259ti \u00fczr\u0259 magistr ixtisas\u0131 \u00fczr\u0259 kadr haz\u0131rl\u0131\u011f\u0131 apar\u0131l\u0131r.<\/p>\n<p>\u00a0\u00a0\u00a0\u00a0\u00a0\u00a0\u00a0\u00a0\u00a0\u00a0\u00a0 Kafedra pedaqoji bilikl\u0259rl\u0259 yana\u015f\u0131 m\u00fclki m\u00fcdafi\u0259 v\u0259 ilkin\u00a0 tibbi yard\u0131m, m\u00fclki m\u00fcdafi\u0259nin \u0259saslar\u0131n\u0131, t\u0259bii, texnogen v\u0259 dig\u0259r f\u00f6vq\u0259lad\u0259 hadis\u0259l\u0259rin n\u0259tic\u0259l\u0259rind\u0259n m\u00fchafiz\u0259 olunma qaydalar\u0131n\u0131, k\u00fctl\u0259vi v\u0259 adi q\u0131r\u011f\u0131n silahlar\u0131ndan m\u00fcdafi\u0259 qaydalar\u0131n\u0131 v\u0259 bu zaman x\u0259sar\u0259talm\u0131\u015flara ilk tibbi yard\u0131m g\u00f6st\u0259rm\u0259k qaydalar\u0131n\u0131, Az\u0259rbaycan Respublikas\u0131 Silahl\u0131 Q\u00fcvv\u0259l\u0259rinin Nizamnam\u0259l\u0259rini, Az\u0259rbaycanda ordu quruculu\u011funu, g\u0259nc n\u0259slin \u00e7a\u011fr\u0131\u015faq\u0259d\u0259rki haz\u0131rl\u0131\u011f\u0131n\u0131, s\u0131ra haz\u0131rl\u0131\u011f\u0131n\u0131, taktiki haz\u0131rl\u0131\u011f\u0131, silahlardan istifad\u0259 qaydalar\u0131n\u0131, h\u0259rbi topoqrafiya bilikl\u0259rini, orta \u00fcmumt\u0259hsil m\u0259kt\u0259bl\u0259rind\u0259 q\u0131zlar \u00fc\u00e7\u00fcn fiziki t\u0259rbiy\u0259 d\u0259rsl\u0259rini, \u00f6yr\u0259d\u0259n m\u0259rk\u0259z kimi f\u0259aliyy\u0259t g\u00f6st\u0259rir. G\u0259nc n\u0259sl\u0259 bilikl\u0259rin verilm\u0259si \u0259sas\u0259n m\u00fchazir\u0259l\u0259r, kitablar v\u0259 m\u0259qal\u0259l\u0259r, elmi seminarlar, h\u0259rbi v\u0259t\u0259np\u0259rv\u0259rlikl\u0259 \u0259laq\u0259dar filml\u0259rin n\u00fcmayi\u015fi, silahlardan v\u0259 d\u00f6y\u00fc\u015f texnikas\u0131ndan (Vizual \u015f\u0259kild\u0259) istifad\u0259 qaydalar\u0131, pedaqoq aliml\u0259r v\u0259 I v\u0259 II Qaraba\u011f m\u00fcharib\u0259si i\u015ftirak\u00e7\u0131lar\u0131n\u0131n t\u0259l\u0259b\u0259l\u0259rl\u0259 g\u00f6r\u00fc\u015f\u00fc vasit\u0259sil\u0259 h\u0259yata ke\u00e7irilir. Ayr\u0131-ayr\u0131 vaxtlarda kafedran\u0131n \u0259m\u0259kda\u015flar\u0131\u00a0 \u00e7a\u011fr\u0131\u015faq\u0259d\u0259rki haz\u0131rl\u0131qla ba\u011fl\u0131 d\u0259rslik v\u0259 d\u0259rs v\u0259saiti haz\u0131rlayaraq t\u0259l\u0259b\u0259l\u0259rin istifad\u0259sin\u0259 vermi\u015fdir.<\/p>\n<p>\u00a0\u00a0\u00a0\u00a0\u00a0\u00a0\u00a0\u00a0\u00a0\u00a0\u00a0 Kafedra \u00fczr\u0259 t\u0259dris plan\u0131nda n\u0259z\u0259rd\u0259 tutulmu\u015f f\u0259nnl\u0259r \u00fczr\u0259 f\u0259nn proqramlar\u0131 haz\u0131rlanm\u0131\u015f v\u0259 Elmi \u015eurada t\u0259sdiq edilmi\u015fdir. Bakalavr pill\u0259si \u00fc\u00e7\u00fcn haz\u0131rlanm\u0131\u015f \u201c H\u0259rbi qanunvericiliyin \u0259saslar\u0131\u201d, \u201cM\u00fclki m\u00fcdafi\u0259 v\u0259 ilkin tibbi yard\u0131m\u201d, \u201cG\u00fcll\u0259 at\u0131c\u0131l\u0131\u011f\u0131n\u0131n t\u0259drisi metodikas\u0131\u201d \u00a0magistr pill\u0259si \u00fc\u00e7\u00fcn is\u0259 \u201c Fiziki t\u0259rbiy\u0259nin v\u0259 \u00e7a\u011f\u0131r\u0131\u015faq\u0259d\u0259rki haz\u0131rl\u0131\u011f\u0131n m\u00fcasir probleml\u0259ri\u201d v\u0259 \u201cFiziki t\u0259rbiy\u0259nin v\u0259 \u00e7a\u011f\u0131r\u0131\u015faq\u0259d\u0259rki haz\u0131rl\u0131\u011f\u0131n tarixi v\u0259 metodologiyas\u0131\u201d f\u0259nn proqramlar\u0131 Az\u0259rbaycan Respublikas\u0131 Elm v\u0259 T\u0259hsil Nazirliyi t\u0259r\u0259find\u0259n t\u0259sdiq edil\u0259r\u0259k qrif alm\u0131\u015fd\u0131r.<\/p>","protected":false},"excerpt":{"rendered":"<p>\u00a0 Fiziki t\u0259rbiy\u0259, \u00e7a\u011f\u0131r\u0131\u015faq\u0259d\u0259rki hazirl\u0131q v\u0259 m\u00fclki m\u00fcdafi\u0259 kafedras\u0131 \u00a0\u00a0\u00a0\u00a0\u00a0\u00a0\u00a0\u00a0\u00a0\u00a0\u00a0 Kafedra 1962-ci ild\u0259 M\u00fclki m\u00fcdafi\u0259 kursu kimi f\u0259aliyy\u0259t\u0259 ba\u015flam\u0131\u015fd\u0131r. 1978-ci il\u0259 kimi N\u0259sr\u0259ddin Novruzov kursun r\u0259hb\u0259ri olmu\u015fdur. H\u0259min kursun \u0259sas\u0131nda 1978-ci ild\u0259 kafedra yarad\u0131lm\u0131\u015f v\u0259 kafedran\u0131n m\u00fcdiri V\u0259liyeva Tamara \u018fli q\u0131z\u0131 se\u00e7ilmi\u015fdir. N\u00f6vb\u0259ti se\u00e7kil\u0259rd\u0259, y\u0259ni 1983-c\u00fc ild\u0259n 1997-ci il\u0259 kimi kafedran\u0131n ba\u015f m\u00fc\u0259llimi Qocayev Vaqif<\/p>\n<p><a href=\"https:\/\/pedf.gdu.edu.az\/?page_id=414\" class=\"more-link themebutton\">Daha \u0259trafl\u0131 <\/a><\/p>\n","protected":false},"author":4,"featured_media":0,"parent":0,"menu_order":0,"comment_status":"closed","ping_status":"closed","template":"","meta":{"footnotes":""},"class_list":["post-414","page","type-page","status-publish","hentry"],"_links":{"self":[{"href":"https:\/\/pedf.gdu.edu.az\/index.php?rest_route=\/wp\/v2\/pages\/414","targetHints":{"allow":["GET"]}}],"collection":[{"href":"https:\/\/pedf.gdu.edu.az\/index.php?rest_route=\/wp\/v2\/pages"}],"about":[{"href":"https:\/\/pedf.gdu.edu.az\/index.php?rest_route=\/wp\/v2\/types\/page"}],"author":[{"embeddable":true,"href":"https:\/\/pedf.gdu.edu.az\/index.php?rest_route=\/wp\/v2\/users\/4"}],"replies":[{"embeddable":true,"href":"https:\/\/pedf.gdu.edu.az\/index.php?rest_route=%2Fwp%2Fv2%2Fcomments&post=414"}],"version-history":[{"count":26,"href":"https:\/\/pedf.gdu.edu.az\/index.php?rest_route=\/wp\/v2\/pages\/414\/revisions"}],"predecessor-version":[{"id":9602,"href":"https:\/\/pedf.gdu.edu.az\/index.php?rest_route=\/wp\/v2\/pages\/414\/revisions\/9602"}],"wp:attachment":[{"href":"https:\/\/pedf.gdu.edu.az\/index.php?rest_route=%2Fwp%2Fv2%2Fmedia&parent=414"}],"curies":[{"name":"wp","href":"https:\/\/api.w.org\/{rel}","templated":true}]}}