{"id":399,"date":"2016-03-31T01:52:51","date_gmt":"2016-03-30T23:52:51","guid":{"rendered":"http:\/\/pf.gdu.edu.az\/?page_id=399"},"modified":"2025-11-07T00:02:00","modified_gmt":"2025-11-06T22:02:00","slug":"kafedralar","status":"publish","type":"page","link":"https:\/\/pedf.gdu.edu.az\/?page_id=399","title":{"rendered":"Kafedralar"},"content":{"rendered":"<ol>\n<li><strong><a href=\"http:\/\/pedf.gdu.edu.az\/?page_id=402\">\u00dcmumi pedaqogika<\/a> ( kaf.m\u00fcd.prof. \u015e. Ta\u011f\u0131yev)<\/strong><\/li>\n<li><a href=\"http:\/\/pedf.gdu.edu.az\/?page_id=405\"><strong>Pedaqogika v\u0259 t\u0259hsilin \u0259saslar\u0131 (kaf.m\u00fcd.dos. A. Quliyev)<\/strong><\/a><\/li>\n<li><strong><a href=\"http:\/\/pedf.gdu.edu.az\/?page_id=408\">Psixologiya<\/a> (kaf.m\u00fcd.dos. Z. Cavadova )<\/strong><\/li>\n<li><strong><a href=\"http:\/\/pedf.gdu.edu.az\/?page_id=414\">Fiziki t\u0259rbiy\u0259 v\u0259 \u00e7a\u011f\u0131r\u0131\u015faq\u0259d\u0259rki haz\u0131rl\u0131q v\u0259 m\u00fclki m\u00fcdafi\u0259 <\/a>(kaf.m\u00fcdiri \u0259v\u0259zi Mahmut M\u0259mm\u0259dova)<\/strong><\/li>\n<li><a href=\"http:\/\/pedf.gdu.edu.az\/?page_id=411\"><strong>B\u0259d\u0259n t\u0259rbiy\u0259si v\u0259 idman ( kaf.m\u00fcd. b\\m Urfan Cabbarov)<\/strong><\/a><\/li>\n<li><strong><a href=\"http:\/\/pedf.gdu.edu.az\/?page_id=417\">Musiqi f\u0259nl\u0259ri<\/a> (kaf.m\u00fcd.prof. S.Qurban\u0259liyeva)<\/strong><\/li>\n<\/ol>\n\n\n<p><\/p>\n","protected":false},"excerpt":{"rendered":"<p>\u00dcmumi pedaqogika ( kaf.m\u00fcd.prof. \u015e. Ta\u011f\u0131yev) Pedaqogika v\u0259 t\u0259hsilin \u0259saslar\u0131 (kaf.m\u00fcd.dos. A. Quliyev) Psixologiya (kaf.m\u00fcd.dos. Z. Cavadova ) Fiziki t\u0259rbiy\u0259 v\u0259 \u00e7a\u011f\u0131r\u0131\u015faq\u0259d\u0259rki haz\u0131rl\u0131q v\u0259 m\u00fclki m\u00fcdafi\u0259 (kaf.m\u00fcdiri \u0259v\u0259zi Mahmut M\u0259mm\u0259dova) B\u0259d\u0259n t\u0259rbiy\u0259si v\u0259 idman ( kaf.m\u00fcd. b\\m Urfan Cabbarov) Musiqi f\u0259nl\u0259ri (kaf.m\u00fcd.prof. S.Qurban\u0259liyeva)<\/p>\n","protected":false},"author":4,"featured_media":0,"parent":0,"menu_order":0,"comment_status":"closed","ping_status":"closed","template":"","meta":{"footnotes":""},"class_list":["post-399","page","type-page","status-publish","hentry"],"_links":{"self":[{"href":"https:\/\/pedf.gdu.edu.az\/index.php?rest_route=\/wp\/v2\/pages\/399","targetHints":{"allow":["GET"]}}],"collection":[{"href":"https:\/\/pedf.gdu.edu.az\/index.php?rest_route=\/wp\/v2\/pages"}],"about":[{"href":"https:\/\/pedf.gdu.edu.az\/index.php?rest_route=\/wp\/v2\/types\/page"}],"author":[{"embeddable":true,"href":"https:\/\/pedf.gdu.edu.az\/index.php?rest_route=\/wp\/v2\/users\/4"}],"replies":[{"embeddable":true,"href":"https:\/\/pedf.gdu.edu.az\/index.php?rest_route=%2Fwp%2Fv2%2Fcomments&post=399"}],"version-history":[{"count":13,"href":"https:\/\/pedf.gdu.edu.az\/index.php?rest_route=\/wp\/v2\/pages\/399\/revisions"}],"predecessor-version":[{"id":11369,"href":"https:\/\/pedf.gdu.edu.az\/index.php?rest_route=\/wp\/v2\/pages\/399\/revisions\/11369"}],"wp:attachment":[{"href":"https:\/\/pedf.gdu.edu.az\/index.php?rest_route=%2Fwp%2Fv2%2Fmedia&parent=399"}],"curies":[{"name":"wp","href":"https:\/\/api.w.org\/{rel}","templated":true}]}}