{"id":390,"date":"2016-03-31T01:51:52","date_gmt":"2016-03-30T23:51:52","guid":{"rendered":"http:\/\/pf.gdu.edu.az\/?page_id=390"},"modified":"2025-12-19T17:16:34","modified_gmt":"2025-12-19T15:16:34","slug":"t%c9%99rbiy%c9%99-isl%c9%99ri-uzr%c9%99-dekan-muavini","status":"publish","type":"page","link":"https:\/\/pedf.gdu.edu.az\/?page_id=390","title":{"rendered":"Humanitar m\u0259s\u0259l\u0259l\u0259r \u00fczr\u0259 dekan m\u00fcavini"},"content":{"rendered":"<div class=\"wp-block-image\">\n<figure class=\"alignleft size-full is-resized\"><img loading=\"lazy\" decoding=\"async\" width=\"1446\" height=\"2024\" src=\"https:\/\/pedf.gdu.edu.az\/wp-content\/uploads\/2025\/04\/s-1-1.jpg\" alt=\"\" class=\"wp-image-9778\" style=\"aspect-ratio:0.7162629757785467;width:225px;height:auto\" srcset=\"https:\/\/pedf.gdu.edu.az\/wp-content\/uploads\/2025\/04\/s-1-1.jpg 1446w, https:\/\/pedf.gdu.edu.az\/wp-content\/uploads\/2025\/04\/s-1-1-768x1075.jpg 768w, https:\/\/pedf.gdu.edu.az\/wp-content\/uploads\/2025\/04\/s-1-1-1097x1536.jpg 1097w\" sizes=\"auto, (max-width: 1446px) 100vw, 1446px\" \/><\/figure><\/div>\n\n<\/p>\n<h3>M\u0259mm\u0259dov \u015eahmar R\u00fcst\u0259m o\u011flu<\/h3>\n<\/p>\n\n\n<p id=\"block-bb00d8c2-623f-492a-82ab-acf802006958\"><strong><br>Fiziki t\u0259rbiy\u0259, \u00e7a\u011f\u0131r\u0131\u015faq\u0259d\u0259rki haz\u0131rl\u0131q v\u0259 m\u00fclki m\u00fcdafi\u0259 kafedras\u0131n\u0131n&nbsp; m\u00fc\u0259llimi M\u0259mm\u0259dov \u015eahmar<\/strong><\/p>\n\n\n\n<p id=\"block-0284e0ab-b3f0-4301-ae1f-a5c341476a5d\">tel: 0558972472<\/p>\n\n\n\n<p id=\"block-8ee0eeaa-5906-4143-a3be-5cdb3dfe938c\">E-mail: memmedovsahlar87@gmail.com<\/p>\n\n\n\n<p id=\"block-4bc5ecad-3cde-4f4a-8e79-c993883496ea\"><strong>QISA B\u0130OQRAF\u0130K M\u018fLUMAT<\/strong><\/p>\n\n\n\n<p id=\"block-a441f73a-ba3b-49fa-be66-a2f1a9fba11e\">1982-ci il 29 dekabr tarixd\u0259 Samux rayon Zazal\u0131 k\u0259ndind\u0259 anadan olub<\/p>\n\n\n\n<p id=\"block-6a3ed45e-8bc9-46b2-9103-97fdd0a5bfef\">1989\/2000cu ild\u0259 Zazal\u0131 k\u0259nd orta m\u0259kt\u0259bind\u0259 t\u0259hsil al\u0131b<\/p>\n\n\n\n<p id=\"block-6296d6ab-3faa-4f42-9c7b-b4b7cf3887c3\">2006\/2007-ci ill\u0259rd\u0259 h\u0259rbi xidm\u0259td\u0259 olub<\/p>\n\n\n\n<p id=\"block-c2bd194a-4080-4a91-8c8c-71ec96071f3f\">2002-ci ild\u0259n Yeni Az\u0259rbaycan Partiyas\u0131n\u0131n \u00fczv\u00fcd\u00fcr<\/p>\n\n\n\n<p id=\"block-341174fb-4910-4006-b971-2f39119ad82b\"><strong>T\u018fHS\u0130L\u0130 V\u018f ELM\u0130 D\u018fR\u018fC\u018f ADLARI<\/strong><\/p>\n\n\n\n<p id=\"block-bf208029-30b8-4517-a7e7-2d60319f93cf\">2000-ci ild\u0259 G\u0259nc\u0259 D\u00f6vl\u0259t Universitetinin Fiziki t\u0259rbiy\u0259 v\u0259 \u00e7a\u011f\u0131r\u0131\u015faq\u0259d\u0259rki haz\u0131rl\u0131q ixtisas\u0131na q\u0259bul olub<\/p>\n\n\n\n<p id=\"block-0d3df6da-9acd-4e5c-ba9b-4199f6e65b05\">2004-c\u00fc ild\u0259 bakalavr pill\u0259sini bitirib<\/p>\n\n\n\n<p id=\"block-0af58248-00ca-400b-81f2-5e589395eba4\">2004\/2006-c\u0131 ild\u0259 Fiziki t\u0259rbiy\u0259 v\u0259 \u00e7a\u011f\u0131r\u0131\u015faq\u0259d\u0259rki haz\u0131rl\u0131\u011f\u0131 magistr pill\u0259sini bitirib<\/p>\n\n\n\n<p id=\"block-229eaec5-f164-4a1f-b43e-d93957bccbac\"><strong>\u018fM\u018fK F\u018fAL\u0130YY\u018fT\u0130<\/strong><\/p>\n\n\n\n<p id=\"block-008a5609-78f1-46ce-bbbc-6fd936c5a271\">2010-cu ild\u0259 G\u0259nc\u0259 D\u00f6vl\u0259t Universitetinin B\u0259d\u0259n t\u0259rbiy\u0259si v\u0259 idman kafedras\u0131nda ba\u015f m\u0259\u015fq\u00e7i m\u00fc\u0259llim<\/p>\n\n\n\n<p id=\"block-61afe224-97e0-48bc-95de-fb3ec92ae9a1\">2010\/2015-ci ill\u0259rd\u0259 Pedaqoji fak\u00fclt\u0259d\u0259 tyutor<\/p>\n\n\n\n<p id=\"block-4f29bae2-0013-44d9-96f7-d9c149866265\">2020-ci ild\u0259n Fiziki t\u0259rbiy\u0259, \u00e7a\u011firi\u015faq\u0259d\u0259rki haz\u0131rl\u0131q v\u0259 m\u00fclki m\u00fcdafi\u0259 kafedras\u0131nda m\u00fc\u0259llim<\/p>\n\n\n\n<p id=\"block-5256984c-86ca-45a4-87fe-61a043342826\">2022-ci il 04 oktyabr tarixd\u0259n Pedaqoji fak\u00fclt\u0259d\u0259&nbsp; humanitar m\u0259s\u0259l\u0259l\u0259r \u00fczr\u0259 dekan m\u00fcavini<\/p>\n\n\n\n<p id=\"block-7be918fb-5bc9-4783-bef3-d439f3bc6ab4\"><strong>ELM\u0130 M\u018fQAL\u018fL\u018fR\u0130<\/strong><\/p>\n\n\n\n<p id=\"block-287ee1d7-9c6e-47bd-a9b7-a2bfb93e7797\">1. \u0130dman\u00e7\u0131n\u0131n&nbsp; q\u0259l\u0259b\u0259 psixologiyas\u0131 m\u0259qal\u0259 GDU Elmi x\u0259b\u0259rl\u0259r, fundamental, humanitar v\u0259 t\u0259bi\u0259t elml\u0259ri seriyas\u0131. G\u0259nc\u0259 2021. \u21161.<\/p>\n\n\n\n<p id=\"block-2a56de10-bd2f-4e0c-adf5-d97b7800c498\">2. Fiziki t\u0259rbiy\u0259d\u0259 istifad\u0259 olunan metodlar v\u0259 vasit\u0259l\u0259r m\u0259qal\u0259 GDU Elmi x\u0259b\u0259rl\u0259r, fundamental, humanitar v\u0259 t\u0259bi\u0259t elml\u0259ri seriyas\u0131. G\u0259nc\u0259 2022. \u21161.<\/p>\n\n\n\n<p id=\"block-208e5b46-d66e-476a-8e79-4d4f56e04f46\">3. Az\u0259rbaycanda ordu quruculu\u011funun \u0259aslar\u0131 (1991-2020) f\u0259nn proqram\u0131 G\u0259nc\u0259 -2023&nbsp;&nbsp;&nbsp;&nbsp;<\/p>\n\n\n\n<p id=\"block-d080ab83-a47e-40fc-82a3-34459fd880c9\">4. B\u00f6y\u00fck Britaniya b\u00f6lm\u0259l\u0259rind\u0259 h\u0259rbi d\u00f6y\u00fc\u015f n\u00f6vl\u0259rind\u0259n istifad\u0259 \u00fcsullar\u0131 m\u0259qal\u0259 G\u0259nc aliml\u0259rin elmi-praktik konfrans materiallar\u0131 2022<\/p>\n\n\n\n<p id=\"block-8b5bf675-cd55-4a40-9d7a-a890e908fc0d\">5. M\u00fcasir m\u0259rh\u0259l\u0259d\u0259 g\u0259ncl\u0259rin h\u0259rbi v\u0259t\u0259np\u0259rv\u0259rlik t\u0259rbiy\u0259sinin t\u0259\u015fkili m\u0259qal\u0259 GDU Elmi x\u0259b\u0259rl\u0259r. Fundamental, humanitar v\u0259 t\u0259bi\u0259t elml\u0259ri seriyas\u0131. G\u0259nc\u0259 2022. \u21163<\/p>\n\n\n\n<p id=\"block-adca9a6d-6a5f-46c5-ae3e-bf1c2f475e9b\">6. V\u0259t\u0259nin m\u00fcdafi\u0259sin\u0259 haz\u0131ram. F\u0259nn proqram\u0131, G\u0259nc\u0259-2024<\/p>\n\n\n\n<p id=\"block-ce2eefc0-019f-4ced-9e25-d65a4083284d\">7. H\u0259rbi qulluq\u00e7ularn y\u00fcks\u0259k h\u0259rbi intizama tabe olmalar\u0131 GDU Elmi x\u0259b\u0259rl\u0259r. Fundamental, humanitar v\u0259 t\u0259bi\u0259t elml\u0259ri seriyas\u0131. G\u0259nc\u0259 2023,\u21164<\/p>\n\n\n\n<p id=\"block-8abece2d-ce3b-47b9-a063-b085f798d9a7\">8. H\u0259rbi t\u0259hsil sistemind\u0259 Ulu \u00d6nd\u0259r Heyd\u0259r \u018fliyevin rolu. GDU Elmi x\u0259b\u0259rl\u0259r. Fundamental, humanitar v\u0259 t\u0259bi\u0259t elml\u0259ri seriyas\u0131. G\u0259nc\u0259 2024,\u21164<\/p>\n\n\n\n<p id=\"block-3b39912e-2207-4447-82d5-dbe110088eff\">9. G\u00fcll\u0259 at\u0131c\u0131l\u0131\u011f\u0131n\u0131n t\u0259drisi metodikas\u0131. F\u0259nn proqram\u0131, G\u0259nc\u0259-2025<\/p>\n","protected":false},"excerpt":{"rendered":"<p>M\u0259mm\u0259dov \u015eahmar R\u00fcst\u0259m o\u011flu Fiziki t\u0259rbiy\u0259, \u00e7a\u011f\u0131r\u0131\u015faq\u0259d\u0259rki haz\u0131rl\u0131q v\u0259 m\u00fclki m\u00fcdafi\u0259 kafedras\u0131n\u0131n&nbsp; m\u00fc\u0259llimi M\u0259mm\u0259dov \u015eahmar tel: 0558972472 E-mail: memmedovsahlar87@gmail.com QISA B\u0130OQRAF\u0130K M\u018fLUMAT 1982-ci il 29 dekabr tarixd\u0259 Samux rayon Zazal\u0131 k\u0259ndind\u0259 anadan olub 1989\/2000cu ild\u0259 Zazal\u0131 k\u0259nd orta m\u0259kt\u0259bind\u0259 t\u0259hsil al\u0131b 2006\/2007-ci ill\u0259rd\u0259 h\u0259rbi xidm\u0259td\u0259 olub 2002-ci ild\u0259n Yeni Az\u0259rbaycan Partiyas\u0131n\u0131n \u00fczv\u00fcd\u00fcr T\u018fHS\u0130L\u0130 V\u018f ELM\u0130<\/p>\n<p><a href=\"https:\/\/pedf.gdu.edu.az\/?page_id=390\" class=\"more-link themebutton\">Daha \u0259trafl\u0131 <\/a><\/p>\n","protected":false},"author":4,"featured_media":0,"parent":0,"menu_order":0,"comment_status":"closed","ping_status":"closed","template":"","meta":{"footnotes":""},"class_list":["post-390","page","type-page","status-publish","hentry"],"_links":{"self":[{"href":"https:\/\/pedf.gdu.edu.az\/index.php?rest_route=\/wp\/v2\/pages\/390","targetHints":{"allow":["GET"]}}],"collection":[{"href":"https:\/\/pedf.gdu.edu.az\/index.php?rest_route=\/wp\/v2\/pages"}],"about":[{"href":"https:\/\/pedf.gdu.edu.az\/index.php?rest_route=\/wp\/v2\/types\/page"}],"author":[{"embeddable":true,"href":"https:\/\/pedf.gdu.edu.az\/index.php?rest_route=\/wp\/v2\/users\/4"}],"replies":[{"embeddable":true,"href":"https:\/\/pedf.gdu.edu.az\/index.php?rest_route=%2Fwp%2Fv2%2Fcomments&post=390"}],"version-history":[{"count":14,"href":"https:\/\/pedf.gdu.edu.az\/index.php?rest_route=\/wp\/v2\/pages\/390\/revisions"}],"predecessor-version":[{"id":11745,"href":"https:\/\/pedf.gdu.edu.az\/index.php?rest_route=\/wp\/v2\/pages\/390\/revisions\/11745"}],"wp:attachment":[{"href":"https:\/\/pedf.gdu.edu.az\/index.php?rest_route=%2Fwp%2Fv2%2Fmedia&parent=390"}],"curies":[{"name":"wp","href":"https:\/\/api.w.org\/{rel}","templated":true}]}}