{"id":387,"date":"2016-03-31T01:50:51","date_gmt":"2016-03-30T23:50:51","guid":{"rendered":"http:\/\/pf.gdu.edu.az\/?page_id=387"},"modified":"2025-04-16T07:46:18","modified_gmt":"2025-04-16T05:46:18","slug":"dekan","status":"publish","type":"page","link":"https:\/\/pedf.gdu.edu.az\/?page_id=387","title":{"rendered":"Dekan"},"content":{"rendered":"\n<h1 class=\"wp-block-heading\"><strong>H\u00fcseynzad\u0259 <\/strong><strong>Zaur Rafael o\u011flu&nbsp;<\/strong><\/h1>\n\n\n\n<div class=\"wp-block-image\"><figure class=\"alignleft\"><img loading=\"lazy\" decoding=\"async\" width=\"225\" height=\"300\" src=\"http:\/\/pedf.gdu.edu.az\/wp-content\/uploads\/2022\/04\/Zaur-Huseynzade-225x300-1.jpg\" alt=\"\" class=\"wp-image-6098\"\/><\/figure><\/div>\n\n\n\n<h3 class=\"wp-block-heading\"><strong>Pedoqoji Fak<\/strong><strong>\u00fc<\/strong><strong>lt<\/strong><strong>\u0259<\/strong><strong>nin dekan\u0131,<\/strong><strong> dosent&nbsp;<\/strong><\/h3>\n\n\n\n<p><strong>\u00a0<\/strong><\/p>\n\n\n\n<p><strong>H<\/strong><strong>\u00fcseynzad\u0259 Zaur Rafael o\u011flu<\/strong><strong><\/strong><\/p>\n\n\n\n<p>01.07.1978-ci ild\u0259 G\u0259nc\u0259 \u015f\u0259h\u0259rind\u0259 anadan olub, 1985-ci ild\u0259 1 sayl\u0131 orta m\u0259kt\u0259b\u0259 gedib h\u0259min m\u0259kt\u0259bi 1995-ci ild\u0259 bitirib.<\/p>\n\n\n\n<p>1995-ci ild\u0259 GDP\u0130-nun H\u0259rbi haz\u0131rl\u0131q v\u0259fiziki t\u0259rbiy\u0259&nbsp; ixtisas\u0131na q\u0259bul olub, 1999-cu ild\u0259 h\u0259min ixtisas\u0131 f\u0259rql\u0259nm\u0259 diplomu il\u0259 bitirib.<\/p>\n\n\n\n<p>1999-2000-ci ill\u0259rd\u0259 h\u0259rbi xidm\u0259td\u0259 olub.<\/p>\n\n\n\n<p>2000-ci ild\u0259 G\u0259nc\u0259 D\u00f6vl\u0259t Universitetind\u0259 Fiziki t\u0259rbiy\u0259 v\u0259 g\u0259ncl\u0259rin \u00e7a\u011f\u0131r\u0131\u015faq\u0259d\u0259rki haz\u0131rl\u0131q ixtisas\u0131n\u0131n magistratura \u015f\u00f6b\u0259sind\u0259 t\u0259hsilini davam etdirib. 2003-c\u00fc ild\u0259 h\u0259min ixtisas\u0131 f\u0259rql\u0259nm\u0259 diplomu il\u0259 bitirib.<\/p>\n\n\n\n<p>2002-ci ild\u0259 \u018flb\u0259yaxa d\u00f6y\u00fc\u015f \u00fczr\u0259 idman ustal\u0131\u011f\u0131na namiz\u0259d<\/p>\n\n\n\n<p>2012-ci ild\u0259 I d\u0259r\u0259c\u0259li m\u0259\u015fq\u00e7i<\/p>\n\n\n\n<p>2019-cu ild\u0259 Az\u0259rbaycan Respublikas\u0131n\u0131n \u018fm\u0259kdar m\u0259\u015fq\u00e7isi f\u0259xri ad\u0131na layiq g\u00f6r\u00fclm\u00fc\u015fd\u00fc.<\/p>\n\n\n\n<p>2000-ci ild\u0259n G\u0259nc\u0259 D\u00f6vl\u0259t Universitetinin B\u0259d\u0259n t\u0259rbiyy\u0259si v\u0259 idman kafedras\u0131nda m\u0259\u015fq\u00e7i m\u00fc\u0259llim kimi i\u015f f\u0259aliyy\u0259tin\u0259 ba\u015flam\u0131\u015f. \u0130\u015fl\u0259diyi m\u00fcdd\u0259td\u0259 m\u00fc\u0259llim,ba\u015f m\u00fc\u0259llim v\u0259 2014-c\u00fc ild\u0259 Dosent ad\u0131na layiq g\u00f6r\u00fclm\u00fc\u015fd\u00fc.<\/p>\n\n\n\n<p>2015-ci ild\u0259 Qiyabi \u015f\u00f6b\u0259d\u0259 metodist v\u0259zif\u0259sind\u0259, 2022 \u2013 ci ild\u0259n is\u0259 G\u0259nc\u0259 D\u00f6vl\u0259t Universitetind\u0259 Pedaqoji fak\u00fclt\u0259nin dekan\u0131 i\u015fl\u0259yir.<\/p>\n\n\n\n<p>\u0130\u015fl\u0259diyi m\u00fcdd\u0259td\u0259 a\u015fa\u011f\u0131dak\u0131 d\u0259rs v\u0259saitl\u0259ri \u00e7ap olunmu\u015fdur.<\/p>\n\n\n\n<p>1.\u018flb\u0259yaxa d\u00f6y\u00fc\u015f ustalar\u0131m\u0131z.2002<\/p>\n\n\n\n<p>2. \u018flb\u0259yaxa d\u00f6y\u00fc\u015f.(\u015e\u0259rq d\u00f6y\u00fc\u015f n\u00f6vl\u0259ri tarixind\u0259n)2003<\/p>\n\n\n\n<p>3. Ali m\u0259kt\u0259bl\u0259rd\u0259 h\u0259rbi \u0259lb\u0259yaxa d\u00f6y\u00fc\u015f\u00fcn\u00fcn \u0259h\u0259miyy\u0259ti.2011<\/p>\n\n\n\n<p>4.\u0130dman qur\u011fular\u0131 v\u0259 sad\u0259 idman qur\u011fular\u0131n\u0131n qura\u015fd\u0131r\u0131lmas\u0131.2015<\/p>\n\n\n\n<p>5. \u00dcmumt\u0259hsil m\u0259kt\u0259bl\u0259rind\u0259 idman-sa\u011flamla\u015fd\u0131r\u0131c\u0131 turizm.2017<\/p>\n\n\n\n<p>6. Fiziki t\u0259rbiy\u0259nin m\u00fcasir probleml\u0259ri.2024<\/p>\n\n\n\n<h4 class=\"wp-block-heading\">&nbsp;<\/h4>\n","protected":false},"excerpt":{"rendered":"<p>H\u00fcseynzad\u0259 Zaur Rafael o\u011flu&nbsp; Pedoqoji Fak\u00fclt\u0259nin dekan\u0131, dosent&nbsp; \u00a0 H\u00fcseynzad\u0259 Zaur Rafael o\u011flu 01.07.1978-ci ild\u0259 G\u0259nc\u0259 \u015f\u0259h\u0259rind\u0259 anadan olub, 1985-ci ild\u0259 1 sayl\u0131 orta m\u0259kt\u0259b\u0259 gedib h\u0259min m\u0259kt\u0259bi 1995-ci ild\u0259 bitirib. 1995-ci ild\u0259 GDP\u0130-nun H\u0259rbi haz\u0131rl\u0131q v\u0259fiziki t\u0259rbiy\u0259&nbsp; ixtisas\u0131na q\u0259bul olub, 1999-cu ild\u0259 h\u0259min ixtisas\u0131 f\u0259rql\u0259nm\u0259 diplomu il\u0259 bitirib. 1999-2000-ci ill\u0259rd\u0259 h\u0259rbi xidm\u0259td\u0259 olub. 2000-ci<\/p>\n<p><a href=\"https:\/\/pedf.gdu.edu.az\/?page_id=387\" class=\"more-link themebutton\">Daha \u0259trafl\u0131 <\/a><\/p>\n","protected":false},"author":4,"featured_media":0,"parent":0,"menu_order":0,"comment_status":"closed","ping_status":"closed","template":"","meta":{"footnotes":""},"class_list":["post-387","page","type-page","status-publish","hentry"],"_links":{"self":[{"href":"https:\/\/pedf.gdu.edu.az\/index.php?rest_route=\/wp\/v2\/pages\/387","targetHints":{"allow":["GET"]}}],"collection":[{"href":"https:\/\/pedf.gdu.edu.az\/index.php?rest_route=\/wp\/v2\/pages"}],"about":[{"href":"https:\/\/pedf.gdu.edu.az\/index.php?rest_route=\/wp\/v2\/types\/page"}],"author":[{"embeddable":true,"href":"https:\/\/pedf.gdu.edu.az\/index.php?rest_route=\/wp\/v2\/users\/4"}],"replies":[{"embeddable":true,"href":"https:\/\/pedf.gdu.edu.az\/index.php?rest_route=%2Fwp%2Fv2%2Fcomments&post=387"}],"version-history":[{"count":22,"href":"https:\/\/pedf.gdu.edu.az\/index.php?rest_route=\/wp\/v2\/pages\/387\/revisions"}],"predecessor-version":[{"id":9906,"href":"https:\/\/pedf.gdu.edu.az\/index.php?rest_route=\/wp\/v2\/pages\/387\/revisions\/9906"}],"wp:attachment":[{"href":"https:\/\/pedf.gdu.edu.az\/index.php?rest_route=%2Fwp%2Fv2%2Fmedia&parent=387"}],"curies":[{"name":"wp","href":"https:\/\/api.w.org\/{rel}","templated":true}]}}