{"id":374,"date":"2016-03-31T01:49:35","date_gmt":"2016-03-30T23:49:35","guid":{"rendered":"http:\/\/pf.gdu.edu.az\/?page_id=374"},"modified":"2025-10-21T23:02:29","modified_gmt":"2025-10-21T21:02:29","slug":"t%c9%99l%c9%99b%c9%99-elmi-c%c9%99miyy%c9%99ti","status":"publish","type":"page","link":"https:\/\/pedf.gdu.edu.az\/?page_id=374","title":{"rendered":"T\u0259l\u0259b\u0259 Elmi C\u0259miyy\u0259ti"},"content":{"rendered":"<div id=\"metaslider-id-937\" style=\"max-width: 800px;\" class=\"ml-slider-3-106-0 metaslider metaslider-flex metaslider-937 ml-slider has-dots-nav ms-theme-default\" role=\"region\" aria-label=\"TEC\" data-height=\"600\" data-width=\"800\">\n    <div id=\"metaslider_container_937\">\n        <div id=\"metaslider_937\">\n            <ul class='slides'>\n                <li style=\"display: block; width: 100%;\" class=\"slide-939 ms-image \" aria-roledescription=\"slide\" data-date=\"2016-04-20 08:19:22\" data-filename=\"TECin-s\u0259dri-800x600.jpg\" data-slide-type=\"image\"><img loading=\"lazy\" decoding=\"async\" src=\"https:\/\/pedf.gdu.edu.az\/wp-content\/uploads\/2016\/04\/TECin-s\u0259dri-800x600.jpg\" height=\"600\" width=\"800\" alt=\"\" class=\"slider-937 slide-939 msDefaultImage\" \/><\/li>\n                <li style=\"display: none; width: 100%;\" class=\"slide-938 ms-image \" aria-roledescription=\"slide\" data-date=\"2016-04-20 08:19:19\" data-filename=\"TEC-konfrans-\u015fekili-800x600.jpg\" data-slide-type=\"image\"><img loading=\"lazy\" decoding=\"async\" src=\"https:\/\/pedf.gdu.edu.az\/wp-content\/uploads\/2016\/04\/TEC-konfrans-\u015fekili-800x600.jpg\" height=\"600\" width=\"800\" alt=\"\" class=\"slider-937 slide-938 msDefaultImage\" \/><\/li>\n                <li style=\"display: none; width: 100%;\" class=\"slide-1088 ms-image \" aria-roledescription=\"slide\" data-date=\"2016-04-24 21:09:55\" data-filename=\"1960776_268551393311585_293364377_o-800x600.jpg\" data-slide-type=\"image\"><img loading=\"lazy\" decoding=\"async\" src=\"https:\/\/pedf.gdu.edu.az\/wp-content\/uploads\/2016\/04\/1960776_268551393311585_293364377_o-800x600.jpg\" height=\"600\" width=\"800\" alt=\"\" class=\"slider-937 slide-1088 msDefaultImage\" \/><\/li>\n            <\/ul>\n        <\/div>\n        \n    <\/div>\n<\/div>\n<p><strong>T\u0259l\u0259b\u0259 Elmi C\u0259miyy\u0259ti:<\/strong><\/p>\n<p><strong>S\u0259dr: Cabbarova Telli R\u0259him q\u0131z\u0131, ba\u015f m\u00fc\u0259llim<\/strong><\/p>\n<p>T\u0259l\u0259b\u0259 &nbsp;Elmi &nbsp;C\u0259miyy\u0259ti &nbsp;Az\u0259rbaycan &nbsp;Respublikas\u0131 &nbsp;Prezidentinin &nbsp;22 &nbsp;may 2009 \u2013 cu il tarixli &nbsp;295 &nbsp;n\u00f6mr\u0259li &nbsp;S\u0259r\u0259ncam\u0131na &nbsp;uy\u011fun &nbsp;olaraq &nbsp;Az\u0259rbaycan &nbsp;Respublikas\u0131 &nbsp;T\u0259hsil &nbsp;Nazirinin &nbsp;27.06.2014 \u2013 c\u00fc &nbsp;il 752 n\u00f6mr\u0259li &nbsp;\u0259mri il\u0259 t\u0259sdiq edilmi\u015f \u201cT\u0259l\u0259b\u0259 Elmi C\u0259miyy\u0259ti &nbsp;haqq\u0131nda &nbsp;N\u00fcmun\u0259vi &nbsp;\u018fsasnam\u0259y\u0259\u201d uy\u011fun &nbsp;f\u0259aliyy\u0259t &nbsp;g\u00f6st\u0259rir.<\/p>\n<p><strong>T\u0259l\u0259b\u0259 Elmi C\u0259miyy\u0259tinin \u0259sas m\u0259qs\u0259di:<\/strong><\/p>\n<p>* ali t\u0259hsilli &nbsp;m\u00fct\u0259x\u0259ssisl\u0259rin &nbsp;haz\u0131rlanmas\u0131n\u0131n &nbsp;keyfiyy\u0259tinin &nbsp;y\u00fcks\u0259ldilm\u0259sin\u0259 y\u00f6n\u0259ldilmi\u015f &nbsp;elmi-t\u0259\u015fkilati &nbsp;t\u0259dbirl\u0259rin &nbsp;h\u0259yata &nbsp;ke\u00e7irilm\u0259si;<\/p>\n<p>* t\u0259l\u0259b\u0259l\u0259rin &nbsp;elmi-texniki &nbsp;potensial\u0131n &nbsp;qorunub &nbsp;saxlan\u0131lmas\u0131;<\/p>\n<p>* magistr &nbsp;v\u0259 &nbsp;bakalavr &nbsp;t\u0259l\u0259b\u0259l\u0259rin &nbsp;elmi &nbsp;t\u0259dqiqat &nbsp;f\u0259aliyy\u0259tini &nbsp;yeni &nbsp;sosial-iqtisadi \u015f\u0259rait\u0259 &nbsp;uy\u011fun &nbsp;t\u0259\u015fkil &nbsp;etm\u0259k.<\/p>\n<p><strong>T\u0259l\u0259b\u0259 Elmi C\u0259miyy\u0259tinin \u0259sas v\u0259zif\u0259l\u0259ri:<\/strong><\/p>\n<p>* t\u0259l\u0259b\u0259l\u0259rin &nbsp;elmi f\u0259aliyy\u0259t\u0259 &nbsp;c\u0259lb edilm\u0259si v\u0259 bu f\u0259aliyy\u0259tin &nbsp;t\u0259\u015fkil &nbsp;olunmas\u0131;<\/p>\n<p>* elmi t\u0259dqiqat &nbsp;i\u015fl\u0259rin\u0259 &nbsp;t\u0259l\u0259b\u0259l\u0259rin &nbsp;mara\u011f\u0131n\u0131n &nbsp;art\u0131r\u0131lmas\u0131na &nbsp;k\u00f6m\u0259klik &nbsp;g\u00f6st\u0259rm\u0259k;<\/p>\n<p>* t\u0259l\u0259b\u0259l\u0259r\u0259 &nbsp;elmi t\u0259dqiqat &nbsp;i\u015fl\u0259rinin &nbsp;m\u00fcst\u0259qil &nbsp;h\u0259ll edilm\u0259si yollar\u0131n\u0131 &nbsp;\u00f6yr\u0259tm\u0259k;<\/p>\n<p>* istedadl\u0131 &nbsp;g\u0259ncl\u0259rin &nbsp;a\u015fkar &nbsp;edilm\u0259si &nbsp;v\u0259 &nbsp;onlar\u0131n &nbsp;m\u00fcxt\u0259lif&nbsp; &nbsp;elmi &nbsp;konfranslara c\u0259lb &nbsp;olunmas\u0131n\u0131 &nbsp;t\u0259\u015fkil &nbsp;etm\u0259k;<\/p>\n<p>* elmi-pedaqoji &nbsp;kadr &nbsp;haz\u0131rl\u0131\u011f\u0131 &nbsp;\u00fc\u00e7\u00fcn &nbsp;perspektivli &nbsp;g\u0259ncl\u0259ri &nbsp;se\u00e7m\u0259k &nbsp;v\u0259 &nbsp;onlar\u0131 t\u0259dqiqt\u00e7\u0131l\u0131q &nbsp;&nbsp;f\u0259aliyy\u0259tin\u0259 &nbsp;haz\u0131rlamaq;<\/p>\n<p>* m\u00fcxt\u0259lif &nbsp;s\u0259viyy\u0259li&nbsp; &nbsp;t\u0259dbirl\u0259rin \u2013 beyn\u0259lxalq v\u0259 &nbsp;yerli konfranslar\u0131n, elmi seminarlar\u0131n, m\u00fcxt\u0259lif &nbsp;ixtisas&nbsp; &nbsp;v\u0259 &nbsp;f\u0259nl\u0259r &nbsp;\u00fczr\u0259 olimpiadalar\u0131n, ali m\u0259kt\u0259bl\u0259r aras\u0131 \u0259n yax\u015f\u0131 elmi t\u0259dqiqat i\u015fl\u0259rinin v\u0259 s. ke\u00e7irilm\u0259sind\u0259 t\u0259l\u0259b\u0259l\u0259rin i\u015ftirak\u0131n\u0131 t\u0259min etm\u0259k;<\/p>\n<p>* t\u0259l\u0259b\u0259l\u0259rin &nbsp;elmi t\u0259dqiqat &nbsp;i\u015fl\u0259rinin &nbsp;n\u0259\u015fr edilm\u0259sini &nbsp;t\u0259\u015fkil etm\u0259k;<\/p>\n<p>* m\u00fcxt\u0259lif &nbsp;konfranslarda &nbsp;f\u0259rql\u0259nmi\u015f &nbsp;t\u0259l\u0259b\u0259l\u0259rin &nbsp;m\u00fckafatland\u0131r\u0131lmas\u0131 &nbsp;\u00fc\u00e7\u00fcn t\u0259dbirl\u0259r &nbsp;g\u00f6rm\u0259k;<\/p>\n<p>* dig\u0259r ali t\u0259hsil m\u00fc\u0259ssis\u0259l\u0259rinin TEC-l\u0259ri il\u0259 \u0259m\u0259kda\u015fl\u0131\u011f\u0131n h\u0259yata ke\u00e7irilm\u0259sini t\u0259\u015fkil etm\u0259k;<\/p>\n<p>* istedadl\u0131 v\u0259 &nbsp;perspektivli &nbsp;t\u0259l\u0259b\u0259l\u0259rin &nbsp;t\u0259hsill\u0259rini &nbsp;xarici &nbsp;d\u00f6vl\u0259tl\u0259rin &nbsp;qabaqc\u0131l universitetl\u0259rind\u0259 &nbsp;davam &nbsp;etdirilm\u0259sin\u0259 &nbsp;k\u00f6m\u0259klik &nbsp;g\u00f6st\u0259rm\u0259k.<\/p>\n<p>Pedaqoji fak\u00fclt\u0259 TEC-in&nbsp; t\u0259rkibind\u0259 6 kafedran\u0131n TEC s\u0259drl\u0259ri f\u0259aliyy\u0259t g\u00f6st\u0259rir.<\/p>\n<ol>\n<li>\u00dcmumi pedaqogika kafedras\u0131 \u2013 b\/m. B\u0259sir\u0259 Abbasova<\/li>\n<li>T\u0259hsilin pedaqogikas\u0131 v\u0259 metodikas\u0131 kafedras\u0131 \u2013 b\/m. \u018fsm\u0259r \u015e\u0259rifova<\/li>\n<li>Psixologiya kafedras\u0131 \u2013b\/m. P\u0259rvan\u0259 M\u0259mm\u0259dova<\/li>\n<li>Fiziki t\u0259rbiy\u0259, \u00e7a\u011f\u0131r\u0131\u015faq\u0259d\u0259rki haz\u0131rl\u0131q v\u0259 m\u00fclki m\u00fcdafi\u0259 kafedras\u0131 \u2013 dos. Vaqif Qocayev<\/li>\n<li>B\u0259d\u0259n t\u0259rbiy\u0259si v\u0259 idman kafedras\u0131 \u2013 dos. Asif Quliyev<\/li>\n<li>Musiq f\u0259nnl\u0259ri kafedras\u0131 \u2013b\/m. Sevinc R\u00fcst\u0259mova .<\/li>\n<\/ol>\n<p>TEC-in s\u0259drliyi t\u0259r\u0259find\u0259n 2012-ci ild\u0259 H.\u018fliyevin anadan olmas\u0131n\u0131n 89-cu il d\u00f6n\u00fcm\u00fcn\u0259 dair psixologiyadan f\u0259nn olimpiyadas\u0131 ke\u00e7irilmi\u015fdir. N\u00f6vb\u0259ti ill\u0259rd\u0259 bu \u0259n\u0259n\u0259 davam etdirilmi\u015fdir. 2014-c\u00fc ild\u0259 universitet \u00fczr\u0259 ilk d\u0259f\u0259 Pedaqoji fak\u00fclt\u0259d\u0259 TEC-i s\u0259drliyi il\u0259 elmi konfrans ke\u00e7irilmi\u015fdir.<\/p>\n<p>Pedaqoji fak\u00fclt\u0259 T\u0259l\u0259b\u0259 elmi c\u0259miyy\u0259tinin&nbsp;t\u0259rkibind\u0259 Psixologiya sah\u0259si \u00fczr\u0259 d\u0259rn\u0259k f\u0259aliyy\u0259t g\u00f6st\u0259rir. Bu d\u0259rn\u0259y\u0259 Psixologiya kafedras\u0131n\u0131n ba\u015f m\u00fc\u0259llimi P\u0259rvan\u0259 M\u0259mm\u0259dova ba\u015f\u00e7\u0131l\u0131q edir. Psixologiya d\u0259rn\u0259yinin \u00fczvl\u0259ri universitetd\u0259 v\u0259 universitetd\u0259n k\u0259narda elmi- praktik konfranslarda i\u015ftirak etmi\u015f v\u0259 sertifikatlara layiq g\u00f6r\u00fclm\u00fc\u015fl\u0259r.&nbsp;TSPX&nbsp; ixtisas\u0131n\u0131n III kurs t\u0259l\u0259b\u0259si Allahverdiyeva Ayselin \u00dcmummilli Lider H. \u018fliyevin 93 \u2013c\u00fc il d\u00f6n\u00fcm\u00fcn\u0259 h\u0259sr olnmu\u015f &nbsp; elmi-seminar\u0131 ke\u00e7irilmi\u015fdir.<\/p>\n\n\n<figure class=\"wp-block-gallery columns-4 is-cropped wp-block-gallery-1 is-layout-flex wp-block-gallery-is-layout-flex\"><ul class=\"blocks-gallery-grid\"><li class=\"blocks-gallery-item\"><figure><img loading=\"lazy\" decoding=\"async\" width=\"418\" height=\"591\" src=\"https:\/\/pedf.gdu.edu.az\/wp-content\/uploads\/2025\/10\/\u0420\u0438\u0441\u0443\u043d\u043e\u043a1.png\" alt=\"\" data-id=\"11116\" data-full-url=\"https:\/\/pedf.gdu.edu.az\/wp-content\/uploads\/2025\/10\/\u0420\u0438\u0441\u0443\u043d\u043e\u043a1.png\" data-link=\"https:\/\/pedf.gdu.edu.az\/?attachment_id=11116#main\" class=\"wp-image-11116\"\/><\/figure><\/li><li class=\"blocks-gallery-item\"><figure><img loading=\"lazy\" decoding=\"async\" width=\"395\" height=\"468\" src=\"https:\/\/pedf.gdu.edu.az\/wp-content\/uploads\/2025\/10\/\u0420\u0438\u0441\u0443\u043d\u043e\u043a2.png\" alt=\"\" data-id=\"11117\" data-full-url=\"https:\/\/pedf.gdu.edu.az\/wp-content\/uploads\/2025\/10\/\u0420\u0438\u0441\u0443\u043d\u043e\u043a2.png\" data-link=\"https:\/\/pedf.gdu.edu.az\/?attachment_id=11117#main\" class=\"wp-image-11117\"\/><\/figure><\/li><li class=\"blocks-gallery-item\"><figure><img loading=\"lazy\" decoding=\"async\" width=\"468\" height=\"490\" src=\"https:\/\/pedf.gdu.edu.az\/wp-content\/uploads\/2025\/10\/\u0420\u0438\u0441\u0443\u043d\u043e\u043a3.png\" alt=\"\" data-id=\"11118\" data-full-url=\"https:\/\/pedf.gdu.edu.az\/wp-content\/uploads\/2025\/10\/\u0420\u0438\u0441\u0443\u043d\u043e\u043a3.png\" data-link=\"https:\/\/pedf.gdu.edu.az\/?attachment_id=11118#main\" class=\"wp-image-11118\"\/><\/figure><\/li><li class=\"blocks-gallery-item\"><figure><img loading=\"lazy\" decoding=\"async\" width=\"369\" height=\"615\" src=\"https:\/\/pedf.gdu.edu.az\/wp-content\/uploads\/2025\/10\/\u0420\u0438\u0441\u0443\u043d\u043e\u043a4.png\" alt=\"\" data-id=\"11119\" data-full-url=\"https:\/\/pedf.gdu.edu.az\/wp-content\/uploads\/2025\/10\/\u0420\u0438\u0441\u0443\u043d\u043e\u043a4.png\" data-link=\"https:\/\/pedf.gdu.edu.az\/?attachment_id=11119#main\" class=\"wp-image-11119\"\/><\/figure><\/li><li class=\"blocks-gallery-item\"><figure><img loading=\"lazy\" decoding=\"async\" width=\"440\" height=\"556\" src=\"https:\/\/pedf.gdu.edu.az\/wp-content\/uploads\/2025\/10\/\u0420\u0438\u0441\u0443\u043d\u043e\u043a5.png\" alt=\"\" data-id=\"11120\" data-full-url=\"https:\/\/pedf.gdu.edu.az\/wp-content\/uploads\/2025\/10\/\u0420\u0438\u0441\u0443\u043d\u043e\u043a5.png\" data-link=\"https:\/\/pedf.gdu.edu.az\/?attachment_id=11120#main\" class=\"wp-image-11120\"\/><\/figure><\/li><li class=\"blocks-gallery-item\"><figure><img loading=\"lazy\" decoding=\"async\" width=\"416\" height=\"531\" src=\"https:\/\/pedf.gdu.edu.az\/wp-content\/uploads\/2025\/10\/\u0420\u0438\u0441\u0443\u043d\u043e\u043a6.png\" alt=\"\" data-id=\"11121\" data-full-url=\"https:\/\/pedf.gdu.edu.az\/wp-content\/uploads\/2025\/10\/\u0420\u0438\u0441\u0443\u043d\u043e\u043a6.png\" data-link=\"https:\/\/pedf.gdu.edu.az\/?attachment_id=11121#main\" class=\"wp-image-11121\"\/><\/figure><\/li><li class=\"blocks-gallery-item\"><figure><img loading=\"lazy\" decoding=\"async\" width=\"377\" height=\"629\" src=\"https:\/\/pedf.gdu.edu.az\/wp-content\/uploads\/2025\/10\/\u0420\u0438\u0441\u0443\u043d\u043e\u043a7.png\" alt=\"\" data-id=\"11122\" data-full-url=\"https:\/\/pedf.gdu.edu.az\/wp-content\/uploads\/2025\/10\/\u0420\u0438\u0441\u0443\u043d\u043e\u043a7.png\" data-link=\"https:\/\/pedf.gdu.edu.az\/?attachment_id=11122#main\" class=\"wp-image-11122\"\/><\/figure><\/li><li class=\"blocks-gallery-item\"><figure><img loading=\"lazy\" decoding=\"async\" width=\"468\" height=\"589\" src=\"https:\/\/pedf.gdu.edu.az\/wp-content\/uploads\/2025\/10\/\u0420\u0438\u0441\u0443\u043d\u043e\u043a8.png\" alt=\"\" data-id=\"11123\" data-full-url=\"https:\/\/pedf.gdu.edu.az\/wp-content\/uploads\/2025\/10\/\u0420\u0438\u0441\u0443\u043d\u043e\u043a8.png\" data-link=\"https:\/\/pedf.gdu.edu.az\/?attachment_id=11123#main\" class=\"wp-image-11123\"\/><\/figure><\/li><li class=\"blocks-gallery-item\"><figure><img loading=\"lazy\" decoding=\"async\" width=\"365\" height=\"510\" src=\"https:\/\/pedf.gdu.edu.az\/wp-content\/uploads\/2025\/10\/\u0420\u0438\u0441\u0443\u043d\u043e\u043a9.png\" alt=\"\" data-id=\"11124\" data-full-url=\"https:\/\/pedf.gdu.edu.az\/wp-content\/uploads\/2025\/10\/\u0420\u0438\u0441\u0443\u043d\u043e\u043a9.png\" data-link=\"https:\/\/pedf.gdu.edu.az\/?attachment_id=11124#main\" class=\"wp-image-11124\"\/><\/figure><\/li><li class=\"blocks-gallery-item\"><figure><img loading=\"lazy\" decoding=\"async\" width=\"541\" height=\"899\" src=\"https:\/\/pedf.gdu.edu.az\/wp-content\/uploads\/2025\/10\/\u0420\u0438\u0441\u0443\u043d\u043e\u043a10.png\" alt=\"\" data-id=\"11125\" data-full-url=\"https:\/\/pedf.gdu.edu.az\/wp-content\/uploads\/2025\/10\/\u0420\u0438\u0441\u0443\u043d\u043e\u043a10.png\" data-link=\"https:\/\/pedf.gdu.edu.az\/?attachment_id=11125#main\" class=\"wp-image-11125\"\/><\/figure><\/li><\/ul><\/figure>\n","protected":false},"excerpt":{"rendered":"<p>T\u0259l\u0259b\u0259 Elmi C\u0259miyy\u0259ti: S\u0259dr: Cabbarova Telli R\u0259him q\u0131z\u0131, ba\u015f m\u00fc\u0259llim T\u0259l\u0259b\u0259 &nbsp;Elmi &nbsp;C\u0259miyy\u0259ti &nbsp;Az\u0259rbaycan &nbsp;Respublikas\u0131 &nbsp;Prezidentinin &nbsp;22 &nbsp;may 2009 \u2013 cu il tarixli &nbsp;295 &nbsp;n\u00f6mr\u0259li &nbsp;S\u0259r\u0259ncam\u0131na &nbsp;uy\u011fun &nbsp;olaraq &nbsp;Az\u0259rbaycan &nbsp;Respublikas\u0131 &nbsp;T\u0259hsil &nbsp;Nazirinin &nbsp;27.06.2014 \u2013 c\u00fc &nbsp;il 752 n\u00f6mr\u0259li &nbsp;\u0259mri il\u0259 t\u0259sdiq edilmi\u015f \u201cT\u0259l\u0259b\u0259 Elmi C\u0259miyy\u0259ti &nbsp;haqq\u0131nda &nbsp;N\u00fcmun\u0259vi &nbsp;\u018fsasnam\u0259y\u0259\u201d uy\u011fun &nbsp;f\u0259aliyy\u0259t &nbsp;g\u00f6st\u0259rir. T\u0259l\u0259b\u0259 Elmi C\u0259miyy\u0259tinin \u0259sas<\/p>\n<p><a href=\"https:\/\/pedf.gdu.edu.az\/?page_id=374\" class=\"more-link themebutton\">Daha \u0259trafl\u0131 <\/a><\/p>\n","protected":false},"author":4,"featured_media":0,"parent":0,"menu_order":0,"comment_status":"closed","ping_status":"closed","template":"","meta":{"footnotes":""},"class_list":["post-374","page","type-page","status-publish","hentry"],"_links":{"self":[{"href":"https:\/\/pedf.gdu.edu.az\/index.php?rest_route=\/wp\/v2\/pages\/374","targetHints":{"allow":["GET"]}}],"collection":[{"href":"https:\/\/pedf.gdu.edu.az\/index.php?rest_route=\/wp\/v2\/pages"}],"about":[{"href":"https:\/\/pedf.gdu.edu.az\/index.php?rest_route=\/wp\/v2\/types\/page"}],"author":[{"embeddable":true,"href":"https:\/\/pedf.gdu.edu.az\/index.php?rest_route=\/wp\/v2\/users\/4"}],"replies":[{"embeddable":true,"href":"https:\/\/pedf.gdu.edu.az\/index.php?rest_route=%2Fwp%2Fv2%2Fcomments&post=374"}],"version-history":[{"count":11,"href":"https:\/\/pedf.gdu.edu.az\/index.php?rest_route=\/wp\/v2\/pages\/374\/revisions"}],"predecessor-version":[{"id":11128,"href":"https:\/\/pedf.gdu.edu.az\/index.php?rest_route=\/wp\/v2\/pages\/374\/revisions\/11128"}],"wp:attachment":[{"href":"https:\/\/pedf.gdu.edu.az\/index.php?rest_route=%2Fwp%2Fv2%2Fmedia&parent=374"}],"curies":[{"name":"wp","href":"https:\/\/api.w.org\/{rel}","templated":true}]}}