{"id":368,"date":"2016-03-31T01:48:49","date_gmt":"2016-03-30T23:48:49","guid":{"rendered":"http:\/\/pf.gdu.edu.az\/?page_id=368"},"modified":"2025-10-13T09:41:20","modified_gmt":"2025-10-13T07:41:20","slug":"elmi-sura","status":"publish","type":"page","link":"https:\/\/pedf.gdu.edu.az\/?page_id=368","title":{"rendered":"Elmi \u015fura"},"content":{"rendered":"<p style=\"text-align: justify;\">\u00a0 \u00a0 \u00a0 \u00a0GDU-nun Pedaqoji fak\u00fclt\u0259sin\u0259 \u00fcmumi r\u0259hb\u0259rlik se\u00e7kili orqan \u2013 dekan\u0131n ba\u015f\u00e7\u0131l\u0131q etdiyi fak\u00fclt\u0259 Elmi \u015euras\u0131 t\u0259r\u0259find\u0259n h\u0259yata ke\u00e7irilir. Fak\u00fclt\u0259 Elmi \u015euras\u0131 rektorlu\u011fun \u0259mrin\u0259 \u0259sas\u0259n 3 il m\u00fcdd\u0259tin\u0259 se\u00e7ilir. Fak\u00fclt\u0259 Elmi \u015euras\u0131n\u0131n t\u0259rkibi tutduqlar\u0131 v\u0259zif\u0259l\u0259rin\u0259 g\u00f6r\u0259 dekan m\u00fcavinl\u0259ri, fak\u00fclt\u0259nin t\u0259rkibind\u0259ki b\u00fct\u00fcn kafedralar\u0131n m\u00fcdirl\u0259ri, m\u00fc\u0259llim v\u0259 t\u0259l\u0259b\u0259 h\u0259mkarlar t\u0259\u015fkilitan\u0131n n\u00fcmay\u0259nd\u0259l\u0259ri, fak\u00fclt\u0259 T\u0259l\u0259b\u0259 Elmi C\u0259miyy\u0259tinin s\u0259dri daxil olurlar. Elmi \u015euran\u0131n dig\u0259r \u00fczvl\u0259ri fak\u00fclt\u0259nin professor-m\u00fc\u0259llim hey\u0259tinin \u00fcmumi say\u0131n\u0131n 20%-d\u0259n \u00e7ox olmamaqla rektor v\u0259 ya prorektorun i\u015ftirak\u0131 il\u0259 professor-m\u00fc\u0259llim hey\u0259tinin \u00fcmumi iclas\u0131nda gizli s\u0259sverm\u0259 yolu il\u0259 se\u00e7ilir. Haz\u0131rda fak\u00fclt\u0259 elmi \u015furas\u0131n\u0131n t\u0259rkibi a\u015fa\u011f\u0131dak\u0131 kimidir:<\/p>\n<p style=\"text-align: center;\">\u00a0 \u00a0<strong>\u015eURA\u00a0 \u00dcZVL\u018fR\u0130:<\/strong><\/p>\n<ol>\n<li>Dos. H\u00fcseynzad\u0259 Zaur Rafael o\u011flu-dekan-s\u0259dr.<\/li>\n<li>D\/m\u00fcav. Haqverdiyev \u0130lqar Arif o\u011flu-T\u0259dris m\u0259s\u0259l\u0259l\u0259ri \u00fczr\u0259 dekan m\u00fcavini- s\u0259dr m\u00fcavini<\/li>\n<li>Prof. Ta\u011f\u0131yev \u015eahin Ta\u011f\u0131 o\u011flu -kafedra m\u00fcdiri-\u00fczv<\/li>\n<li>Prof. Qurban\u0259liyeva Sevda Firuddin q\u0131z\u0131 -kafedra m\u00fcdiri -\u00fczv<\/li>\n<li>Dos. Quliyev Allahverdi \u0130sg\u0259nd\u0259r o\u011flu -kafedra m\u00fcdiri- \u00fczv.<\/li>\n<li>Dos. Cavadova Z\u00fcmr\u00fcd Soltan q\u0131z\u0131\u00a0\u00a0 \u2013kafedra m\u00fcdiri- \u00fczv<\/li>\n<li>B\/m M\u0259mm\u0259dova Mahnur Qafar q\u0131z\u0131 -kafedra m\u00fcdiri \u0259v\u0259zi- \u00fczv<\/li>\n<li>B\/m.Cabbarov Urfan X\u0259lil o\u011flu-kafedra m\u00fcdiri-\u00fczv<\/li>\n<li>dos.\u0259v\u0259zi Kaz\u0131mova G\u00fcnay Salman q\u0131z\u0131-AHTK s\u0259dri-\u00fczv<\/li>\n<li>m.\u018fmiraslanov S\u0259rxan Nail o\u011flu-Humanitar m\u0259s\u0259l\u0259l\u0259r \u00fczr\u0259 dekan m\u00fcavini-katib<\/li>\n<li>B\/m Seyfullayeva N\u00fc\u015fab\u0259 N\u0259riman q\u0131z\u0131 &#8211; \u00fczv<\/li>\n<li>p.\u00fc.f.d. b\/m. Nurm\u0259h\u0259mm\u0259di Samir\u0259 Tahir q\u0131z\u0131-\u00fczv<\/li>\n<li>m. \u018fl\u0259kb\u0259rova Z\u00fclfiyy\u0259 B\u0259xtiyar q\u0131z\u0131-\u00fczv<\/li>\n<li>p.\u00fc.f.d. B\/m. Hac\u0131muradova Lamiy\u0259 Nizami q\u0131z\u0131 -\u00fczv<\/li>\n<li>b\/m. Hac\u0131yeva Mehriban \u015e\u00f6vk\u0259t q\u0131z\u0131-\u00fczv<\/li>\n<li>B\/m. Cabbarova Telli R\u0259him q\u0131z\u0131 \u2013\u00fczv<\/li>\n<li>B\/m. H\u0259s\u0259nova Leyla A\u011fa q\u0131z\u0131-\u00fczv<\/li>\n<li>B\/m. Priverdiyeva G\u00f6y\u00e7\u0259k \u0130sf\u0259ndiyar q\u0131z\u0131 &#8211; \u00fczv<\/li>\n<li>B\/m. Rzayeva M\u0259tan\u0259t \u018flih\u00fcseyn q\u0131z\u0131 &#8211; \u00fczv<\/li>\n<li>t\u0259l\u0259b\u0259. Quliyev Tofiq R\u0259\u015fad o\u011flu-THT-\u00fczv<\/li>\n<li>t\u0259l\u0259b\u0259. M\u0259likova Tahir\u0259 V\u00fcqar q\u0131z\u0131-TEC-\u00fczv<\/li>\n<li>t\u0259l\u0259b\u0259. \u018flizad\u0259 S\u0259buhi R\u00fcbadil o\u011flu-TGT-\u00fczv<\/li>\n<\/ol>\n<p style=\"text-align: center;\"><em><strong>Elmi \u015euran\u0131n iclaslar\u0131<\/strong><\/em><\/p>\n","protected":false},"excerpt":{"rendered":"<p>\u00a0 \u00a0 \u00a0 \u00a0GDU-nun Pedaqoji fak\u00fclt\u0259sin\u0259 \u00fcmumi r\u0259hb\u0259rlik se\u00e7kili orqan \u2013 dekan\u0131n ba\u015f\u00e7\u0131l\u0131q etdiyi fak\u00fclt\u0259 Elmi \u015euras\u0131 t\u0259r\u0259find\u0259n h\u0259yata ke\u00e7irilir. Fak\u00fclt\u0259 Elmi \u015euras\u0131 rektorlu\u011fun \u0259mrin\u0259 \u0259sas\u0259n 3 il m\u00fcdd\u0259tin\u0259 se\u00e7ilir. Fak\u00fclt\u0259 Elmi \u015euras\u0131n\u0131n t\u0259rkibi tutduqlar\u0131 v\u0259zif\u0259l\u0259rin\u0259 g\u00f6r\u0259 dekan m\u00fcavinl\u0259ri, fak\u00fclt\u0259nin t\u0259rkibind\u0259ki b\u00fct\u00fcn kafedralar\u0131n m\u00fcdirl\u0259ri, m\u00fc\u0259llim v\u0259 t\u0259l\u0259b\u0259 h\u0259mkarlar t\u0259\u015fkilitan\u0131n n\u00fcmay\u0259nd\u0259l\u0259ri, fak\u00fclt\u0259 T\u0259l\u0259b\u0259 Elmi C\u0259miyy\u0259tinin s\u0259dri<\/p>\n<p><a href=\"https:\/\/pedf.gdu.edu.az\/?page_id=368\" class=\"more-link themebutton\">Daha \u0259trafl\u0131 <\/a><\/p>\n","protected":false},"author":4,"featured_media":0,"parent":0,"menu_order":0,"comment_status":"closed","ping_status":"closed","template":"","meta":{"footnotes":""},"class_list":["post-368","page","type-page","status-publish","hentry"],"_links":{"self":[{"href":"https:\/\/pedf.gdu.edu.az\/index.php?rest_route=\/wp\/v2\/pages\/368","targetHints":{"allow":["GET"]}}],"collection":[{"href":"https:\/\/pedf.gdu.edu.az\/index.php?rest_route=\/wp\/v2\/pages"}],"about":[{"href":"https:\/\/pedf.gdu.edu.az\/index.php?rest_route=\/wp\/v2\/types\/page"}],"author":[{"embeddable":true,"href":"https:\/\/pedf.gdu.edu.az\/index.php?rest_route=\/wp\/v2\/users\/4"}],"replies":[{"embeddable":true,"href":"https:\/\/pedf.gdu.edu.az\/index.php?rest_route=%2Fwp%2Fv2%2Fcomments&post=368"}],"version-history":[{"count":20,"href":"https:\/\/pedf.gdu.edu.az\/index.php?rest_route=\/wp\/v2\/pages\/368\/revisions"}],"predecessor-version":[{"id":10883,"href":"https:\/\/pedf.gdu.edu.az\/index.php?rest_route=\/wp\/v2\/pages\/368\/revisions\/10883"}],"wp:attachment":[{"href":"https:\/\/pedf.gdu.edu.az\/index.php?rest_route=%2Fwp%2Fv2%2Fmedia&parent=368"}],"curies":[{"name":"wp","href":"https:\/\/api.w.org\/{rel}","templated":true}]}}