{"id":10151,"date":"2025-05-07T07:15:56","date_gmt":"2025-05-07T05:15:56","guid":{"rendered":"https:\/\/pedf.gdu.edu.az\/?page_id=10151"},"modified":"2025-05-07T07:15:56","modified_gmt":"2025-05-07T05:15:56","slug":"allahverdi-s%c9%99bin%c9%99-seyf%c9%99ddin-qizi","status":"publish","type":"page","link":"https:\/\/pedf.gdu.edu.az\/?page_id=10151","title":{"rendered":"Allahverdi S\u0259bin\u0259 Seyf\u0259ddin q\u0131z\u0131"},"content":{"rendered":"\n<div class=\"wp-block-image\"><figure class=\"alignleft size-full is-resized\"><img loading=\"lazy\" decoding=\"async\" src=\"https:\/\/pedf.gdu.edu.az\/wp-content\/uploads\/2025\/05\/s.jpg\" alt=\"\" class=\"wp-image-10152\" width=\"224\" height=\"299\"\/><\/figure><\/div>\n\n\n\n<p>1987-ci ild\u0259 dekabr\u0131n 1-d\u0259 G\u00fcrc\u00fcstan Respublikas\u0131n\u0131n Dmanisi rayonunda anadan olmu\u015fdur. 2010-cu ild\u0259 Az\u0259rbaycan M\u00fc\u0259lliml\u0259r \u0130nstitutunun G\u0259nc\u0259 filial\u0131n\u0131 &nbsp;bitirmi\u015f pedaqogika v\u0259 psixologiya ali pe\u015f\u0259 istiqam\u0259ti \u00fczr\u0259 bakalavr d\u0259r\u0259c\u0259si alm\u0131\u015fd\u0131r. 2014-c\u00fcild\u0259 ild\u0259 Az\u0259rbaycan D\u00f6vl\u0259t Pedaqoji Universitetinin magistraturas\u0131n\u0131 bitirmi\u015f v\u0259 Maarif ixtisas\u0131n\u0131n \u0130btidai t\u0259hsilin pedaqogikas\u0131 v\u0259 metodikas\u0131 ixtisasla\u015fmas\u0131 \u00fczr\u0259 magistr elmi -ixtisas d\u0259r\u0259c\u0259si alm\u0131\u015fd\u0131r.<\/p>\n\n\n\n<p>S.S.Allahverdi 2016-2019 cu ill\u0259rd\u0259 G\u0259nc\u0259 d\u00f6vl\u0259t Universitetinin Pedaqoqika v\u0259 t\u0259hsilin \u0259saslar\u0131 kafedras\u0131n\u0131n 5801.01-\u201cT\u0259lim-t\u0259rbiy\u0259nin n\u0259z\u0259riyy\u0259si v\u0259 metodikas\u0131\u201d ixtisas\u0131 \u00fczr\u0259 f\u0259ls\u0259f\u0259 doktoru proqram\u0131 \u0259sas\u0131nda doktorant\u0131 olmu\u015fdur.<\/p>\n\n\n\n<p>S.S. Allahverdi 2024\/2025-ci t\u0259dris ilind\u0259n etibar\u0259n G\u0259nc\u0259 D\u00f6vl\u0259t Universitetinin Psixologiya kafedras\u0131nda m\u00fc\u0259llim v\u0259zif\u0259sind\u0259 \u0259m\u0259k f\u0259aliyy\u0259tin\u0259 ba\u015flam\u0131\u015fd\u0131r. Ail\u0259lidir, iki evlad\u0131 var.<\/p>\n\n\n\n<p>Elmi \u0259s\u0259rl\u0259ri:<\/p>\n\n\n\n<ol class=\"wp-block-list\" type=\"1\"><li>\u0130btidai sinifl\u0259rd\u0259 sinifd\u0259nxaric i\u015f zaman\u0131 \u015fagirdl\u0259rin Az\u0259rbaycan d\u00f6vl\u0259t\u00e7iliyin\u0259 s\u0259daq\u0259t ruhunda t\u0259rbiy\u0259 olunmas\u0131.\u201dElm v\u0259 t\u0259hsil\u201d Bak\u0131 2013.<\/li><li>\u0130btidai sinif \u015fagirdl\u0259rinin&nbsp; Az\u0259rbaycan d\u00f6vl\u0259t\u00e7iliyin\u0259 s\u0259daq\u0259t ruhunda t\u0259rbiy\u0259sind\u0259 xalq\u0131m\u0131z\u0131n ad\u0259t v\u0259 \u0259n\u0259n\u0259l\u0259ri il\u0259 tan\u0131\u015fl\u0131\u011f\u0131n rolu.\u201d Elm v\u0259 t\u0259hsil\u201d Bak\u0131-2015<\/li><\/ol>\n\n\n\n<p><\/p>\n","protected":false},"excerpt":{"rendered":"<p>1987-ci ild\u0259 dekabr\u0131n 1-d\u0259 G\u00fcrc\u00fcstan Respublikas\u0131n\u0131n Dmanisi rayonunda anadan olmu\u015fdur. 2010-cu ild\u0259 Az\u0259rbaycan M\u00fc\u0259lliml\u0259r \u0130nstitutunun G\u0259nc\u0259 filial\u0131n\u0131 &nbsp;bitirmi\u015f pedaqogika v\u0259 psixologiya ali pe\u015f\u0259 istiqam\u0259ti \u00fczr\u0259 bakalavr d\u0259r\u0259c\u0259si alm\u0131\u015fd\u0131r. 2014-c\u00fcild\u0259 ild\u0259 Az\u0259rbaycan D\u00f6vl\u0259t Pedaqoji Universitetinin magistraturas\u0131n\u0131 bitirmi\u015f v\u0259 Maarif ixtisas\u0131n\u0131n \u0130btidai t\u0259hsilin pedaqogikas\u0131 v\u0259 metodikas\u0131 ixtisasla\u015fmas\u0131 \u00fczr\u0259 magistr elmi -ixtisas d\u0259r\u0259c\u0259si alm\u0131\u015fd\u0131r. S.S.Allahverdi 2016-2019 cu ill\u0259rd\u0259<\/p>\n<p><a href=\"https:\/\/pedf.gdu.edu.az\/?page_id=10151\" class=\"more-link themebutton\">Daha \u0259trafl\u0131 <\/a><\/p>\n","protected":false},"author":4,"featured_media":0,"parent":0,"menu_order":0,"comment_status":"closed","ping_status":"closed","template":"","meta":{"footnotes":""},"class_list":["post-10151","page","type-page","status-publish","hentry"],"_links":{"self":[{"href":"https:\/\/pedf.gdu.edu.az\/index.php?rest_route=\/wp\/v2\/pages\/10151","targetHints":{"allow":["GET"]}}],"collection":[{"href":"https:\/\/pedf.gdu.edu.az\/index.php?rest_route=\/wp\/v2\/pages"}],"about":[{"href":"https:\/\/pedf.gdu.edu.az\/index.php?rest_route=\/wp\/v2\/types\/page"}],"author":[{"embeddable":true,"href":"https:\/\/pedf.gdu.edu.az\/index.php?rest_route=\/wp\/v2\/users\/4"}],"replies":[{"embeddable":true,"href":"https:\/\/pedf.gdu.edu.az\/index.php?rest_route=%2Fwp%2Fv2%2Fcomments&post=10151"}],"version-history":[{"count":1,"href":"https:\/\/pedf.gdu.edu.az\/index.php?rest_route=\/wp\/v2\/pages\/10151\/revisions"}],"predecessor-version":[{"id":10153,"href":"https:\/\/pedf.gdu.edu.az\/index.php?rest_route=\/wp\/v2\/pages\/10151\/revisions\/10153"}],"wp:attachment":[{"href":"https:\/\/pedf.gdu.edu.az\/index.php?rest_route=%2Fwp%2Fv2%2Fmedia&parent=10151"}],"curies":[{"name":"wp","href":"https:\/\/api.w.org\/{rel}","templated":true}]}}