{"id":911,"date":"2016-04-19T15:45:04","date_gmt":"2016-04-19T13:45:04","guid":{"rendered":"http:\/\/pf.gdu.edu.az\/?page_id=911"},"modified":"2025-06-23T10:29:16","modified_gmt":"2025-06-23T08:29:16","slug":"s%c9%99rifova-%c9%99sm%c9%99r-t%c9%99yyar-qizi","status":"publish","type":"page","link":"http:\/\/pedf.gdu.edu.az\/?page_id=911","title":{"rendered":"\u015e\u0259rifova \u018fsm\u0259r T\u0259yyar q\u0131z\u0131"},"content":{"rendered":"\n<figure class=\"wp-block-gallery alignleft columns-1 is-cropped wp-block-gallery-1 is-layout-flex wp-block-gallery-is-layout-flex\"><ul class=\"blocks-gallery-grid\"><li class=\"blocks-gallery-item\"><figure><img loading=\"lazy\" decoding=\"async\" width=\"346\" height=\"433\" src=\"https:\/\/pedf.gdu.edu.az\/wp-content\/uploads\/2025\/06\/\u0259sm\u0259d.png\" alt=\"\" data-id=\"10580\" data-full-url=\"https:\/\/pedf.gdu.edu.az\/wp-content\/uploads\/2025\/06\/\u0259sm\u0259d.png\" data-link=\"https:\/\/pedf.gdu.edu.az\/?attachment_id=10580#main\" class=\"wp-image-10580\"\/><\/figure><\/li><\/ul><\/figure>\n\n\n\n<p><strong>\u015e\u0259rifova \u018fsm\u0259d T\u0259yyar q\u0131z\u0131. <\/strong><strong><\/strong><\/p>\n\n\n\n<p><strong>V<\/strong><strong>\u0259zif\u0259si:<\/strong>&nbsp;&nbsp;&nbsp;&nbsp;Ba\u015f M\u00fc\u0259llim.<\/p>\n\n\n\n<p><strong>Telefon:<\/strong>&nbsp;&nbsp;&nbsp;Mobil -55-692-83-48 &nbsp;&nbsp;<\/p>\n\n\n\n<p><strong>E-mail:<\/strong>&nbsp;&nbsp;&nbsp;<a href=\"mailto:Serifova.73@Mail.ru\"><u>Serifova.73@Mail.ru<\/u><\/a><\/p>\n\n\n\n<p><strong>Q\u0131sa bioqrafik m\u0259lumat: &nbsp;<\/strong><strong><\/strong><\/p>\n\n\n\n<p>\u015e\u0259rifova \u018fsm\u0259d T\u0259yyar q\u0131z\u0131 17.05.1973-c\u00fc ild\u0259 Agdam \u015f\u0259h\u0259rind\u0259 anadan olmu\u015fdur.<\/p>\n\n\n\n<p>1980-ci ild\u0259 \u015f\u0259h\u0259r 8\u2116 -li m\u0259kt\u0259bin I sinifin\u0259 q\u0259bul olunmu\u015fdur. 1990-c\u0131 ild\u0259 m\u0259kt\u0259bi bitirmi\u015fdir.<\/p>\n\n\n\n<p>1983-c\u00fc &nbsp;ild\u0259n &nbsp;Agdam &nbsp;\u015f\u0259h\u0259r &nbsp;&nbsp;Qurban &nbsp;Pirimov ad\u0131na &nbsp;7- illik musiqi m\u0259kt\u0259binin fortepiano sinfin\u0259 q\u0259bul olunmu\u015fam. &nbsp;1990-c\u0131 ild\u0259 m\u0259kt\u0259bi m\u00fcv\u0259f\u0259qiyy\u0259tl\u0259 bitirmi\u015f\u0259m.<\/p>\n\n\n\n<p>1991-1995-c\u0131 ild\u0259 H.Z\u0259rdabi ad\u0131na G\u0259nc\u0259 D\u00f6vl\u0259t Pedaqoji \u0130nstitutunun \u201c Pedaqogika v\u0259 &nbsp;psixologiya\u201d ( m\u0259kt\u0259b\u0259q\u0259d\u0259r )ixtisas\u0131n\u0131 bitirmi\u015fdir. 1996-c\u0131 ild\u0259n 1999-cu il\u0259 q\u0259d\u0259r staj\u00e7\u0131 m\u00fc\u0259llim, &nbsp;1999-2007-ci il\u0259 q\u0259d\u0259r m\u00fc\u0259llim &nbsp;v\u0259zif\u0259sind\u0259 \u00e7al\u0131\u015fm\u0131\u015fd\u0131r. &nbsp;2008-ci ild\u0259n &nbsp;bu g\u00fcn\u0259 q\u0259d\u0259r h\u0259min universitetin T\u0259hsilin pedaqogikas\u0131 v\u0259 metodikas\u0131 kafedras\u0131nda ba\u015f m\u00fc\u0259llim v\u0259zif\u0259sind\u0259 \u00e7al\u0131\u015f\u0131r. &nbsp;<\/p>\n\n\n\n<p>28 oktyabr 2016-c\u0131 ild\u0259n Az\u0259rbaycan Respublikas\u0131n\u0131n Prezidenti yan\u0131nda Ali Attestasiya Komissiyas\u0131n\u0131n q\u0259rar\u0131 il\u0259 pedaqogika \u00fczr\u0259 f\u0259ls\u0259f\u0259 doktoru elmi d\u0259r\u0259c\u0259si verilmi\u015fdir. Elmi r\u0259hb\u0259rim prof. \u018f.\u018f. A\u011fayev olmu\u015fdur.<\/p>\n\n\n\n<p>2 \u00f6vlad\u0131m: 1 q\u0131z\u0131m ( Orucova atlas F\u0259rmay\u0131l q\u0131z\u0131 ) v\u0259 1 o\u011flum ( Orucov R\u0259sul F\u0259rmay\u0131l &nbsp;o\u011flu) var.<\/p>\n\n\n\n<p><strong>Elmi d\u0259r\u0259c\u0259si v\u0259 addlar\u0131:<\/strong>&nbsp;&nbsp;&nbsp;Pedaqogika \u00fczr\u0259 f\u0259ls\u0259f\u0259 doktoru.<\/p>\n\n\n\n<p><strong>\u018fm\u0259k &nbsp;f\u0259aliyy\u0259ti: &nbsp;&nbsp;&nbsp;&nbsp;<\/strong>1996-c\u0131 il<\/p>\n\n\n\n<p><strong>T\u0259ltifl\u0259ri:<\/strong>&nbsp;&nbsp;Yoxdur.<\/p>\n\n\n\n<p><strong>T\u0259dqiqat sah\u0259si:<\/strong>&nbsp;&nbsp;&nbsp;58.04.01 &nbsp;-\u00dcmumi pedaqogika, pedaqogioikan\u0131n v\u0259 t\u0259hsilin tarixi.<\/p>\n\n\n\n<p><strong>Elmi \u0259s\u0259rl\u0259ri: <\/strong><strong><\/strong><\/p>\n\n\n\n<ol class=\"wp-block-list\" type=\"1\"><li><strong>M\u0259kt\u0259b\u0259q\u0259d\u0259r t\u0259rbiy\u0259 m\u00fc\u0259ss\u0259sind\u0259 t\u0259rbiy\u0259\u00e7i \u2013u\u015faq m\u00fcnasib\u0259tl\u0259ri<\/strong>. &nbsp;G\u0259nc aliml\u0259rin III beyn\u0259lxalq elmi konfrans\u0131. &nbsp;&nbsp;( Konfrans Universitetin 80-illik yubileyin\u0259 h\u0259sr olunmu\u015fdur. )GDU-2018.<strong><\/strong><\/li><li><strong>\u0412\u043b\u0438\u044f\u043d\u0438\u0435 \u043e\u0442\u043d\u043e\u0448\u0435\u043d\u0438\u0439 \u043c\u0435\u0436\u0434\u0443 \u0443\u0447\u0438\u0442\u0435\u043b\u0435\u043c \u0438 \u0440\u0435\u0431\u0435\u043d\u043a\u043e\u043c \u043d\u0430 \u043a\u0430\u0447\u0435\u0441\u0442\u0432\u043e \u043e\u0431\u0443\u0447\u0435\u043d\u0438\u044f.<\/strong><strong>&nbsp;&nbsp;&nbsp;<\/strong>Ukraina-Xarkov-2018.<strong><\/strong><\/li><li><strong>\u0421\u0435\u043c\u044f \u043a\u0430\u043a \u0432\u0430\u0436\u043d\u044b\u0439 \u0444\u0430\u043a\u0442\u043e\u0440 \u0432 \u0440\u0430\u0437\u0432\u0438\u0442\u0438\u0438 \u043b\u0438\u0447\u043d\u043e\u0441\u0442\u0438.<\/strong>&nbsp;\u041c\u0426\u041d\u0421 \u00ab \u041d\u0430\u0443\u043a\u0430 \u0438 \u041f\u0440\u043e\u0441\u0432\u0435\u0448\u0435\u043d\u0438\u0435\u00bb&nbsp;&nbsp;2018. \u0413\u043e\u0440\u043e\u0434 &nbsp;\u041f\u0435\u043d\u0437\u0430.<\/li><li><strong>Az\u0259rbaycan M\u00fc\u0259lliml\u0259r Seminariyas\u0131n\u0131n tarixi il\u0259 ba\u011fl\u0131 b\u0259zi vacib m\u0259qamlar.<\/strong>&nbsp;&nbsp;Bak\u0131 D\u00f6vl\u0259t Universiteti. Qazax filial\u0131 &nbsp;-Qazax \u015f\u0259h\u0259ri &nbsp;&nbsp;2019.<\/li><li><strong>M\u0259kt\u0259b\u0259q\u0259d\u0259r &nbsp;ya\u015fl\u0131 u\u015faqlarda f\u0259rdi yana\u015fma prinsipinin h\u0259yata ke\u00e7irilm\u0259si. <\/strong>Ming\u0259\u00e7evir &nbsp;D\u00f6vl\u0259t Universiteti. 2019. <strong><\/strong><\/li><li><strong>M\u0259kt\u0259b\u0259q\u0259d\u0259r ya\u015fl\u0131 u\u015faqlarda diqq\u0259tin inki\u015faf etdirilm\u0259si<\/strong>.Az\u0259rbaycan Universiteti. &nbsp;13-mart &nbsp;2020-ci il.<\/li><li><strong>Nizami G\u0259nc\u0259vi yarad\u0131c\u0131l\u0131\u011f\u0131nda m\u00fcxt\u0259lif ya\u015f d\u00f6vrl\u0259rinin s\u0259ciyy\u0259vi x\u00fcsusiyy\u0259tl\u0259ri<\/strong>. &nbsp;GDU. 2020.<strong><\/strong><\/li><li><strong>Nizami G\u0259nc\u0259vi \u0259s\u0259rl\u0259rinin m\u00fcasir d\u00f6vr \u00fc\u00e7\u00fcn aktuall\u0131\u011f\u0131<\/strong>. &nbsp;BDU. Qazax filial\u0131. \u201cNizami D\u00fchas\u0131 \u00dcmumb\u0259\u015f\u0259ri D\u0259y\u0259rdir\u201d m\u00f6vzusunda Respublika Elmi Konfrans\u0131n\u0131n MATER\u0130ALLARI. 17-dekabr 2021-ci i<\/li><li><strong>M\u00fc\u0259llim m\u0259n\u0259vi d\u00fcnyan\u0131n memar\u0131 olmal\u0131d\u0131r<\/strong>. &nbsp;Sumqay\u0131t &nbsp;D\u00f6vl\u0259t Universiteti. 2022.<\/li><li><strong>Az\u0259rbaycan t\u0259hsili etibarl\u0131 \u0259ll\u0259rd\u0259dir<\/strong>. MDU. &nbsp;Ming\u0259\u00e7evir \u015f\u0259h\u0259ri.2022<\/li><\/ol>\n\n\n\n<p><strong>Beyn\u0259lxalq v\u0259 respublika simpozium v\u0259 konfranslarada i\u015ftirak\u0131:<\/strong><strong><\/strong><\/p>\n\n\n\n<ol class=\"wp-block-list\" type=\"1\"><li><strong>M\u0259kt\u0259b\u0259q\u0259d\u0259r t\u0259rbiy\u0259 m\u00fc\u0259ss\u0259sind\u0259 t\u0259rbiy\u0259\u00e7i \u2013u\u015faq m\u00fcnasib\u0259tl\u0259ri<\/strong>. &nbsp;G\u0259nc aliml\u0259rin III beyn\u0259lxalq elmi konfrans\u0131. &nbsp;&nbsp;( Konfrans Universitetin 80-illik yubileyin\u0259 h\u0259sr olunmu\u015fdur. )GDU-2018.<\/li><li><strong>\u0421\u0435\u043c\u044f \u043a\u0430\u043a \u0432\u0430\u0436\u043d\u044b\u0439 \u0444\u0430\u043a\u0442\u043e\u0440 \u0432 \u0440\u0430\u0437\u0432\u0438\u0442\u0438\u0438. &nbsp;<\/strong>\u041f\u0435\u0434\u0430\u0433\u043e\u0433\u0438\u043a\u0430 \u0438 \u0441\u043e\u0432\u0440\u0435\u043c\u0435\u043d\u043d\u043e\u0435 \u043e\u0431\u0440\u0430\u0437\u043e\u0432\u0430\u043d\u0438\u0435:&nbsp;\u0422\u0440\u0430\u0434\u0446\u0438\u0438, \u043e\u043f\u044b\u0442 \u0438 \u0438\u043d\u043d\u043e\u0432\u0430\u0446\u0438\u0438. \u041c\u0435\u0436\u0434\u0443\u043d\u0430\u0440\u043e\u0434\u043d\u043e\u0439 \u043d\u0430\u0443\u0447\u043d\u043e-\u043f\u0440\u0430\u043a\u0442\u0438\u0447\u0435\u0441\u043a\u043e\u0439 &nbsp;\u043a\u043e\u043d\u0444\u0435\u0440\u0435\u043d\u0446\u0438\u0438, \u0441\u043e\u0441\u0442\u043e\u044f\u0432\u0448\u0435\u0439\u0441\u044f 20 \u0444\u0435\u0432\u0440\u0430\u043b\u044f 2018 \u0433.\u0412.\u0413. \u041f\u0435\u043d\u0437\u0430.<\/li><li><strong>M\u0259kt\u0259b\u0259q\u0259d\u0259r ya\u015fl\u0131 u\u015faqlarda &nbsp;diqq\u0259tin inki\u015faf etdirilm\u0259si<\/strong>. &nbsp;Az\u0259rbaycan Universiteti. &nbsp;G\u0259nc t\u0259dqiqat\u00e7\u0131lar\u0131n III respublika elmi-praktik kanfrans\u0131. 13-mart 2020-ci il.<\/li><li>&nbsp;&nbsp;<strong>Nizami G\u0259nc\u0259vi &nbsp;yarad\u0131c\u0131l\u0131\u011f\u0131nda m\u00fcxt\u0259lif ya\u015f d\u00f6vrl\u0259rinin s\u0259ciyy\u0259vi x\u00fcsusiyy\u0259tl\u0259ri.<\/strong>&nbsp;&nbsp;&nbsp;GDU. &nbsp;Dahi Az\u0259rbaycan \u015fairi Nizami G\u0259nc\u0259vinin 880-illik yubileyin\u0259 h\u0259sr olunmu\u015f Beyn\u0259lxalq elmi konfrans\u0131. 13-15 noyabr 2021-ci il.<\/li><li><strong>&nbsp;Nizami &nbsp;G\u0259nc\u0259vi &nbsp;\u0259s\u0259rl\u0259rinin m\u00fcasir &nbsp;d\u00f6vr &nbsp;\u00fc\u00e7\u00fcn &nbsp;aktuall\u0131\u011f\u0131<\/strong>. &nbsp;\u201c Nizami D\u00fchas\u0131 \u00dcmumb\u0259\u015f\u0259ri D\u0259y\u0259rdir\u201d m\u00f6vzusubda Respublika Elmi Konfrans\u0131n\u0131n materiallar\u0131. &nbsp;17- dekabr&nbsp;&nbsp;2021-ci il.<\/li><li>&nbsp;<strong>Az\u0259rbaycan t\u0259hsil siyas\u0259tind\u0259 &nbsp;H. \u018fliyev m\u0259rh\u0259l\u0259si v\u0259 m\u00fcst\u0259qil Az\u0259rbaycan Respublikas\u0131n\u0131n inki\u015faf\u0131nda onun rolu. <\/strong>&nbsp;&nbsp;&nbsp;&nbsp;&nbsp;&nbsp;\u00dcmummilli lider H.\u018fliyevin anadan olmas\u0131n\u0131n 100 illiyin\u0259 h\u0259sr olunmu\u015f \u201c M\u00fcasir t\u0259bi\u0259t v\u0259 iqtisad elml\u0259rinin aktual probleml\u0259ri\u201dm\u00f6vzusunda beyn\u0259lxalq elmi konfrans. G\u0259nc\u0259 D\u00f6vl\u0259t Universiteti. &nbsp;05-06 may-2023.<\/li><li><strong>M\u00fcasir &nbsp;Az\u0259rbaycan &nbsp;g\u0259ncliyi \u201c \u015e\u0259hidlik\u201d zirv\u0259sind\u0259. <\/strong>BDU-nun &nbsp;Qazax filial\u0131 &nbsp;\u201cHeyd\u0259r &nbsp;\u018fliyev m\u00fcasir d\u00f6vl\u0259t\u00e7iliyimizin banisidir\u201d m\u00f6vzusunda Beyn\u0259lxalq Elmi Konfrans. &nbsp;23 noyabr &nbsp;2023-c\u00fc il.<\/li><li><strong>M\u0259kt\u0259b\u0259q\u0259d\u0259r ya\u015fl\u0131 u\u015faqlar\u0131n t\u0259rbiy\u0259sind\u0259 ekoloyi t\u0259rbiy\u0259nin \u0259h\u0259miyy\u0259ti. &nbsp;<\/strong>Yeni d\u00f6vrd\u0259 t\u0259hsil v\u0259 t\u0259dqiqat &nbsp;f\u0259aliyy\u0259ti: &nbsp;Reall\u0131qlar v\u0259 \u00c7a\u011f\u0131r\u0131\u015flar. &nbsp;II- &nbsp;Beyn\u0259lxalq elmi konfrans. &nbsp;Ming\u0259cevir D\u00f6vl\u0259t Universiteti. 13-14 dekabr 2024-c\u00fc&nbsp;il.<\/li><li><strong>U\u015faqlara t\u0259bi\u0259ti sevdir\u0259k<\/strong>. \u201c Ya\u015f\u0131l d\u00fcnya- Bizim d\u00fcnya\u201d m\u00f6vzusunda Beyn\u0259lxalq &nbsp;Elmi simpozium. &nbsp;BDU-nun Qazax filial\u0131 . 05-06 &nbsp;dekabr. 2024-c\u00fc il.<\/li><\/ol>\n\n\n\n<p><strong>Dil bilgisi: &nbsp;<\/strong>t\u00fcrk, rus,<strong>&nbsp;<\/strong><strong><\/strong><\/p>\n\n\n\n<p><strong>Partiyal\u0131l\u0131\u011f\u0131: &nbsp;<\/strong>16-noyabr 2003-c\u00fc ild\u0259n Yeni Az\u0259rbaycan Partiyas\u0131n\u0131n \u00fczv\u00fcd\u00fcr.<\/p>\n\n\n\n\n\n<p><strong>Elmi \u0259s\u0259rl\u0259ri: <\/strong><strong><\/strong><\/p>\n\n\n\n<ol class=\"wp-block-list\" type=\"1\"><li>M\u0259kt\u0259b\u0259q\u0259d\u0259r t\u0259rbiy\u0259 m\u00fc\u0259ss\u0259sind\u0259 t\u0259rbiy\u0259\u00e7i \u2013u\u015faq m\u00fcnasib\u0259tl\u0259ri. &nbsp;G\u0259nc aliml\u0259rin III beyn\u0259lxalq elmi konfrans\u0131. &nbsp;&nbsp;( Konfrans Universitetin 80-illik yubileyin\u0259 h\u0259sr olunmu\u015fdur. )GDU-2018.<\/li><li>\u0412\u043b\u0438\u044f\u043d\u0438\u0435 \u043e\u0442\u043d\u043e\u0448\u0435\u043d\u0438\u0439 \u043c\u0435\u0436\u0434\u0443 \u0443\u0447\u0438\u0442\u0435\u043b\u0435\u043c \u0438 \u0440\u0435\u0431\u0435\u043d\u043a\u043e\u043c \u043d\u0430 \u043a\u0430\u0447\u0435\u0441\u0442\u0432\u043e \u043e\u0431\u0443\u0447\u0435\u043d\u0438\u044f.&nbsp;&nbsp;&nbsp;Ukraina-Xarkov-2018.<\/li><li>\u0421\u0435\u043c\u044f \u043a\u0430\u043a \u0432\u0430\u0436\u043d\u044b\u0439 \u0444\u0430\u043a\u0442\u043e\u0440 \u0432 \u0440\u0430\u0437\u0432\u0438\u0442\u0438\u0438 \u043b\u0438\u0447\u043d\u043e\u0441\u0442\u0438. \u041c\u0426\u041d\u0421 \u00ab \u041d\u0430\u0443\u043a\u0430 \u0438 \u041f\u0440\u043e\u0441\u0432\u0435\u0448\u0435\u043d\u0438\u0435\u00bb&nbsp;&nbsp;2018. \u0413\u043e\u0440\u043e\u0434 &nbsp;\u041f\u0435\u043d\u0437\u0430.<\/li><li>Az\u0259rbaycan M\u00fc\u0259lliml\u0259r Seminariyas\u0131n\u0131n tarixi il\u0259 ba\u011fl\u0131 b\u0259zi vacib m\u0259qamlar. &nbsp;Bak\u0131 D\u00f6vl\u0259t Universiteti. Qazax filial\u0131 &nbsp;-Qazax \u015f\u0259h\u0259ri &nbsp;&nbsp;2019.<\/li><li>M\u0259kt\u0259b\u0259q\u0259d\u0259r &nbsp;ya\u015fl\u0131 u\u015faqlarda f\u0259rdi yana\u015fma prinsipinin h\u0259yata ke\u00e7irilm\u0259si. Ming\u0259\u00e7evir &nbsp;D\u00f6vl\u0259t Universiteti. 2019.<\/li><li>M\u0259kt\u0259b\u0259q\u0259d\u0259r ya\u015fl\u0131 u\u015faqlarda diqq\u0259tin inki\u015faf etdirilm\u0259si.Az\u0259rbaycan Universiteti. &nbsp;13-mart &nbsp;2020-ci il.<\/li><li>Nizami G\u0259nc\u0259vi yarad\u0131c\u0131l\u0131\u011f\u0131nda m\u00fcxt\u0259lif ya\u015f d\u00f6vrl\u0259rinin s\u0259ciyy\u0259vi x\u00fcsusiyy\u0259tl\u0259ri. &nbsp;GDU. 2020.<\/li><li>Nizami G\u0259nc\u0259vi \u0259s\u0259rl\u0259rinin m\u00fcasir d\u00f6vr \u00fc\u00e7\u00fcn aktuall\u0131\u011f\u0131. &nbsp;BDU. Qazax filial\u0131. \u201cNizami D\u00fchas\u0131 \u00dcmumb\u0259\u015f\u0259ri D\u0259y\u0259rdir\u201d m\u00f6vzusunda Respublika Elmi Konfrans\u0131n\u0131n MATER\u0130ALLARI. 17-dekabr 2021-ci i<\/li><li>M\u00fc\u0259llim m\u0259n\u0259vi d\u00fcnyan\u0131n memar\u0131 olmal\u0131d\u0131r. Sumqay\u0131t D\u00f6vl\u0259t Universiteti. 2022.<\/li><li>Az\u0259rbaycan t\u0259hsili etibarl\u0131 \u0259ll\u0259rd\u0259dir. MDU. &nbsp;Ming\u0259\u00e7evir \u015f\u0259h\u0259ri.2022<\/li><\/ol>\n\n\n\n<p><strong>Beyn\u0259lxalq v\u0259 respublika simpozium v\u0259 konfranslarada i\u015ftirak\u0131:<\/strong><strong><\/strong><\/p>\n\n\n\n<ol class=\"wp-block-list\" type=\"1\"><li>M\u0259kt\u0259b\u0259q\u0259d\u0259r t\u0259rbiy\u0259 m\u00fc\u0259ss\u0259sind\u0259 t\u0259rbiy\u0259\u00e7i \u2013u\u015faq m\u00fcnasib\u0259tl\u0259ri. &nbsp;G\u0259nc aliml\u0259rin III beyn\u0259lxalq elmi konfrans\u0131. &nbsp;&nbsp;( Konfrans Universitetin 80-illoik yubileyin\u0259 h\u0259sr olunmu\u015fdur. )GDU-2018.<\/li><li>\u0421\u0435\u043c\u044f \u043a\u0430\u043a \u0432\u0430\u0436\u043d\u044b\u0439 \u0444\u0430\u043a\u0442\u043e\u0440 \u0432 \u0440\u0430\u0437\u0432\u0438\u0442\u0438\u0438. &nbsp;\u041f\u0435\u0434\u0430\u0433\u043e\u0433\u0438\u043a\u0430 \u0438 \u0441\u043e\u0432\u0440\u0435\u043c\u0435\u043d\u043d\u043e\u0435 \u043e\u0431\u0440\u0430\u0437\u043e\u0432\u0430\u043d\u0438\u0435:&nbsp;\u0422\u0440\u0430\u0434\u0446\u0438\u0438, \u043e\u043f\u044b\u0442 \u0438 \u0438\u043d\u043d\u043e\u0432\u0430\u0446\u0438\u0438. \u041c\u0435\u0436\u0434\u0443\u043d\u0430\u0440\u043e\u0434\u043d\u043e\u0439 \u043d\u0430\u0443\u0447\u043d\u043e-\u043f\u0440\u0430\u043a\u0442\u0438\u0447\u0435\u0441\u043a\u043e\u0439 &nbsp;\u043a\u043e\u043d\u0444\u0435\u0440\u0435\u043d\u0446\u0438\u0438, \u0441\u043e\u0441\u0442\u043e\u044f\u0432\u0448\u0435\u0439\u0441\u044f 20 \u0444\u0435\u0432\u0440\u0430\u043b\u044f 2018 \u0433.\u0412.\u0413. \u041f\u0435\u043d\u0437\u0430.<\/li><li>M\u0259kt\u0259b\u0259q\u0259d\u0259r ya\u015fl\u0131 u\u015faqlarda &nbsp;diqq\u0259tin inki\u015faf etdirilm\u0259si. &nbsp;Az\u0259rbaycan Universiteti. &nbsp;G\u0259nc t\u0259dqiqat\u00e7\u0131lar\u0131n III respublika elmi-praktik kanfrans\u0131. 13-mart 2020-ci il.<\/li><li>&nbsp;&nbsp;Nizami G\u0259nc\u0259vi &nbsp;yarad\u0131c\u0131l\u0131\u011f\u0131nda m\u00fcxt\u0259lif ya\u015f d\u00f6vrl\u0259rinin s\u0259ciyy\u0259vi x\u00fcsusiyy\u0259tl\u0259ri. &nbsp;&nbsp;GDU. &nbsp;Dahi Az\u0259rbaycan \u015fairi Nizami G\u0259nc\u0259vinin 880-illik yubileyin\u0259 h\u0259sr olunmu\u015f Beyn\u0259lxalq elmi konfrans\u0131. 13-15 noyabr 2021-ci il.<\/li><li>&nbsp;Nizami &nbsp;G\u0259nc\u0259vi &nbsp;\u0259s\u0259rl\u0259rinin m\u00fcasir &nbsp;d\u00f6vr &nbsp;\u00fc\u00e7\u00fcn &nbsp;aktuall\u0131\u011f\u0131. &nbsp;\u201c Nizami D\u00fchas\u0131 \u00dcmumb\u0259\u015f\u0259ri D\u0259y\u0259rdir\u201d m\u00f6vzusubda Respublika Elmi Konfrans\u0131n\u0131n materiallar\u0131. &nbsp;17- dekabr&nbsp;&nbsp;2021-ci il.<\/li><\/ol>\n\n\n\n<p><strong>Dil bilgisi: &nbsp;<\/strong>t\u00fcrk, rus,<strong>&nbsp;<\/strong><strong><\/strong><\/p>\n\n\n\n<p><strong>Partiyal\u0131l\u0131\u011f\u0131: &nbsp;<\/strong>16-noyabr 2003-c\u00fc ild\u0259n Yeni Az\u0259rbaycan Partiyas\u0131n\u0131n \u00fczv\u00fcd\u00fcr.<\/p>\n\n\n\n<p><strong>\u015e\u0259rifova T\u00fcnzal\u0259 F\u0259rrux q\u0131z\u0131<\/strong><strong><\/strong><\/p>\n\n\n\n<p><strong>V\u0259zif\u0259si:<\/strong>&nbsp;Ba\u015f m\u00fc\u0259llim<\/p>\n\n\n\n<p><strong>Telefon:<\/strong>051-597-92-36<\/p>\n\n\n\n<p><strong>E-mail:<\/strong>&nbsp;tunzale.sherifova@mail.ru<\/p>\n\n\n\n<p><strong>Q\u0131sa bioqrafik m\u0259lumat:<\/strong>&nbsp;\u015e\u0259rifova T\u00fcnzal\u0259 F\u0259rrux q\u0131z\u0131 &nbsp;21.05.1973-c\u00fc il Qazax rayonunun Da\u015f Salahl\u0131 k\u0259ndind\u0259 anadan olmu\u015fdur. 1990-c\u0131 ild\u0259 Qazax rayonu Da\u015f Salahl\u0131 k\u0259nd orta m\u0259kt\u0259bini bitirmi\u015fdir. Ail\u0259lidir. 2 \u00f6vlad\u0131 var.<\/p>\n\n\n\n<p><strong>T\u0259hsili:<\/strong>&nbsp;1990 -1995-ci ild\u0259 H.Z\u0259rdabi ad\u0131na G\u0259nc\u0259 D\u00f6vl\u0259t Pedaqoji \u0130nstitutunun \u0130btidai T\u0259hsilin pedaqogikas\u0131 v\u0259 metodikas\u0131 fak\u00fclt\u0259sind\u0259 ali t\u0259hsilini almi\u015fd\u0131r.<\/p>\n\n\n\n<p><strong>Elmi d\u0259r\u0259c\u0259si v\u0259 adlar\u0131:<\/strong>&nbsp;yoxdur<\/p>\n\n\n\n<p><strong>\u018fm\u0259k f\u0259aliyy\u0259ti:<\/strong>&nbsp;<\/p>\n\n\n\n<p>1998 \u2013 2001-ci il\u0259 q\u0259d\u0259r H.Z\u0259rdabi ad\u0131na GDP\u0130-nun Qazax filial\u0131n\u0131n ictimai f\u0259nnl\u0259r v\u0259 pedaqogika f\u0259nnl\u0259ri kafedras\u0131nda m\u00fc\u0259llim i\u015fl\u0259mi\u015fdir.<\/p>\n\n\n\n<p>2001- ci ild\u0259n hal haz\u0131ra q\u0259d\u0259r GDU-d\u0259 T\u0259hsilin pedaqogikas\u0131 v\u0259 metodikas\u0131 kafedras\u0131nda ba\u015f m\u00fc\u0259llim v\u0259zif\u0259sind\u0259 i\u015fl\u0259yir.<\/p>\n\n\n\n<p><strong>T\u0259ltifl\u0259ri:<\/strong>&nbsp;yoxdur<strong><\/strong><\/p>\n\n\n\n<p><strong>T\u0259dqiqat sah\u0259si:<\/strong><strong><\/strong><\/p>\n\n\n\n<p><strong>Elmi \u0259s\u0259rl\u0259ri:<\/strong>&nbsp;<\/p>\n\n\n\n<ol class=\"wp-block-list\" type=\"1\"><li>G\u00f6rk\u0259mli pedaqoqlar\u0131n \u0259xlaq t\u0259rbiy\u0259si haqq\u0131nda fikirl\u0259ri. Elmi m\u0259qal\u0259 GDU. Elmi \u0259s\u0259rl\u0259r m\u0259cmu\u0259si II, 2018.<\/li><li>\u0418\u0441\u0442\u043e\u0440\u0438\u044f \u043f\u0440\u043e\u0431\u043b\u0435\u043c\u044b \u0432\u0437\u0430\u0438\u043c\u043e\u0441\u0432\u044f\u0437\u0438 \u043e\u0431\u0448\u0435\u0441\u0442\u0432\u0435\u043d\u043d\u044b\u0445 \u0438 \u0441\u0435\u043c\u0435\u0439\u043d\u044b\u0445 \u0444\u043e\u0440\u043c \u0432\u043e\u0441\u043f\u0438\u0442\u0430\u043d\u0438\u044f. Elmi m\u0259qal\u0259. GDU. Elmi \u0259s\u0259rl\u0259r m\u0259cmu\u0259si II, 2018.<\/li><li>X\u0259lil &nbsp;Rza yarad\u0131c\u0131l\u0131\u011f\u0131nda t\u0259rbiy\u0259 m\u0259s\u0259l\u0259l\u0259ri. Elmi m\u0259qal\u0259. Pedaqoji Universitet x\u0259b\u0259rl\u0259ri. Bak\u0131, 2019.<\/li><li>Mir C\u0259lal Pa\u015fayevin \u201cBir g\u0259ncin manifesti \u0259s\u0259rinin dil x\u00fcsusiyy\u0259tl\u0259ri\u201d &nbsp;Elmi m\u0259qal\u0259. Bak\u0131 D\u00f6vl\u0259t Universiteti. Respublika elmi-n\u0259z\u0259ri konfrans\u0131. Materiallar.<\/li><li>Qloballa\u015fma \u015f\u0259raitind\u0259 t\u0259hsilin inki\u015faf\u0131. Elmi m\u0259qal\u0259. I Beyn\u0259lxalq simpozium. X\u0259z\u0259r Universiteti. Bak\u0131. 2021.<\/li><li>G\u0259nc n\u0259slin \u015f\u0259xsiyy\u0259t kimi formala\u015fmas\u0131nda Nizaminin \u0259s\u0259rl\u0259rinin \u0259h\u0259miyy\u0259ti (\u201cSirl\u0259r x\u0259zin\u0259si\u201d poemas\u0131 \u0259sas\u0131nda). Elmi m\u0259qal\u0259. GDU, \u201cElmi x\u0259b\u0259rl\u0259r\u201d, 2021.<\/li><li>&nbsp;&nbsp;N.G\u0259nc\u0259vinin \u201cYeddi g\u00f6z\u0259l\u201d poemas\u0131nda \u0259dal\u0259tli \u015fah ideyas\u0131n\u0131n t\u0259bli\u011fi. M\u0259qal\u0259. Az\u0259rbaycan X\u0259z\u0259r Universiteti, Beyn\u0259lxalq konfrans. Bak\u0131 2021.<\/li><li>N.G\u0259nc\u0259vinin \u201cLeyli v\u0259 M\u0259cnun\u201d poemas\u0131n\u0131n yaranma s\u0259b\u0259bl\u0259ri. M\u0259qal\u0259. Az\u0259rbaycan Milli Elml\u0259r Akademiyas\u0131. \u201cPedaqogika \u00fczr\u0259 x\u0259b\u0259rl\u0259r m\u0259cmu\u0259si\u201d. Bak\u0131 2021.<\/li><li>N.G\u0259nc\u0259vinin \u201cYeddi g\u00f6z\u0259l\u201d poemas\u0131nda estetik g\u00f6z\u0259lliyin t\u0259r\u0259nn\u00fcm\u00fc. M\u0259qal\u0259. G\u0259nc\u0259 D\u00f6vl\u0259t Universiteti, Beyn\u0259lxalq &nbsp;konfrans. G\u0259nc\u0259 2021.<\/li><li>&nbsp;Xalq pedaqogikas\u0131nda iqtisadi t\u0259rbiy\u0259nin yeri. G\u0259nc\u0259 D\u00f6vl\u0259t Universiteti, Elmi x\u0259b\u0259rl\u0259r, 2022.<\/li><li>&nbsp;Xalq pedaqogikas\u0131 m\u00fcdriklik x\u0259zin\u0259sidir. G\u0259nc\u0259 D\u00f6vl\u0259t Universiteti, Elmi x\u0259b\u0259rl\u0259r, 2022.<\/li><li>&nbsp;\u0130btidai sinif \u015fagirdl\u0259rinin tolerantl\u0131q t\u0259rbiy\u0259si. &nbsp;AMEA \u201cX\u0259b\u0259rl\u0259r m\u0259cmu\u0259si\u201d Pedaqoji elml\u0259r seriyas\u0131 1(4) 2022.<\/li><\/ol>\n\n\n\n<p><strong>Beyn\u0259lxalq v\u0259 Respublika simpozium v\u0259 konfranslarda i\u015ftirak\u0131:<\/strong><\/p>\n\n\n\n<p>1. Qloballa\u015fma \u015f\u0259raitind\u0259 t\u0259hsilin inki\u015faf\u0131. Elmi m\u0259qal\u0259. I Beyn\u0259lxalq simpozium. X\u0259z\u0259r Universiteti. Bak\u0131. 2021.<\/p>\n\n\n\n<p>2. N.G\u0259nc\u0259vinin \u201cYeddi g\u00f6z\u0259l\u201d poemas\u0131nda estetik g\u00f6z\u0259lliyin t\u0259r\u0259nn\u00fcm\u00fc. &nbsp;&nbsp;&nbsp;&nbsp;M\u0259qal\u0259. G\u0259nc\u0259 D\u00f6vl\u0259t Universiteti, Beyn\u0259lxalq &nbsp;konfrans. G\u0259nc\u0259 2021.<\/p>\n\n\n\n<p><strong>Dil bilgisi:<\/strong>&nbsp;Rus dili, T\u00fcrk dili<\/p>\n\n\n\n<p><strong>Partiyal\u0131l\u0131\u011f\u0131:<\/strong>&nbsp;&nbsp;&nbsp;YAP-n\u0131n \u00fczv\u00fcd\u00fcr<\/p>\n","protected":false},"excerpt":{"rendered":"<p>\u015e\u0259rifova \u018fsm\u0259d T\u0259yyar q\u0131z\u0131. V\u0259zif\u0259si:&nbsp;&nbsp;&nbsp;&nbsp;Ba\u015f M\u00fc\u0259llim. Telefon:&nbsp;&nbsp;&nbsp;Mobil -55-692-83-48 &nbsp;&nbsp; E-mail:&nbsp;&nbsp;&nbsp;Serifova.73@Mail.ru Q\u0131sa bioqrafik m\u0259lumat: &nbsp; \u015e\u0259rifova \u018fsm\u0259d T\u0259yyar q\u0131z\u0131 17.05.1973-c\u00fc ild\u0259 Agdam \u015f\u0259h\u0259rind\u0259 anadan olmu\u015fdur. 1980-ci ild\u0259 \u015f\u0259h\u0259r 8\u2116 -li m\u0259kt\u0259bin I sinifin\u0259 q\u0259bul olunmu\u015fdur. 1990-c\u0131 ild\u0259 m\u0259kt\u0259bi bitirmi\u015fdir. 1983-c\u00fc &nbsp;ild\u0259n &nbsp;Agdam &nbsp;\u015f\u0259h\u0259r &nbsp;&nbsp;Qurban &nbsp;Pirimov ad\u0131na &nbsp;7- illik musiqi m\u0259kt\u0259binin fortepiano sinfin\u0259 q\u0259bul olunmu\u015fam. &nbsp;1990-c\u0131 ild\u0259<\/p>\n<p><a href=\"http:\/\/pedf.gdu.edu.az\/?page_id=911\" class=\"more-link themebutton\">Daha \u0259trafl\u0131 <\/a><\/p>\n","protected":false},"author":1,"featured_media":912,"parent":0,"menu_order":0,"comment_status":"closed","ping_status":"closed","template":"","meta":{"footnotes":""},"class_list":["post-911","page","type-page","status-publish","has-post-thumbnail","hentry"],"_links":{"self":[{"href":"http:\/\/pedf.gdu.edu.az\/index.php?rest_route=\/wp\/v2\/pages\/911","targetHints":{"allow":["GET"]}}],"collection":[{"href":"http:\/\/pedf.gdu.edu.az\/index.php?rest_route=\/wp\/v2\/pages"}],"about":[{"href":"http:\/\/pedf.gdu.edu.az\/index.php?rest_route=\/wp\/v2\/types\/page"}],"author":[{"embeddable":true,"href":"http:\/\/pedf.gdu.edu.az\/index.php?rest_route=\/wp\/v2\/users\/1"}],"replies":[{"embeddable":true,"href":"http:\/\/pedf.gdu.edu.az\/index.php?rest_route=%2Fwp%2Fv2%2Fcomments&post=911"}],"version-history":[{"count":3,"href":"http:\/\/pedf.gdu.edu.az\/index.php?rest_route=\/wp\/v2\/pages\/911\/revisions"}],"predecessor-version":[{"id":10610,"href":"http:\/\/pedf.gdu.edu.az\/index.php?rest_route=\/wp\/v2\/pages\/911\/revisions\/10610"}],"wp:featuredmedia":[{"embeddable":true,"href":"http:\/\/pedf.gdu.edu.az\/index.php?rest_route=\/wp\/v2\/media\/912"}],"wp:attachment":[{"href":"http:\/\/pedf.gdu.edu.az\/index.php?rest_route=%2Fwp%2Fv2%2Fmedia&parent=911"}],"curies":[{"name":"wp","href":"https:\/\/api.w.org\/{rel}","templated":true}]}}