{"id":747,"date":"2016-04-14T15:51:10","date_gmt":"2016-04-14T13:51:10","guid":{"rendered":"http:\/\/pf.gdu.edu.az\/?page_id=747"},"modified":"2025-05-07T07:03:35","modified_gmt":"2025-05-07T05:03:35","slug":"dosent-m%c9%99mm%c9%99dova-pakiz%c9%99-%c9%99bulf%c9%99t-qizi","status":"publish","type":"page","link":"http:\/\/pedf.gdu.edu.az\/?page_id=747","title":{"rendered":"Dosent M\u018fMM\u018fDOVA PAK\u0130Z\u018f \u018fB\u00dcLF\u018fT q\u0131z\u0131"},"content":{"rendered":"<p><a href=\"http:\/\/pedf.gdu.edu.az\/wp-content\/uploads\/2016\/04\/M\u0259mm\u0259dova-Pakiz\u0259-dosent.jpg\" data-rel=\"lightbox-image-0\" data-rl_title=\"\" data-rl_caption=\"\" title=\"\"><img loading=\"lazy\" decoding=\"async\" class=\"wp-image-748 size-full alignleft\" src=\"http:\/\/pedf.gdu.edu.az\/wp-content\/uploads\/2016\/04\/M\u0259mm\u0259dova-Pakiz\u0259-dosent.jpg\" alt=\"M\u0259mm\u0259dova Pakiz\u0259 dosent\" width=\"250\" height=\"313\" srcset=\"http:\/\/pedf.gdu.edu.az\/wp-content\/uploads\/2016\/04\/M\u0259mm\u0259dova-Pakiz\u0259-dosent.jpg 250w, http:\/\/pedf.gdu.edu.az\/wp-content\/uploads\/2016\/04\/M\u0259mm\u0259dova-Pakiz\u0259-dosent-240x300.jpg 240w\" sizes=\"auto, (max-width: 250px) 100vw, 250px\" \/><\/a><\/p>\n<p><strong><em>Psixologiya \u00fczr\u0259 f\u0259ls\u0259f\u0259 doktoru, do<\/em><em>sent\u00a0M\u018fMM\u018fDOVA PAK\u0130Z\u018f \u018fB\u00dcLF\u018fT q\u0131z\u0131<\/em><\/strong><\/p>\n<p>1951-ci ild\u0259 Kirovabad (indiki G\u0259nc\u0259 \u015f.) \u015f\u0259h\u0259ri F. Engels k\u00fc\u00e7\u0259si, 188 sayl\u0131 evd\u0259 anadan olmu\u015f.<\/p>\n<p>1958-ci ild\u0259 Kirovabad \u015e\u0259h\u0259ri 21 sayl\u0131 orta m\u0259kt\u0259bin 1-ci sinfin\u0259 daxil olub. 1966-c\u0131 ild\u0259 h\u0259min m\u0259kt\u0259bin 8-ci sinfini bitirib,\u00a0 Kirovabad \u015e\u0259h\u0259ri 6 sayl\u0131 orta m\u0259kt\u0259bd\u0259 daxil olub.<\/p>\n<p>1970-ci ild\u0259\u00a0 H. Z\u0259rdabi ad\u0131na Kirovabad D\u00f6vl\u0259t Pedaqoji \u0130nstitutunun Dil-\u0259d\u0259biyyat fakult\u0259sinin qiyabi \u015f\u00f6b\u0259sin\u0259 daxil olub. 1976-c\u0131 ild\u0259 h\u0259min institutu bitirib.<\/p>\n<p>1970-ild\u0259n H.Z\u0259rdabi ad\u0131na GDP\u0130-nin (G\u0259nc\u0259 D\u00f6vl\u0259t Universitetinin) Psixologiya kafediras\u0131nda laborant,\u00a0 ba\u015f laborant,\u00a0 m\u00fc\u0259llim,\u00a0 ba\u015f m\u00fc\u0259llim v\u0259zif\u0259sind\u0259 i\u015fl\u0259mi\u015f.<\/p>\n<p>O4 oktyabr 2003-c\u00fc ild\u0259 Bak\u0131 D\u00f6vl\u0259t Universitetind\u0259 f\u0259aliyy\u0259t g\u00f6st\u0259r\u0259n N 02014 ixtisasla\u015fd\u0131r\u0131lm\u0131\u015f \u015furas\u0131nda \u00abU\u015fa\u011f\u0131n m\u0259kt\u0259b t\u0259limin\u0259 haz\u0131rl\u0131\u011f\u0131n\u0131n psixoloji x\u00fcsusiyy\u0259tl\u0259ri\u00bb (Pedaqoji psixologiya 19.00.07 ixtisas\u0131 \u00fczr\u0259) m\u00f6vzusunda namiz\u0259dlik dissertasiyas\u0131 m\u00fcdafi\u0259\u00a0 etmi\u015fdir.<\/p>\n<p>\u0130\u015fl\u0259diyim m\u00fcdd\u0259td\u0259 Respublika jurnallar\u0131nda14 m\u0259qal\u0259 6 tezis \u00e7ap etdirmi\u015fdi. Bundan \u0259lav\u0259 1 metodik v\u0259sait \u2013 \u00abU\u015faqlar\u0131n m\u0259tkt\u0259b t\u0259limin\u0259 haz\u0131rlanmas\u0131nda oyun \u00abf\u0259aliyy\u0259tinin rolu\u00bb (GDU- G\u0259nc\u0259 -2009),\u00a0 \u00a01 metodik g\u00f6st\u0259ri\u015f \u2013 \u00abPsixologiyadan praktik m\u0259\u015f\u011f\u0259l\u0259l\u0259r\u00bb (GDU- G\u0259nc\u0259 2011), 1 \u00a0\u00abDefektologiyan\u0131n \u0259saslar\u0131\u00bb \u00fczr\u0259 f\u0259nn proqram v\u0259\u00a0 1 d\u0259rs v\u0259saitim \u2013 \u00abDefektologiyan\u0131n \u0259saslar\u0131\u00bb (GDU &#8211; G\u0259nc\u0259 2012) \u00e7apdan \u00e7\u0131xm\u0131\u015fd\u0131r.<\/p>\n","protected":false},"excerpt":{"rendered":"<p>Psixologiya \u00fczr\u0259 f\u0259ls\u0259f\u0259 doktoru, dosent\u00a0M\u018fMM\u018fDOVA PAK\u0130Z\u018f \u018fB\u00dcLF\u018fT q\u0131z\u0131 1951-ci ild\u0259 Kirovabad (indiki G\u0259nc\u0259 \u015f.) \u015f\u0259h\u0259ri F. Engels k\u00fc\u00e7\u0259si, 188 sayl\u0131 evd\u0259 anadan olmu\u015f. 1958-ci ild\u0259 Kirovabad \u015e\u0259h\u0259ri 21 sayl\u0131 orta m\u0259kt\u0259bin 1-ci sinfin\u0259 daxil olub. 1966-c\u0131 ild\u0259 h\u0259min m\u0259kt\u0259bin 8-ci sinfini bitirib,\u00a0 Kirovabad \u015e\u0259h\u0259ri 6 sayl\u0131 orta m\u0259kt\u0259bd\u0259 daxil olub. 1970-ci ild\u0259\u00a0 H. Z\u0259rdabi ad\u0131na<\/p>\n<p><a href=\"http:\/\/pedf.gdu.edu.az\/?page_id=747\" class=\"more-link themebutton\">Daha \u0259trafl\u0131 <\/a><\/p>\n","protected":false},"author":1,"featured_media":748,"parent":0,"menu_order":0,"comment_status":"closed","ping_status":"closed","template":"","meta":{"footnotes":""},"class_list":["post-747","page","type-page","status-publish","has-post-thumbnail","hentry"],"_links":{"self":[{"href":"http:\/\/pedf.gdu.edu.az\/index.php?rest_route=\/wp\/v2\/pages\/747","targetHints":{"allow":["GET"]}}],"collection":[{"href":"http:\/\/pedf.gdu.edu.az\/index.php?rest_route=\/wp\/v2\/pages"}],"about":[{"href":"http:\/\/pedf.gdu.edu.az\/index.php?rest_route=\/wp\/v2\/types\/page"}],"author":[{"embeddable":true,"href":"http:\/\/pedf.gdu.edu.az\/index.php?rest_route=\/wp\/v2\/users\/1"}],"replies":[{"embeddable":true,"href":"http:\/\/pedf.gdu.edu.az\/index.php?rest_route=%2Fwp%2Fv2%2Fcomments&post=747"}],"version-history":[{"count":3,"href":"http:\/\/pedf.gdu.edu.az\/index.php?rest_route=\/wp\/v2\/pages\/747\/revisions"}],"predecessor-version":[{"id":10131,"href":"http:\/\/pedf.gdu.edu.az\/index.php?rest_route=\/wp\/v2\/pages\/747\/revisions\/10131"}],"wp:featuredmedia":[{"embeddable":true,"href":"http:\/\/pedf.gdu.edu.az\/index.php?rest_route=\/wp\/v2\/media\/748"}],"wp:attachment":[{"href":"http:\/\/pedf.gdu.edu.az\/index.php?rest_route=%2Fwp%2Fv2%2Fmedia&parent=747"}],"curies":[{"name":"wp","href":"https:\/\/api.w.org\/{rel}","templated":true}]}}