{"id":744,"date":"2016-04-14T13:00:03","date_gmt":"2016-04-14T11:00:03","guid":{"rendered":"http:\/\/pf.gdu.edu.az\/?page_id=744"},"modified":"2025-05-07T07:13:02","modified_gmt":"2025-05-07T05:13:02","slug":"r%c9%99himova-mirvari-miri-qizi","status":"publish","type":"page","link":"http:\/\/pedf.gdu.edu.az\/?page_id=744","title":{"rendered":"R\u0259himova Mirvari Miri q\u0131z\u0131"},"content":{"rendered":"\n<div class=\"wp-block-image\"><figure class=\"alignleft is-resized\"><img loading=\"lazy\" decoding=\"async\" src=\"http:\/\/pedf.gdu.edu.az\/wp-content\/uploads\/2022\/05\/IMG-20220523-WA0027.jpg\" alt=\"\" class=\"wp-image-6235\" width=\"313\" height=\"386\" srcset=\"http:\/\/pedf.gdu.edu.az\/wp-content\/uploads\/2022\/05\/IMG-20220523-WA0027.jpg 1036w, http:\/\/pedf.gdu.edu.az\/wp-content\/uploads\/2022\/05\/IMG-20220523-WA0027-768x949.jpg 768w\" sizes=\"auto, (max-width: 313px) 100vw, 313px\" \/><\/figure><\/div>\n\n\n\n<p>1974-c\u00fc ild\u0259 G\u0259nc\u0259 \u015f\u0259h\u0259rind\u0259 anadan olmu\u015f, 1981-1991 c\u0131 ill\u0259rd\u0259 G\u0259nc\u0259 \u015f\u0259h\u0259rind\u0259ki 1 sayl\u0131 orta m\u0259kt\u0259bd\u0259 t\u0259hsil alm\u0131\u015fd\u0131r. 1994-c\u00fc ild\u0259 H.Z\u0259rdabi ad\u0131na G\u0259nc\u0259 D\u00f6v\u0259t Pedaqoji \u0130nstititunun \u201cPedaqogika v\u0259 psixologiya\u201d fak\u00fclt\u0259sinin \u201cPedaqogika v\u0259 psixologiya\u201d &nbsp;ixtisas\u0131na daxil olmu\u015f, 1998-ci &nbsp;ild\u0259 h\u0259min institutu f\u0259rql\u0259nm\u0259 &nbsp;diploma il\u0259 &nbsp;bitirm\u0131\u015fd\u0131r. El\u0259c\u0259d\u0259 2001-ci ild\u0259 &nbsp;G\u0259nc\u0259 D\u00f6vl\u0259t Universitetinin Magistratura \u015f\u00f6b\u0259sinin\u201cPedaqogika tarixi v\u0259 n\u0259z\u0259riyy\u0259si\u201d ixtisas\u0131na daxil olmu\u015f, 2004-c\u00fc ild\u0259 magistr pill\u0259sini&nbsp; f\u0259rql\u0259nm\u0259 diplomu il\u0259 bitirmi\u015fdir. Hal-haz\u0131rda psixologiya kafedras\u0131nda&nbsp; m\u00fc\u0259llim v\u0259zif\u0259sind\u0259&nbsp; i\u015fl\u0259yir. Xeyli sayda elmi m\u0259qal\u0259l\u0259rin m\u00fc\u0259llifidir.<\/p>\n\n\n\n<p><\/p>\n","protected":false},"excerpt":{"rendered":"<p>1974-c\u00fc ild\u0259 G\u0259nc\u0259 \u015f\u0259h\u0259rind\u0259 anadan olmu\u015f, 1981-1991 c\u0131 ill\u0259rd\u0259 G\u0259nc\u0259 \u015f\u0259h\u0259rind\u0259ki 1 sayl\u0131 orta m\u0259kt\u0259bd\u0259 t\u0259hsil alm\u0131\u015fd\u0131r. 1994-c\u00fc ild\u0259 H.Z\u0259rdabi ad\u0131na G\u0259nc\u0259 D\u00f6v\u0259t Pedaqoji \u0130nstititunun \u201cPedaqogika v\u0259 psixologiya\u201d fak\u00fclt\u0259sinin \u201cPedaqogika v\u0259 psixologiya\u201d &nbsp;ixtisas\u0131na daxil olmu\u015f, 1998-ci &nbsp;ild\u0259 h\u0259min institutu f\u0259rql\u0259nm\u0259 &nbsp;diploma il\u0259 &nbsp;bitirm\u0131\u015fd\u0131r. El\u0259c\u0259d\u0259 2001-ci ild\u0259 &nbsp;G\u0259nc\u0259 D\u00f6vl\u0259t Universitetinin Magistratura \u015f\u00f6b\u0259sinin\u201cPedaqogika tarixi v\u0259 n\u0259z\u0259riyy\u0259si\u201d ixtisas\u0131na<\/p>\n<p><a href=\"http:\/\/pedf.gdu.edu.az\/?page_id=744\" class=\"more-link themebutton\">Daha \u0259trafl\u0131 <\/a><\/p>\n","protected":false},"author":1,"featured_media":6235,"parent":0,"menu_order":0,"comment_status":"closed","ping_status":"closed","template":"","meta":{"footnotes":""},"class_list":["post-744","page","type-page","status-publish","has-post-thumbnail","hentry"],"_links":{"self":[{"href":"http:\/\/pedf.gdu.edu.az\/index.php?rest_route=\/wp\/v2\/pages\/744","targetHints":{"allow":["GET"]}}],"collection":[{"href":"http:\/\/pedf.gdu.edu.az\/index.php?rest_route=\/wp\/v2\/pages"}],"about":[{"href":"http:\/\/pedf.gdu.edu.az\/index.php?rest_route=\/wp\/v2\/types\/page"}],"author":[{"embeddable":true,"href":"http:\/\/pedf.gdu.edu.az\/index.php?rest_route=\/wp\/v2\/users\/1"}],"replies":[{"embeddable":true,"href":"http:\/\/pedf.gdu.edu.az\/index.php?rest_route=%2Fwp%2Fv2%2Fcomments&post=744"}],"version-history":[{"count":4,"href":"http:\/\/pedf.gdu.edu.az\/index.php?rest_route=\/wp\/v2\/pages\/744\/revisions"}],"predecessor-version":[{"id":10148,"href":"http:\/\/pedf.gdu.edu.az\/index.php?rest_route=\/wp\/v2\/pages\/744\/revisions\/10148"}],"wp:featuredmedia":[{"embeddable":true,"href":"http:\/\/pedf.gdu.edu.az\/index.php?rest_route=\/wp\/v2\/media\/6235"}],"wp:attachment":[{"href":"http:\/\/pedf.gdu.edu.az\/index.php?rest_route=%2Fwp%2Fv2%2Fmedia&parent=744"}],"curies":[{"name":"wp","href":"https:\/\/api.w.org\/{rel}","templated":true}]}}