{"id":741,"date":"2016-04-14T13:01:44","date_gmt":"2016-04-14T11:01:44","guid":{"rendered":"http:\/\/pf.gdu.edu.az\/?page_id=741"},"modified":"2025-05-07T07:12:38","modified_gmt":"2025-05-07T05:12:38","slug":"quliyeva-nubar-teymur-qizi","status":"publish","type":"page","link":"http:\/\/pedf.gdu.edu.az\/?page_id=741","title":{"rendered":"Quliyeva Nubar Teymur q\u0131z\u0131"},"content":{"rendered":"\n<div class=\"wp-block-image\"><figure class=\"alignleft\"><a href=\"http:\/\/pf.gdu.edu.az\/wp-content\/uploads\/2016\/04\/Quliyeva-N\u00fcbar-m\u00fc\u0259llim.jpg\" data-rel=\"lightbox-image-0\" data-rl_title=\"\" data-rl_caption=\"\" title=\"\"><img loading=\"lazy\" decoding=\"async\" width=\"250\" height=\"313\" src=\"http:\/\/pf.gdu.edu.az\/wp-content\/uploads\/2016\/04\/Quliyeva-N\u00fcbar-m\u00fc\u0259llim.jpg\" alt=\"Quliyeva N\u00fcbar m\u00fc\u0259llim\" class=\"wp-image-742\" srcset=\"http:\/\/pedf.gdu.edu.az\/wp-content\/uploads\/2016\/04\/Quliyeva-N\u00fcbar-m\u00fc\u0259llim.jpg 250w, http:\/\/pedf.gdu.edu.az\/wp-content\/uploads\/2016\/04\/Quliyeva-N\u00fcbar-m\u00fc\u0259llim-240x300.jpg 240w\" sizes=\"auto, (max-width: 250px) 100vw, 250px\" \/><\/a><\/figure><\/div>\n\n\n\n<p>1981-ci ild\u0259 &nbsp;G\u0259nc\u0259 &nbsp;\u015f\u0259h\u0259rind\u0259 anadan &nbsp;olmu\u015f. 1987-ci ild\u0259 &nbsp;G\u0259nc\u0259 &nbsp;\u015f\u0259h\u0259r&nbsp; C.Cabbarl\u0131 ad\u0131na &nbsp;6 &nbsp;sayl\u0131 orta m\u0259kt\u0259b\u0259 daxil olmu\u015f, 1998-ci &nbsp;ild\u0259 &nbsp;h\u0259min m\u0259kt\u0259bi bitirmi\u015fdir.&nbsp; H\u0259min ild\u0259 G\u0259nc\u0259 D\u00f6vl\u0259t Universitetinin \u201c\u0130btidai t\u0259hsilin pedaqogikas\u0131 v\u0259 metodikas\u0131\u201d ixtisas\u0131 \u00fczr\u0259 bakalavr pill\u0259sin\u0259 daxil olmu\u015f, 2002-ci ild\u0259 h\u0259min&nbsp; universiteti&nbsp; f\u0259rql\u0259nm\u0259&nbsp; diplomu il\u0259 bitirmi\u015fdir.&nbsp; 2002-ci ild\u0259 G\u0259nc\u0259 D\u00f6vl\u0259t Universitetinin Pedaqogika n\u0259z\u0259riyy\u0259si v\u0259 tarixi ixtisas\u0131 \u00fczr\u0259 magistratura pill\u0259sin\u0259 daxil olmu\u015fdur. 2004-c\u00fc f\u0259rql\u0259nm\u0259 diplomu il\u0259 bitirmi\u015fdir. 2005-2008-ci il\u0259d\u0259k G\u0259nc\u0259 Humanitar Kollecind\u0259 i\u015fl\u0259mi\u015f, 2012-ci ild\u0259n is\u0259 G\u0259nc\u0259&nbsp; D\u00f6vl\u0259t Universitetind\u0259 psixologiya kafedras\u0131nda m\u00fc\u0259llim v\u0259zif\u0259sind\u0259 \u015fal\u0131\u015f\u0131r.&nbsp; 2012-2013&nbsp; t\u0259dris ilind\u0259n&nbsp; &#8220;580401 &#8211; \u00fcmumi pedaqogika, pedaqogikan\u0131n&nbsp; v\u0259 t\u0259hsilin&nbsp; tarixi&#8221; ixtisas\u0131&nbsp; \u00fczr\u0259&nbsp; qiyabi&nbsp; doktorantd\u0131r.&nbsp; T\u0259dris ilind\u0259 bir ne\u00e7\u0259 m\u0259qal\u0259m \u00e7ap olunub. \u0130btidai sinifl\u0259rd\u0259 \u015fagirdl\u0259rin intellektual inki\u015faf\u0131n\u0131n art\u0131r\u0131lmas\u0131 imkanlar\u0131&nbsp; (Az\u0259rbaycan Respublikas\u0131 T\u0259hsil Probleml\u0259ri \u0130nstitutu-2013) Riyazi \u00e7al\u0131\u015fmalar vasit\u0259sil\u0259&nbsp; \u015fagirdl\u0259rin intellektual inki\u015faf\u0131n\u0131n art\u0131r\u0131lmas\u0131 imkanlar\u0131 (G\u0259nc\u0259 D\u00f6vl\u0259t Universiteti-2013) Az\u0259rbaycanda&nbsp; t\u0259hsil strategiyas\u0131 v\u0259 t\u0259limd\u0259 \u015fagirdl\u0259rin idrak f\u0259all\u0131\u011f\u0131 (Nax\u00e7\u0131van M\u00fc\u0259lliml\u0259r \u0130nstitutu -2014).<\/p>\n","protected":false},"excerpt":{"rendered":"<p>1981-ci ild\u0259 &nbsp;G\u0259nc\u0259 &nbsp;\u015f\u0259h\u0259rind\u0259 anadan &nbsp;olmu\u015f. 1987-ci ild\u0259 &nbsp;G\u0259nc\u0259 &nbsp;\u015f\u0259h\u0259r&nbsp; C.Cabbarl\u0131 ad\u0131na &nbsp;6 &nbsp;sayl\u0131 orta m\u0259kt\u0259b\u0259 daxil olmu\u015f, 1998-ci &nbsp;ild\u0259 &nbsp;h\u0259min m\u0259kt\u0259bi bitirmi\u015fdir.&nbsp; H\u0259min ild\u0259 G\u0259nc\u0259 D\u00f6vl\u0259t Universitetinin \u201c\u0130btidai t\u0259hsilin pedaqogikas\u0131 v\u0259 metodikas\u0131\u201d ixtisas\u0131 \u00fczr\u0259 bakalavr pill\u0259sin\u0259 daxil olmu\u015f, 2002-ci ild\u0259 h\u0259min&nbsp; universiteti&nbsp; f\u0259rql\u0259nm\u0259&nbsp; diplomu il\u0259 bitirmi\u015fdir.&nbsp; 2002-ci ild\u0259 G\u0259nc\u0259 D\u00f6vl\u0259t Universitetinin Pedaqogika n\u0259z\u0259riyy\u0259si v\u0259<\/p>\n<p><a href=\"http:\/\/pedf.gdu.edu.az\/?page_id=741\" class=\"more-link themebutton\">Daha \u0259trafl\u0131 <\/a><\/p>\n","protected":false},"author":1,"featured_media":742,"parent":0,"menu_order":0,"comment_status":"closed","ping_status":"closed","template":"","meta":{"footnotes":""},"class_list":["post-741","page","type-page","status-publish","has-post-thumbnail","hentry"],"_links":{"self":[{"href":"http:\/\/pedf.gdu.edu.az\/index.php?rest_route=\/wp\/v2\/pages\/741","targetHints":{"allow":["GET"]}}],"collection":[{"href":"http:\/\/pedf.gdu.edu.az\/index.php?rest_route=\/wp\/v2\/pages"}],"about":[{"href":"http:\/\/pedf.gdu.edu.az\/index.php?rest_route=\/wp\/v2\/types\/page"}],"author":[{"embeddable":true,"href":"http:\/\/pedf.gdu.edu.az\/index.php?rest_route=\/wp\/v2\/users\/1"}],"replies":[{"embeddable":true,"href":"http:\/\/pedf.gdu.edu.az\/index.php?rest_route=%2Fwp%2Fv2%2Fcomments&post=741"}],"version-history":[{"count":2,"href":"http:\/\/pedf.gdu.edu.az\/index.php?rest_route=\/wp\/v2\/pages\/741\/revisions"}],"predecessor-version":[{"id":10147,"href":"http:\/\/pedf.gdu.edu.az\/index.php?rest_route=\/wp\/v2\/pages\/741\/revisions\/10147"}],"wp:featuredmedia":[{"embeddable":true,"href":"http:\/\/pedf.gdu.edu.az\/index.php?rest_route=\/wp\/v2\/media\/742"}],"wp:attachment":[{"href":"http:\/\/pedf.gdu.edu.az\/index.php?rest_route=%2Fwp%2Fv2%2Fmedia&parent=741"}],"curies":[{"name":"wp","href":"https:\/\/api.w.org\/{rel}","templated":true}]}}