{"id":735,"date":"2016-04-14T15:40:09","date_gmt":"2016-04-14T13:40:09","guid":{"rendered":"http:\/\/pf.gdu.edu.az\/?page_id=735"},"modified":"2025-05-07T07:10:13","modified_gmt":"2025-05-07T05:10:13","slug":"bas-mu%c9%99llim-mustafayeva-ayb%c9%99niz-n%c9%99bi-qizi","status":"publish","type":"page","link":"http:\/\/pedf.gdu.edu.az\/?page_id=735","title":{"rendered":"Ba\u015f m\u00fc\u0259llim Mustafayeva Ayb\u0259niz\u00a0N\u0259bi\u00a0q\u0131z\u0131"},"content":{"rendered":"\n<div class=\"wp-block-image\"><figure class=\"alignleft\"><a href=\"http:\/\/pf.gdu.edu.az\/wp-content\/uploads\/2016\/04\/Mustafayeva-Ayb\u0259niz-ba\u015f-m\u00fc\u0259llim.jpg\" data-rel=\"lightbox-image-0\" data-rl_title=\"\" data-rl_caption=\"\" title=\"\"><img loading=\"lazy\" decoding=\"async\" width=\"250\" height=\"333\" src=\"http:\/\/pf.gdu.edu.az\/wp-content\/uploads\/2016\/04\/Mustafayeva-Ayb\u0259niz-ba\u015f-m\u00fc\u0259llim.jpg\" alt=\"Mustafayeva Ayb\u0259niz ba\u015f m\u00fc\u0259llim\" class=\"wp-image-736\" srcset=\"http:\/\/pedf.gdu.edu.az\/wp-content\/uploads\/2016\/04\/Mustafayeva-Ayb\u0259niz-ba\u015f-m\u00fc\u0259llim.jpg 250w, http:\/\/pedf.gdu.edu.az\/wp-content\/uploads\/2016\/04\/Mustafayeva-Ayb\u0259niz-ba\u015f-m\u00fc\u0259llim-225x300.jpg 225w\" sizes=\"auto, (max-width: 250px) 100vw, 250px\" \/><\/a><\/figure><\/div>\n\n\n\n<p>1961-ci ild\u0259 Xanlar rayonu Karayeri q\u0259s\u0259b\u0259sind\u0259 anadan &nbsp;olmu\u015fdur. &nbsp;1979-cu &nbsp;ild\u0259 &nbsp;KDP\u0130-y\u0259 daxil olub, 1983-cu ild\u0259 bitirib.<\/p>\n\n\n\n<p>1983-2002-ci ill\u0259rd\u0259 Xanlar rayonu Karayeri q\u0259s\u0259b\u0259sind\u0259&nbsp; m\u00fc\u0259llim&nbsp; kimi&nbsp; f\u0259aliyy\u0259t&nbsp; g\u00f6st\u0259rmi\u015f, 2003-c\u00fc ild\u0259n is\u0259 GDU-nun Psixologiya kafedras\u0131nda m\u00fc\u0259llim v\u0259zif\u0259sind\u0259 \u00e7al\u0131\u015f\u0131r. Bir \u00e7ox elmi m\u0259qal\u0259l\u0259rin m\u00fc\u0259llifidir.<\/p>\n","protected":false},"excerpt":{"rendered":"<p>1961-ci ild\u0259 Xanlar rayonu Karayeri q\u0259s\u0259b\u0259sind\u0259 anadan &nbsp;olmu\u015fdur. &nbsp;1979-cu &nbsp;ild\u0259 &nbsp;KDP\u0130-y\u0259 daxil olub, 1983-cu ild\u0259 bitirib. 1983-2002-ci ill\u0259rd\u0259 Xanlar rayonu Karayeri q\u0259s\u0259b\u0259sind\u0259&nbsp; m\u00fc\u0259llim&nbsp; kimi&nbsp; f\u0259aliyy\u0259t&nbsp; g\u00f6st\u0259rmi\u015f, 2003-c\u00fc ild\u0259n is\u0259 GDU-nun Psixologiya kafedras\u0131nda m\u00fc\u0259llim v\u0259zif\u0259sind\u0259 \u00e7al\u0131\u015f\u0131r. Bir \u00e7ox elmi m\u0259qal\u0259l\u0259rin m\u00fc\u0259llifidir.<\/p>\n","protected":false},"author":1,"featured_media":736,"parent":0,"menu_order":0,"comment_status":"closed","ping_status":"closed","template":"","meta":{"footnotes":""},"class_list":["post-735","page","type-page","status-publish","has-post-thumbnail","hentry"],"_links":{"self":[{"href":"http:\/\/pedf.gdu.edu.az\/index.php?rest_route=\/wp\/v2\/pages\/735","targetHints":{"allow":["GET"]}}],"collection":[{"href":"http:\/\/pedf.gdu.edu.az\/index.php?rest_route=\/wp\/v2\/pages"}],"about":[{"href":"http:\/\/pedf.gdu.edu.az\/index.php?rest_route=\/wp\/v2\/types\/page"}],"author":[{"embeddable":true,"href":"http:\/\/pedf.gdu.edu.az\/index.php?rest_route=\/wp\/v2\/users\/1"}],"replies":[{"embeddable":true,"href":"http:\/\/pedf.gdu.edu.az\/index.php?rest_route=%2Fwp%2Fv2%2Fcomments&post=735"}],"version-history":[{"count":2,"href":"http:\/\/pedf.gdu.edu.az\/index.php?rest_route=\/wp\/v2\/pages\/735\/revisions"}],"predecessor-version":[{"id":10142,"href":"http:\/\/pedf.gdu.edu.az\/index.php?rest_route=\/wp\/v2\/pages\/735\/revisions\/10142"}],"wp:featuredmedia":[{"embeddable":true,"href":"http:\/\/pedf.gdu.edu.az\/index.php?rest_route=\/wp\/v2\/media\/736"}],"wp:attachment":[{"href":"http:\/\/pedf.gdu.edu.az\/index.php?rest_route=%2Fwp%2Fv2%2Fmedia&parent=735"}],"curies":[{"name":"wp","href":"https:\/\/api.w.org\/{rel}","templated":true}]}}