{"id":732,"date":"2016-04-14T15:42:12","date_gmt":"2016-04-14T13:42:12","guid":{"rendered":"http:\/\/pf.gdu.edu.az\/?page_id=732"},"modified":"2025-05-07T07:09:34","modified_gmt":"2025-05-07T05:09:34","slug":"bas-mu%c9%99llim-m%c9%99mm%c9%99dova-p%c9%99rvan%c9%99-ilyas-qizi","status":"publish","type":"page","link":"http:\/\/pedf.gdu.edu.az\/?page_id=732","title":{"rendered":"Ba\u015f m\u00fc\u0259llim M\u0259mm\u0259dova P\u0259rvan\u0259 \u0130lyas q\u0131z\u0131"},"content":{"rendered":"\n<div class=\"wp-block-image\"><figure class=\"alignleft\"><a href=\"http:\/\/pf.gdu.edu.az\/wp-content\/uploads\/2016\/04\/M\u0259mm\u0259dova-P\u0259rvan\u0259-Ba\u015f-m\u00fc\u0259llim.jpg\" data-rel=\"lightbox-image-0\" data-rl_title=\"\" data-rl_caption=\"\" title=\"\"><img loading=\"lazy\" decoding=\"async\" width=\"250\" height=\"309\" src=\"http:\/\/pf.gdu.edu.az\/wp-content\/uploads\/2016\/04\/M\u0259mm\u0259dova-P\u0259rvan\u0259-Ba\u015f-m\u00fc\u0259llim.jpg\" alt=\"M\u0259mm\u0259dova P\u0259rvan\u0259 Ba\u015f m\u00fc\u0259llim\" class=\"wp-image-733\" srcset=\"http:\/\/pedf.gdu.edu.az\/wp-content\/uploads\/2016\/04\/M\u0259mm\u0259dova-P\u0259rvan\u0259-Ba\u015f-m\u00fc\u0259llim.jpg 250w, http:\/\/pedf.gdu.edu.az\/wp-content\/uploads\/2016\/04\/M\u0259mm\u0259dova-P\u0259rvan\u0259-Ba\u015f-m\u00fc\u0259llim-243x300.jpg 243w\" sizes=\"auto, (max-width: 250px) 100vw, 250px\" \/><\/a><\/figure><\/div>\n\n\n\n<p>1974-c\u00fc il dekabr\u0131n 16-da G\u0259nc\u0259 \u015f\u0259h\u0259rind\u0259 anadan<\/p>\n\n\n\n<p>olmu\u015fdur.1996-c\u0131 ild\u0259 H.Z\u0259rdabi ad\u0131na GDP\u0130-nin Pedaqoji fak\u00fclt\u0259sinin \u0130btidai t\u0259hsilin pedaqogikas\u0131 v\u0259 metodikas\u0131&nbsp;ixtisas\u0131n\u0131 f\u0259rql\u0259nm\u0259 diplomu il\u0259 bitirmi\u015fdir. H\u0259min il Psixologiya kafedras\u0131nda ba\u015f laborant v\u0259zif\u0259sin\u0259, 1998-ci ild\u0259 is\u0259 Psixologiya kafedras\u0131nda m\u00fc\u0259llim v\u0259zif\u0259sin\u0259 t\u0259yin olunmu\u015fdur. 2008-ci ild\u0259n hal-haz\u0131ra kimi Psixologiya kfedras\u0131nda ba\u015f m\u00fc\u0259llim v\u0259zif\u0259sind\u0259 \u00e7al\u0131\u015f\u0131r. F\u0259nn proqramlar\u0131, xeyli sayda elmi m\u0259qal\u0259l\u0259rin v\u0259 tezisl\u0259rinin m\u00fc\u0259llifidir.<\/p>\n\n\n\n<p>T\u0259dqiqat sah\u0259si Ya\u015f v\u0259 pedaqoji psixologiya istiqam\u0259ti \u00fczr\u0259dir.<\/p>\n","protected":false},"excerpt":{"rendered":"<p>1974-c\u00fc il dekabr\u0131n 16-da G\u0259nc\u0259 \u015f\u0259h\u0259rind\u0259 anadan olmu\u015fdur.1996-c\u0131 ild\u0259 H.Z\u0259rdabi ad\u0131na GDP\u0130-nin Pedaqoji fak\u00fclt\u0259sinin \u0130btidai t\u0259hsilin pedaqogikas\u0131 v\u0259 metodikas\u0131&nbsp;ixtisas\u0131n\u0131 f\u0259rql\u0259nm\u0259 diplomu il\u0259 bitirmi\u015fdir. H\u0259min il Psixologiya kafedras\u0131nda ba\u015f laborant v\u0259zif\u0259sin\u0259, 1998-ci ild\u0259 is\u0259 Psixologiya kafedras\u0131nda m\u00fc\u0259llim v\u0259zif\u0259sin\u0259 t\u0259yin olunmu\u015fdur. 2008-ci ild\u0259n hal-haz\u0131ra kimi Psixologiya kfedras\u0131nda ba\u015f m\u00fc\u0259llim v\u0259zif\u0259sind\u0259 \u00e7al\u0131\u015f\u0131r. F\u0259nn proqramlar\u0131, xeyli sayda elmi m\u0259qal\u0259l\u0259rin<\/p>\n<p><a href=\"http:\/\/pedf.gdu.edu.az\/?page_id=732\" class=\"more-link themebutton\">Daha \u0259trafl\u0131 <\/a><\/p>\n","protected":false},"author":1,"featured_media":733,"parent":0,"menu_order":0,"comment_status":"closed","ping_status":"closed","template":"","meta":{"footnotes":""},"class_list":["post-732","page","type-page","status-publish","has-post-thumbnail","hentry"],"_links":{"self":[{"href":"http:\/\/pedf.gdu.edu.az\/index.php?rest_route=\/wp\/v2\/pages\/732","targetHints":{"allow":["GET"]}}],"collection":[{"href":"http:\/\/pedf.gdu.edu.az\/index.php?rest_route=\/wp\/v2\/pages"}],"about":[{"href":"http:\/\/pedf.gdu.edu.az\/index.php?rest_route=\/wp\/v2\/types\/page"}],"author":[{"embeddable":true,"href":"http:\/\/pedf.gdu.edu.az\/index.php?rest_route=\/wp\/v2\/users\/1"}],"replies":[{"embeddable":true,"href":"http:\/\/pedf.gdu.edu.az\/index.php?rest_route=%2Fwp%2Fv2%2Fcomments&post=732"}],"version-history":[{"count":2,"href":"http:\/\/pedf.gdu.edu.az\/index.php?rest_route=\/wp\/v2\/pages\/732\/revisions"}],"predecessor-version":[{"id":10140,"href":"http:\/\/pedf.gdu.edu.az\/index.php?rest_route=\/wp\/v2\/pages\/732\/revisions\/10140"}],"wp:featuredmedia":[{"embeddable":true,"href":"http:\/\/pedf.gdu.edu.az\/index.php?rest_route=\/wp\/v2\/media\/733"}],"wp:attachment":[{"href":"http:\/\/pedf.gdu.edu.az\/index.php?rest_route=%2Fwp%2Fv2%2Fmedia&parent=732"}],"curies":[{"name":"wp","href":"https:\/\/api.w.org\/{rel}","templated":true}]}}