{"id":729,"date":"2016-04-14T15:47:35","date_gmt":"2016-04-14T13:47:35","guid":{"rendered":"http:\/\/pf.gdu.edu.az\/?page_id=729"},"modified":"2025-05-07T07:07:55","modified_gmt":"2025-05-07T05:07:55","slug":"bas-mu%c9%99llim-m%c9%99mm%c9%99dov-ilham-m%c9%99mm%c9%99d-oglu","status":"publish","type":"page","link":"http:\/\/pedf.gdu.edu.az\/?page_id=729","title":{"rendered":"Ba\u015f m\u00fc\u0259llim M\u0259mm\u0259dov \u0130lham M\u0259mm\u0259d o\u011flu"},"content":{"rendered":"\n<div class=\"wp-block-image\"><figure class=\"alignleft\"><a href=\"http:\/\/pedf.gdu.edu.az\/wp-content\/uploads\/2016\/04\/M\u0259mm\u0259dov-\u0130lham-ba\u015f-m\u00fc\u0259llim.jpg\" data-rel=\"lightbox-image-0\" data-rl_title=\"\" data-rl_caption=\"\" title=\"\"><img loading=\"lazy\" decoding=\"async\" width=\"250\" height=\"313\" src=\"http:\/\/pedf.gdu.edu.az\/wp-content\/uploads\/2016\/04\/M\u0259mm\u0259dov-\u0130lham-ba\u015f-m\u00fc\u0259llim.jpg\" alt=\"M\u0259mm\u0259dov \u0130lham ba\u015f m\u00fc\u0259llim\" class=\"wp-image-730\" srcset=\"http:\/\/pedf.gdu.edu.az\/wp-content\/uploads\/2016\/04\/M\u0259mm\u0259dov-\u0130lham-ba\u015f-m\u00fc\u0259llim.jpg 250w, http:\/\/pedf.gdu.edu.az\/wp-content\/uploads\/2016\/04\/M\u0259mm\u0259dov-\u0130lham-ba\u015f-m\u00fc\u0259llim-240x300.jpg 240w\" sizes=\"auto, (max-width: 250px) 100vw, 250px\" \/><\/a><\/figure><\/div>\n\n\n\n<p>1981-1986-c\u0131 ill\u0259rd\u0259 M.A.Suslev ad\u0131na Rostov D\u00f6vl\u0259t Universitetinin f\u0259ls\u0259f\u0259 fak\u00fclt\u0259sinin psixologiya \u015f\u00f6b\u0259sini bitirmi\u015f v\u0259 DAK-in q\u0259rar\u0131 il\u0259 psixoloq-m\u00fc\u0259llim ixtisas\u0131 alm\u0131\u015fd\u0131r. Universiteti bitirdikd\u0259n sonra 1987-1988-ci ill\u0259rd\u0259 Kirovabad (indiki G\u0259nc\u0259) Q\u0259nnad\u0131 fabrikind\u0259 sosioloq, 1988-1997-ci ill\u0259rd\u0259 \u015f\u0259h\u0259r Ruhi \u018fs\u0259b dispanserind\u0259 psixoloq v\u0259zif\u0259sind\u0259 i\u015fl\u0259mi\u015fdir.<\/p>\n\n\n\n<p>1988-1989-cu ill\u0259rd\u0259 H.Z\u0259rdabi ad\u0131na Kirovabad D\u00f6vl\u0259t pedaqoji \u0130nstitutunun (indiki G\u0259nc\u0259 D\u00f6vl\u0259t Universiteti) psixologiya kafedras\u0131nda staj\u00e7\u0131 m\u00fc\u0259llim, 1989-cu ild\u0259n 1993-c\u00fc il\u0259 q\u0259d\u0259r h\u0259min kafedrada se\u00e7ki il\u0259 m\u00fc\u0259llim, 1993-c\u00fc ild\u0259n bu g\u00fcn\u0259 kimi is\u0259 ba\u015f m\u00fc\u0259llim v\u0259zif\u0259sind\u0259 \u00e7al\u0131\u015f\u0131r.<\/p>\n\n\n\n<p>2012-ci ild\u0259 Bak\u0131 D\u00f6vl\u0259t Universitetinin psixologiya \u00fczr\u0259 ixtisasla\u015fm\u0131\u015f M\u00fcdafi\u0259 \u015e\u00fcras\u0131nda \u201cM\u00fcasir \u015f\u0259raitd\u0259 \u00e7\u0259tin t\u0259rbiy\u0259 olunan yeniyetm\u0259l\u0259rin \u015f\u0259xsiyy\u0259tinin formala\u015fmas\u0131\u201d m\u00f6vzusunda dissertasiya m\u00fcdafi\u0259 etmi\u015fdir (elm r\u0259hb\u0259ri \u0259m\u0259kdar elm xadimi professor \u018f.S.Bayramov).<\/p>\n\n\n\n<p>Elmi maraq dair\u0259sin\u0259 \u201c\u00e7\u0259tin t\u0259rbiy\u0259 olunan u\u015faq v\u0259 yeniyetm\u0259l\u0259r problemi\u201d aid edilir. C\u0259mi 28 elmi \u0259s\u0259r m\u00fc\u0259llifidir. Bunlardan 3-\u00fc xaricd\u0259, 4-\u00fc psixologiya \u00fczr\u0259 respublikam\u0131zda \u0259n m\u00f6t\u0259b\u0259r orqan olan \u201cpsixologiya\u201d jurnal\u0131nda \u00e7ap olunmu\u015fdur.<\/p>\n\n\n\n<p>2011-ci ild\u0259 \u201cM\u00fc\u0259llim \u015f\u0259xsiyy\u0259ti v\u0259 \u015fagird kollektivinin t\u0259\u015fkilind\u0259 onun rolu\u201d adl\u0131 metodiki v\u0259saiti (dos. Z.Aslanova il\u0259 m\u00fc\u015ft\u0259r\u0259k).<\/p>\n\n\n\n<p>2012-ci ild\u0259 \u201cKi\u00e7ik m\u0259kt\u0259blil\u0259rin t\u0259lim f\u0259aliyy\u0259tinin optimalla\u015fd\u0131r\u0131lmas\u0131\u201d adl\u0131 d\u0259rs v\u0259saiti (dos.Z.Aslanova il\u0259 m\u00fc\u015ft\u0259r\u0259k), \u00e7ap olunmu\u015fdur.<\/p>\n\n\n\n<p>Ail\u0259lidir, 3 \u00f6vlad\u0131 var.<\/p>\n\n\n\n<p><\/p>\n","protected":false},"excerpt":{"rendered":"<p>1981-1986-c\u0131 ill\u0259rd\u0259 M.A.Suslev ad\u0131na Rostov D\u00f6vl\u0259t Universitetinin f\u0259ls\u0259f\u0259 fak\u00fclt\u0259sinin psixologiya \u015f\u00f6b\u0259sini bitirmi\u015f v\u0259 DAK-in q\u0259rar\u0131 il\u0259 psixoloq-m\u00fc\u0259llim ixtisas\u0131 alm\u0131\u015fd\u0131r. Universiteti bitirdikd\u0259n sonra 1987-1988-ci ill\u0259rd\u0259 Kirovabad (indiki G\u0259nc\u0259) Q\u0259nnad\u0131 fabrikind\u0259 sosioloq, 1988-1997-ci ill\u0259rd\u0259 \u015f\u0259h\u0259r Ruhi \u018fs\u0259b dispanserind\u0259 psixoloq v\u0259zif\u0259sind\u0259 i\u015fl\u0259mi\u015fdir. 1988-1989-cu ill\u0259rd\u0259 H.Z\u0259rdabi ad\u0131na Kirovabad D\u00f6vl\u0259t pedaqoji \u0130nstitutunun (indiki G\u0259nc\u0259 D\u00f6vl\u0259t Universiteti) psixologiya kafedras\u0131nda staj\u00e7\u0131 m\u00fc\u0259llim,<\/p>\n<p><a href=\"http:\/\/pedf.gdu.edu.az\/?page_id=729\" class=\"more-link themebutton\">Daha \u0259trafl\u0131 <\/a><\/p>\n","protected":false},"author":1,"featured_media":730,"parent":0,"menu_order":0,"comment_status":"closed","ping_status":"closed","template":"","meta":{"footnotes":""},"class_list":["post-729","page","type-page","status-publish","has-post-thumbnail","hentry"],"_links":{"self":[{"href":"http:\/\/pedf.gdu.edu.az\/index.php?rest_route=\/wp\/v2\/pages\/729","targetHints":{"allow":["GET"]}}],"collection":[{"href":"http:\/\/pedf.gdu.edu.az\/index.php?rest_route=\/wp\/v2\/pages"}],"about":[{"href":"http:\/\/pedf.gdu.edu.az\/index.php?rest_route=\/wp\/v2\/types\/page"}],"author":[{"embeddable":true,"href":"http:\/\/pedf.gdu.edu.az\/index.php?rest_route=\/wp\/v2\/users\/1"}],"replies":[{"embeddable":true,"href":"http:\/\/pedf.gdu.edu.az\/index.php?rest_route=%2Fwp%2Fv2%2Fcomments&post=729"}],"version-history":[{"count":3,"href":"http:\/\/pedf.gdu.edu.az\/index.php?rest_route=\/wp\/v2\/pages\/729\/revisions"}],"predecessor-version":[{"id":10135,"href":"http:\/\/pedf.gdu.edu.az\/index.php?rest_route=\/wp\/v2\/pages\/729\/revisions\/10135"}],"wp:featuredmedia":[{"embeddable":true,"href":"http:\/\/pedf.gdu.edu.az\/index.php?rest_route=\/wp\/v2\/media\/730"}],"wp:attachment":[{"href":"http:\/\/pedf.gdu.edu.az\/index.php?rest_route=%2Fwp%2Fv2%2Fmedia&parent=729"}],"curies":[{"name":"wp","href":"https:\/\/api.w.org\/{rel}","templated":true}]}}