{"id":720,"date":"2016-04-14T15:43:09","date_gmt":"2016-04-14T13:43:09","guid":{"rendered":"http:\/\/pf.gdu.edu.az\/?page_id=720"},"modified":"2025-05-07T07:09:16","modified_gmt":"2025-05-07T05:09:16","slug":"bas-mu%c9%99llim-h%c9%99s%c9%99nova-leyla-aga-qizi","status":"publish","type":"page","link":"http:\/\/pedf.gdu.edu.az\/?page_id=720","title":{"rendered":"Ba\u015f m\u00fc\u0259llim H\u0259s\u0259nova Leyla A\u011fa q\u0131z\u0131"},"content":{"rendered":"\n<div class=\"wp-block-image\"><figure class=\"alignleft\"><a href=\"http:\/\/pf.gdu.edu.az\/wp-content\/uploads\/2016\/04\/H\u0259s\u0259nova-Leyla-ba\u015f-m\u00fc\u0259llim.jpg\" data-rel=\"lightbox-image-0\" data-rl_title=\"\" data-rl_caption=\"\" title=\"\"><img loading=\"lazy\" decoding=\"async\" width=\"250\" height=\"313\" src=\"http:\/\/pf.gdu.edu.az\/wp-content\/uploads\/2016\/04\/H\u0259s\u0259nova-Leyla-ba\u015f-m\u00fc\u0259llim.jpg\" alt=\"H\u0259s\u0259nova Leyla ba\u015f m\u00fc\u0259llim\" class=\"wp-image-721\" srcset=\"http:\/\/pedf.gdu.edu.az\/wp-content\/uploads\/2016\/04\/H\u0259s\u0259nova-Leyla-ba\u015f-m\u00fc\u0259llim.jpg 250w, http:\/\/pedf.gdu.edu.az\/wp-content\/uploads\/2016\/04\/H\u0259s\u0259nova-Leyla-ba\u015f-m\u00fc\u0259llim-240x300.jpg 240w\" sizes=\"auto, (max-width: 250px) 100vw, 250px\" \/><\/a><\/figure><\/div>\n\n\n\n<p>1974-ci ild\u0259 G\u0259nc\u0259 \u015f\u0259h\u0259ri \u00c7ernyaxovski k\u00fcc\u0259si 21-d\u0259 anadan olmu\u015fdur. 1981-1991-ci ill\u0259rd\u0259d\u0259 M.F\u00fczuli ad\u0131na 22 sayl\u0131 orta m\u0259kt\u0259bd\u0259 t\u0259hsil alm\u0131\u015fd\u0131r. 1991-ci ild\u0259 H. B\u0259y Z\u0259rdabi ad\u0131na Pedaqoji \u0130nstutun \u201cPedaqogika v\u0259 Psixologiya\u201d (m\/q ) ixtisas\u0131na daxil olmu\u015f,1996-ci ild\u0259 is\u0259 h\u0259min institutu bitirmi\u015fdir. 1996-c\u0131 ild\u0259 18 iyun \u0130nstitutun D\u00f6vl\u0259t imtahan komissiyas\u0131n\u0131n &nbsp;q\u0259rar\u0131 il\u0259 M\u0259kt\u0259b\u0259q\u0259d\u0259r pedaqoji m\u0259kt\u0259bl\u0259rd\u0259 pedaqogika-psixologiya m\u00fc\u0259llimi, m\u0259kt\u0259b\u0259q\u0259d\u0259r t\u0259rbiy\u0259nin t\u0259\u015fkilat\u00e7\u0131-metodisti ixtisas\u0131 verilmi\u015f, t\u0259yinat\u0131m H\u0259min intututun Psixologiya kafedras\u0131na verilmi\u015fdir. H\u0259min ild\u0259n Kafedran\u0131n m\u00fc\u0259llimi, &nbsp;2009-cu ild\u0259n is\u0259 ba\u015f m\u00fc\u0259llim v\u0259zif\u0259sin\u0259 t\u0259yin edilmi\u015fdir. \u00c7oxlu sayda&nbsp; elmi m\u0259qal\u0259l\u0259rin, f\u0259nn proqramlar\u0131n\u0131n, metodik t\u00f6vsiy\u0259l\u0259rin v\u0259 s. m\u00fc\u0259llifidir.<\/p>\n","protected":false},"excerpt":{"rendered":"<p>1974-ci ild\u0259 G\u0259nc\u0259 \u015f\u0259h\u0259ri \u00c7ernyaxovski k\u00fcc\u0259si 21-d\u0259 anadan olmu\u015fdur. 1981-1991-ci ill\u0259rd\u0259d\u0259 M.F\u00fczuli ad\u0131na 22 sayl\u0131 orta m\u0259kt\u0259bd\u0259 t\u0259hsil alm\u0131\u015fd\u0131r. 1991-ci ild\u0259 H. B\u0259y Z\u0259rdabi ad\u0131na Pedaqoji \u0130nstutun \u201cPedaqogika v\u0259 Psixologiya\u201d (m\/q ) ixtisas\u0131na daxil olmu\u015f,1996-ci ild\u0259 is\u0259 h\u0259min institutu bitirmi\u015fdir. 1996-c\u0131 ild\u0259 18 iyun \u0130nstitutun D\u00f6vl\u0259t imtahan komissiyas\u0131n\u0131n &nbsp;q\u0259rar\u0131 il\u0259 M\u0259kt\u0259b\u0259q\u0259d\u0259r pedaqoji m\u0259kt\u0259bl\u0259rd\u0259 pedaqogika-psixologiya m\u00fc\u0259llimi,<\/p>\n<p><a href=\"http:\/\/pedf.gdu.edu.az\/?page_id=720\" class=\"more-link themebutton\">Daha \u0259trafl\u0131 <\/a><\/p>\n","protected":false},"author":1,"featured_media":721,"parent":0,"menu_order":0,"comment_status":"closed","ping_status":"closed","template":"","meta":{"footnotes":""},"class_list":["post-720","page","type-page","status-publish","has-post-thumbnail","hentry"],"_links":{"self":[{"href":"http:\/\/pedf.gdu.edu.az\/index.php?rest_route=\/wp\/v2\/pages\/720","targetHints":{"allow":["GET"]}}],"collection":[{"href":"http:\/\/pedf.gdu.edu.az\/index.php?rest_route=\/wp\/v2\/pages"}],"about":[{"href":"http:\/\/pedf.gdu.edu.az\/index.php?rest_route=\/wp\/v2\/types\/page"}],"author":[{"embeddable":true,"href":"http:\/\/pedf.gdu.edu.az\/index.php?rest_route=\/wp\/v2\/users\/1"}],"replies":[{"embeddable":true,"href":"http:\/\/pedf.gdu.edu.az\/index.php?rest_route=%2Fwp%2Fv2%2Fcomments&post=720"}],"version-history":[{"count":2,"href":"http:\/\/pedf.gdu.edu.az\/index.php?rest_route=\/wp\/v2\/pages\/720\/revisions"}],"predecessor-version":[{"id":10139,"href":"http:\/\/pedf.gdu.edu.az\/index.php?rest_route=\/wp\/v2\/pages\/720\/revisions\/10139"}],"wp:featuredmedia":[{"embeddable":true,"href":"http:\/\/pedf.gdu.edu.az\/index.php?rest_route=\/wp\/v2\/media\/721"}],"wp:attachment":[{"href":"http:\/\/pedf.gdu.edu.az\/index.php?rest_route=%2Fwp%2Fv2%2Fmedia&parent=720"}],"curies":[{"name":"wp","href":"https:\/\/api.w.org\/{rel}","templated":true}]}}