{"id":717,"date":"2016-04-14T15:33:45","date_gmt":"2016-04-14T13:33:45","guid":{"rendered":"http:\/\/pf.gdu.edu.az\/?page_id=717"},"modified":"2025-05-07T07:12:19","modified_gmt":"2025-05-07T05:12:19","slug":"h%c9%99midova-gunt%c9%99kin-allahverdi-qizi","status":"publish","type":"page","link":"http:\/\/pedf.gdu.edu.az\/?page_id=717","title":{"rendered":"H\u0259midova\u00a0G\u00fcnt\u0259kin Allahverdi q\u0131z\u0131"},"content":{"rendered":"\n<div class=\"wp-block-image\"><figure class=\"alignleft\"><a href=\"http:\/\/pf.gdu.edu.az\/wp-content\/uploads\/2016\/04\/H\u0259midova-G\u00fcnt\u0259kin-m\u00fc\u0259llim.jpg\" data-rel=\"lightbox-image-0\" data-rl_title=\"\" data-rl_caption=\"\" title=\"\"><img loading=\"lazy\" decoding=\"async\" width=\"250\" height=\"333\" src=\"http:\/\/pf.gdu.edu.az\/wp-content\/uploads\/2016\/04\/H\u0259midova-G\u00fcnt\u0259kin-m\u00fc\u0259llim.jpg\" alt=\"H\u0259midova G\u00fcnt\u0259kin m\u00fc\u0259llim\" class=\"wp-image-718\" srcset=\"http:\/\/pedf.gdu.edu.az\/wp-content\/uploads\/2016\/04\/H\u0259midova-G\u00fcnt\u0259kin-m\u00fc\u0259llim.jpg 250w, http:\/\/pedf.gdu.edu.az\/wp-content\/uploads\/2016\/04\/H\u0259midova-G\u00fcnt\u0259kin-m\u00fc\u0259llim-225x300.jpg 225w\" sizes=\"auto, (max-width: 250px) 100vw, 250px\" \/><\/a><\/figure><\/div>\n\n\n\n<p>1978-ci ild\u0259&nbsp; G\u0259nc\u0259 \u015f\u0259h\u0259rind\u0259 anadan olub.1995-ci ild\u0259<\/p>\n\n\n\n<p>H.Z\u0259rdabi ad\u0131na G\u0259nc\u0259 D\u00f6vl\u0259t Pedaqoji \u0130nstitunun&nbsp; \u201c\u0130bti-<\/p>\n\n\n\n<p>dai t\u0259hsilin pedaqogikas\u0131 v\u0259 metodikas\u0131\u201d ixtisas\u0131na daxil<\/p>\n\n\n\n<p>olub, 1999-cu ild\u0259 f\u0259rql\u0259nm\u0259 diplomu il\u0259 bititirib. H\u0259min ild\u0259 ma\u011fistratura \u015f\u00f6b\u0259sinin \u201c Pedaqogka n\u0259z\u0259riyy\u0259si v\u0259 tarixi\u201d&nbsp; ixtisas\u0131na&nbsp; daxil olub, 2001-ci ild\u0259 f\u0259rql\u0259nm\u0259 diplomu il\u0259 bitirib. Hal- haz\u0131rda psixologiya kafedras\u0131nda m\u00fc\u0259llim v\u0259zif\u0259sind\u0259 \u00e7al\u0131\u015f\u0131r v\u0259&nbsp; GDU-nin&nbsp; doktorantura&nbsp; \u015f\u00f6b\u0259sinin pedaqogika&nbsp; ixtisas\u0131 \u00fczr\u0259 dissertant\u0131d\u0131r.&nbsp; M\u0259qal\u0259l\u0259r m\u00fc\u0259llifidir.<\/p>\n","protected":false},"excerpt":{"rendered":"<p>1978-ci ild\u0259&nbsp; G\u0259nc\u0259 \u015f\u0259h\u0259rind\u0259 anadan olub.1995-ci ild\u0259 H.Z\u0259rdabi ad\u0131na G\u0259nc\u0259 D\u00f6vl\u0259t Pedaqoji \u0130nstitunun&nbsp; \u201c\u0130bti- dai t\u0259hsilin pedaqogikas\u0131 v\u0259 metodikas\u0131\u201d ixtisas\u0131na daxil olub, 1999-cu ild\u0259 f\u0259rql\u0259nm\u0259 diplomu il\u0259 bititirib. H\u0259min ild\u0259 ma\u011fistratura \u015f\u00f6b\u0259sinin \u201c Pedaqogka n\u0259z\u0259riyy\u0259si v\u0259 tarixi\u201d&nbsp; ixtisas\u0131na&nbsp; daxil olub, 2001-ci ild\u0259 f\u0259rql\u0259nm\u0259 diplomu il\u0259 bitirib. Hal- haz\u0131rda psixologiya kafedras\u0131nda m\u00fc\u0259llim v\u0259zif\u0259sind\u0259 \u00e7al\u0131\u015f\u0131r v\u0259&nbsp; GDU-nin&nbsp;<\/p>\n<p><a href=\"http:\/\/pedf.gdu.edu.az\/?page_id=717\" class=\"more-link themebutton\">Daha \u0259trafl\u0131 <\/a><\/p>\n","protected":false},"author":1,"featured_media":718,"parent":0,"menu_order":0,"comment_status":"closed","ping_status":"closed","template":"","meta":{"footnotes":""},"class_list":["post-717","page","type-page","status-publish","has-post-thumbnail","hentry"],"_links":{"self":[{"href":"http:\/\/pedf.gdu.edu.az\/index.php?rest_route=\/wp\/v2\/pages\/717","targetHints":{"allow":["GET"]}}],"collection":[{"href":"http:\/\/pedf.gdu.edu.az\/index.php?rest_route=\/wp\/v2\/pages"}],"about":[{"href":"http:\/\/pedf.gdu.edu.az\/index.php?rest_route=\/wp\/v2\/types\/page"}],"author":[{"embeddable":true,"href":"http:\/\/pedf.gdu.edu.az\/index.php?rest_route=\/wp\/v2\/users\/1"}],"replies":[{"embeddable":true,"href":"http:\/\/pedf.gdu.edu.az\/index.php?rest_route=%2Fwp%2Fv2%2Fcomments&post=717"}],"version-history":[{"count":2,"href":"http:\/\/pedf.gdu.edu.az\/index.php?rest_route=\/wp\/v2\/pages\/717\/revisions"}],"predecessor-version":[{"id":10146,"href":"http:\/\/pedf.gdu.edu.az\/index.php?rest_route=\/wp\/v2\/pages\/717\/revisions\/10146"}],"wp:featuredmedia":[{"embeddable":true,"href":"http:\/\/pedf.gdu.edu.az\/index.php?rest_route=\/wp\/v2\/media\/718"}],"wp:attachment":[{"href":"http:\/\/pedf.gdu.edu.az\/index.php?rest_route=%2Fwp%2Fv2%2Fmedia&parent=717"}],"curies":[{"name":"wp","href":"https:\/\/api.w.org\/{rel}","templated":true}]}}