{"id":714,"date":"2016-04-14T15:38:58","date_gmt":"2016-04-14T13:38:58","guid":{"rendered":"http:\/\/pf.gdu.edu.az\/?page_id=714"},"modified":"2025-05-07T07:11:43","modified_gmt":"2025-05-07T05:11:43","slug":"%c9%99sg%c9%99rli-lacin-%c9%99jd%c9%99r-qizi","status":"publish","type":"page","link":"http:\/\/pedf.gdu.edu.az\/?page_id=714","title":{"rendered":"\u018fsg\u0259rli La\u00e7\u0131n \u018fjd\u0259r q\u0131z\u0131"},"content":{"rendered":"\n<div class=\"wp-block-image\"><figure class=\"alignleft\"><a href=\"http:\/\/pf.gdu.edu.az\/wp-content\/uploads\/2016\/04\/\u018fsg\u0259rli-La\u00e7\u0131n-m\u00fc\u0259llim.jpg\" data-rel=\"lightbox-image-0\" data-rl_title=\"\" data-rl_caption=\"\" title=\"\"><img loading=\"lazy\" decoding=\"async\" width=\"250\" height=\"313\" src=\"http:\/\/pf.gdu.edu.az\/wp-content\/uploads\/2016\/04\/\u018fsg\u0259rli-La\u00e7\u0131n-m\u00fc\u0259llim.jpg\" alt=\"\u018fsg\u0259rli La\u00e7\u0131n m\u00fc\u0259llim\" class=\"wp-image-715\" srcset=\"http:\/\/pedf.gdu.edu.az\/wp-content\/uploads\/2016\/04\/\u018fsg\u0259rli-La\u00e7\u0131n-m\u00fc\u0259llim.jpg 250w, http:\/\/pedf.gdu.edu.az\/wp-content\/uploads\/2016\/04\/\u018fsg\u0259rli-La\u00e7\u0131n-m\u00fc\u0259llim-240x300.jpg 240w\" sizes=\"auto, (max-width: 250px) 100vw, 250px\" \/><\/a><\/figure><\/div>\n\n\n\n<p>1984-c\u00fc ild\u0259 Z\u0259rdab rayonunda anadan olub. 1991-2001-ci ild\u0259 G\u0259nc\u0259 \u015f\u0259h\u0259ri N.N\u0259rimanov ad\u0131na 25 sayl\u0131 orta m\u0259kt\u0259bd\u0259 t\u0259hsil alm\u0131\u015fd\u0131r. 2001-2006-ci ild\u0259 G\u0259nc\u0259 D\u00f6vl\u0259t Universitetinin Pedaqogika v\u0259 psixologiya fak\u00fclt\u0259sinin Pedaqogika v\u0259 psixologiya ixtisas\u0131n\u0131 f\u0259rql\u0259nm\u0259 diplomu il\u0259 bitirmi\u015fdir. 2001-ci ild\u0259n universitetin Psixologiya kafedras\u0131nda laborant, 2006-2009-cu ild\u0259 G\u0259nc\u0259 D\u00f6vl\u0259t Universitetinin \u201cPedaqogika n\u0259z\u0259riyy\u0259si v\u0259 tarixi\u201d ixtisas\u0131 \u00fczr\u0259 t\u0259hsilin magistratura pill\u0259sini bitirmi\u015fdir. 2010-cu ild\u0259n&nbsp; h\u0259min kafedrada m\u00fc\u0259llim v\u0259zif\u0259sind\u0259 \u00e7al\u0131\u015f\u0131r. Bir ne\u00e7e sayda elmi m\u0259qal\u0259nin m\u00fc\u0259llifidir.<\/p>\n","protected":false},"excerpt":{"rendered":"<p>1984-c\u00fc ild\u0259 Z\u0259rdab rayonunda anadan olub. 1991-2001-ci ild\u0259 G\u0259nc\u0259 \u015f\u0259h\u0259ri N.N\u0259rimanov ad\u0131na 25 sayl\u0131 orta m\u0259kt\u0259bd\u0259 t\u0259hsil alm\u0131\u015fd\u0131r. 2001-2006-ci ild\u0259 G\u0259nc\u0259 D\u00f6vl\u0259t Universitetinin Pedaqogika v\u0259 psixologiya fak\u00fclt\u0259sinin Pedaqogika v\u0259 psixologiya ixtisas\u0131n\u0131 f\u0259rql\u0259nm\u0259 diplomu il\u0259 bitirmi\u015fdir. 2001-ci ild\u0259n universitetin Psixologiya kafedras\u0131nda laborant, 2006-2009-cu ild\u0259 G\u0259nc\u0259 D\u00f6vl\u0259t Universitetinin \u201cPedaqogika n\u0259z\u0259riyy\u0259si v\u0259 tarixi\u201d ixtisas\u0131 \u00fczr\u0259 t\u0259hsilin magistratura pill\u0259sini<\/p>\n<p><a href=\"http:\/\/pedf.gdu.edu.az\/?page_id=714\" class=\"more-link themebutton\">Daha \u0259trafl\u0131 <\/a><\/p>\n","protected":false},"author":1,"featured_media":715,"parent":0,"menu_order":0,"comment_status":"closed","ping_status":"closed","template":"","meta":{"footnotes":""},"class_list":["post-714","page","type-page","status-publish","has-post-thumbnail","hentry"],"_links":{"self":[{"href":"http:\/\/pedf.gdu.edu.az\/index.php?rest_route=\/wp\/v2\/pages\/714","targetHints":{"allow":["GET"]}}],"collection":[{"href":"http:\/\/pedf.gdu.edu.az\/index.php?rest_route=\/wp\/v2\/pages"}],"about":[{"href":"http:\/\/pedf.gdu.edu.az\/index.php?rest_route=\/wp\/v2\/types\/page"}],"author":[{"embeddable":true,"href":"http:\/\/pedf.gdu.edu.az\/index.php?rest_route=\/wp\/v2\/users\/1"}],"replies":[{"embeddable":true,"href":"http:\/\/pedf.gdu.edu.az\/index.php?rest_route=%2Fwp%2Fv2%2Fcomments&post=714"}],"version-history":[{"count":2,"href":"http:\/\/pedf.gdu.edu.az\/index.php?rest_route=\/wp\/v2\/pages\/714\/revisions"}],"predecessor-version":[{"id":10144,"href":"http:\/\/pedf.gdu.edu.az\/index.php?rest_route=\/wp\/v2\/pages\/714\/revisions\/10144"}],"wp:featuredmedia":[{"embeddable":true,"href":"http:\/\/pedf.gdu.edu.az\/index.php?rest_route=\/wp\/v2\/media\/715"}],"wp:attachment":[{"href":"http:\/\/pedf.gdu.edu.az\/index.php?rest_route=%2Fwp%2Fv2%2Fmedia&parent=714"}],"curies":[{"name":"wp","href":"https:\/\/api.w.org\/{rel}","templated":true}]}}