{"id":711,"date":"2016-04-14T15:49:58","date_gmt":"2016-04-14T13:49:58","guid":{"rendered":"http:\/\/pf.gdu.edu.az\/?page_id=711"},"modified":"2025-05-07T07:05:46","modified_gmt":"2025-05-07T05:05:46","slug":"bas-mu%c9%99llim-c%c9%99lilova-tunzal%c9%99-%c9%99dal%c9%99t-qizi","status":"publish","type":"page","link":"http:\/\/pedf.gdu.edu.az\/?page_id=711","title":{"rendered":"Ba\u015f m\u00fc\u0259llim C\u018fL\u0130LOVA T\u00dcNZAL\u018f \u018fDAL\u018fT QIZI"},"content":{"rendered":"\n<div class=\"wp-block-image\"><figure class=\"alignleft\"><a href=\"http:\/\/pf.gdu.edu.az\/wp-content\/uploads\/2016\/04\/Tunzale-Calilova.jpg\" data-rel=\"lightbox-image-0\" data-rl_title=\"\" data-rl_caption=\"\" title=\"\"><img loading=\"lazy\" decoding=\"async\" width=\"250\" height=\"331\" src=\"http:\/\/pf.gdu.edu.az\/wp-content\/uploads\/2016\/04\/Tunzale-Calilova.jpg\" alt=\"Tunzale Calilova\" class=\"wp-image-712\" srcset=\"http:\/\/pedf.gdu.edu.az\/wp-content\/uploads\/2016\/04\/Tunzale-Calilova.jpg 250w, http:\/\/pedf.gdu.edu.az\/wp-content\/uploads\/2016\/04\/Tunzale-Calilova-227x300.jpg 227w\" sizes=\"auto, (max-width: 250px) 100vw, 250px\" \/><\/a><\/figure><\/div>\n\n\n\n<p>1969 &#8211; cu&nbsp; ilin&nbsp; noyabr&nbsp; ay\u0131nda&nbsp; G\u0259nc\u0259&nbsp; \u015f\u0259h\u0259rind\u0259<\/p>\n\n\n\n<p>anadan&nbsp; olmu\u015f v\u0259 h\u0259min \u015f\u0259h\u0259rd\u0259 orta m\u0259kt\u0259bi bitirmi\u015fdir.<\/p>\n\n\n\n<p>1987-ci&nbsp; ild\u0259&nbsp; GDP\u0130-nin&nbsp; \u201c\u0130btidai t\u0259hsilin&nbsp; pedaqogikas\u0131&nbsp; v\u0259&nbsp; metodikas\u0131\u201d&nbsp; ixtisas\u0131na&nbsp; q\u0259bul&nbsp; olmu\u015f v\u0259 1991- ci&nbsp; ild\u0259 is\u0259 h\u0259min&nbsp; \u0130nstitutu&nbsp; bitirmi\u015fdi. 1996-ci ild\u0259n GDP\u0130- nin&nbsp; Psixologiya&nbsp; kafedras\u0131nda&nbsp; ba\u015f&nbsp; laborant,&nbsp; 1998-ci&nbsp; ild\u0259n m\u00fc\u0259llim v\u0259&nbsp; 2005-ci&nbsp; ild\u0259n&nbsp; ba\u015f&nbsp; m\u00fc\u0259llim&nbsp; v\u0259zif\u0259sind\u0259 \u00e7al\u0131\u015f\u0131r.<\/p>\n\n\n\n<p>2014-c\u00fc&nbsp; ilin&nbsp; mart&nbsp; ay\u0131nda \u2033 Ki\u00e7ik&nbsp; ya\u015fl\u0131&nbsp; m\u0259kt\u0259blil\u0259rd\u0259 \u00f6z\u00fcn\u0259&nbsp; n\u0259zar\u0259t&nbsp; bacar\u0131qlar\u0131n\u0131n&nbsp; formala\u015fd\u0131r\u0131lmas\u0131&nbsp; \u00fczr\u0259&nbsp; i\u015fin&nbsp; sistemi\u2033 m\u00f6vzusu&nbsp; \u00fczr\u0259 namiz\u0259tlik dissertasiyas\u0131n\u0131&nbsp; m\u00fcdafi\u0259&nbsp; etmi\u015fdir. 21 elmi&nbsp; m\u0259qal\u0259nin, f\u0259nn proqramlar\u0131n\u0131n &nbsp;&nbsp;m\u00fc\u0259llifidir .&nbsp; &nbsp;Ail\u0259lidir.<\/p>\n","protected":false},"excerpt":{"rendered":"<p>1969 &#8211; cu&nbsp; ilin&nbsp; noyabr&nbsp; ay\u0131nda&nbsp; G\u0259nc\u0259&nbsp; \u015f\u0259h\u0259rind\u0259 anadan&nbsp; olmu\u015f v\u0259 h\u0259min \u015f\u0259h\u0259rd\u0259 orta m\u0259kt\u0259bi bitirmi\u015fdir. 1987-ci&nbsp; ild\u0259&nbsp; GDP\u0130-nin&nbsp; \u201c\u0130btidai t\u0259hsilin&nbsp; pedaqogikas\u0131&nbsp; v\u0259&nbsp; metodikas\u0131\u201d&nbsp; ixtisas\u0131na&nbsp; q\u0259bul&nbsp; olmu\u015f v\u0259 1991- ci&nbsp; ild\u0259 is\u0259 h\u0259min&nbsp; \u0130nstitutu&nbsp; bitirmi\u015fdi. 1996-ci ild\u0259n GDP\u0130- nin&nbsp; Psixologiya&nbsp; kafedras\u0131nda&nbsp; ba\u015f&nbsp; laborant,&nbsp; 1998-ci&nbsp; ild\u0259n m\u00fc\u0259llim v\u0259&nbsp; 2005-ci&nbsp; ild\u0259n&nbsp; ba\u015f&nbsp; m\u00fc\u0259llim&nbsp; v\u0259zif\u0259sind\u0259 \u00e7al\u0131\u015f\u0131r. 2014-c\u00fc&nbsp; ilin&nbsp;<\/p>\n<p><a href=\"http:\/\/pedf.gdu.edu.az\/?page_id=711\" class=\"more-link themebutton\">Daha \u0259trafl\u0131 <\/a><\/p>\n","protected":false},"author":1,"featured_media":712,"parent":0,"menu_order":0,"comment_status":"closed","ping_status":"closed","template":"","meta":{"footnotes":""},"class_list":["post-711","page","type-page","status-publish","has-post-thumbnail","hentry"],"_links":{"self":[{"href":"http:\/\/pedf.gdu.edu.az\/index.php?rest_route=\/wp\/v2\/pages\/711","targetHints":{"allow":["GET"]}}],"collection":[{"href":"http:\/\/pedf.gdu.edu.az\/index.php?rest_route=\/wp\/v2\/pages"}],"about":[{"href":"http:\/\/pedf.gdu.edu.az\/index.php?rest_route=\/wp\/v2\/types\/page"}],"author":[{"embeddable":true,"href":"http:\/\/pedf.gdu.edu.az\/index.php?rest_route=\/wp\/v2\/users\/1"}],"replies":[{"embeddable":true,"href":"http:\/\/pedf.gdu.edu.az\/index.php?rest_route=%2Fwp%2Fv2%2Fcomments&post=711"}],"version-history":[{"count":2,"href":"http:\/\/pedf.gdu.edu.az\/index.php?rest_route=\/wp\/v2\/pages\/711\/revisions"}],"predecessor-version":[{"id":10133,"href":"http:\/\/pedf.gdu.edu.az\/index.php?rest_route=\/wp\/v2\/pages\/711\/revisions\/10133"}],"wp:featuredmedia":[{"embeddable":true,"href":"http:\/\/pedf.gdu.edu.az\/index.php?rest_route=\/wp\/v2\/media\/712"}],"wp:attachment":[{"href":"http:\/\/pedf.gdu.edu.az\/index.php?rest_route=%2Fwp%2Fv2%2Fmedia&parent=711"}],"curies":[{"name":"wp","href":"https:\/\/api.w.org\/{rel}","templated":true}]}}