{"id":702,"date":"2016-04-14T15:39:47","date_gmt":"2016-04-14T13:39:47","guid":{"rendered":"http:\/\/pf.gdu.edu.az\/?page_id=702"},"modified":"2025-05-07T07:11:05","modified_gmt":"2025-05-07T05:11:05","slug":"bas-mu%c9%99llim-bagirzad%c9%99-arzu-kamal-qizi","status":"publish","type":"page","link":"http:\/\/pedf.gdu.edu.az\/?page_id=702","title":{"rendered":"Ba\u015f m\u00fc\u0259llim Ba\u011f\u0131rzad\u0259 Arzu Kamal q\u0131z\u0131"},"content":{"rendered":"\n<div class=\"wp-block-image\"><figure class=\"alignleft\"><a href=\"http:\/\/pf.gdu.edu.az\/wp-content\/uploads\/2016\/04\/Ba\u011f\u0131rzad\u0259-Arzu-ba\u015f-m\u00fc\u0259llim.jpg\" data-rel=\"lightbox-image-0\" data-rl_title=\"\" data-rl_caption=\"\" title=\"\"><img loading=\"lazy\" decoding=\"async\" width=\"250\" height=\"313\" src=\"http:\/\/pf.gdu.edu.az\/wp-content\/uploads\/2016\/04\/Ba\u011f\u0131rzad\u0259-Arzu-ba\u015f-m\u00fc\u0259llim.jpg\" alt=\"Ba\u011f\u0131rzad\u0259 Arzu ba\u015f m\u00fc\u0259llim\" class=\"wp-image-703\" srcset=\"http:\/\/pedf.gdu.edu.az\/wp-content\/uploads\/2016\/04\/Ba\u011f\u0131rzad\u0259-Arzu-ba\u015f-m\u00fc\u0259llim.jpg 250w, http:\/\/pedf.gdu.edu.az\/wp-content\/uploads\/2016\/04\/Ba\u011f\u0131rzad\u0259-Arzu-ba\u015f-m\u00fc\u0259llim-240x300.jpg 240w\" sizes=\"auto, (max-width: 250px) 100vw, 250px\" \/><\/a><\/figure><\/div>\n\n\n\n<p>2002-ci ild\u0259 G\u0259nc\u0259 D\u00f6vl\u0259t Univesitetinin Pedaqoji fak\u00fclt\u0259sinin \u201c\u0130btidai t\u0259hsilin pedaqogikas\u0131 v\u0259 metodikas\u0131\u201d ixtisas\u0131n\u0131 f\u0259rql\u0259nm\u0259 diplomu il\u0259 bitirmi\u015f, 2002-ci ild\u0259 is\u0259 t\u0259hsilimi davam etdirm\u0259k m\u0259qs\u0259di il\u0259 G\u0259nc\u0259 D\u00f6vl\u0259t Univesitetinin Magistratura \u015f\u00f6b\u0259sinin \u201c\u0130btidai t\u0259hsilin pedaqogikas\u0131 v\u0259 metodikas\u0131\u201d ixtisas\u0131na daxil olmu\u015f v\u0259 2004-c\u00fc ild\u0259 h\u0259min ixtisas\u0131 f\u0259rql\u0259nm\u0259 diplomu il\u0259 bitirmi\u015fdir.<\/p>\n\n\n\n<p>07.11.2004-c\u00fc il tarixind\u0259n Psixologiya kafedras\u0131na stajor m\u00fc\u0259llim v\u0259zif\u0259sin\u0259 t\u0259yin edilmi\u015f. 07.11.05-ci ild\u0259 Psoxologiya kafedras\u0131nda stajorluq m\u00fcdd\u0259tim ba\u015fa \u00e7atd\u0131qdan sonra 0,5 \u015ftat vahidi m\u00fc\u0259llim t\u0259yin edilmi\u015fdi. 2009\/2010-cu t\u0259dris ilind\u0259n etibar\u0259n tam \u015ftatl\u0131 m\u00fc\u0259llim, 2012\/ 2013-c\u00fc t\u0259dris ilind\u0259n is\u0259 ba\u015f m\u00fc\u0259llim v\u0259zif\u0259sind\u0259 \u00e7al\u0131\u015f\u0131r.<\/p>\n\n\n\n<p>\u0130\u015fl\u0259diyi m\u00fcdd\u0259td\u0259 f\u0259nn proqramlar\u0131n\u0131n, metodik t\u00f6vsiy\u0259l\u0259rin v\u0259 17-d\u0259n art\u0131q elmi m\u0259qal\u0259nin m\u00fc\u0259llifidir.<\/p>\n","protected":false},"excerpt":{"rendered":"<p>2002-ci ild\u0259 G\u0259nc\u0259 D\u00f6vl\u0259t Univesitetinin Pedaqoji fak\u00fclt\u0259sinin \u201c\u0130btidai t\u0259hsilin pedaqogikas\u0131 v\u0259 metodikas\u0131\u201d ixtisas\u0131n\u0131 f\u0259rql\u0259nm\u0259 diplomu il\u0259 bitirmi\u015f, 2002-ci ild\u0259 is\u0259 t\u0259hsilimi davam etdirm\u0259k m\u0259qs\u0259di il\u0259 G\u0259nc\u0259 D\u00f6vl\u0259t Univesitetinin Magistratura \u015f\u00f6b\u0259sinin \u201c\u0130btidai t\u0259hsilin pedaqogikas\u0131 v\u0259 metodikas\u0131\u201d ixtisas\u0131na daxil olmu\u015f v\u0259 2004-c\u00fc ild\u0259 h\u0259min ixtisas\u0131 f\u0259rql\u0259nm\u0259 diplomu il\u0259 bitirmi\u015fdir. 07.11.2004-c\u00fc il tarixind\u0259n Psixologiya kafedras\u0131na stajor m\u00fc\u0259llim v\u0259zif\u0259sin\u0259<\/p>\n<p><a href=\"http:\/\/pedf.gdu.edu.az\/?page_id=702\" class=\"more-link themebutton\">Daha \u0259trafl\u0131 <\/a><\/p>\n","protected":false},"author":1,"featured_media":703,"parent":0,"menu_order":0,"comment_status":"closed","ping_status":"closed","template":"","meta":{"footnotes":""},"class_list":["post-702","page","type-page","status-publish","has-post-thumbnail","hentry"],"_links":{"self":[{"href":"http:\/\/pedf.gdu.edu.az\/index.php?rest_route=\/wp\/v2\/pages\/702","targetHints":{"allow":["GET"]}}],"collection":[{"href":"http:\/\/pedf.gdu.edu.az\/index.php?rest_route=\/wp\/v2\/pages"}],"about":[{"href":"http:\/\/pedf.gdu.edu.az\/index.php?rest_route=\/wp\/v2\/types\/page"}],"author":[{"embeddable":true,"href":"http:\/\/pedf.gdu.edu.az\/index.php?rest_route=\/wp\/v2\/users\/1"}],"replies":[{"embeddable":true,"href":"http:\/\/pedf.gdu.edu.az\/index.php?rest_route=%2Fwp%2Fv2%2Fcomments&post=702"}],"version-history":[{"count":2,"href":"http:\/\/pedf.gdu.edu.az\/index.php?rest_route=\/wp\/v2\/pages\/702\/revisions"}],"predecessor-version":[{"id":10143,"href":"http:\/\/pedf.gdu.edu.az\/index.php?rest_route=\/wp\/v2\/pages\/702\/revisions\/10143"}],"wp:featuredmedia":[{"embeddable":true,"href":"http:\/\/pedf.gdu.edu.az\/index.php?rest_route=\/wp\/v2\/media\/703"}],"wp:attachment":[{"href":"http:\/\/pedf.gdu.edu.az\/index.php?rest_route=%2Fwp%2Fv2%2Fmedia&parent=702"}],"curies":[{"name":"wp","href":"https:\/\/api.w.org\/{rel}","templated":true}]}}