{"id":408,"date":"2016-03-31T01:53:51","date_gmt":"2016-03-30T23:53:51","guid":{"rendered":"http:\/\/pf.gdu.edu.az\/?page_id=408"},"modified":"2025-05-07T07:19:32","modified_gmt":"2025-05-07T05:19:32","slug":"psixologiya","status":"publish","type":"page","link":"http:\/\/pedf.gdu.edu.az\/?page_id=408","title":{"rendered":"Psixologiya"},"content":{"rendered":"<p style=\"text-align: center;\">\n<p><img loading=\"lazy\" decoding=\"async\" class=\"alignnone size-full wp-image-6154\" src=\"http:\/\/pedf.gdu.edu.az\/wp-content\/uploads\/2022\/05\/IMG_5432-e1652425330350.jpg\" alt=\"\" width=\"1024\" height=\"683\" \/><\/p>\n<p>Psixologiya kafedras\u0131 1963-c\u00fc ild\u0259n \u201cPsixologiya v\u0259 ibtidai t\u0259hsil metodikas\u0131 kafedras\u0131\u201d ad\u0131 alt\u0131nda f\u0259aliyy\u0259t\u0259 ba\u015flam\u0131\u015fd\u0131r.<\/p>\n<p>Sonralar is\u0259 psixologiya kafedras\u0131 m\u00fcst\u0259qil \u015f\u0259kild\u0259 f\u0259aliyy\u0259t g\u00f6st\u0259rmi\u015f v\u0259 kafedraya prof. M.N\u0259c\u0259fov r\u0259hb\u0259rlik etmi\u015fdir.<\/p>\n<p>H\u0259min d\u00f6vrd\u0259 diqq\u0259ti c\u0259lb ed\u0259n m\u0259s\u0259l\u0259l\u0259rd\u0259n biri d\u0259 prof. M.N\u0259c\u0259fov v\u0259 prof. \u018f.Q\u0259dirovun elmi-pedaqoji kad\u0131rlar\u0131n \u00a0haz\u0131rlanmas\u0131nda m\u00fcst\u0259sna xidm\u0259tl\u0259ri olmu\u015fdur.<\/p>\n<p>Hal-haz\u0131rda psixologiya kafedras\u0131 prof. M.N\u0259c\u0259fovun ad\u0131n\u0131 da\u015f\u0131y\u0131r. Kafedrada 25 professor-m\u00fc\u0259llim v\u0259 10 n\u0259f\u0259r t\u0259dris k\u00f6m\u0259kci hey\u0131ti olmaqla 35 n\u0259f\u0259r \u00e7al\u0131\u015f\u0131r. Onlardan 5 n\u0259f\u0259r dosent, 13 n\u0259f\u0259r ba\u015f m\u00fc\u0259llim, 7 n\u0259f\u0259r is\u0259 m\u00fc\u0259llim v\u0259zif\u0259sind\u0259 elmi-pedaqoji f\u0259aliyy\u0259tini davam etdirir.<\/p>\n<ol>\n<li><a href=\"http:\/\/pedf.gdu.edu.az\/?page_id=759\">Cavadova Z\u00fcmr\u00fcd Soltan q\u0131z\u0131 \u2013 dos.<\/a><\/li>\n<li><a href=\"http:\/\/pedf.gdu.edu.az\/?page_id=750\">\u0130brahimov C\u0259f\u0259r H\u00fcseyin o\u011flu \u2013 prof.<\/a><\/li>\n<li><a href=\"http:\/\/pedf.gdu.edu.az\/?page_id=756\">Aslanova Z\u00fclal\u0259 Mahmud q\u0131z\u0131 \u2013 dos.<\/a><\/li>\n<li><a href=\"http:\/\/pedf.gdu.edu.az\/?page_id=747\">M\u0259mm\u0259dova Pakiz\u0259 \u018fb\u00fclf\u0259t q\u0131z\u0131 \u2013 dos.<\/a><\/li>\n<li><a href=\"http:\/\/pedf.gdu.edu.az\/?page_id=738\">N\u0259srullayeva Z\u0259rif\u0259 N\u00fcyv\u0259r q\u0131z\u0131 \u2013 dos.<\/a><\/li>\n<li><a href=\"http:\/\/pedf.gdu.edu.az\/?page_id=711\">C\u0259lilova T\u00fcnzal\u0259 \u018fdal\u0259t q\u0131z\u0131 \u2013 p.\u00fc.f.d b\/m.<\/a><\/li>\n<li><a href=\"http:\/\/pedf.gdu.edu.az\/?page_id=705\">Bayramova Sabir\u0259 Sabir q\u0131z\u0131 \u2013 p.\u00fc.f.d b\/m<\/a><\/li>\n<li><a href=\"http:\/\/pedf.gdu.edu.az\/?page_id=729\">M\u0259mm\u0259dov \u0130lham M\u0259h\u0259mm\u0259d o\u011flu- b\/m.<\/a><\/li>\n<li><a href=\"http:\/\/pedf.gdu.edu.az\/?page_id=723\">H\u00fcseynova \u018frkinaz \u0130sax q\u0131z\u0131 \u2013 b\/m.<\/a><\/li>\n<li><a href=\"http:\/\/pedf.gdu.edu.az\/?page_id=696\">Ba\u011f\u0131rova Abuh\u0259yat M\u0259mm\u0259d\u0259li q\u0131z\u0131 \u2013 b\/m.<\/a><\/li>\n<li><a href=\"http:\/\/pedf.gdu.edu.az\/?page_id=720\">H\u0259s\u0259nova Leyla A\u011fa q\u0131z\u0131 \u2013 b\/m.<\/a><\/li>\n<li><a href=\"http:\/\/pedf.gdu.edu.az\/?page_id=732\">M\u0259mm\u0259dova P\u0259rvan\u0259 \u0130lyas q\u0131z\u0131 \u2013 b\/m.<\/a><\/li>\n<li><a href=\"http:\/\/pedf.gdu.edu.az\/?page_id=708\">Cabbarova Telli R\u0259him q\u0131z\u0131 \u2013 b\/m.<\/a><\/li>\n<li><a href=\"http:\/\/pedf.gdu.edu.az\/?page_id=735\">Mustafayeva Ayb\u0259niz N\u0259sib q\u0131z\u0131 \u2013 b\/m.<\/a><\/li>\n<li>\u015eahverdiyeva S\u0259bin\u0259 Zahid q\u0131z\u0131 \u2013 b\/m.<\/li>\n<li><a href=\"http:\/\/pedf.gdu.edu.az\/?page_id=702\">Ba\u011f\u0131rzad\u0259 Arzu Kamal q\u0131z\u0131 \u2013 b\/m.<\/a><\/li>\n<li><a href=\"http:\/\/pedf.gdu.edu.az\/?page_id=714\">\u018fsg\u0259rli La\u00e7\u0131n \u018fjd\u0259r q\u0131z\u0131 \u2013\u00a0b\/m<\/a><\/li>\n<li><a href=\"http:\/\/pedf.gdu.edu.az\/?page_id=726\">\u0130sg\u0259nd\u0259rova Arif\u0259 Zabir q\u0131z\u0131 \u2013 m\u00fc\u0259l.<\/a><\/li>\n<li><a href=\"http:\/\/pedf.gdu.edu.az\/?page_id=717\">H\u0259midova G\u00fcnt\u0259kin Allahverdi q\u0131z\u0131 \u2013 m\u00fc\u0259l.<\/a><\/li>\n<li><a href=\"http:\/\/pedf.gdu.edu.az\/?page_id=741\">Quliyeva N\u00fcbar Teymur q\u0131z\u0131 \u2013 m\u00fc\u0259l.<\/a><\/li>\n<li><a href=\"http:\/\/pedf.gdu.edu.az\/?page_id=744\">R\u0259himova Mirvari Miri q\u0131z\u0131 \u2013 m\u00fc\u0259l.<\/a><\/li>\n<li>Verdiyeva Hicran Etibar q\u0131z\u0131- m\u00fc\u0259ll.<\/li>\n<li>X\u0259lilova Z\u00fclal\u0259 Mobil q\u0131z\u0131 &#8211; m\u00fc\u0259l.<\/li>\n<li>\u0130sayeva Elvira &#8211; m\u00fc\u0259l.<\/li>\n<li><a href=\"https:\/\/pedf.gdu.edu.az\/?page_id=10151\"><strong>Allahverdi S\u0259bin\u0259 Seyf\u0259ddin q.\u00a0\u00a0\u00a0\u00a0\u00a0\u00a0 M\u00fc\u0259l.<\/strong><\/a><\/li>\n<\/ol>\n<p><strong>T\u0259dris-k\u00f6m\u0259k\u00e7i hey\u0259ti<\/strong><\/p>\n<ol>\n<li>M\u0259mm\u0259dova Sevinc V\u0259li q\u0131z\u0131 \u2013 b\/lab.<\/li>\n<li>\u0130smay\u0131lova Suqra N\u0259riman q\u0131z\u0131 \u2013 b\/lab.<\/li>\n<li>Qurbanova S\u0259bin\u0259 R\u0259him q\u0131z\u0131 \u2013 b\/lab.<\/li>\n<li>Mirz\u0259yeva Ayg\u00fcn Akif q\u0131z\u0131 \u2013b\/lab<\/li>\n<li>Abbasova K\u00f6n\u00fcl \u018fli q\u0131z\u0131 \u2013 b\/lab.<\/li>\n<li>M\u0259mm\u0259dova \u00dclk\u0259r N\u0259sr\u0259ddin q\u0131z\u0131 \u2013 lab.<\/li>\n<li>M\u0259mm\u0259dova Sevinc Elbrus q\u0131z\u0131 \u2013 lab.<\/li>\n<li>Nuriyeva R\u0259na K\u0259mal\u0259ddin q\u0131z\u0131-lab<\/li>\n<li>\u018fsg\u0259rova G\u00fclnar Yusif q\u0131z\u0131-lab<\/li>\n<li>K\u0259rimova \u0130lah\u0259 Eyub q\u0131z\u0131\u00a0\u00a0\u00a0\u00a0\u00a0 Lab.<\/li>\n<\/ol>\n","protected":false},"excerpt":{"rendered":"<p>Psixologiya kafedras\u0131 1963-c\u00fc ild\u0259n \u201cPsixologiya v\u0259 ibtidai t\u0259hsil metodikas\u0131 kafedras\u0131\u201d ad\u0131 alt\u0131nda f\u0259aliyy\u0259t\u0259 ba\u015flam\u0131\u015fd\u0131r. Sonralar is\u0259 psixologiya kafedras\u0131 m\u00fcst\u0259qil \u015f\u0259kild\u0259 f\u0259aliyy\u0259t g\u00f6st\u0259rmi\u015f v\u0259 kafedraya prof. M.N\u0259c\u0259fov r\u0259hb\u0259rlik etmi\u015fdir. H\u0259min d\u00f6vrd\u0259 diqq\u0259ti c\u0259lb ed\u0259n m\u0259s\u0259l\u0259l\u0259rd\u0259n biri d\u0259 prof. M.N\u0259c\u0259fov v\u0259 prof. \u018f.Q\u0259dirovun elmi-pedaqoji kad\u0131rlar\u0131n \u00a0haz\u0131rlanmas\u0131nda m\u00fcst\u0259sna xidm\u0259tl\u0259ri olmu\u015fdur. Hal-haz\u0131rda psixologiya kafedras\u0131 prof. M.N\u0259c\u0259fovun ad\u0131n\u0131 da\u015f\u0131y\u0131r. Kafedrada<\/p>\n<p><a href=\"http:\/\/pedf.gdu.edu.az\/?page_id=408\" class=\"more-link themebutton\">Daha \u0259trafl\u0131 <\/a><\/p>\n","protected":false},"author":4,"featured_media":0,"parent":0,"menu_order":0,"comment_status":"closed","ping_status":"closed","template":"","meta":{"footnotes":""},"class_list":["post-408","page","type-page","status-publish","hentry"],"_links":{"self":[{"href":"http:\/\/pedf.gdu.edu.az\/index.php?rest_route=\/wp\/v2\/pages\/408","targetHints":{"allow":["GET"]}}],"collection":[{"href":"http:\/\/pedf.gdu.edu.az\/index.php?rest_route=\/wp\/v2\/pages"}],"about":[{"href":"http:\/\/pedf.gdu.edu.az\/index.php?rest_route=\/wp\/v2\/types\/page"}],"author":[{"embeddable":true,"href":"http:\/\/pedf.gdu.edu.az\/index.php?rest_route=\/wp\/v2\/users\/4"}],"replies":[{"embeddable":true,"href":"http:\/\/pedf.gdu.edu.az\/index.php?rest_route=%2Fwp%2Fv2%2Fcomments&post=408"}],"version-history":[{"count":22,"href":"http:\/\/pedf.gdu.edu.az\/index.php?rest_route=\/wp\/v2\/pages\/408\/revisions"}],"predecessor-version":[{"id":10155,"href":"http:\/\/pedf.gdu.edu.az\/index.php?rest_route=\/wp\/v2\/pages\/408\/revisions\/10155"}],"wp:attachment":[{"href":"http:\/\/pedf.gdu.edu.az\/index.php?rest_route=%2Fwp%2Fv2%2Fmedia&parent=408"}],"curies":[{"name":"wp","href":"https:\/\/api.w.org\/{rel}","templated":true}]}}