{"id":396,"date":"2016-03-31T01:52:33","date_gmt":"2016-03-30T23:52:33","guid":{"rendered":"http:\/\/pf.gdu.edu.az\/?page_id=396"},"modified":"2025-12-25T09:54:04","modified_gmt":"2025-12-25T07:54:04","slug":"tyutorlar","status":"publish","type":"page","link":"http:\/\/pedf.gdu.edu.az\/?page_id=396","title":{"rendered":"T\u00fctorlar"},"content":{"rendered":"\n<div class=\"wp-block-group\"><div class=\"wp-block-group__inner-container is-layout-constrained wp-block-group-is-layout-constrained\">\n<div class=\"wp-block-columns are-vertically-aligned-top is-layout-flex wp-container-core-columns-is-layout-9d6595d7 wp-block-columns-is-layout-flex\">\n<div class=\"wp-block-column is-vertically-aligned-top is-layout-flow wp-block-column-is-layout-flow\" style=\"flex-basis:100%\">\n<div class=\"wp-block-media-text is-stacked-on-mobile\" style=\"grid-template-columns:22% auto\"><figure class=\"wp-block-media-text__media\"><img loading=\"lazy\" decoding=\"async\" width=\"642\" height=\"950\" src=\"https:\/\/pedf.gdu.edu.az\/wp-content\/uploads\/2025\/12\/valid\u0259.jpeg\" alt=\"\" class=\"wp-image-11817 size-full\"\/><\/figure><div class=\"wp-block-media-text__content\">\n<p>V\u0259liyeva Valid\u0259 Xas\u0131 q\u0131z\u0131<\/p>\n\n\n\n<p>tyutor.v.valida@gdu.edu.az<\/p>\n<\/div><\/div>\n<\/div>\n<\/div>\n<\/div><\/div>\n\n\n\n<div class=\"wp-block-media-text is-stacked-on-mobile\" style=\"grid-template-columns:22% auto\"><figure class=\"wp-block-media-text__media\"><img loading=\"lazy\" decoding=\"async\" width=\"1010\" height=\"1600\" src=\"https:\/\/pedf.gdu.edu.az\/wp-content\/uploads\/2025\/12\/roya.jpeg\" alt=\"\" class=\"wp-image-11818 size-full\" srcset=\"http:\/\/pedf.gdu.edu.az\/wp-content\/uploads\/2025\/12\/roya.jpeg 1010w, http:\/\/pedf.gdu.edu.az\/wp-content\/uploads\/2025\/12\/roya-768x1217.jpeg 768w, http:\/\/pedf.gdu.edu.az\/wp-content\/uploads\/2025\/12\/roya-970x1536.jpeg 970w\" sizes=\"auto, (max-width: 1010px) 100vw, 1010px\" \/><\/figure><div class=\"wp-block-media-text__content\">\n<p>H\u0259s\u0259nova R\u00f6ya Saqif<\/p>\n\n\n\n<p>tyutor.h.roya@gdu.edu.az<\/p>\n<\/div><\/div>\n\n\n\n<div class=\"wp-block-media-text is-stacked-on-mobile\" style=\"grid-template-columns:22% auto\"><figure class=\"wp-block-media-text__media\"><img loading=\"lazy\" decoding=\"async\" width=\"1179\" height=\"1506\" src=\"https:\/\/pedf.gdu.edu.az\/wp-content\/uploads\/2025\/12\/lamiy\u0259.jpeg\" alt=\"\" class=\"wp-image-11819 size-full\" srcset=\"http:\/\/pedf.gdu.edu.az\/wp-content\/uploads\/2025\/12\/lamiy\u0259.jpeg 1179w, http:\/\/pedf.gdu.edu.az\/wp-content\/uploads\/2025\/12\/lamiy\u0259-768x981.jpeg 768w\" sizes=\"auto, (max-width: 1179px) 100vw, 1179px\" \/><\/figure><div class=\"wp-block-media-text__content\">\n<p>\u0130brahimova Lamiy\u0259 Natiq<\/p>\n\n\n\n<p>tyutor.i.lamiye@gdu.edu.az<\/p>\n<\/div><\/div>\n\n\n\n<div class=\"wp-block-media-text is-stacked-on-mobile\" style=\"grid-template-columns:22% auto\"><figure class=\"wp-block-media-text__media\"><img loading=\"lazy\" decoding=\"async\" width=\"300\" height=\"420\" src=\"https:\/\/pedf.gdu.edu.az\/wp-content\/uploads\/2025\/12\/gunay.jpeg\" alt=\"\" class=\"wp-image-11820 size-full\"\/><\/figure><div class=\"wp-block-media-text__content\">\n<p>C\u0259f\u0259rova G\u00fcnay V\u00fcqar<\/p>\n\n\n\n<p>tyutor.c.gunay@gdu.edu.az<\/p>\n<\/div><\/div>\n\n\n\n<div class=\"wp-block-media-text is-stacked-on-mobile\" style=\"grid-template-columns:22% auto\"><figure class=\"wp-block-media-text__media\"><img loading=\"lazy\" decoding=\"async\" width=\"900\" height=\"1200\" src=\"https:\/\/pedf.gdu.edu.az\/wp-content\/uploads\/2025\/12\/nuray.jpeg\" alt=\"\" class=\"wp-image-11821 size-full\" srcset=\"http:\/\/pedf.gdu.edu.az\/wp-content\/uploads\/2025\/12\/nuray.jpeg 900w, http:\/\/pedf.gdu.edu.az\/wp-content\/uploads\/2025\/12\/nuray-768x1024.jpeg 768w\" sizes=\"auto, (max-width: 900px) 100vw, 900px\" \/><\/figure><div class=\"wp-block-media-text__content\">\n<p>Mustafayeva Nuray M\u00fcbariz<\/p>\n\n\n\n<p>mustafayevanuray457@gmail.com<\/p>\n<\/div><\/div>\n\n\n\n<p><\/p>\n","protected":false},"excerpt":{"rendered":"<p>V\u0259liyeva Valid\u0259 Xas\u0131 q\u0131z\u0131 tyutor.v.valida@gdu.edu.az H\u0259s\u0259nova R\u00f6ya Saqif tyutor.h.roya@gdu.edu.az \u0130brahimova Lamiy\u0259 Natiq tyutor.i.lamiye@gdu.edu.az C\u0259f\u0259rova G\u00fcnay V\u00fcqar tyutor.c.gunay@gdu.edu.az Mustafayeva Nuray M\u00fcbariz mustafayevanuray457@gmail.com<\/p>\n","protected":false},"author":4,"featured_media":0,"parent":0,"menu_order":0,"comment_status":"closed","ping_status":"closed","template":"","meta":{"footnotes":""},"class_list":["post-396","page","type-page","status-publish","hentry"],"_links":{"self":[{"href":"http:\/\/pedf.gdu.edu.az\/index.php?rest_route=\/wp\/v2\/pages\/396","targetHints":{"allow":["GET"]}}],"collection":[{"href":"http:\/\/pedf.gdu.edu.az\/index.php?rest_route=\/wp\/v2\/pages"}],"about":[{"href":"http:\/\/pedf.gdu.edu.az\/index.php?rest_route=\/wp\/v2\/types\/page"}],"author":[{"embeddable":true,"href":"http:\/\/pedf.gdu.edu.az\/index.php?rest_route=\/wp\/v2\/users\/4"}],"replies":[{"embeddable":true,"href":"http:\/\/pedf.gdu.edu.az\/index.php?rest_route=%2Fwp%2Fv2%2Fcomments&post=396"}],"version-history":[{"count":49,"href":"http:\/\/pedf.gdu.edu.az\/index.php?rest_route=\/wp\/v2\/pages\/396\/revisions"}],"predecessor-version":[{"id":11824,"href":"http:\/\/pedf.gdu.edu.az\/index.php?rest_route=\/wp\/v2\/pages\/396\/revisions\/11824"}],"wp:attachment":[{"href":"http:\/\/pedf.gdu.edu.az\/index.php?rest_route=%2Fwp%2Fv2%2Fmedia&parent=396"}],"curies":[{"name":"wp","href":"https:\/\/api.w.org\/{rel}","templated":true}]}}