{"id":393,"date":"2016-03-31T01:52:17","date_gmt":"2016-03-30T23:52:17","guid":{"rendered":"http:\/\/pf.gdu.edu.az\/?page_id=393"},"modified":"2025-10-17T21:40:14","modified_gmt":"2025-10-17T19:40:14","slug":"t%c9%99dris-isl%c9%99ri-uzr%c9%99-dekan-muavini","status":"publish","type":"page","link":"http:\/\/pedf.gdu.edu.az\/?page_id=393","title":{"rendered":"T\u0259dris m\u0259s\u0259l\u0259l\u0259ri \u00fczr\u0259 dekan m\u00fcavini"},"content":{"rendered":"\n<div class=\"wp-block-image\"><figure class=\"alignleft size-full is-resized\"><img loading=\"lazy\" decoding=\"async\" src=\"https:\/\/pedf.gdu.edu.az\/wp-content\/uploads\/2025\/04\/\u0420\u0438\u0441\u0443\u043d\u043e\u043a3-1-768x493-1.jpg\" alt=\"\" class=\"wp-image-9774\" width=\"309\" height=\"198\"\/><\/figure><\/div>\n\n\n\n<p id=\"block-b4b08227-b043-4edc-a6d7-65dd06c0152c\"><a><strong><br>G\u018fNC\u018f D\u00d6VL\u018fT&nbsp; UN\u0130VERS\u0130TETI. PEDAQOJI FAK\u00dcLT\u018fN\u0130N T\u018fDR\u0130S M\u018fS\u018fL\u018fL\u018fR\u0130 \u00dcZR\u018f DEKAN M\u00dcAV\u0130N\u0130&nbsp;&nbsp; \u201cB\u018fD\u018fN T\u018fRB\u0130Y\u018fS\u0130 V\u018f \u0130DMAN\u201d KAFEDRASININ&nbsp; <\/strong><\/a><strong>BA\u015e M\u00dc\u018fLL\u0130M\u0130 HAQVERD\u0130YEV \u0130LQAR AR\u0130F O\u011eLU<\/strong><\/p>\n\n\n\n<p id=\"block-cde8d15d-6db2-48ca-b500-a57a23b7ea10\"><strong>Telefon:+994503886864<\/strong><\/p>\n\n\n\n<p id=\"block-1f061a66-da11-4ffc-b941-e1d397ebca7e\"><strong>E-mail: ilgar.hagverdiev@gmail.com<\/strong><\/p>\n\n\n\n<p id=\"block-28c7d23a-1730-4a4d-83f6-56b3ef5e3b36\"><strong>QISA B\u0130OQRAF\u0130K M\u018fLUMAT<\/strong><\/p>\n\n\n\n<p id=\"block-f9096523-2e1a-403e-b166-6c5dfcef79c9\">16 may 1964-c\u00fc ild\u0259 Az\u0259rbaycan respublikas\u0131 G\u0259nc\u0259 (kirovabad) \u015f\u0259h\u0259rind\u0259 anadan olmu\u015fdur. Az\u0259rbaycanl\u0131d\u0131r. Ail\u0259lidir,&nbsp; \u00fc\u00e7 \u00f6vlad\u0131 var.<\/p>\n\n\n\n<p id=\"block-1d743262-bf46-4367-80db-ffab3bbafb1a\"><strong>T\u018fHS\u0130L\u0130<\/strong><\/p>\n\n\n\n<ol class=\"wp-block-list\" type=\"1\" id=\"block-2954193d-3f26-4587-973a-661bac7e405b\"><li>1981-c\u0131 ild\u0259 G\u0259nc\u0259 (kirovabad) \u015f\u0259h\u0259r C.Cabbarl\u0131 ad\u0131na&nbsp; 06 sayl\u0131 \u00fcmumt\u0259hsil orta m\u0259kt\u0259binin 10- cu sinfini bitirmi\u015fdir.<\/li><li>1972-ci ild\u0259 G\u0259nc\u0259 \u015f\u0259h\u0259r \u201cLokomotiv\u201d K\u00f6n\u00fcll\u00fc \u0130dman C\u0259miyy\u0259tinin Futbol b\u00f6lm\u0259sind\u0259 m\u0259\u015fql\u0259r\u0259 ba\u015flam\u0131\u015fd\u0131r.&nbsp; I-d\u0259r\u0259c\u0259li futbol\u00e7u, H\u0259ndbol idman n\u00f6v\u00fc \u00fczr\u0259 idman ustal\u0131\u011f\u0131na namiz\u0259ddir<\/li><li>1988-c\u00fc ild\u0259&nbsp; Alma-Ata \u015f\u0259h\u0259rind\u0259 Kazaxstan D\u00f6vl\u0259t B\u0259d\u0259n T\u0259rbiy\u0259si institunu (qiyabi), K\u00fctl\u0259vi idman i\u015fl\u0259rinin t\u0259\u015fkili v\u0259 Turizm, idman m\u00fc\u0259llimi ixtisas\u0131n\u0131 bitirmi\u015fdir.<\/li><\/ol>\n\n\n\n<p id=\"block-3049752b-9252-4f05-aaa7-41919ac1a633\"><strong>\u018fM\u018fK F\u018fAL\u0130YY\u018fT\u0130<\/strong><\/p>\n\n\n\n<ol class=\"wp-block-list\" type=\"1\" id=\"block-2fcb6a04-35ab-44f2-9bda-fc223d2974d5\"><li>1981-1982-ci ill\u0259rd\u0259 G\u0259nc\u0259 (kirovabad) \u015f\u0259h\u0259r&nbsp; D\u0259miryol tikinti idar\u0259sind\u0259 (NQ\u00c7-3) f\u0259hl\u0259 i\u015fl\u0259mi\u015fdir.<\/li><li>1982-1984-ci ill\u0259rd\u0259 H\u0259rbi xidm\u0259td\u0259 olmu\u015fdur.<\/li><li>&nbsp;H\u0259rbi xidm\u0259ti ba\u015fa vurduqdan sonra T\u0259hsilini davam etdirir v\u0259 Kazavstan D\u00f6vl\u0259t B\u0259d\u0259n t\u0259rbiy\u0259si instituna b\u0259rpa olur. Qiyabi \u015f\u00f6b\u0259sin\u0259 k\u00f6\u00e7\u00fcr\u00fcl\u00fcr . 1986-ci ild\u0259n \u201cLokomotiv\u201d K\u00f6n\u00fcll\u00fc \u0130dman C\u0259miyy\u0259tinin x\u00fcsusil\u0259\u015fmi\u015f futbol m\u0259kt\u0259bind\u0259 m\u0259\u015fq\u00e7i m\u00fc\u0259llim, m\u0259kt\u0259bin t\u0259dris i\u015fl\u0259ri \u00fczr\u0259 m\u00fcdir m\u00fcavini i\u015fl\u0259mi\u015fdir. !989-1991- ci il\u0259 d\u0259k \u201cLokomotiv K\u00f6n\u00fcll\u00fc \u0130dman C\u0259miyy\u0259tinin s\u0259dri v\u0259zif\u0259sind\u0259 i\u015fl\u0259mi\u015fdir . 1991- ci ild\u0259 G\u0259nc\u0259 \u015f\u0259h\u0259r 30 sayl\u0131 orta m\u0259kt\u0259bd\u0259 idman m\u00fc\u0259llimi 1993-ild\u0259n 22 sayl\u0131 d\u0259miryol orta m\u0259kt\u0259bind\u0259 idman m\u00fc\u0259llimi v\u0259 t\u0259rbiy\u0259 i\u015fl\u0259ri \u00fczr\u0259 m\u00fcdir m\u00fcavini i\u015fl\u0259mi\u015fdir.<\/li><\/ol>\n\n\n\n<p id=\"block-b980e567-2826-439a-b661-ef8d178b1525\">1997 -ci ild\u0259 H.Z\u0259rdabi ad\u0131na G\u0259nc\u0259 (kirovabad) Pedaqoji \u0130nstitutunun \u0130dman oyunlar\u0131 b\u00f6lm\u0259sinin m\u00fcdiri, 2001 ci ild\u0259 G\u0259nc\u0259 D\u00f6vl\u0259t Universitetinin B\u0259d\u0259n T\u0259rbiy\u0259si v\u0259 \u0130dman kafedras\u0131nda staj\u00e7\u0131 m\u00fc\u0259llim, 2002-ci ild\u0259n h\u0259min kafedran\u0131n m\u00fc\u0259llimi, 2007-ci ild\u0259n&nbsp; B\u0259d\u0259n T\u0259rbiy\u0259si v\u0259 \u0130dman kafedras\u0131n\u0131n ba\u015f m\u00fc\u0259llimi i\u015fl\u0259mi\u015fdir.<\/p>\n\n\n\n<p id=\"block-bb0c31b8-5e90-4c68-a939-9f9ed9988a72\">2009- cu ild\u0259n Pedaqoji fak\u00fclt\u0259d\u0259 T\u0259rbiy\u0259 i\u015fl\u0259ri \u00fczr\u0259 dekan m\u00fcavini, 2011- ci ild\u0259n hal haz\u0131ra d\u0259k Pedaqoji fak\u00fclt\u0259d\u0259 T\u0259dris m\u0259s\u0259l\u0259l\u0259ri \u00fczr\u0259 dekan m\u00fcavini i\u015fl\u0259yir.<\/p>\n\n\n\n<p id=\"block-da121a33-f8d6-4c6f-8441-481804729c3c\">2003-c\u00fc ild\u0259n hal haz\u0131ra d\u0259k 38 sayl\u0131 Nizami se\u00e7ki Dair\u0259sinin 13 sayl\u0131 se\u00e7ki m\u0259nt\u0259q\u0259sinin katibidir.<\/p>\n\n\n\n<p id=\"block-514f965d-91f6-415a-922f-6c4a4d709318\"><strong>T\u018fLT\u0130FL\u018fR\u0130<\/strong>&nbsp;&nbsp;&nbsp;&nbsp;<\/p>\n\n\n\n<ol class=\"wp-block-list\" type=\"1\" id=\"block-91194080-7d55-4a80-a42d-c23c1009c798\"><li>G\u0259nc\u0259 D\u00f6vl\u0259t Universitetinin rektorlu\u011fu t\u0259r\u0259find\u0259n 2011-ci ild\u0259&nbsp; 5 oktyabr&nbsp; Beyn\u0259lxalq M\u00fc\u0259lliml\u0259r G\u00fcn\u00fc m\u00fcnasib\u0259til\u0259 \u201cF\u018fXR\u0130 F\u018fRMAN\u201d il\u0259 t\u0259ltif olunmu\u015fdur.<\/li><li>G\u0259nc\u0259 D\u00f6vl\u0259t Universitetinin rektorlu\u011fu t\u0259r\u0259find\u0259n 2014-c\u00fc ild\u0259 5 oktyabr Beyn\u0259lxalq M\u00fc\u0259lliml\u0259r G\u00fcn\u00fc m\u00fcnasib\u0259til\u0259 \u201cF\u018fXR\u0130 F\u018fRMAN\u201d il\u0259 t\u0259ltif olunmu\u015fdur.<\/li><li>G\u0259nc\u0259 D\u00f6vl\u0259t Universitetinin rektorlu\u011fu t\u0259r\u0259find\u0259n 2016-c\u0131 ild\u0259 \u201cNovruz Bayram\u0131\u201d m\u00fcnasib\u0259til\u0259 \u201cF\u018fXR\u0130 F\u018fRMAN\u201d il\u0259 t\u0259ltif olunmu\u015fdur.<\/li><li>T\u0259hsilin inki\u015faf\u0131ndak\u0131 xidm\u0259tl\u0259rin\u0259, y\u00fcks\u0259k ixtisasl\u0131 kadrlar\u0131n haz\u0131rlanmas\u0131 sah\u0259sind\u0259 nailiyy\u0259tl\u0259r \u0259ld\u0259 etdiyin\u0259 g\u00f6r\u0259 5-oktyabr Beyn\u0259lxalq M\u00fc\u0259lliml\u0259r G\u00fcn\u00fc m\u00fcnasib\u0259til\u0259 T\u0259hsil Naziri M. Cabbarovun 06 oktyabr 2017 ci il tarixli 3149 sayl\u0131 \u0259mri il\u0259 \u201cF\u018fXR\u0130 F\u018fRMAN\u201d il\u0259 t\u0259ltif olunmu\u015fdur.<\/li><\/ol>\n\n\n\n<p id=\"block-7a32f680-9039-423e-9928-bbd8dd2704d2\">5. \u201c 2017-2018-ci &nbsp;t\u0259dris ilind\u0259 pay\u0131z-q\u0131\u015f imtahan sessiyas\u0131n\u0131n&nbsp; t\u0259\u015fkil olunmas\u0131nda&nbsp;&nbsp;<\/p>\n\n\n\n<p id=\"block-d90ca195-5d74-44fe-ae11-04415deedf38\">g\u00f6st\u0259rdiyi k\u00f6m\u0259kliy\u0259 g\u00f6r\u0259 G\u0259nc\u0259 D\u00f6vl\u0259t Universiteti rektorunun 10 yanvar&nbsp;&nbsp;&nbsp;&nbsp;&nbsp;&nbsp;&nbsp;&nbsp; 2018-ci il tarixli 2\/06 sayl\u0131 \u0259mri il\u0259 \u201cF\u018fXR\u0130 F\u018fRMAN\u201d il\u0259 t\u0259ltif olunmu\u015fdur.<\/p>\n\n\n\n<ul class=\"wp-block-list\" id=\"block-a51bcb4b-e249-4fab-9665-114622ee13a4\"><li>G\u0259nc\u0259 D\u00f6vl\u0259t Universitetinin 80 illik yubileyi m\u00fcnasib\u0259til\u0259 rektorun 06 noyabr 2018-ci il tarixli 2\/158 sayl\u0131 \u0259mri il\u0259 \u201cF\u018fXR\u0130 F\u018fRMAN\u201d il\u0259 t\u0259ltif olunmu\u015fdur.<\/li><li>31 dekabr D\u00fcnya Az\u0259rbaycanl\u0131lar\u0131n\u0131n H\u0259mr\u0259ylik g\u00fcn\u00fc v\u0259 Yeni il bayram\u0131 m\u00fcnasib\u0259til\u0259, uzunm\u00fcdd\u0259tli s\u0259m\u0259r\u0259li, q\u00fcsursuz f\u0259aliyy\u0259tin\u0259 g\u00f6r\u0259 G\u0259nc\u0259 D\u00f6vl\u0259t Universiteti rektorunun 27 dekabr 2021-ci il tarixli 2\/123 sayl\u0131 \u0259mri il\u0259 \u201cF\u018fXR\u0130 F\u018fRMAN\u201d il\u0259 t\u0259ltif olunmu\u015fdur.<\/li><li>Yeni Az\u0259rbaycan Partiyas\u0131n\u0131n 30 illik yubileyi m\u00fcnasib\u0259til\u0259 YAP G\u0259nc\u0259 \u015f\u0259h\u0259r t\u0259\u015fkilat\u0131n\u0131n s\u0259dri Ramil Orucovun \u0259mri il\u0259 \u201cF\u018fXR\u0130 F\u018fRMAN\u201d il\u0259 t\u0259ltif olunmu\u015fdur.<\/li><\/ul>\n\n\n\n<p id=\"block-c1bf6b87-2967-4671-b5a4-dd64567620e6\"><strong>T\u018fDQOQAT SAH\u018fS\u0130<\/strong><\/p>\n\n\n\n<ul class=\"wp-block-list\" id=\"block-d5ffee52-1640-4dce-a3a0-08a35e5fb9e7\"><li>B\u0259d\u0259n t\u0259rbiy\u0259si v\u0259 idman\u0131n t\u0259drisi metodikas\u0131.<\/li><\/ul>\n\n\n\n<p id=\"block-27502db5-c2d6-4568-8b39-c5075bddb0a4\"><strong>ELM\u0130 \u018fS\u018fRL\u018fR\u0130<\/strong><\/p>\n\n\n\n<p id=\"block-7b0f573d-725e-43fb-87a1-7caa28d0b1f3\">30-dan art\u0131q elmi \u0259s\u0259rl\u0259rin,&nbsp; v\u0259&nbsp; bir ne\u00e7\u0259 f\u0259nn proqramlar\u0131n\u0131n&nbsp; m\u00fc\u0259llifidir.<\/p>\n\n\n\n<ul class=\"wp-block-list\" id=\"block-41e2aead-711d-4005-9951-4d8680a4a448\"><li>&nbsp;Qazaxova \u015e.X, Haqberdiyev \u0130.A \u201cFiziki t\u0259rbiy\u0259 v\u0259 onun t\u0259drisi metodikas\u0131\u201d F\u0259nn proqram\u0131. Az\u0259rbaycan Respublikas\u0131 T\u0259hsil Nazirliyi 23.12. 2020- ci il tarixli \u2116 F-562 sayl\u0131 \u0259mri.<\/li><li>Qazaxova. \u015e. X., Haqverdiyev \u0130.A. \u201c\u0130dman oyunlar\u0131 v\u0259 onun t\u0259drisi mettodikaas\u0131 F\u0259nn proqram\u0131. Az\u0259rbaycan Respublikas\u0131 T\u0259hsil Nazirliyi 23.12.2020 ci. il tarixli \u2116 F-562 sayl\u0131 \u0259mri.<\/li><li>Qazaxova \u015e.X., Haqverdiyev \u0130.A. \u201dH\u0259ndbol v\u0259 onun T\u0259drisi metodikas\u0131. F\u0259nn proqram\u0131. G\u0259nc\u0259 D\u00f6vl\u0259t Universiteti 11.12. 2020- ci il tarixli 5\/375 sayl\u0131 \u0259mri.<\/li><li>&nbsp;\u201c\u015eagird \u015f\u0259xsiyy\u0259tinin formala\u015fmas\u0131nda sinifd\u0259n xaric v\u0259 m\u0259kt\u0259bd\u0259nk\u0259nar t\u0259dbirl\u0259rin \u0259h\u0259miyy\u0259ti\u201d adl\u0131 elmi m\u0259qal\u0259 G\u0259nc\u0259 D\u00f6vl\u0259t Universitetinin \u201cElmi x\u0259b\u0259rl\u0259r\u201d jurnal\u0131nda \u201c\u21161, 2017- ci il.<\/li><li>\u201cFiziki h\u0259r\u0259k\u0259tl\u0259rin v\u0259 idman\u0131n gigiyenas\u0131\u201d adl\u0131 elmi m\u0259qal\u0259 G\u0259nc\u0259 D\u00f6vl\u0259t Universitetinin \u201celmi x\u0259b\u0259rl\u0259r\u201d jurnal\u0131 \u21162, 1917- ci il.<\/li><li>\u201cU\u015faqlar\u0131n m\u00fcst\u0259qil h\u0259r\u0259k\u0259t f\u0259aliyy\u0259ti\u201d G\u0259nc\u0259 D\u00f6vl\u0259t Universitetinin \u201celmi x\u0259b\u0259rl\u0259r\u201d jurnal\u0131 \u21161, 2019- cu il.<\/li><li>\u201cM\u0259kt\u0259b\u0259q\u0259d\u0259r t\u0259hsil m\u00fc\u0259ssis\u0259l\u0259rind\u0259 fiziki t\u0259rbiy\u0259nin t\u0259\u015fkili formalar\u0131\u201d G\u0259nc\u0259 D\u00f6vl\u0259t Universitetinin \u201celmi x\u0259b\u0259rl\u0259r\u201d jurnal\u0131 \u21162, 2019- cu il.<\/li><li>\u201cFiziki t\u0259rbiy\u0259 il\u0259 m\u0259\u015f\u011ful olanlara h\u0259kim n\u0259zar\u0259ti\u201d G\u0259nc\u0259 D\u00f6vl\u0259t Universiteti \u201celmi x\u0259b\u0259rl\u0259r\u201d jurnal\u0131 \u21161, 2021- ci il.<\/li><li>\u201cM\u0259kt\u0259b\u0259q\u0259d\u0259r ya\u015fl\u0131 u\u015faqlara fiziki tap\u015f\u0131r\u0131qlar\u0131n \u00f6yr\u0259dilm\u0259si metodikas\u0131\u201d G\u0259nc\u0259 D\u00f6vl\u0259t Universiteti \u201celmi x\u0259b\u0259rl\u0259r\u201d jurnal\u0131 \u21161, 2022- ci il.<\/li><\/ul>\n\n\n\n<p id=\"block-656451e3-1f58-4c3a-b9e5-74fec19718b5\"><strong>D\u0130L B\u0130LG\u0130S\u0130<\/strong><\/p>\n\n\n\n<p id=\"block-2fa8c6f0-fc40-4d0f-8a79-597f8f229275\">Az\u0259rbaycan, t\u00fcrk. rus,&nbsp; (s\u0259rb\u0259st), ingilis (l\u00fc\u011f\u0259tl\u0259)<\/p>\n\n\n\n<p id=\"block-f2ce1194-acf0-4076-845a-b5dda94c2f29\"><strong>PART\u0130YALILI\u011eI<\/strong><\/p>\n\n\n\n<p id=\"block-d99923e1-d7f2-4b15-8bc8-daa49c94f067\">2000-ci ild\u0259n YAP-\u0131n \u00fczv\u00fcd\u00fcr. 2005-2011-ci ill\u0259r G\u0259nc\u0259 D\u00f6vl\u0259t Universitetinin \u0259razi ilk Partiya T\u0259\u015fkilat\u0131n\u0131n s\u0259dr m\u00fcavini olmu\u015fdur.<\/p>\n","protected":false},"excerpt":{"rendered":"<p>G\u018fNC\u018f D\u00d6VL\u018fT&nbsp; UN\u0130VERS\u0130TETI. PEDAQOJI FAK\u00dcLT\u018fN\u0130N T\u018fDR\u0130S M\u018fS\u018fL\u018fL\u018fR\u0130 \u00dcZR\u018f DEKAN M\u00dcAV\u0130N\u0130&nbsp;&nbsp; \u201cB\u018fD\u018fN T\u018fRB\u0130Y\u018fS\u0130 V\u018f \u0130DMAN\u201d KAFEDRASININ&nbsp; BA\u015e M\u00dc\u018fLL\u0130M\u0130 HAQVERD\u0130YEV \u0130LQAR AR\u0130F O\u011eLU Telefon:+994503886864 E-mail: ilgar.hagverdiev@gmail.com QISA B\u0130OQRAF\u0130K M\u018fLUMAT 16 may 1964-c\u00fc ild\u0259 Az\u0259rbaycan respublikas\u0131 G\u0259nc\u0259 (kirovabad) \u015f\u0259h\u0259rind\u0259 anadan olmu\u015fdur. Az\u0259rbaycanl\u0131d\u0131r. Ail\u0259lidir,&nbsp; \u00fc\u00e7 \u00f6vlad\u0131 var. T\u018fHS\u0130L\u0130 1981-c\u0131 ild\u0259 G\u0259nc\u0259 (kirovabad) \u015f\u0259h\u0259r C.Cabbarl\u0131 ad\u0131na&nbsp; 06 sayl\u0131 \u00fcmumt\u0259hsil orta<\/p>\n<p><a href=\"http:\/\/pedf.gdu.edu.az\/?page_id=393\" class=\"more-link themebutton\">Daha \u0259trafl\u0131 <\/a><\/p>\n","protected":false},"author":4,"featured_media":0,"parent":0,"menu_order":0,"comment_status":"closed","ping_status":"closed","template":"","meta":{"footnotes":""},"class_list":["post-393","page","type-page","status-publish","hentry"],"_links":{"self":[{"href":"http:\/\/pedf.gdu.edu.az\/index.php?rest_route=\/wp\/v2\/pages\/393","targetHints":{"allow":["GET"]}}],"collection":[{"href":"http:\/\/pedf.gdu.edu.az\/index.php?rest_route=\/wp\/v2\/pages"}],"about":[{"href":"http:\/\/pedf.gdu.edu.az\/index.php?rest_route=\/wp\/v2\/types\/page"}],"author":[{"embeddable":true,"href":"http:\/\/pedf.gdu.edu.az\/index.php?rest_route=\/wp\/v2\/users\/4"}],"replies":[{"embeddable":true,"href":"http:\/\/pedf.gdu.edu.az\/index.php?rest_route=%2Fwp%2Fv2%2Fcomments&post=393"}],"version-history":[{"count":8,"href":"http:\/\/pedf.gdu.edu.az\/index.php?rest_route=\/wp\/v2\/pages\/393\/revisions"}],"predecessor-version":[{"id":11031,"href":"http:\/\/pedf.gdu.edu.az\/index.php?rest_route=\/wp\/v2\/pages\/393\/revisions\/11031"}],"wp:attachment":[{"href":"http:\/\/pedf.gdu.edu.az\/index.php?rest_route=%2Fwp%2Fv2%2Fmedia&parent=393"}],"curies":[{"name":"wp","href":"https:\/\/api.w.org\/{rel}","templated":true}]}}