{"id":359,"date":"2016-03-30T14:17:18","date_gmt":"2016-03-30T12:17:18","guid":{"rendered":"http:\/\/pf.gdu.edu.az\/?page_id=359"},"modified":"2025-10-21T14:07:20","modified_gmt":"2025-10-21T12:07:20","slug":"30-03-2016","status":"publish","type":"page","link":"http:\/\/pedf.gdu.edu.az\/?page_id=359","title":{"rendered":"30.09.2025"},"content":{"rendered":"\n<p>30.09.25 ci il tarixind\u0259 Pedaqoji fak\u00fclt\u0259nin yeni t\u0259rkibd\u0259 ilk 01 sayl\u0131 Fak\u00fclt\u0259 Elmi \u015euras\u0131 ke\u00e7irildi. Fak\u00fclt\u0259 Elmi \u015euras\u0131n\u0131n S\u0259dr m\u00fcavini \u0130.Haqverdiyev yeni t\u0259rkibi t\u0259brik ed\u0259r\u0259k i\u015fl\u0259rind\u0259 m\u00fcv\u0259ff\u0259qiyy\u0259t arzulad\u0131 v\u0259 g\u00fcnd\u0259likd\u0259 duran m\u0259s\u0259l\u0259l\u0259rl\u0259 \u015eura \u00fczvl\u0259rini tan\u0131\u015f etdi.<\/p>\n\n\n\n<figure class=\"wp-block-gallery columns-1 is-cropped wp-block-gallery-1 is-layout-flex wp-block-gallery-is-layout-flex\"><ul class=\"blocks-gallery-grid\"><li class=\"blocks-gallery-item\"><figure><img loading=\"lazy\" decoding=\"async\" width=\"2048\" height=\"1536\" src=\"https:\/\/pedf.gdu.edu.az\/wp-content\/uploads\/2025\/10\/motion_photo_5586132280459548907-2048x1536-1.jpg\" alt=\"\" data-id=\"11079\" data-full-url=\"https:\/\/pedf.gdu.edu.az\/wp-content\/uploads\/2025\/10\/motion_photo_5586132280459548907-2048x1536-1.jpg\" data-link=\"https:\/\/pedf.gdu.edu.az\/?attachment_id=11079#main\" class=\"wp-image-11079\" srcset=\"http:\/\/pedf.gdu.edu.az\/wp-content\/uploads\/2025\/10\/motion_photo_5586132280459548907-2048x1536-1.jpg 2048w, http:\/\/pedf.gdu.edu.az\/wp-content\/uploads\/2025\/10\/motion_photo_5586132280459548907-2048x1536-1-768x576.jpg 768w, http:\/\/pedf.gdu.edu.az\/wp-content\/uploads\/2025\/10\/motion_photo_5586132280459548907-2048x1536-1-1536x1152.jpg 1536w\" sizes=\"auto, (max-width: 2048px) 100vw, 2048px\" \/><\/figure><\/li><\/ul><\/figure>\n","protected":false},"excerpt":{"rendered":"<p>30.09.25 ci il tarixind\u0259 Pedaqoji fak\u00fclt\u0259nin yeni t\u0259rkibd\u0259 ilk 01 sayl\u0131 Fak\u00fclt\u0259 Elmi \u015euras\u0131 ke\u00e7irildi. Fak\u00fclt\u0259 Elmi \u015euras\u0131n\u0131n S\u0259dr m\u00fcavini \u0130.Haqverdiyev yeni t\u0259rkibi t\u0259brik ed\u0259r\u0259k i\u015fl\u0259rind\u0259 m\u00fcv\u0259ff\u0259qiyy\u0259t arzulad\u0131 v\u0259 g\u00fcnd\u0259likd\u0259 duran m\u0259s\u0259l\u0259l\u0259rl\u0259 \u015eura \u00fczvl\u0259rini tan\u0131\u015f etdi.<\/p>\n","protected":false},"author":4,"featured_media":329,"parent":0,"menu_order":0,"comment_status":"closed","ping_status":"closed","template":"","meta":{"footnotes":""},"class_list":["post-359","page","type-page","status-publish","has-post-thumbnail","hentry"],"_links":{"self":[{"href":"http:\/\/pedf.gdu.edu.az\/index.php?rest_route=\/wp\/v2\/pages\/359","targetHints":{"allow":["GET"]}}],"collection":[{"href":"http:\/\/pedf.gdu.edu.az\/index.php?rest_route=\/wp\/v2\/pages"}],"about":[{"href":"http:\/\/pedf.gdu.edu.az\/index.php?rest_route=\/wp\/v2\/types\/page"}],"author":[{"embeddable":true,"href":"http:\/\/pedf.gdu.edu.az\/index.php?rest_route=\/wp\/v2\/users\/4"}],"replies":[{"embeddable":true,"href":"http:\/\/pedf.gdu.edu.az\/index.php?rest_route=%2Fwp%2Fv2%2Fcomments&post=359"}],"version-history":[{"count":5,"href":"http:\/\/pedf.gdu.edu.az\/index.php?rest_route=\/wp\/v2\/pages\/359\/revisions"}],"predecessor-version":[{"id":11081,"href":"http:\/\/pedf.gdu.edu.az\/index.php?rest_route=\/wp\/v2\/pages\/359\/revisions\/11081"}],"wp:featuredmedia":[{"embeddable":true,"href":"http:\/\/pedf.gdu.edu.az\/index.php?rest_route=\/wp\/v2\/media\/329"}],"wp:attachment":[{"href":"http:\/\/pedf.gdu.edu.az\/index.php?rest_route=%2Fwp%2Fv2%2Fmedia&parent=359"}],"curies":[{"name":"wp","href":"https:\/\/api.w.org\/{rel}","templated":true}]}}